{"id":8234,"date":"2021-05-23T15:28:24","date_gmt":"2021-05-23T13:28:24","guid":{"rendered":"https:\/\/medilution.com\/product\/cbd-muscle-joint-rescue-cream-250mg\/"},"modified":"2025-06-24T21:22:53","modified_gmt":"2025-06-24T19:22:53","slug":"cbd-muscle-joint-rescue-cream","status":"publish","type":"product","link":"https:\/\/medilution.com\/sv\/product\/cbd-muscle-joint-rescue-cream\/","title":{"rendered":"CBD Muscle &amp; Joint Rescue Cream &#8211; 250mg"},"content":{"rendered":"<div class=\"wpb-content-wrapper\"><p>[vc_row][vc_column width=&#8221;1\/3&#8243;][vc_column_text text_larger=&#8221;no&#8221; woodmart_inline=&#8221;no&#8221;]<strong>INNEH\u00c5LL:<\/strong> Aqua, Potassium cetyl phosphate, Ethylhexyl stearate, Cetearyl alcohol, Argilla, Glycerin, Methyl salicylate, Glutamine, Benzyl alcohol, Isopropyl palmitate, Propylene glycol, Menthol, Camphor, Xanthan gum, Sodium polyacrylate, Inulin lauryl carbamate, Cannabidiol, Harpagophytum procumbens root extract, Gaultheria procumbens leaf oil, Lactic acid, Dehydroacetic acid, Arnica montana flower extract, Sodium hydroxide.[\/vc_column_text][\/vc_column][vc_column width=&#8221;1\/3&#8243;][vc_column_text text_larger=&#8221;no&#8221; woodmart_inline=&#8221;no&#8221;]<strong>ANVISNINGAR:<\/strong> CBD Muscle &amp; Joint Rescue Cream lugnar tr\u00f6tta muskler och leder. Applicera ett tunt lager av produkten p\u00e5 huden och massera in tills den \u00e4r helt absorberad. Anv\u00e4nd f\u00f6re eller efter tr\u00e4ning f\u00f6r att p\u00e5skynda \u00e5terh\u00e4mtning.[\/vc_column_text][\/vc_column][vc_column width=&#8221;1\/3&#8243;][vc_column_text text_larger=&#8221;no&#8221;]<strong>F\u00d6RSIKTIGHETS\u00c5TG\u00c4RDER:<\/strong> Sk\u00f6lj v\u00e4l om inneh\u00e5llet kommer i kontakt med \u00f6gonen eller vid hudirritation. Anv\u00e4nd inte p\u00e5 irriterad hud.[\/vc_column_text][\/vc_column][\/vc_row]<\/p>\n<\/div>","protected":false},"excerpt":{"rendered":"<ul>\n<li>Formel f\u00f6r djup penetration<\/li>\n<li>Hj\u00e4lper till \u00e5terh\u00e4mtning efter tr\u00e4ning<\/li>\n<li>Absorberas omedelbart<\/li>\n<li>Formulerad f\u00f6r att leverera regenerativ v\u00e4rme<\/li>\n<li>Dermatologiskt testad<\/li>\n<li>Veganv\u00e4nlig<\/li>\n<li>Inneh\u00e5ll 200 ML<\/li>\n<li>Inneh\u00e5ller 250 mg CBD-isolat utan detekterbara niv\u00e5er av THC<\/li>\n<\/ul>\n<p>V\u00e5r CBD Muscle &amp; Joint Rescue Cream inneh\u00e5ller naturliga och botaniska ingredienser som hj\u00e4lper till att lindra dina muskler och leder fr\u00e5n sm\u00e4rta och stelhet. De st\u00f6der \u00e5terh\u00e4mtningen av stukningar och str\u00e4ckningar och kan minska inflammation. Mentol och kamfer genererar genomtr\u00e4ngande v\u00e4rme i v\u00e4rkande, skadade och \u00f6mma muskler.<\/p>\n<p><strong>NATURLIGA BOTANISKA AKTIVA INGREDIENSER<\/strong><br \/>\nArnica, dj\u00e4vulsklo, L-glutamin, vintergr\u00f6nolja, kamfer, mentol<\/p>\n","protected":false},"featured_media":8092,"comment_status":"open","ping_status":"closed","template":"","meta":[],"product_brand":[],"product_cat":[91],"product_tag":[],"class_list":{"0":"post-8234","1":"product","2":"type-product","3":"status-publish","4":"has-post-thumbnail","6":"product_cat-cbd-kramer-och-balsam","8":"first","9":"instock","10":"taxable","11":"shipping-taxable","12":"purchasable","13":"product-type-simple"},"yoast_head":"<!-- This site is optimized with the Yoast SEO plugin v27.4 - https:\/\/yoast.com\/product\/yoast-seo-wordpress\/ -->\n<title>CBD Muscle &amp; Joint Rescue Cream - 250mg - Medilution<\/title>\n<meta name=\"description\" content=\"Medilution CBD Muscle and Joint Rescue Cream hj\u00e4lper till att lindra dina muskler och leder fr\u00e5n sm\u00e4rta och stelhet.\" \/>\n<meta name=\"robots\" content=\"index, follow, max-snippet:-1, max-image-preview:large, max-video-preview:-1\" \/>\n<link rel=\"canonical\" href=\"https:\/\/medilution.com\/sv\/product\/cbd-muscle-joint-rescue-cream\/\" \/>\n<meta property=\"og:locale\" content=\"sv_SE\" \/>\n<meta property=\"og:type\" content=\"article\" \/>\n<meta property=\"og:title\" content=\"CBD Muscle &amp; Joint Rescue Cream - 250mg - Medilution\" \/>\n<meta property=\"og:description\" content=\"Medilution CBD Muscle and Joint Rescue Cream hj\u00e4lper till att lindra dina muskler och leder fr\u00e5n sm\u00e4rta och stelhet.\" \/>\n<meta property=\"og:url\" content=\"https:\/\/medilution.com\/sv\/product\/cbd-muscle-joint-rescue-cream\/\" \/>\n<meta property=\"og:site_name\" content=\"Medilution\" \/>\n<meta property=\"article:modified_time\" content=\"2025-06-24T19:22:53+00:00\" \/>\n<meta property=\"og:image\" content=\"https:\/\/medilution.com\/wp-content\/uploads\/2021\/05\/tube-medilution-copy-1.jpg\" \/>\n\t<meta property=\"og:image:width\" content=\"1754\" \/>\n\t<meta property=\"og:image:height\" content=\"1754\" \/>\n\t<meta property=\"og:image:type\" content=\"image\/jpeg\" \/>\n<meta name=\"twitter:card\" content=\"summary_large_image\" \/>\n<meta name=\"twitter:label1\" content=\"Ber\u00e4knad l\u00e4stid\" \/>\n\t<meta name=\"twitter:data1\" content=\"1 minut\" \/>\n<script type=\"application\/ld+json\" class=\"yoast-schema-graph\">{\"@context\":\"https:\\\/\\\/schema.org\",\"@graph\":[{\"@type\":\"WebPage\",\"@id\":\"https:\\\/\\\/medilution.com\\\/sv\\\/product\\\/cbd-muscle-joint-rescue-cream\\\/\",\"url\":\"https:\\\/\\\/medilution.com\\\/sv\\\/product\\\/cbd-muscle-joint-rescue-cream\\\/\",\"name\":\"CBD Muscle &amp; Joint Rescue Cream - 250mg - Medilution\",\"isPartOf\":{\"@id\":\"https:\\\/\\\/medilution.com\\\/sv\\\/#website\"},\"primaryImageOfPage\":{\"@id\":\"https:\\\/\\\/medilution.com\\\/sv\\\/product\\\/cbd-muscle-joint-rescue-cream\\\/#primaryimage\"},\"image\":{\"@id\":\"https:\\\/\\\/medilution.com\\\/sv\\\/product\\\/cbd-muscle-joint-rescue-cream\\\/#primaryimage\"},\"thumbnailUrl\":\"https:\\\/\\\/medilution.com\\\/wp-content\\\/uploads\\\/2021\\\/05\\\/tube-medilution-copy-1.jpg\",\"datePublished\":\"2021-05-23T13:28:24+00:00\",\"dateModified\":\"2025-06-24T19:22:53+00:00\",\"description\":\"Medilution CBD Muscle and Joint Rescue Cream hj\u00e4lper till att lindra dina muskler och leder fr\u00e5n sm\u00e4rta och stelhet.\",\"breadcrumb\":{\"@id\":\"https:\\\/\\\/medilution.com\\\/sv\\\/product\\\/cbd-muscle-joint-rescue-cream\\\/#breadcrumb\"},\"inLanguage\":\"sv-SE\",\"potentialAction\":[{\"@type\":\"ReadAction\",\"target\":[\"https:\\\/\\\/medilution.com\\\/sv\\\/product\\\/cbd-muscle-joint-rescue-cream\\\/\"]}]},{\"@type\":\"ImageObject\",\"inLanguage\":\"sv-SE\",\"@id\":\"https:\\\/\\\/medilution.com\\\/sv\\\/product\\\/cbd-muscle-joint-rescue-cream\\\/#primaryimage\",\"url\":\"https:\\\/\\\/medilution.com\\\/wp-content\\\/uploads\\\/2021\\\/05\\\/tube-medilution-copy-1.jpg\",\"contentUrl\":\"https:\\\/\\\/medilution.com\\\/wp-content\\\/uploads\\\/2021\\\/05\\\/tube-medilution-copy-1.jpg\",\"width\":1754,\"height\":1754},{\"@type\":\"BreadcrumbList\",\"@id\":\"https:\\\/\\\/medilution.com\\\/sv\\\/product\\\/cbd-muscle-joint-rescue-cream\\\/#breadcrumb\",\"itemListElement\":[{\"@type\":\"ListItem\",\"position\":1,\"name\":\"Home\",\"item\":\"https:\\\/\\\/medilution.com\\\/sv\\\/\"},{\"@type\":\"ListItem\",\"position\":2,\"name\":\"Butik\",\"item\":\"https:\\\/\\\/medilution.com\\\/shop\\\/\"},{\"@type\":\"ListItem\",\"position\":3,\"name\":\"CBD Muscle &amp; Joint Rescue Cream &#8211; 250mg\"}]},{\"@type\":\"WebSite\",\"@id\":\"https:\\\/\\\/medilution.com\\\/sv\\\/#website\",\"url\":\"https:\\\/\\\/medilution.com\\\/sv\\\/\",\"name\":\"Medilution\",\"description\":\"Unlock Wellness with CBD and Lion\u2019s Mane Excellence\",\"publisher\":{\"@id\":\"https:\\\/\\\/medilution.com\\\/sv\\\/#organization\"},\"potentialAction\":[{\"@type\":\"SearchAction\",\"target\":{\"@type\":\"EntryPoint\",\"urlTemplate\":\"https:\\\/\\\/medilution.com\\\/sv\\\/?s={search_term_string}\"},\"query-input\":{\"@type\":\"PropertyValueSpecification\",\"valueRequired\":true,\"valueName\":\"search_term_string\"}}],\"inLanguage\":\"sv-SE\"},{\"@type\":\"Organization\",\"@id\":\"https:\\\/\\\/medilution.com\\\/sv\\\/#organization\",\"name\":\"Medilution\",\"url\":\"https:\\\/\\\/medilution.com\\\/sv\\\/\",\"logo\":{\"@type\":\"ImageObject\",\"inLanguage\":\"sv-SE\",\"@id\":\"https:\\\/\\\/medilution.com\\\/sv\\\/#\\\/schema\\\/logo\\\/image\\\/\",\"url\":\"https:\\\/\\\/medilution.com\\\/wp-content\\\/uploads\\\/2021\\\/04\\\/medilution-logo-web.png\",\"contentUrl\":\"https:\\\/\\\/medilution.com\\\/wp-content\\\/uploads\\\/2021\\\/04\\\/medilution-logo-web.png\",\"width\":400,\"height\":460,\"caption\":\"Medilution\"},\"image\":{\"@id\":\"https:\\\/\\\/medilution.com\\\/sv\\\/#\\\/schema\\\/logo\\\/image\\\/\"},\"sameAs\":[\"https:\\\/\\\/www.instagram.com\\\/medilution\\\/\"]}]}<\/script>\n<!-- \/ Yoast SEO plugin. -->","yoast_head_json":{"title":"CBD Muscle &amp; Joint Rescue Cream - 250mg - Medilution","description":"Medilution CBD Muscle and Joint Rescue Cream hj\u00e4lper till att lindra dina muskler och leder fr\u00e5n sm\u00e4rta och stelhet.","robots":{"index":"index","follow":"follow","max-snippet":"max-snippet:-1","max-image-preview":"max-image-preview:large","max-video-preview":"max-video-preview:-1"},"canonical":"https:\/\/medilution.com\/sv\/product\/cbd-muscle-joint-rescue-cream\/","og_locale":"sv_SE","og_type":"article","og_title":"CBD Muscle &amp; Joint Rescue Cream - 250mg - Medilution","og_description":"Medilution CBD Muscle and Joint Rescue Cream hj\u00e4lper till att lindra dina muskler och leder fr\u00e5n sm\u00e4rta och stelhet.","og_url":"https:\/\/medilution.com\/sv\/product\/cbd-muscle-joint-rescue-cream\/","og_site_name":"Medilution","article_modified_time":"2025-06-24T19:22:53+00:00","og_image":[{"width":1754,"height":1754,"url":"https:\/\/medilution.com\/wp-content\/uploads\/2021\/05\/tube-medilution-copy-1.jpg","type":"image\/jpeg"}],"twitter_card":"summary_large_image","twitter_misc":{"Ber\u00e4knad l\u00e4stid":"1 minut"},"schema":{"@context":"https:\/\/schema.org","@graph":[{"@type":"WebPage","@id":"https:\/\/medilution.com\/sv\/product\/cbd-muscle-joint-rescue-cream\/","url":"https:\/\/medilution.com\/sv\/product\/cbd-muscle-joint-rescue-cream\/","name":"CBD Muscle &amp; Joint Rescue Cream - 250mg - Medilution","isPartOf":{"@id":"https:\/\/medilution.com\/sv\/#website"},"primaryImageOfPage":{"@id":"https:\/\/medilution.com\/sv\/product\/cbd-muscle-joint-rescue-cream\/#primaryimage"},"image":{"@id":"https:\/\/medilution.com\/sv\/product\/cbd-muscle-joint-rescue-cream\/#primaryimage"},"thumbnailUrl":"https:\/\/medilution.com\/wp-content\/uploads\/2021\/05\/tube-medilution-copy-1.jpg","datePublished":"2021-05-23T13:28:24+00:00","dateModified":"2025-06-24T19:22:53+00:00","description":"Medilution CBD Muscle and Joint Rescue Cream hj\u00e4lper till att lindra dina muskler och leder fr\u00e5n sm\u00e4rta och stelhet.","breadcrumb":{"@id":"https:\/\/medilution.com\/sv\/product\/cbd-muscle-joint-rescue-cream\/#breadcrumb"},"inLanguage":"sv-SE","potentialAction":[{"@type":"ReadAction","target":["https:\/\/medilution.com\/sv\/product\/cbd-muscle-joint-rescue-cream\/"]}]},{"@type":"ImageObject","inLanguage":"sv-SE","@id":"https:\/\/medilution.com\/sv\/product\/cbd-muscle-joint-rescue-cream\/#primaryimage","url":"https:\/\/medilution.com\/wp-content\/uploads\/2021\/05\/tube-medilution-copy-1.jpg","contentUrl":"https:\/\/medilution.com\/wp-content\/uploads\/2021\/05\/tube-medilution-copy-1.jpg","width":1754,"height":1754},{"@type":"BreadcrumbList","@id":"https:\/\/medilution.com\/sv\/product\/cbd-muscle-joint-rescue-cream\/#breadcrumb","itemListElement":[{"@type":"ListItem","position":1,"name":"Home","item":"https:\/\/medilution.com\/sv\/"},{"@type":"ListItem","position":2,"name":"Butik","item":"https:\/\/medilution.com\/shop\/"},{"@type":"ListItem","position":3,"name":"CBD Muscle &amp; Joint Rescue Cream &#8211; 250mg"}]},{"@type":"WebSite","@id":"https:\/\/medilution.com\/sv\/#website","url":"https:\/\/medilution.com\/sv\/","name":"Medilution","description":"Unlock Wellness with CBD and Lion\u2019s Mane Excellence","publisher":{"@id":"https:\/\/medilution.com\/sv\/#organization"},"potentialAction":[{"@type":"SearchAction","target":{"@type":"EntryPoint","urlTemplate":"https:\/\/medilution.com\/sv\/?s={search_term_string}"},"query-input":{"@type":"PropertyValueSpecification","valueRequired":true,"valueName":"search_term_string"}}],"inLanguage":"sv-SE"},{"@type":"Organization","@id":"https:\/\/medilution.com\/sv\/#organization","name":"Medilution","url":"https:\/\/medilution.com\/sv\/","logo":{"@type":"ImageObject","inLanguage":"sv-SE","@id":"https:\/\/medilution.com\/sv\/#\/schema\/logo\/image\/","url":"https:\/\/medilution.com\/wp-content\/uploads\/2021\/04\/medilution-logo-web.png","contentUrl":"https:\/\/medilution.com\/wp-content\/uploads\/2021\/04\/medilution-logo-web.png","width":400,"height":460,"caption":"Medilution"},"image":{"@id":"https:\/\/medilution.com\/sv\/#\/schema\/logo\/image\/"},"sameAs":["https:\/\/www.instagram.com\/medilution\/"]}]}},"jetpack-related-posts":[{"id":7532,"url":"https:\/\/medilution.com\/product\/cbd-muscle-joint-rescue-cream\/","url_meta":{"origin":8234,"position":0},"title":"CBD Muscle &#038; Joint Rescue Cream &#8211; 250mg","author":"medilutionadmin","date":"23\/05\/2021","format":false,"excerpt":"Deep penetration formula Aids recovery after exercise Absorbs instantly Formulated to deliver regenerative heat Dermatologically tested Vegan friendly Content 200 ML Contains 250 mg CBD Isolate with no detectable levels of THC Our CBD Muscle & Joint Rescue Cream contains natural and botanical\u00a0ingredients to help relieve your muscles and joints\u2026","rel":"","context":"Med 1 kommentar","block_context":{"text":"Med 1 kommentar","link":"https:\/\/medilution.com\/product\/cbd-muscle-joint-rescue-cream\/#comments"},"img":{"alt_text":"","src":"https:\/\/i0.wp.com\/medilution.com\/wp-content\/uploads\/2021\/05\/tube-medilution-copy-1.jpg?resize=350%2C200&ssl=1","width":350,"height":200,"srcset":"https:\/\/i0.wp.com\/medilution.com\/wp-content\/uploads\/2021\/05\/tube-medilution-copy-1.jpg?resize=350%2C200&ssl=1 1x, https:\/\/i0.wp.com\/medilution.com\/wp-content\/uploads\/2021\/05\/tube-medilution-copy-1.jpg?resize=525%2C300&ssl=1 1.5x, https:\/\/i0.wp.com\/medilution.com\/wp-content\/uploads\/2021\/05\/tube-medilution-copy-1.jpg?resize=700%2C400&ssl=1 2x, https:\/\/i0.wp.com\/medilution.com\/wp-content\/uploads\/2021\/05\/tube-medilution-copy-1.jpg?resize=1050%2C600&ssl=1 3x, https:\/\/i0.wp.com\/medilution.com\/wp-content\/uploads\/2021\/05\/tube-medilution-copy-1.jpg?resize=1400%2C800&ssl=1 4x"},"classes":[]},{"id":9986,"url":"https:\/\/medilution.com\/de\/product\/cbd-muskel-gelenk-erholungs-creme\/","url_meta":{"origin":8234,"position":1},"title":"CBD Muskel- &amp; Gelenk-Erholungscreme &#8211; 250mg","author":"medilutionadmin","date":"23\/05\/2021","format":false,"excerpt":"Formel f\u00fcr tiefes Eindringen Hilft bei der Erholung nach dem Sport Absorbiert sofort Formuliert, um regenerative W\u00e4rme zu liefern Dermatologisch getestet VEGANFREUNDLICH Inhalt 200 ML Enth\u00e4lt 250 mg CBD-Isolat ohne nachweisbaren THC-Gehalt Unsere CBD Muskel- & Gelenk-Erholungscreme enth\u00e4lt nat\u00fcrliche und pflanzliche Inhaltsstoffe, die helfen, Ihre Muskeln und Gelenke von Schmerzen\u2026","rel":"","context":"Liknande inl\u00e4gg","block_context":{"text":"Liknande inl\u00e4gg","link":""},"img":{"alt_text":"","src":"https:\/\/i0.wp.com\/medilution.com\/wp-content\/uploads\/2021\/05\/tube-medilution-copy-1.jpg?resize=350%2C200&ssl=1","width":350,"height":200,"srcset":"https:\/\/i0.wp.com\/medilution.com\/wp-content\/uploads\/2021\/05\/tube-medilution-copy-1.jpg?resize=350%2C200&ssl=1 1x, https:\/\/i0.wp.com\/medilution.com\/wp-content\/uploads\/2021\/05\/tube-medilution-copy-1.jpg?resize=525%2C300&ssl=1 1.5x, https:\/\/i0.wp.com\/medilution.com\/wp-content\/uploads\/2021\/05\/tube-medilution-copy-1.jpg?resize=700%2C400&ssl=1 2x, https:\/\/i0.wp.com\/medilution.com\/wp-content\/uploads\/2021\/05\/tube-medilution-copy-1.jpg?resize=1050%2C600&ssl=1 3x, https:\/\/i0.wp.com\/medilution.com\/wp-content\/uploads\/2021\/05\/tube-medilution-copy-1.jpg?resize=1400%2C800&ssl=1 4x"},"classes":[]},{"id":8207,"url":"https:\/\/medilution.com\/sv\/product\/cbd-olja-naturlig-smak\/","url_meta":{"origin":8234,"position":2},"title":"CBD-olja 5% &#8211; Ren CBD &#8211; 500mg","author":"medilutionadmin","date":"10\/05\/2021","format":false,"excerpt":"REN CBD - NOLL THC VEGANV\u00c4NLIGT INNEH\u00c5LLER 500MG CBD CBD STYRKA 5 % VOLT. 10ML DRAPPARFLASKA Denna Zero THC hampablandning \u00e4r gjord med rena 99,5 % cannabidiolkristaller, vilket ger dig alla f\u00f6rdelarna med ren CBD. Denna produkt \u00e4r labbtestad f\u00f6r s\u00e4kerhet och renhet. Den inneh\u00e5ller 500mg CBD utan detekterbara niv\u00e5er\u2026","rel":"","context":"Liknande inl\u00e4gg","block_context":{"text":"Liknande inl\u00e4gg","link":""},"img":{"alt_text":"","src":"https:\/\/i0.wp.com\/medilution.com\/wp-content\/uploads\/2021\/05\/medilution-10ml-cbd-oil-natural-5-1.jpg?resize=350%2C200&ssl=1","width":350,"height":200,"srcset":"https:\/\/i0.wp.com\/medilution.com\/wp-content\/uploads\/2021\/05\/medilution-10ml-cbd-oil-natural-5-1.jpg?resize=350%2C200&ssl=1 1x, https:\/\/i0.wp.com\/medilution.com\/wp-content\/uploads\/2021\/05\/medilution-10ml-cbd-oil-natural-5-1.jpg?resize=525%2C300&ssl=1 1.5x, https:\/\/i0.wp.com\/medilution.com\/wp-content\/uploads\/2021\/05\/medilution-10ml-cbd-oil-natural-5-1.jpg?resize=700%2C400&ssl=1 2x"},"classes":[]},{"id":8204,"url":"https:\/\/medilution.com\/sv\/product\/cbd-olja-neutral-smak-1000mg-10\/","url_meta":{"origin":8234,"position":3},"title":"CBD-olja 10% &#8211; Ren CBD &#8211; 1000mg","author":"medilutionadmin","date":"18\/05\/2021","format":false,"excerpt":"REN CBD - NOLL THC VEGANV\u00c4NLIGT INNEH\u00c5LLER 1000MG CBD CBD STYRKA 10 % VOLM. 10ML DRAPPARFLASKA Denna Zero THC hampablandning \u00e4r gjord med rena 99,5 % cannabidiolkristaller, vilket ger dig alla f\u00f6rdelarna med ren CBD. Denna produkt \u00e4r labbtestad f\u00f6r s\u00e4kerhet och renhet. Den inneh\u00e5ller 1000mg CBD utan detekterbara niv\u00e5er\u2026","rel":"","context":"Liknande inl\u00e4gg","block_context":{"text":"Liknande inl\u00e4gg","link":""},"img":{"alt_text":"","src":"https:\/\/i0.wp.com\/medilution.com\/wp-content\/uploads\/2021\/05\/medilution-10ml-cbd-oil-natural-10-1.jpg?resize=350%2C200&ssl=1","width":350,"height":200,"srcset":"https:\/\/i0.wp.com\/medilution.com\/wp-content\/uploads\/2021\/05\/medilution-10ml-cbd-oil-natural-10-1.jpg?resize=350%2C200&ssl=1 1x, https:\/\/i0.wp.com\/medilution.com\/wp-content\/uploads\/2021\/05\/medilution-10ml-cbd-oil-natural-10-1.jpg?resize=525%2C300&ssl=1 1.5x, https:\/\/i0.wp.com\/medilution.com\/wp-content\/uploads\/2021\/05\/medilution-10ml-cbd-oil-natural-10-1.jpg?resize=700%2C400&ssl=1 2x"},"classes":[]},{"id":8177,"url":"https:\/\/medilution.com\/sv\/product\/cbd-olja-citrussmak-1000mg-10\/","url_meta":{"origin":8234,"position":4},"title":"CBD Olja 10% &#8211; Ren CBD Citrus Smak &#8211; 1000mg","author":"medilutionadmin","date":"18\/05\/2021","format":false,"excerpt":"REN CBD - NOLL THC VEGANV\u00c4NLIGT INNEH\u00c5LLER 1000MG CBD CBD STYRKA 10 % VOLM. 10ML DRAPPARFLASKA Denna Zero THC hampablandning \u00e4r gjord med rena 99,5 % cannabidiolkristaller med tillsatt naturlig citronolja f\u00f6r att skapa en nysmakad olja, vilket ger dig alla f\u00f6rdelarna med ren CBD. Denna produkt \u00e4r labbtestad f\u00f6r\u2026","rel":"","context":"Liknande inl\u00e4gg","block_context":{"text":"Liknande inl\u00e4gg","link":""},"img":{"alt_text":"","src":"https:\/\/i0.wp.com\/medilution.com\/wp-content\/uploads\/2021\/05\/medilution-10ml-cbd-oil-citrus-10-1.jpg?resize=350%2C200&ssl=1","width":350,"height":200,"srcset":"https:\/\/i0.wp.com\/medilution.com\/wp-content\/uploads\/2021\/05\/medilution-10ml-cbd-oil-citrus-10-1.jpg?resize=350%2C200&ssl=1 1x, https:\/\/i0.wp.com\/medilution.com\/wp-content\/uploads\/2021\/05\/medilution-10ml-cbd-oil-citrus-10-1.jpg?resize=525%2C300&ssl=1 1.5x, https:\/\/i0.wp.com\/medilution.com\/wp-content\/uploads\/2021\/05\/medilution-10ml-cbd-oil-citrus-10-1.jpg?resize=700%2C400&ssl=1 2x"},"classes":[]},{"id":8230,"url":"https:\/\/medilution.com\/sv\/product\/cbd-olja-terpener-1000mg-10\/","url_meta":{"origin":8234,"position":5},"title":"CBD-olja 10% &#8211; Ren CBD + Terpener &#8211; 1000mg","author":"medilutionadmin","date":"18\/05\/2021","format":false,"excerpt":"REN CBD - NOLL THC VEGANV\u00c4NLIGT INNEH\u00c5LLER 1000MG CBD CBD STYRKA 10 % VOLM. 10ML DRAPPARFLASKA Denna Zero THC hampablandning \u00e4r gjord med rena 99,5 % cannabidiolkristaller med tillsatta terpener f\u00f6r att skapa en fullsmakad olja, vilket ger dig alla f\u00f6rdelarna med ren CBD. Denna produkt \u00e4r labbtestad f\u00f6r s\u00e4kerhet\u2026","rel":"","context":"Liknande inl\u00e4gg","block_context":{"text":"Liknande inl\u00e4gg","link":""},"img":{"alt_text":"","src":"https:\/\/i0.wp.com\/medilution.com\/wp-content\/uploads\/2021\/05\/medilution-10ml-cbd-oil-terpenes-10-1.jpeg?resize=350%2C200&ssl=1","width":350,"height":200,"srcset":"https:\/\/i0.wp.com\/medilution.com\/wp-content\/uploads\/2021\/05\/medilution-10ml-cbd-oil-terpenes-10-1.jpeg?resize=350%2C200&ssl=1 1x, https:\/\/i0.wp.com\/medilution.com\/wp-content\/uploads\/2021\/05\/medilution-10ml-cbd-oil-terpenes-10-1.jpeg?resize=525%2C300&ssl=1 1.5x, https:\/\/i0.wp.com\/medilution.com\/wp-content\/uploads\/2021\/05\/medilution-10ml-cbd-oil-terpenes-10-1.jpeg?resize=700%2C400&ssl=1 2x"},"classes":[]}],"jetpack_sharing_enabled":true,"_links":{"self":[{"href":"https:\/\/medilution.com\/sv\/wp-json\/wp\/v2\/product\/8234","targetHints":{"allow":["GET"]}}],"collection":[{"href":"https:\/\/medilution.com\/sv\/wp-json\/wp\/v2\/product"}],"about":[{"href":"https:\/\/medilution.com\/sv\/wp-json\/wp\/v2\/types\/product"}],"replies":[{"embeddable":true,"href":"https:\/\/medilution.com\/sv\/wp-json\/wp\/v2\/comments?post=8234"}],"wp:featuredmedia":[{"embeddable":true,"href":"https:\/\/medilution.com\/sv\/wp-json\/wp\/v2\/media\/8092"}],"wp:attachment":[{"href":"https:\/\/medilution.com\/sv\/wp-json\/wp\/v2\/media?parent=8234"}],"wp:term":[{"taxonomy":"product_brand","embeddable":true,"href":"https:\/\/medilution.com\/sv\/wp-json\/wp\/v2\/product_brand?post=8234"},{"taxonomy":"product_cat","embeddable":true,"href":"https:\/\/medilution.com\/sv\/wp-json\/wp\/v2\/product_cat?post=8234"},{"taxonomy":"product_tag","embeddable":true,"href":"https:\/\/medilution.com\/sv\/wp-json\/wp\/v2\/product_tag?post=8234"}],"curies":[{"name":"wp","href":"https:\/\/api.w.org\/{rel}","templated":true}]}}