{"id":8177,"date":"2021-05-18T22:59:29","date_gmt":"2021-05-18T20:59:29","guid":{"rendered":"https:\/\/medilution.com\/product\/cbd-oil-10-ren-cbd-citrus-smak-1000mg\/"},"modified":"2024-12-03T17:00:59","modified_gmt":"2024-12-03T16:00:59","slug":"cbd-olja-citrussmak-1000mg-10","status":"publish","type":"product","link":"https:\/\/medilution.com\/sv\/product\/cbd-olja-citrussmak-1000mg-10\/","title":{"rendered":"CBD Olja 10% &#8211; Ren CBD Citrus Smak &#8211; 1000mg"},"content":{"rendered":"<div class=\"wpb-content-wrapper\"><p>[vc_row][vc_column width=&#8221;1\/3&#8243;][vc_column_text text_larger=&#8221;no&#8221;]<strong>ANV\u00c4NDNING:<\/strong> Ta 1-3 droppar tv\u00e5 g\u00e5nger om dagen. \u00d6verskrid inte den angivna rekommenderade dagliga dosen p\u00e5 70 mg. Placera droppar under tungan och h\u00e5ll i minst 60 sekunder innan du sv\u00e4ljer. Varje droppe inneh\u00e5ller cirka 5 mg CBD och varje flaska inneh\u00e5ller cirka 200 droppar.[\/vc_column_text][\/vc_column][vc_column width=&#8221;1\/3&#8243;][vc_column_text text_larger=&#8221;no&#8221;]<strong>F\u00d6RSIKTIGHETS\u00c5TG\u00c4RDER:<\/strong> Kosttillskott b\u00f6r inte anv\u00e4ndas som ers\u00e4ttning f\u00f6r en varierad kost. F\u00f6rvaras utom r\u00e4ckh\u00e5ll f\u00f6r sm\u00e5 barn. Undvik anv\u00e4ndning under graviditet eller under amning. F\u00f6rvaras kallt. Undvik direkt solljus.[\/vc_column_text][\/vc_column][vc_column width=&#8221;1\/3&#8243;][vc_column_text text_larger=&#8221;no&#8221; woodmart_inline=&#8221;no&#8221;]<strong>ING\u00c5ENDE INGREDIENSER:<\/strong> MCT COCONUT OIL (Caprylic\/Capric Triglycerides), CANNABIS SATIVA LEAF EXTRACT (Cannabis Sativa L.), LEMON OIL (Citrus Limon)<\/p>\n<p><strong>CERTIFICATE OF ANALYSIS: <span style=\"color: #136e81;\"><a style=\"color: #136e81;\" href=\"https:\/\/cbdmedilution.com\/wp-content\/uploads\/2023\/09\/SKU-1007-CBD-Oil-10-%E2%80%93-Pure-CBD-Citrus-2021-78-7-210.pdf\">AR-23-U6-045185-03<\/a><\/span><\/strong>[\/vc_column_text][\/vc_column][\/vc_row]<\/p>\n<\/div>","protected":false},"excerpt":{"rendered":"<ul>\n<li>REN CBD &#8211; NOLL THC<\/li>\n<li>VEGANV\u00c4NLIGT<\/li>\n<li>INNEH\u00c5LLER 1000MG CBD<\/li>\n<li>CBD STYRKA 10 % VOLM.<\/li>\n<li>10ML DRAPPARFLASKA<\/li>\n<\/ul>\n<p>Denna Zero THC hampablandning \u00e4r gjord med rena 99,5 % cannabidiolkristaller med tillsatt naturlig citronolja f\u00f6r att skapa en nysmakad olja, vilket ger dig alla f\u00f6rdelarna med ren CBD.<\/p>\n<p>Denna produkt \u00e4r labbtestad f\u00f6r s\u00e4kerhet och renhet. Den inneh\u00e5ller 1000mg CBD utan detekterbara niv\u00e5er av THC.<\/p>\n","protected":false},"featured_media":8071,"comment_status":"open","ping_status":"closed","template":"","meta":[],"product_brand":[],"product_cat":[90],"product_tag":[],"class_list":{"0":"post-8177","1":"product","2":"type-product","3":"status-publish","4":"has-post-thumbnail","6":"product_cat-cbd-oljedroppar","8":"first","9":"outofstock","10":"taxable","11":"shipping-taxable","12":"purchasable","13":"product-type-simple"},"yoast_head":"<!-- This site is optimized with the Yoast SEO plugin v27.4 - https:\/\/yoast.com\/product\/yoast-seo-wordpress\/ -->\n<title>CBD Olja 10% - Ren CBD Citrus Smak - 1000mg - Medilution<\/title>\n<meta name=\"description\" content=\"Denna CBD blandning \u00e4r gjord med rena 99,5 % cannabidiolkristaller med tillsatt naturlig citronolja f\u00f6r att skapa en nysmakad olja.\" \/>\n<meta name=\"robots\" content=\"index, follow, max-snippet:-1, max-image-preview:large, max-video-preview:-1\" \/>\n<link rel=\"canonical\" href=\"https:\/\/medilution.com\/sv\/product\/cbd-olja-citrussmak-1000mg-10\/\" \/>\n<meta property=\"og:locale\" content=\"sv_SE\" \/>\n<meta property=\"og:type\" content=\"article\" \/>\n<meta property=\"og:title\" content=\"CBD Olja 10% - Ren CBD Citrus Smak - 1000mg - Medilution\" \/>\n<meta property=\"og:description\" content=\"Denna CBD blandning \u00e4r gjord med rena 99,5 % cannabidiolkristaller med tillsatt naturlig citronolja f\u00f6r att skapa en nysmakad olja.\" \/>\n<meta property=\"og:url\" content=\"https:\/\/medilution.com\/sv\/product\/cbd-olja-citrussmak-1000mg-10\/\" \/>\n<meta property=\"og:site_name\" content=\"Medilution\" \/>\n<meta property=\"article:modified_time\" content=\"2024-12-03T16:00:59+00:00\" \/>\n<meta property=\"og:image\" content=\"https:\/\/medilution.com\/wp-content\/uploads\/2021\/05\/medilution-10ml-cbd-oil-citrus-10-1.jpg\" \/>\n\t<meta property=\"og:image:width\" content=\"726\" \/>\n\t<meta property=\"og:image:height\" content=\"726\" \/>\n\t<meta property=\"og:image:type\" content=\"image\/jpeg\" \/>\n<meta name=\"twitter:card\" content=\"summary_large_image\" \/>\n<meta name=\"twitter:label1\" content=\"Ber\u00e4knad l\u00e4stid\" \/>\n\t<meta name=\"twitter:data1\" content=\"1 minut\" \/>\n<script type=\"application\/ld+json\" class=\"yoast-schema-graph\">{\"@context\":\"https:\\\/\\\/schema.org\",\"@graph\":[{\"@type\":\"WebPage\",\"@id\":\"https:\\\/\\\/medilution.com\\\/sv\\\/product\\\/cbd-olja-citrussmak-1000mg-10\\\/\",\"url\":\"https:\\\/\\\/medilution.com\\\/sv\\\/product\\\/cbd-olja-citrussmak-1000mg-10\\\/\",\"name\":\"CBD Olja 10% - Ren CBD Citrus Smak - 1000mg - Medilution\",\"isPartOf\":{\"@id\":\"https:\\\/\\\/medilution.com\\\/sv\\\/#website\"},\"primaryImageOfPage\":{\"@id\":\"https:\\\/\\\/medilution.com\\\/sv\\\/product\\\/cbd-olja-citrussmak-1000mg-10\\\/#primaryimage\"},\"image\":{\"@id\":\"https:\\\/\\\/medilution.com\\\/sv\\\/product\\\/cbd-olja-citrussmak-1000mg-10\\\/#primaryimage\"},\"thumbnailUrl\":\"https:\\\/\\\/medilution.com\\\/wp-content\\\/uploads\\\/2021\\\/05\\\/medilution-10ml-cbd-oil-citrus-10-1.jpg\",\"datePublished\":\"2021-05-18T20:59:29+00:00\",\"dateModified\":\"2024-12-03T16:00:59+00:00\",\"description\":\"Denna CBD blandning \u00e4r gjord med rena 99,5 % cannabidiolkristaller med tillsatt naturlig citronolja f\u00f6r att skapa en nysmakad olja.\",\"breadcrumb\":{\"@id\":\"https:\\\/\\\/medilution.com\\\/sv\\\/product\\\/cbd-olja-citrussmak-1000mg-10\\\/#breadcrumb\"},\"inLanguage\":\"sv-SE\",\"potentialAction\":[{\"@type\":\"ReadAction\",\"target\":[\"https:\\\/\\\/medilution.com\\\/sv\\\/product\\\/cbd-olja-citrussmak-1000mg-10\\\/\"]}]},{\"@type\":\"ImageObject\",\"inLanguage\":\"sv-SE\",\"@id\":\"https:\\\/\\\/medilution.com\\\/sv\\\/product\\\/cbd-olja-citrussmak-1000mg-10\\\/#primaryimage\",\"url\":\"https:\\\/\\\/medilution.com\\\/wp-content\\\/uploads\\\/2021\\\/05\\\/medilution-10ml-cbd-oil-citrus-10-1.jpg\",\"contentUrl\":\"https:\\\/\\\/medilution.com\\\/wp-content\\\/uploads\\\/2021\\\/05\\\/medilution-10ml-cbd-oil-citrus-10-1.jpg\",\"width\":726,\"height\":726},{\"@type\":\"BreadcrumbList\",\"@id\":\"https:\\\/\\\/medilution.com\\\/sv\\\/product\\\/cbd-olja-citrussmak-1000mg-10\\\/#breadcrumb\",\"itemListElement\":[{\"@type\":\"ListItem\",\"position\":1,\"name\":\"Home\",\"item\":\"https:\\\/\\\/medilution.com\\\/sv\\\/\"},{\"@type\":\"ListItem\",\"position\":2,\"name\":\"Butik\",\"item\":\"https:\\\/\\\/medilution.com\\\/shop\\\/\"},{\"@type\":\"ListItem\",\"position\":3,\"name\":\"CBD Olja 10% &#8211; Ren CBD Citrus Smak &#8211; 1000mg\"}]},{\"@type\":\"WebSite\",\"@id\":\"https:\\\/\\\/medilution.com\\\/sv\\\/#website\",\"url\":\"https:\\\/\\\/medilution.com\\\/sv\\\/\",\"name\":\"Medilution\",\"description\":\"Unlock Wellness with CBD and Lion\u2019s Mane Excellence\",\"publisher\":{\"@id\":\"https:\\\/\\\/medilution.com\\\/sv\\\/#organization\"},\"potentialAction\":[{\"@type\":\"SearchAction\",\"target\":{\"@type\":\"EntryPoint\",\"urlTemplate\":\"https:\\\/\\\/medilution.com\\\/sv\\\/?s={search_term_string}\"},\"query-input\":{\"@type\":\"PropertyValueSpecification\",\"valueRequired\":true,\"valueName\":\"search_term_string\"}}],\"inLanguage\":\"sv-SE\"},{\"@type\":\"Organization\",\"@id\":\"https:\\\/\\\/medilution.com\\\/sv\\\/#organization\",\"name\":\"Medilution\",\"url\":\"https:\\\/\\\/medilution.com\\\/sv\\\/\",\"logo\":{\"@type\":\"ImageObject\",\"inLanguage\":\"sv-SE\",\"@id\":\"https:\\\/\\\/medilution.com\\\/sv\\\/#\\\/schema\\\/logo\\\/image\\\/\",\"url\":\"https:\\\/\\\/medilution.com\\\/wp-content\\\/uploads\\\/2021\\\/04\\\/medilution-logo-web.png\",\"contentUrl\":\"https:\\\/\\\/medilution.com\\\/wp-content\\\/uploads\\\/2021\\\/04\\\/medilution-logo-web.png\",\"width\":400,\"height\":460,\"caption\":\"Medilution\"},\"image\":{\"@id\":\"https:\\\/\\\/medilution.com\\\/sv\\\/#\\\/schema\\\/logo\\\/image\\\/\"},\"sameAs\":[\"https:\\\/\\\/www.instagram.com\\\/medilution\\\/\"]}]}<\/script>\n<!-- \/ Yoast SEO plugin. -->","yoast_head_json":{"title":"CBD Olja 10% - Ren CBD Citrus Smak - 1000mg - Medilution","description":"Denna CBD blandning \u00e4r gjord med rena 99,5 % cannabidiolkristaller med tillsatt naturlig citronolja f\u00f6r att skapa en nysmakad olja.","robots":{"index":"index","follow":"follow","max-snippet":"max-snippet:-1","max-image-preview":"max-image-preview:large","max-video-preview":"max-video-preview:-1"},"canonical":"https:\/\/medilution.com\/sv\/product\/cbd-olja-citrussmak-1000mg-10\/","og_locale":"sv_SE","og_type":"article","og_title":"CBD Olja 10% - Ren CBD Citrus Smak - 1000mg - Medilution","og_description":"Denna CBD blandning \u00e4r gjord med rena 99,5 % cannabidiolkristaller med tillsatt naturlig citronolja f\u00f6r att skapa en nysmakad olja.","og_url":"https:\/\/medilution.com\/sv\/product\/cbd-olja-citrussmak-1000mg-10\/","og_site_name":"Medilution","article_modified_time":"2024-12-03T16:00:59+00:00","og_image":[{"width":726,"height":726,"url":"https:\/\/medilution.com\/wp-content\/uploads\/2021\/05\/medilution-10ml-cbd-oil-citrus-10-1.jpg","type":"image\/jpeg"}],"twitter_card":"summary_large_image","twitter_misc":{"Ber\u00e4knad l\u00e4stid":"1 minut"},"schema":{"@context":"https:\/\/schema.org","@graph":[{"@type":"WebPage","@id":"https:\/\/medilution.com\/sv\/product\/cbd-olja-citrussmak-1000mg-10\/","url":"https:\/\/medilution.com\/sv\/product\/cbd-olja-citrussmak-1000mg-10\/","name":"CBD Olja 10% - Ren CBD Citrus Smak - 1000mg - Medilution","isPartOf":{"@id":"https:\/\/medilution.com\/sv\/#website"},"primaryImageOfPage":{"@id":"https:\/\/medilution.com\/sv\/product\/cbd-olja-citrussmak-1000mg-10\/#primaryimage"},"image":{"@id":"https:\/\/medilution.com\/sv\/product\/cbd-olja-citrussmak-1000mg-10\/#primaryimage"},"thumbnailUrl":"https:\/\/medilution.com\/wp-content\/uploads\/2021\/05\/medilution-10ml-cbd-oil-citrus-10-1.jpg","datePublished":"2021-05-18T20:59:29+00:00","dateModified":"2024-12-03T16:00:59+00:00","description":"Denna CBD blandning \u00e4r gjord med rena 99,5 % cannabidiolkristaller med tillsatt naturlig citronolja f\u00f6r att skapa en nysmakad olja.","breadcrumb":{"@id":"https:\/\/medilution.com\/sv\/product\/cbd-olja-citrussmak-1000mg-10\/#breadcrumb"},"inLanguage":"sv-SE","potentialAction":[{"@type":"ReadAction","target":["https:\/\/medilution.com\/sv\/product\/cbd-olja-citrussmak-1000mg-10\/"]}]},{"@type":"ImageObject","inLanguage":"sv-SE","@id":"https:\/\/medilution.com\/sv\/product\/cbd-olja-citrussmak-1000mg-10\/#primaryimage","url":"https:\/\/medilution.com\/wp-content\/uploads\/2021\/05\/medilution-10ml-cbd-oil-citrus-10-1.jpg","contentUrl":"https:\/\/medilution.com\/wp-content\/uploads\/2021\/05\/medilution-10ml-cbd-oil-citrus-10-1.jpg","width":726,"height":726},{"@type":"BreadcrumbList","@id":"https:\/\/medilution.com\/sv\/product\/cbd-olja-citrussmak-1000mg-10\/#breadcrumb","itemListElement":[{"@type":"ListItem","position":1,"name":"Home","item":"https:\/\/medilution.com\/sv\/"},{"@type":"ListItem","position":2,"name":"Butik","item":"https:\/\/medilution.com\/shop\/"},{"@type":"ListItem","position":3,"name":"CBD Olja 10% &#8211; Ren CBD Citrus Smak &#8211; 1000mg"}]},{"@type":"WebSite","@id":"https:\/\/medilution.com\/sv\/#website","url":"https:\/\/medilution.com\/sv\/","name":"Medilution","description":"Unlock Wellness with CBD and Lion\u2019s Mane Excellence","publisher":{"@id":"https:\/\/medilution.com\/sv\/#organization"},"potentialAction":[{"@type":"SearchAction","target":{"@type":"EntryPoint","urlTemplate":"https:\/\/medilution.com\/sv\/?s={search_term_string}"},"query-input":{"@type":"PropertyValueSpecification","valueRequired":true,"valueName":"search_term_string"}}],"inLanguage":"sv-SE"},{"@type":"Organization","@id":"https:\/\/medilution.com\/sv\/#organization","name":"Medilution","url":"https:\/\/medilution.com\/sv\/","logo":{"@type":"ImageObject","inLanguage":"sv-SE","@id":"https:\/\/medilution.com\/sv\/#\/schema\/logo\/image\/","url":"https:\/\/medilution.com\/wp-content\/uploads\/2021\/04\/medilution-logo-web.png","contentUrl":"https:\/\/medilution.com\/wp-content\/uploads\/2021\/04\/medilution-logo-web.png","width":400,"height":460,"caption":"Medilution"},"image":{"@id":"https:\/\/medilution.com\/sv\/#\/schema\/logo\/image\/"},"sameAs":["https:\/\/www.instagram.com\/medilution\/"]}]}},"jetpack-related-posts":[{"id":8241,"url":"https:\/\/medilution.com\/sv\/product\/cbd-olja-20-bredspektrum-2000mg\/","url_meta":{"origin":8177,"position":0},"title":"CBD Olja 20% &#8211; Bredspektrum &#8211; 2000mg","author":"Johan","date":"13\/07\/2021","format":false,"excerpt":"DESTILLAT VEGANV\u00c4NLIGT INNEH\u00c5LLER 2000MG CBD CBD STYRKA 20% VOL. 10ML DRAPPARFLASKA Denna bredspektrumsblandning \u00e4r gjord med CBD-destillat, noggrant extraherad f\u00f6r att ge dig maximal entourage-effekt. Inneh\u00e5ller endast naturliga ingredienser, GMO-fri, inga konstgjorda f\u00e4rger, aromer eller konserveringsmedel tills\u00e4tts. Denna produkt \u00e4r labbtestad f\u00f6r s\u00e4kerhet och renhet. Den inneh\u00e5ller 2000mg CBD utan\u2026","rel":"","context":"Liknande inl\u00e4gg","block_context":{"text":"Liknande inl\u00e4gg","link":""},"img":{"alt_text":"","src":"https:\/\/i0.wp.com\/medilution.com\/wp-content\/uploads\/2021\/07\/medilution-10ml-cbd-oil-broad-spectrum-20.jpg?resize=350%2C200&ssl=1","width":350,"height":200,"srcset":"https:\/\/i0.wp.com\/medilution.com\/wp-content\/uploads\/2021\/07\/medilution-10ml-cbd-oil-broad-spectrum-20.jpg?resize=350%2C200&ssl=1 1x, https:\/\/i0.wp.com\/medilution.com\/wp-content\/uploads\/2021\/07\/medilution-10ml-cbd-oil-broad-spectrum-20.jpg?resize=525%2C300&ssl=1 1.5x, https:\/\/i0.wp.com\/medilution.com\/wp-content\/uploads\/2021\/07\/medilution-10ml-cbd-oil-broad-spectrum-20.jpg?resize=700%2C400&ssl=1 2x"},"classes":[]},{"id":8226,"url":"https:\/\/medilution.com\/sv\/product\/cbd-olja-bredspektrum-1000mg-10\/","url_meta":{"origin":8177,"position":1},"title":"CBD Olja 10% &#8211; Bredspektrum &#8211; 1000mg","author":"medilutionadmin","date":"19\/05\/2021","format":false,"excerpt":"DESTILLAT VEGANV\u00c4NLIGT INNEH\u00c5LLER 1000MG CBD CBD STYRKA 10 % VOLM. 10ML DRAPPARFLASKA Denna bredspektrumsblandning \u00e4r gjord med CBD-destillat, noggrant extraherad f\u00f6r att ge dig maximal entourage-effekt. Inneh\u00e5ller endast naturliga ingredienser, GMO-fri, inga konstgjorda f\u00e4rger, aromer eller konserveringsmedel tills\u00e4tts. Denna produkt \u00e4r labbtestad f\u00f6r s\u00e4kerhet och renhet. Den inneh\u00e5ller 1000mg CBD\u2026","rel":"","context":"Liknande inl\u00e4gg","block_context":{"text":"Liknande inl\u00e4gg","link":""},"img":{"alt_text":"","src":"https:\/\/i0.wp.com\/medilution.com\/wp-content\/uploads\/2021\/05\/medilution-10ml-cbd-oil-broad-spectrum-10-1.jpg?resize=350%2C200&ssl=1","width":350,"height":200,"srcset":"https:\/\/i0.wp.com\/medilution.com\/wp-content\/uploads\/2021\/05\/medilution-10ml-cbd-oil-broad-spectrum-10-1.jpg?resize=350%2C200&ssl=1 1x, https:\/\/i0.wp.com\/medilution.com\/wp-content\/uploads\/2021\/05\/medilution-10ml-cbd-oil-broad-spectrum-10-1.jpg?resize=525%2C300&ssl=1 1.5x, https:\/\/i0.wp.com\/medilution.com\/wp-content\/uploads\/2021\/05\/medilution-10ml-cbd-oil-broad-spectrum-10-1.jpg?resize=700%2C400&ssl=1 2x"},"classes":[]},{"id":8207,"url":"https:\/\/medilution.com\/sv\/product\/cbd-olja-naturlig-smak\/","url_meta":{"origin":8177,"position":2},"title":"CBD-olja 5% &#8211; Ren CBD &#8211; 500mg","author":"medilutionadmin","date":"10\/05\/2021","format":false,"excerpt":"REN CBD - NOLL THC VEGANV\u00c4NLIGT INNEH\u00c5LLER 500MG CBD CBD STYRKA 5 % VOLT. 10ML DRAPPARFLASKA Denna Zero THC hampablandning \u00e4r gjord med rena 99,5 % cannabidiolkristaller, vilket ger dig alla f\u00f6rdelarna med ren CBD. Denna produkt \u00e4r labbtestad f\u00f6r s\u00e4kerhet och renhet. Den inneh\u00e5ller 500mg CBD utan detekterbara niv\u00e5er\u2026","rel":"","context":"Liknande inl\u00e4gg","block_context":{"text":"Liknande inl\u00e4gg","link":""},"img":{"alt_text":"","src":"https:\/\/i0.wp.com\/medilution.com\/wp-content\/uploads\/2021\/05\/medilution-10ml-cbd-oil-natural-5-1.jpg?resize=350%2C200&ssl=1","width":350,"height":200,"srcset":"https:\/\/i0.wp.com\/medilution.com\/wp-content\/uploads\/2021\/05\/medilution-10ml-cbd-oil-natural-5-1.jpg?resize=350%2C200&ssl=1 1x, https:\/\/i0.wp.com\/medilution.com\/wp-content\/uploads\/2021\/05\/medilution-10ml-cbd-oil-natural-5-1.jpg?resize=525%2C300&ssl=1 1.5x, https:\/\/i0.wp.com\/medilution.com\/wp-content\/uploads\/2021\/05\/medilution-10ml-cbd-oil-natural-5-1.jpg?resize=700%2C400&ssl=1 2x"},"classes":[]},{"id":8204,"url":"https:\/\/medilution.com\/sv\/product\/cbd-olja-neutral-smak-1000mg-10\/","url_meta":{"origin":8177,"position":3},"title":"CBD-olja 10% &#8211; Ren CBD &#8211; 1000mg","author":"medilutionadmin","date":"18\/05\/2021","format":false,"excerpt":"REN CBD - NOLL THC VEGANV\u00c4NLIGT INNEH\u00c5LLER 1000MG CBD CBD STYRKA 10 % VOLM. 10ML DRAPPARFLASKA Denna Zero THC hampablandning \u00e4r gjord med rena 99,5 % cannabidiolkristaller, vilket ger dig alla f\u00f6rdelarna med ren CBD. Denna produkt \u00e4r labbtestad f\u00f6r s\u00e4kerhet och renhet. Den inneh\u00e5ller 1000mg CBD utan detekterbara niv\u00e5er\u2026","rel":"","context":"Liknande inl\u00e4gg","block_context":{"text":"Liknande inl\u00e4gg","link":""},"img":{"alt_text":"","src":"https:\/\/i0.wp.com\/medilution.com\/wp-content\/uploads\/2021\/05\/medilution-10ml-cbd-oil-natural-10-1.jpg?resize=350%2C200&ssl=1","width":350,"height":200,"srcset":"https:\/\/i0.wp.com\/medilution.com\/wp-content\/uploads\/2021\/05\/medilution-10ml-cbd-oil-natural-10-1.jpg?resize=350%2C200&ssl=1 1x, https:\/\/i0.wp.com\/medilution.com\/wp-content\/uploads\/2021\/05\/medilution-10ml-cbd-oil-natural-10-1.jpg?resize=525%2C300&ssl=1 1.5x, https:\/\/i0.wp.com\/medilution.com\/wp-content\/uploads\/2021\/05\/medilution-10ml-cbd-oil-natural-10-1.jpg?resize=700%2C400&ssl=1 2x"},"classes":[]},{"id":8230,"url":"https:\/\/medilution.com\/sv\/product\/cbd-olja-terpener-1000mg-10\/","url_meta":{"origin":8177,"position":4},"title":"CBD-olja 10% &#8211; Ren CBD + Terpener &#8211; 1000mg","author":"medilutionadmin","date":"18\/05\/2021","format":false,"excerpt":"REN CBD - NOLL THC VEGANV\u00c4NLIGT INNEH\u00c5LLER 1000MG CBD CBD STYRKA 10 % VOLM. 10ML DRAPPARFLASKA Denna Zero THC hampablandning \u00e4r gjord med rena 99,5 % cannabidiolkristaller med tillsatta terpener f\u00f6r att skapa en fullsmakad olja, vilket ger dig alla f\u00f6rdelarna med ren CBD. Denna produkt \u00e4r labbtestad f\u00f6r s\u00e4kerhet\u2026","rel":"","context":"Liknande inl\u00e4gg","block_context":{"text":"Liknande inl\u00e4gg","link":""},"img":{"alt_text":"","src":"https:\/\/i0.wp.com\/medilution.com\/wp-content\/uploads\/2021\/05\/medilution-10ml-cbd-oil-terpenes-10-1.jpeg?resize=350%2C200&ssl=1","width":350,"height":200,"srcset":"https:\/\/i0.wp.com\/medilution.com\/wp-content\/uploads\/2021\/05\/medilution-10ml-cbd-oil-terpenes-10-1.jpeg?resize=350%2C200&ssl=1 1x, https:\/\/i0.wp.com\/medilution.com\/wp-content\/uploads\/2021\/05\/medilution-10ml-cbd-oil-terpenes-10-1.jpeg?resize=525%2C300&ssl=1 1.5x, https:\/\/i0.wp.com\/medilution.com\/wp-content\/uploads\/2021\/05\/medilution-10ml-cbd-oil-terpenes-10-1.jpeg?resize=700%2C400&ssl=1 2x"},"classes":[]},{"id":8233,"url":"https:\/\/medilution.com\/sv\/product\/cbd-olja-mint-smak-1000mg-10\/","url_meta":{"origin":8177,"position":5},"title":"CBD Olja 10% &#8211; Ren CBD Mintsmak &#8211; 1000mg","author":"medilutionadmin","date":"18\/05\/2021","format":false,"excerpt":"REN CBD - NOLL THC VEGANV\u00c4NLIGT INNEH\u00c5LLER 1000MG CBD CBD STYRKA 10 % VOLM. 10ML DRAPPARFLASKA Denna Zero THC hampablandning \u00e4r gjord med rena 99,5 % cannabidiolkristaller med tillsatt naturlig pepparmyntsolja f\u00f6r att skapa ett fr\u00e4scht smaksatt extrakt, vilket ger dig alla f\u00f6rdelarna med ren CBD. Denna produkt \u00e4r labbtestad\u2026","rel":"","context":"Liknande inl\u00e4gg","block_context":{"text":"Liknande inl\u00e4gg","link":""},"img":{"alt_text":"","src":"https:\/\/i0.wp.com\/medilution.com\/wp-content\/uploads\/2021\/05\/medilution-10ml-cbd-oil-mint-10-2.jpg?resize=350%2C200&ssl=1","width":350,"height":200,"srcset":"https:\/\/i0.wp.com\/medilution.com\/wp-content\/uploads\/2021\/05\/medilution-10ml-cbd-oil-mint-10-2.jpg?resize=350%2C200&ssl=1 1x, https:\/\/i0.wp.com\/medilution.com\/wp-content\/uploads\/2021\/05\/medilution-10ml-cbd-oil-mint-10-2.jpg?resize=525%2C300&ssl=1 1.5x, https:\/\/i0.wp.com\/medilution.com\/wp-content\/uploads\/2021\/05\/medilution-10ml-cbd-oil-mint-10-2.jpg?resize=700%2C400&ssl=1 2x"},"classes":[]}],"jetpack_sharing_enabled":true,"_links":{"self":[{"href":"https:\/\/medilution.com\/sv\/wp-json\/wp\/v2\/product\/8177","targetHints":{"allow":["GET"]}}],"collection":[{"href":"https:\/\/medilution.com\/sv\/wp-json\/wp\/v2\/product"}],"about":[{"href":"https:\/\/medilution.com\/sv\/wp-json\/wp\/v2\/types\/product"}],"replies":[{"embeddable":true,"href":"https:\/\/medilution.com\/sv\/wp-json\/wp\/v2\/comments?post=8177"}],"wp:featuredmedia":[{"embeddable":true,"href":"https:\/\/medilution.com\/sv\/wp-json\/wp\/v2\/media\/8071"}],"wp:attachment":[{"href":"https:\/\/medilution.com\/sv\/wp-json\/wp\/v2\/media?parent=8177"}],"wp:term":[{"taxonomy":"product_brand","embeddable":true,"href":"https:\/\/medilution.com\/sv\/wp-json\/wp\/v2\/product_brand?post=8177"},{"taxonomy":"product_cat","embeddable":true,"href":"https:\/\/medilution.com\/sv\/wp-json\/wp\/v2\/product_cat?post=8177"},{"taxonomy":"product_tag","embeddable":true,"href":"https:\/\/medilution.com\/sv\/wp-json\/wp\/v2\/product_tag?post=8177"}],"curies":[{"name":"wp","href":"https:\/\/api.w.org\/{rel}","templated":true}]}}