{"id":8525,"date":"2022-02-13T22:55:02","date_gmt":"2022-02-13T21:55:02","guid":{"rendered":"https:\/\/medilution.com\/?page_id=8525"},"modified":"2023-11-22T14:11:42","modified_gmt":"2023-11-22T13:11:42","slug":"aterbetalnings-och-returpolicy","status":"publish","type":"page","link":"https:\/\/medilution.com\/sv\/aterbetalnings-och-returpolicy\/","title":{"rendered":"Retur- och \u00e5terbetalningspolicy"},"content":{"rendered":"<div class=\"wpb-content-wrapper\"><p>[vc_row][vc_column width=&#8221;1\/6&#8243;][\/vc_column][vc_column width=&#8221;2\/3&#8243;][vc_column_text woodmart_inline=&#8221;no&#8221; text_larger=&#8221;no&#8221;]<\/p>\n<h2><strong>Retur- och \u00e5terbetalningspolicy<\/strong><\/h2>\n<p>Tack f\u00f6r ditt k\u00f6p. Vi hoppas att du \u00e4r n\u00f6jd med ditt k\u00f6p. Men om du av n\u00e5gon anledning inte \u00e4r helt n\u00f6jd med ditt k\u00f6p, kan du returnera det till oss f\u00f6r full \u00e5terbetalning eller byte. Se nedan f\u00f6r mer information om v\u00e5r returpolicy.<\/p>\n<h3><strong>Returnera<\/strong><\/h3>\n<p>Alla returer m\u00e5ste postst\u00e4mplas inom 30 dagar fr\u00e5n leveransdatum. Alla returnerade varor m\u00e5ste vara i nytt och oanv\u00e4nt skick, med alla originalhandlingar bifogade.<\/p>\n<h4>Returprocess<\/h4>\n<p>Anv\u00e4nd nedanst\u00e5ende standardformul\u00e4r f\u00f6r returer s\u00e5 kommer vi att ge ytterligare instruktioner.<\/p>\n<h4>Standardformul\u00e4r f\u00f6r returer<\/h4>\n<p>(Fyll i detta formul\u00e4r och returnera produkterna endast n\u00e4r du vill \u00e5terkalla avtalet)<\/p>\n<p>efulfilment.eu<br \/>\nAttn. Medilution<br \/>\nWittevrouwen 21<br \/>\n1358CD Almere<br \/>\nNederl\u00e4nderna<\/p>\n<p>E-postadress: info@medilution.com<\/p>\n<p>Jag\/vi informerar dig h\u00e4rmed om att jag\/vi \u00f6nskar h\u00e4va v\u00e5rt avtal om k\u00f6pet av f\u00f6ljande produkter:<\/p>\n<ul>\n<li>specifikation av produkten*<\/li>\n<li>Best\u00e4llde*\/mottogs* datum f\u00f6r best\u00e4llning av tj\u00e4nsterna eller mottagande av produkter*<\/li>\n<\/ul>\n<p>Konsumentens namn<\/p>\n<p>Konsumentens adress<\/p>\n<p>Konsumentens underskrift (endast n\u00e4r denna blankett skickas in p\u00e5 papper)<\/p>\n<p>* Radera och\/eller komplettera d\u00e4r s\u00e5 \u00e4r l\u00e4mpligt.<\/p>\n<h3><strong>\u00c5terbetalningar<\/strong><\/h3>\n<p>Efter att ha mottagit din retur och kontrollerat skicket p\u00e5 din vara kommer vi att behandla din retur. V\u00e4nta minst 14 dagar fr\u00e5n mottagandet av din vara f\u00f6r att behandla din retur.<\/p>\n<h4>Undantag<\/h4>\n<p>F\u00f6r defekta eller skadade produkter, v\u00e4nligen kontakta oss p\u00e5 kundtj\u00e4nstnumret nedan f\u00f6r att ordna en \u00e5terbetalning eller byte.[\/vc_column_text][\/vc_column][vc_column width=&#8221;1\/6&#8243;][\/vc_column][\/vc_row]<\/p>\n<\/div>","protected":false},"excerpt":{"rendered":"<p>[vc_row][vc_column width=&#8221;1\/6&#8243;][\/vc_column][vc_column width=&#8221;2\/3&#8243;][vc_column_text woodmart_inline=&#8221;no&#8221; text_larger=&#8221;no&#8221;] Retur- och \u00e5terbetalningspolicy Tack f\u00f6r ditt k\u00f6p. Vi hoppas att du \u00e4r n\u00f6jd med ditt<\/p>\n","protected":false},"author":1,"featured_media":0,"parent":0,"menu_order":0,"comment_status":"closed","ping_status":"closed","template":"","meta":{"footnotes":""},"class_list":["post-8525","page","type-page","status-publish","hentry"],"yoast_head":"<!-- This site is optimized with the Yoast SEO plugin v27.4 - https:\/\/yoast.com\/product\/yoast-seo-wordpress\/ -->\n<title>Retur- och \u00e5terbetalningspolicy - Medilution<\/title>\n<meta name=\"robots\" content=\"index, follow, max-snippet:-1, max-image-preview:large, max-video-preview:-1\" \/>\n<link rel=\"canonical\" href=\"https:\/\/medilution.com\/sv\/aterbetalnings-och-returpolicy\/\" \/>\n<meta property=\"og:locale\" content=\"sv_SE\" \/>\n<meta property=\"og:type\" content=\"article\" \/>\n<meta property=\"og:title\" content=\"Retur- och \u00e5terbetalningspolicy - Medilution\" \/>\n<meta property=\"og:description\" content=\"[vc_row][vc_column width=&#8221;1\/6&#8243;][\/vc_column][vc_column width=&#8221;2\/3&#8243;][vc_column_text woodmart_inline=&#8221;no&#8221; text_larger=&#8221;no&#8221;] Retur- och \u00e5terbetalningspolicy Tack f\u00f6r ditt k\u00f6p. Vi hoppas att du \u00e4r n\u00f6jd med ditt\" \/>\n<meta property=\"og:url\" content=\"https:\/\/medilution.com\/sv\/aterbetalnings-och-returpolicy\/\" \/>\n<meta property=\"og:site_name\" content=\"Medilution\" \/>\n<meta property=\"article:modified_time\" content=\"2023-11-22T13:11:42+00:00\" \/>\n<meta name=\"twitter:card\" content=\"summary_large_image\" \/>\n<meta name=\"twitter:label1\" content=\"Ber\u00e4knad l\u00e4stid\" \/>\n\t<meta name=\"twitter:data1\" content=\"1 minut\" \/>\n<script type=\"application\/ld+json\" class=\"yoast-schema-graph\">{\"@context\":\"https:\\\/\\\/schema.org\",\"@graph\":[{\"@type\":\"WebPage\",\"@id\":\"https:\\\/\\\/medilution.com\\\/sv\\\/aterbetalnings-och-returpolicy\\\/\",\"url\":\"https:\\\/\\\/medilution.com\\\/sv\\\/aterbetalnings-och-returpolicy\\\/\",\"name\":\"Retur- och \u00e5terbetalningspolicy - Medilution\",\"isPartOf\":{\"@id\":\"https:\\\/\\\/medilution.com\\\/sv\\\/#website\"},\"datePublished\":\"2022-02-13T21:55:02+00:00\",\"dateModified\":\"2023-11-22T13:11:42+00:00\",\"breadcrumb\":{\"@id\":\"https:\\\/\\\/medilution.com\\\/sv\\\/aterbetalnings-och-returpolicy\\\/#breadcrumb\"},\"inLanguage\":\"sv-SE\",\"potentialAction\":[{\"@type\":\"ReadAction\",\"target\":[\"https:\\\/\\\/medilution.com\\\/sv\\\/aterbetalnings-och-returpolicy\\\/\"]}]},{\"@type\":\"BreadcrumbList\",\"@id\":\"https:\\\/\\\/medilution.com\\\/sv\\\/aterbetalnings-och-returpolicy\\\/#breadcrumb\",\"itemListElement\":[{\"@type\":\"ListItem\",\"position\":1,\"name\":\"Home\",\"item\":\"https:\\\/\\\/medilution.com\\\/sv\\\/\"},{\"@type\":\"ListItem\",\"position\":2,\"name\":\"Retur- och \u00e5terbetalningspolicy\"}]},{\"@type\":\"WebSite\",\"@id\":\"https:\\\/\\\/medilution.com\\\/sv\\\/#website\",\"url\":\"https:\\\/\\\/medilution.com\\\/sv\\\/\",\"name\":\"Medilution\",\"description\":\"Unlock Wellness with CBD and Lion\u2019s Mane Excellence\",\"publisher\":{\"@id\":\"https:\\\/\\\/medilution.com\\\/sv\\\/#organization\"},\"potentialAction\":[{\"@type\":\"SearchAction\",\"target\":{\"@type\":\"EntryPoint\",\"urlTemplate\":\"https:\\\/\\\/medilution.com\\\/sv\\\/?s={search_term_string}\"},\"query-input\":{\"@type\":\"PropertyValueSpecification\",\"valueRequired\":true,\"valueName\":\"search_term_string\"}}],\"inLanguage\":\"sv-SE\"},{\"@type\":\"Organization\",\"@id\":\"https:\\\/\\\/medilution.com\\\/sv\\\/#organization\",\"name\":\"Medilution\",\"url\":\"https:\\\/\\\/medilution.com\\\/sv\\\/\",\"logo\":{\"@type\":\"ImageObject\",\"inLanguage\":\"sv-SE\",\"@id\":\"https:\\\/\\\/medilution.com\\\/sv\\\/#\\\/schema\\\/logo\\\/image\\\/\",\"url\":\"https:\\\/\\\/medilution.com\\\/wp-content\\\/uploads\\\/2021\\\/04\\\/medilution-logo-web.png\",\"contentUrl\":\"https:\\\/\\\/medilution.com\\\/wp-content\\\/uploads\\\/2021\\\/04\\\/medilution-logo-web.png\",\"width\":400,\"height\":460,\"caption\":\"Medilution\"},\"image\":{\"@id\":\"https:\\\/\\\/medilution.com\\\/sv\\\/#\\\/schema\\\/logo\\\/image\\\/\"},\"sameAs\":[\"https:\\\/\\\/www.instagram.com\\\/medilution\\\/\"]}]}<\/script>\n<!-- \/ Yoast SEO plugin. -->","yoast_head_json":{"title":"Retur- och \u00e5terbetalningspolicy - Medilution","robots":{"index":"index","follow":"follow","max-snippet":"max-snippet:-1","max-image-preview":"max-image-preview:large","max-video-preview":"max-video-preview:-1"},"canonical":"https:\/\/medilution.com\/sv\/aterbetalnings-och-returpolicy\/","og_locale":"sv_SE","og_type":"article","og_title":"Retur- och \u00e5terbetalningspolicy - Medilution","og_description":"[vc_row][vc_column width=&#8221;1\/6&#8243;][\/vc_column][vc_column width=&#8221;2\/3&#8243;][vc_column_text woodmart_inline=&#8221;no&#8221; text_larger=&#8221;no&#8221;] Retur- och \u00e5terbetalningspolicy Tack f\u00f6r ditt k\u00f6p. Vi hoppas att du \u00e4r n\u00f6jd med ditt","og_url":"https:\/\/medilution.com\/sv\/aterbetalnings-och-returpolicy\/","og_site_name":"Medilution","article_modified_time":"2023-11-22T13:11:42+00:00","twitter_card":"summary_large_image","twitter_misc":{"Ber\u00e4knad l\u00e4stid":"1 minut"},"schema":{"@context":"https:\/\/schema.org","@graph":[{"@type":"WebPage","@id":"https:\/\/medilution.com\/sv\/aterbetalnings-och-returpolicy\/","url":"https:\/\/medilution.com\/sv\/aterbetalnings-och-returpolicy\/","name":"Retur- och \u00e5terbetalningspolicy - Medilution","isPartOf":{"@id":"https:\/\/medilution.com\/sv\/#website"},"datePublished":"2022-02-13T21:55:02+00:00","dateModified":"2023-11-22T13:11:42+00:00","breadcrumb":{"@id":"https:\/\/medilution.com\/sv\/aterbetalnings-och-returpolicy\/#breadcrumb"},"inLanguage":"sv-SE","potentialAction":[{"@type":"ReadAction","target":["https:\/\/medilution.com\/sv\/aterbetalnings-och-returpolicy\/"]}]},{"@type":"BreadcrumbList","@id":"https:\/\/medilution.com\/sv\/aterbetalnings-och-returpolicy\/#breadcrumb","itemListElement":[{"@type":"ListItem","position":1,"name":"Home","item":"https:\/\/medilution.com\/sv\/"},{"@type":"ListItem","position":2,"name":"Retur- och \u00e5terbetalningspolicy"}]},{"@type":"WebSite","@id":"https:\/\/medilution.com\/sv\/#website","url":"https:\/\/medilution.com\/sv\/","name":"Medilution","description":"Unlock Wellness with CBD and Lion\u2019s Mane Excellence","publisher":{"@id":"https:\/\/medilution.com\/sv\/#organization"},"potentialAction":[{"@type":"SearchAction","target":{"@type":"EntryPoint","urlTemplate":"https:\/\/medilution.com\/sv\/?s={search_term_string}"},"query-input":{"@type":"PropertyValueSpecification","valueRequired":true,"valueName":"search_term_string"}}],"inLanguage":"sv-SE"},{"@type":"Organization","@id":"https:\/\/medilution.com\/sv\/#organization","name":"Medilution","url":"https:\/\/medilution.com\/sv\/","logo":{"@type":"ImageObject","inLanguage":"sv-SE","@id":"https:\/\/medilution.com\/sv\/#\/schema\/logo\/image\/","url":"https:\/\/medilution.com\/wp-content\/uploads\/2021\/04\/medilution-logo-web.png","contentUrl":"https:\/\/medilution.com\/wp-content\/uploads\/2021\/04\/medilution-logo-web.png","width":400,"height":460,"caption":"Medilution"},"image":{"@id":"https:\/\/medilution.com\/sv\/#\/schema\/logo\/image\/"},"sameAs":["https:\/\/www.instagram.com\/medilution\/"]}]}},"jetpack-related-posts":[{"id":8826,"url":"https:\/\/medilution.com\/sv\/integritetspolicy\/","url_meta":{"origin":8525,"position":0},"title":"Integritetspolicy","author":"medilutionadmin","date":"12\/04\/2021","format":false,"excerpt":"[vc_row mobile_bg_img_hidden=\"no\" tablet_bg_img_hidden=\"no\" woodmart_parallax=\"0\" woodmart_gradient_switch=\"no\" row_reverse_mobile=\"0\" row_reverse_tablet=\"0\" woodmart_disable_overflow=\"0\"][vc_column][vc_column_text woodmart_inline=\"no\" text_larger=\"no\"] Tack f\u00f6r att du v\u00e4ljer att vara en del av v\u00e5r gemenskap p\u00e5 Medilution B.V. (\"F\u00f6retaget\", \"vi\", \"oss\" eller \"v\u00e5r\"). Vi \u00e4r fast beslutna att skydda din personliga information och din r\u00e4tt till integritet. Om du har n\u00e5gra fr\u00e5gor eller\u2026","rel":"","context":"Liknande inl\u00e4gg","block_context":{"text":"Liknande inl\u00e4gg","link":""},"img":{"alt_text":"","src":"","width":0,"height":0},"classes":[]},{"id":8131,"url":"https:\/\/medilution.com\/sv\/om-oss\/","url_meta":{"origin":8525,"position":1},"title":"Om Oss","author":"medilutionadmin","date":"13\/07\/2017","format":false,"excerpt":"[vc_row full_width=\"stretch_row\" woodmart_bg_position=\"center-bottom\" el_class=\"opacity-video-bg\" css=\".vc_custom_1704989131488{margin-top: -40px !important;margin-right: 0px !important;margin-bottom: 4vh !important;margin-left: 0px !important;padding-top: 24vh !important;padding-bottom: 24vh !important;background-image: url(https:\/\/cbdmedilution.com\/wp-content\/uploads\/2021\/05\/yoga-girl-YL3N7FQ.jpg?id=7486) !important;background-position: center !important;background-repeat: no-repeat !important;background-size: cover !important;}\" mobile_bg_img_hidden=\"no\" tablet_bg_img_hidden=\"no\" woodmart_parallax=\"0\" woodmart_gradient_switch=\"no\" row_reverse_mobile=\"0\" row_reverse_tablet=\"0\" woodmart_disable_overflow=\"0\" woodmart_css_id=\"65a01199a1763\" responsive_spacing=\"eyJwYXJhbV90eXBlIjoid29vZG1hcnRfcmVzcG9uc2l2ZV9zcGFjaW5nIiwic2VsZWN0b3JfaWQiOiI2NWEwMTE5OWExNzYzIiwic2hvcnRjb2RlIjoidmNfcm93IiwiZGF0YSI6eyJ0YWJsZXQiOnt9LCJtb2JpbGUiOnt9fX0=\" woodmart_box_shadow=\"no\" wd_z_index=\"no\"][vc_column css=\".vc_custom_1499517305703{padding-top: 0px !important;}\" el_class=\"text-center\"][vc_custom_heading text=\"MEDILUTION\" font_container=\"tag:h5|font_size:16|text_align:center|color:rgba(255%2C255%2C255%2C0.8)\" use_theme_fonts=\"yes\" css=\".vc_custom_1686739835787{margin-bottom: 10px !important;}\" el_class=\"visible-lg\"][\/vc_column][\/vc_row][vc_row css=\".vc_custom_1499600383384{margin-bottom: 8vh !important;}\"][vc_column\u2026","rel":"","context":"Liknande inl\u00e4gg","block_context":{"text":"Liknande inl\u00e4gg","link":""},"img":{"alt_text":"","src":"","width":0,"height":0},"classes":[]},{"id":8129,"url":"https:\/\/medilution.com\/sv\/allmanna-villkor\/","url_meta":{"origin":8525,"position":2},"title":"Allm\u00e4nna Villkor","author":"medilutionadmin","date":"19\/05\/2021","format":false,"excerpt":"VILLKOR Senast uppdaterad 5 november 2021 BINDANDE VILLKOR Dessa allm\u00e4nna villkor p\u00e5 engelska utg\u00f6r ett juridiskt bindande avtal som ing\u00e5tts mellan dig, antingen personligen eller p\u00e5 uppdrag av en enhet (\"du\") och Medilution BV (\"Company\", \"vi\", \"oss\" eller \"v\u00e5r\"), ang\u00e5ende din \u00e5tkomst till och anv\u00e4ndning av webbplatsen medilution.com samt alla\u2026","rel":"","context":"Liknande inl\u00e4gg","block_context":{"text":"Liknande inl\u00e4gg","link":""},"img":{"alt_text":"","src":"","width":0,"height":0},"classes":[]},{"id":8243,"url":"https:\/\/medilution.com\/sv\/affiliate-ambassador-agreement\/","url_meta":{"origin":8525,"position":3},"title":"Affiliate &amp; Ambassador Agreement","author":"medilutionadmin","date":"30\/07\/2021","format":false,"excerpt":"[vc_row css=\".vc_custom_1499600383384{margin-bottom: 8vh !important;}\"][vc_column offset=\"vc_col-lg-offset-2 vc_col-lg-8 vc_col-md-offset-2 vc_col-md-8 vc_col-sm-offset-0\" css=\".vc_custom_1643816985128{padding-top: 0px !important;}\" woodmart_css_id=\"61faa802ced99\" parallax_scroll=\"no\" woodmart_sticky_column=\"false\" wd_collapsible_content_switcher=\"no\" mobile_bg_img_hidden=\"no\" tablet_bg_img_hidden=\"no\" woodmart_parallax=\"0\" woodmart_box_shadow=\"no\" mobile_reset_margin=\"no\" tablet_reset_margin=\"no\" wd_z_index=\"no\" responsive_spacing=\"eyJwYXJhbV90eXBlIjoid29vZG1hcnRfcmVzcG9uc2l2ZV9zcGFjaW5nIiwic2VsZWN0b3JfaWQiOiI2MWZhYTgwMmNlZDk5Iiwic2hvcnRjb2RlIjoidmNfY29sdW1uIiwiZGF0YSI6eyJ0YWJsZXQiOnt9LCJtb2JpbGUiOnt9fX0=\"][vc_column_text text_larger=\"no\"][\/vc_column_text][vc_column_text css=\"\" text_larger=\"no\" woodmart_inline=\"no\"] Vi uppskattar v\u00e5ra affiliates och ambassad\u00f6rer, och vi g\u00f6r v\u00e5rt b\u00e4sta f\u00f6r att uppmuntra dig att bygga upp din verksamhet med oss.\u2026","rel":"","context":"Liknande inl\u00e4gg","block_context":{"text":"Liknande inl\u00e4gg","link":""},"img":{"alt_text":"","src":"","width":0,"height":0},"classes":[]},{"id":8163,"url":"https:\/\/medilution.com\/sv\/cbd-prenumerationer\/","url_meta":{"origin":8525,"position":4},"title":"CBD Prenumerationer","author":"Johan","date":"06\/10\/2021","format":false,"excerpt":"[vc_row full_width=\"stretch_row\" el_class=\"opacity-video-bg\" css=\".vc_custom_1705058317310{margin-top: -100px !important;margin-bottom: 8vh !important;padding-top: 32vh !important;padding-bottom: 25vh !important;background-image: url(https:\/\/cbdmedilution.com\/wp-content\/uploads\/2021\/05\/yoga-girl-YL3N7FQ.jpg?id=7486) !important;background-position: center !important;background-repeat: no-repeat !important;background-size: cover !important;}\" mobile_bg_img_hidden=\"no\" tablet_bg_img_hidden=\"no\" woodmart_parallax=\"0\" woodmart_gradient_switch=\"no\" row_reverse_mobile=\"0\" row_reverse_tablet=\"0\" woodmart_disable_overflow=\"0\" woodmart_css_id=\"65a11fdc37fdc\" responsive_spacing=\"eyJwYXJhbV90eXBlIjoid29vZG1hcnRfcmVzcG9uc2l2ZV9zcGFjaW5nIiwic2VsZWN0b3JfaWQiOiI2NWExMWZkYzM3ZmRjIiwic2hvcnRjb2RlIjoidmNfcm93IiwiZGF0YSI6eyJ0YWJsZXQiOnt9LCJtb2JpbGUiOnt9fX0=\" woodmart_box_shadow=\"no\" wd_z_index=\"no\"][vc_column css=\".vc_custom_1499517305703{padding-top: 0px !important;}\" el_class=\"text-center\"][vc_custom_heading text=\"\" font_container=\"tag:h5|font_size:16|text_align:center|color:rgba(0%2C0%2C0%2C0.8)\" use_theme_fonts=\"yes\" css=\".vc_custom_1690880270549{margin-bottom: 10px !important;}\" el_class=\"visible-lg\"][\/vc_column][\/vc_row][vc_row css=\".vc_custom_1499600383384{margin-bottom: 8vh !important;}\"][vc_column offset=\"vc_col-lg-offset-2 vc_col-lg-8 vc_col-md-offset-2 vc_col-md-8 vc_col-sm-offset-0\"\u2026","rel":"","context":"Liknande inl\u00e4gg","block_context":{"text":"Liknande inl\u00e4gg","link":""},"img":{"alt_text":"","src":"","width":0,"height":0},"classes":[]},{"id":8142,"url":"https:\/\/medilution.com\/sv\/cbd-oljedroppar\/","url_meta":{"origin":8525,"position":5},"title":"CBD Olja","author":"medilutionadmin","date":"19\/05\/2021","format":false,"excerpt":"[vc_row full_width=\"stretch_row\" el_class=\"opacity-video-bg\" css=\".vc_custom_1721998185845{margin-top: -60px !important;margin-bottom: 8vh !important;padding-top: 20vh !important;padding-bottom: 20vh !important;background-image: url(https:\/\/cbdmedilution.com\/wp-content\/uploads\/2021\/05\/ladywithcbd-1.jpg?id=7578) !important;background-position: center !important;background-repeat: no-repeat !important;background-size: cover !important;}\" mobile_bg_img_hidden=\"no\" tablet_bg_img_hidden=\"no\" woodmart_parallax=\"0\" woodmart_gradient_switch=\"no\" row_reverse_mobile=\"0\" row_reverse_tablet=\"0\" woodmart_disable_overflow=\"0\" woodmart_css_id=\"66a39b598f145\" responsive_spacing=\"eyJwYXJhbV90eXBlIjoid29vZG1hcnRfcmVzcG9uc2l2ZV9zcGFjaW5nIiwic2VsZWN0b3JfaWQiOiI2NmEzOWI1OThmMTQ1Iiwic2hvcnRjb2RlIjoidmNfcm93IiwiZGF0YSI6eyJ0YWJsZXQiOnt9LCJtb2JpbGUiOnt9fX0=\" woodmart_box_shadow=\"no\" wd_z_index=\"no\"][vc_column css=\".vc_custom_1499517305703{padding-top: 0px !important;}\" el_class=\"text-center\"][vc_custom_heading text=\"CBD OLJA\" font_container=\"tag:h5|font_size:16|text_align:left|color:rgba(255%2C255%2C255%2C0.8)\" use_theme_fonts=\"yes\" css=\".vc_custom_1721998336312{margin-bottom: 10px !important;}\" el_class=\"visible-lg\"][\/vc_column][\/vc_row][vc_row css=\".vc_custom_1499600383384{margin-bottom: 8vh !important;}\"][vc_column offset=\"vc_col-lg-offset-2 vc_col-lg-8 vc_col-md-offset-2 vc_col-md-8\u2026","rel":"","context":"Liknande inl\u00e4gg","block_context":{"text":"Liknande inl\u00e4gg","link":""},"img":{"alt_text":"","src":"","width":0,"height":0},"classes":[]}],"jetpack_sharing_enabled":true,"_links":{"self":[{"href":"https:\/\/medilution.com\/sv\/wp-json\/wp\/v2\/pages\/8525","targetHints":{"allow":["GET"]}}],"collection":[{"href":"https:\/\/medilution.com\/sv\/wp-json\/wp\/v2\/pages"}],"about":[{"href":"https:\/\/medilution.com\/sv\/wp-json\/wp\/v2\/types\/page"}],"author":[{"embeddable":true,"href":"https:\/\/medilution.com\/sv\/wp-json\/wp\/v2\/users\/1"}],"replies":[{"embeddable":true,"href":"https:\/\/medilution.com\/sv\/wp-json\/wp\/v2\/comments?post=8525"}],"version-history":[{"count":26,"href":"https:\/\/medilution.com\/sv\/wp-json\/wp\/v2\/pages\/8525\/revisions"}],"predecessor-version":[{"id":11531,"href":"https:\/\/medilution.com\/sv\/wp-json\/wp\/v2\/pages\/8525\/revisions\/11531"}],"wp:attachment":[{"href":"https:\/\/medilution.com\/sv\/wp-json\/wp\/v2\/media?parent=8525"}],"curies":[{"name":"wp","href":"https:\/\/api.w.org\/{rel}","templated":true}]}}