{"id":8249,"date":"2021-08-13T13:19:39","date_gmt":"2021-08-13T11:19:39","guid":{"rendered":"https:\/\/medilution.com\/information\/cbd-friskrivningsklausul\/"},"modified":"2023-08-01T11:20:56","modified_gmt":"2023-08-01T09:20:56","slug":"cbd-friskrivningsklausul","status":"publish","type":"page","link":"https:\/\/medilution.com\/sv\/cbd-friskrivningsklausul\/","title":{"rendered":"CBD Friskrivningsklausul"},"content":{"rendered":"<div class=\"wpb-content-wrapper\"><p>[vc_row mobile_bg_img_hidden=&#8221;no&#8221; tablet_bg_img_hidden=&#8221;no&#8221; woodmart_parallax=&#8221;0&#8243; woodmart_gradient_switch=&#8221;no&#8221; row_reverse_mobile=&#8221;0&#8243; row_reverse_tablet=&#8221;0&#8243; woodmart_disable_overflow=&#8221;0&#8243;][vc_column width=&#8221;1\/6&#8243;][\/vc_column][vc_column width=&#8221;2\/3&#8243;][vc_column_text text_larger=&#8221;no&#8221; woodmart_inline=&#8221;no&#8221;]<\/p>\n<h4>Cannabidiol (CBD) \u00e4r en naturlig best\u00e5ndsdel i hampa och \u00e4r ett kosttillskott.<\/h4>\n<h4>V\u00e5ra produkter \u00e4r inte avsedda att diagnostisera, behandla, bota eller f\u00f6rebygga n\u00e5gon sjukdom. L\u00e4nkar fr\u00e5n denna webbplats till andra webbplatser utg\u00f6r inte ett st\u00f6d, varken h\u00e4rledd eller p\u00e5 annat s\u00e4tt, av dessa webbplatser eller inneh\u00e5llet d\u00e4ri, och de f\u00f6resl\u00e5r inte heller n\u00e5got st\u00f6d f\u00f6r v\u00e5r webbplats av den externa webbplatsen eller dess f\u00f6rfattare. De tillhandah\u00e5lls helt enkelt som information som kan vara av intresse f\u00f6r v\u00e5ra bes\u00f6kare om inte annat uttryckligen anges.<\/h4>\n<h4>Alla produkter som annonseras h\u00e4r av Medilution \u00e4r inte i n\u00e5gon form annonserade f\u00f6r f\u00f6rs\u00e4ljning som l\u00e4kemedel. Vi \u00e4r inte l\u00e4kare, s\u00e5 av juridiska sk\u00e4l kan vi inte ge r\u00e5d om CBD eller n\u00e5got s\u00e4rskilt tillst\u00e5nd.<\/h4>\n<h4>Det \u00e4r av denna anledning som vi r\u00e5der alla kunder att unders\u00f6ka CBD och alltid r\u00e5dfr\u00e5ga sina h\u00e4lsor\u00e5dgivare och l\u00e4kare innan de anv\u00e4nder n\u00e5gon av dessa produkter.<\/h4>\n<h4>Det \u00e4r kundens ansvar att f\u00f6lja lokal lagstiftning.<\/h4>\n<p>[\/vc_column_text][\/vc_column][vc_column width=&#8221;1\/6&#8243;][\/vc_column][\/vc_row]<\/p>\n<\/div>","protected":false},"excerpt":{"rendered":"<p>[vc_row mobile_bg_img_hidden=&#8221;no&#8221; tablet_bg_img_hidden=&#8221;no&#8221; woodmart_parallax=&#8221;0&#8243; woodmart_gradient_switch=&#8221;no&#8221; row_reverse_mobile=&#8221;0&#8243; row_reverse_tablet=&#8221;0&#8243; woodmart_disable_overflow=&#8221;0&#8243;][vc_column width=&#8221;1\/6&#8243;][\/vc_column][vc_column width=&#8221;2\/3&#8243;][vc_column_text text_larger=&#8221;no&#8221; woodmart_inline=&#8221;no&#8221;] Cannabidiol (CBD) \u00e4r en naturlig best\u00e5ndsdel i hampa<\/p>\n","protected":false},"author":2,"featured_media":0,"parent":0,"menu_order":0,"comment_status":"closed","ping_status":"closed","template":"","meta":{"footnotes":""},"class_list":["post-8249","page","type-page","status-publish","hentry"],"yoast_head":"<!-- This site is optimized with the Yoast SEO plugin v27.4 - https:\/\/yoast.com\/product\/yoast-seo-wordpress\/ -->\n<title>CBD Friskrivningsklausul - Medilution<\/title>\n<meta name=\"robots\" content=\"index, follow, max-snippet:-1, max-image-preview:large, max-video-preview:-1\" \/>\n<link rel=\"canonical\" href=\"https:\/\/medilution.com\/sv\/cbd-friskrivningsklausul\/\" \/>\n<meta property=\"og:locale\" content=\"sv_SE\" \/>\n<meta property=\"og:type\" content=\"article\" \/>\n<meta property=\"og:title\" content=\"CBD Friskrivningsklausul - Medilution\" \/>\n<meta property=\"og:description\" content=\"[vc_row mobile_bg_img_hidden=&#8221;no&#8221; tablet_bg_img_hidden=&#8221;no&#8221; woodmart_parallax=&#8221;0&#8243; woodmart_gradient_switch=&#8221;no&#8221; row_reverse_mobile=&#8221;0&#8243; row_reverse_tablet=&#8221;0&#8243; woodmart_disable_overflow=&#8221;0&#8243;][vc_column width=&#8221;1\/6&#8243;][\/vc_column][vc_column width=&#8221;2\/3&#8243;][vc_column_text text_larger=&#8221;no&#8221; woodmart_inline=&#8221;no&#8221;] Cannabidiol (CBD) \u00e4r en naturlig best\u00e5ndsdel i hampa\" \/>\n<meta property=\"og:url\" content=\"https:\/\/medilution.com\/sv\/cbd-friskrivningsklausul\/\" \/>\n<meta property=\"og:site_name\" content=\"Medilution\" \/>\n<meta property=\"article:modified_time\" content=\"2023-08-01T09:20:56+00:00\" \/>\n<meta name=\"twitter:card\" content=\"summary_large_image\" \/>\n<meta name=\"twitter:label1\" content=\"Ber\u00e4knad l\u00e4stid\" \/>\n\t<meta name=\"twitter:data1\" content=\"1 minut\" \/>\n<script type=\"application\/ld+json\" class=\"yoast-schema-graph\">{\"@context\":\"https:\\\/\\\/schema.org\",\"@graph\":[{\"@type\":\"WebPage\",\"@id\":\"https:\\\/\\\/medilution.com\\\/sv\\\/cbd-friskrivningsklausul\\\/\",\"url\":\"https:\\\/\\\/medilution.com\\\/sv\\\/cbd-friskrivningsklausul\\\/\",\"name\":\"CBD Friskrivningsklausul - Medilution\",\"isPartOf\":{\"@id\":\"https:\\\/\\\/medilution.com\\\/sv\\\/#website\"},\"datePublished\":\"2021-08-13T11:19:39+00:00\",\"dateModified\":\"2023-08-01T09:20:56+00:00\",\"breadcrumb\":{\"@id\":\"https:\\\/\\\/medilution.com\\\/sv\\\/cbd-friskrivningsklausul\\\/#breadcrumb\"},\"inLanguage\":\"sv-SE\",\"potentialAction\":[{\"@type\":\"ReadAction\",\"target\":[\"https:\\\/\\\/medilution.com\\\/sv\\\/cbd-friskrivningsklausul\\\/\"]}]},{\"@type\":\"BreadcrumbList\",\"@id\":\"https:\\\/\\\/medilution.com\\\/sv\\\/cbd-friskrivningsklausul\\\/#breadcrumb\",\"itemListElement\":[{\"@type\":\"ListItem\",\"position\":1,\"name\":\"Home\",\"item\":\"https:\\\/\\\/medilution.com\\\/sv\\\/\"},{\"@type\":\"ListItem\",\"position\":2,\"name\":\"CBD Friskrivningsklausul\"}]},{\"@type\":\"WebSite\",\"@id\":\"https:\\\/\\\/medilution.com\\\/sv\\\/#website\",\"url\":\"https:\\\/\\\/medilution.com\\\/sv\\\/\",\"name\":\"Medilution\",\"description\":\"Unlock Wellness with CBD and Lion\u2019s Mane Excellence\",\"publisher\":{\"@id\":\"https:\\\/\\\/medilution.com\\\/sv\\\/#organization\"},\"potentialAction\":[{\"@type\":\"SearchAction\",\"target\":{\"@type\":\"EntryPoint\",\"urlTemplate\":\"https:\\\/\\\/medilution.com\\\/sv\\\/?s={search_term_string}\"},\"query-input\":{\"@type\":\"PropertyValueSpecification\",\"valueRequired\":true,\"valueName\":\"search_term_string\"}}],\"inLanguage\":\"sv-SE\"},{\"@type\":\"Organization\",\"@id\":\"https:\\\/\\\/medilution.com\\\/sv\\\/#organization\",\"name\":\"Medilution\",\"url\":\"https:\\\/\\\/medilution.com\\\/sv\\\/\",\"logo\":{\"@type\":\"ImageObject\",\"inLanguage\":\"sv-SE\",\"@id\":\"https:\\\/\\\/medilution.com\\\/sv\\\/#\\\/schema\\\/logo\\\/image\\\/\",\"url\":\"https:\\\/\\\/medilution.com\\\/wp-content\\\/uploads\\\/2021\\\/04\\\/medilution-logo-web.png\",\"contentUrl\":\"https:\\\/\\\/medilution.com\\\/wp-content\\\/uploads\\\/2021\\\/04\\\/medilution-logo-web.png\",\"width\":400,\"height\":460,\"caption\":\"Medilution\"},\"image\":{\"@id\":\"https:\\\/\\\/medilution.com\\\/sv\\\/#\\\/schema\\\/logo\\\/image\\\/\"},\"sameAs\":[\"https:\\\/\\\/www.instagram.com\\\/medilution\\\/\"]}]}<\/script>\n<!-- \/ Yoast SEO plugin. -->","yoast_head_json":{"title":"CBD Friskrivningsklausul - Medilution","robots":{"index":"index","follow":"follow","max-snippet":"max-snippet:-1","max-image-preview":"max-image-preview:large","max-video-preview":"max-video-preview:-1"},"canonical":"https:\/\/medilution.com\/sv\/cbd-friskrivningsklausul\/","og_locale":"sv_SE","og_type":"article","og_title":"CBD Friskrivningsklausul - Medilution","og_description":"[vc_row mobile_bg_img_hidden=&#8221;no&#8221; tablet_bg_img_hidden=&#8221;no&#8221; woodmart_parallax=&#8221;0&#8243; woodmart_gradient_switch=&#8221;no&#8221; row_reverse_mobile=&#8221;0&#8243; row_reverse_tablet=&#8221;0&#8243; woodmart_disable_overflow=&#8221;0&#8243;][vc_column width=&#8221;1\/6&#8243;][\/vc_column][vc_column width=&#8221;2\/3&#8243;][vc_column_text text_larger=&#8221;no&#8221; woodmart_inline=&#8221;no&#8221;] Cannabidiol (CBD) \u00e4r en naturlig best\u00e5ndsdel i hampa","og_url":"https:\/\/medilution.com\/sv\/cbd-friskrivningsklausul\/","og_site_name":"Medilution","article_modified_time":"2023-08-01T09:20:56+00:00","twitter_card":"summary_large_image","twitter_misc":{"Ber\u00e4knad l\u00e4stid":"1 minut"},"schema":{"@context":"https:\/\/schema.org","@graph":[{"@type":"WebPage","@id":"https:\/\/medilution.com\/sv\/cbd-friskrivningsklausul\/","url":"https:\/\/medilution.com\/sv\/cbd-friskrivningsklausul\/","name":"CBD Friskrivningsklausul - Medilution","isPartOf":{"@id":"https:\/\/medilution.com\/sv\/#website"},"datePublished":"2021-08-13T11:19:39+00:00","dateModified":"2023-08-01T09:20:56+00:00","breadcrumb":{"@id":"https:\/\/medilution.com\/sv\/cbd-friskrivningsklausul\/#breadcrumb"},"inLanguage":"sv-SE","potentialAction":[{"@type":"ReadAction","target":["https:\/\/medilution.com\/sv\/cbd-friskrivningsklausul\/"]}]},{"@type":"BreadcrumbList","@id":"https:\/\/medilution.com\/sv\/cbd-friskrivningsklausul\/#breadcrumb","itemListElement":[{"@type":"ListItem","position":1,"name":"Home","item":"https:\/\/medilution.com\/sv\/"},{"@type":"ListItem","position":2,"name":"CBD Friskrivningsklausul"}]},{"@type":"WebSite","@id":"https:\/\/medilution.com\/sv\/#website","url":"https:\/\/medilution.com\/sv\/","name":"Medilution","description":"Unlock Wellness with CBD and Lion\u2019s Mane Excellence","publisher":{"@id":"https:\/\/medilution.com\/sv\/#organization"},"potentialAction":[{"@type":"SearchAction","target":{"@type":"EntryPoint","urlTemplate":"https:\/\/medilution.com\/sv\/?s={search_term_string}"},"query-input":{"@type":"PropertyValueSpecification","valueRequired":true,"valueName":"search_term_string"}}],"inLanguage":"sv-SE"},{"@type":"Organization","@id":"https:\/\/medilution.com\/sv\/#organization","name":"Medilution","url":"https:\/\/medilution.com\/sv\/","logo":{"@type":"ImageObject","inLanguage":"sv-SE","@id":"https:\/\/medilution.com\/sv\/#\/schema\/logo\/image\/","url":"https:\/\/medilution.com\/wp-content\/uploads\/2021\/04\/medilution-logo-web.png","contentUrl":"https:\/\/medilution.com\/wp-content\/uploads\/2021\/04\/medilution-logo-web.png","width":400,"height":460,"caption":"Medilution"},"image":{"@id":"https:\/\/medilution.com\/sv\/#\/schema\/logo\/image\/"},"sameAs":["https:\/\/www.instagram.com\/medilution\/"]}]}},"jetpack-related-posts":[{"id":8129,"url":"https:\/\/medilution.com\/sv\/allmanna-villkor\/","url_meta":{"origin":8249,"position":0},"title":"Allm\u00e4nna Villkor","author":"medilutionadmin","date":"19\/05\/2021","format":false,"excerpt":"VILLKOR Senast uppdaterad 5 november 2021 BINDANDE VILLKOR Dessa allm\u00e4nna villkor p\u00e5 engelska utg\u00f6r ett juridiskt bindande avtal som ing\u00e5tts mellan dig, antingen personligen eller p\u00e5 uppdrag av en enhet (\"du\") och Medilution BV (\"Company\", \"vi\", \"oss\" eller \"v\u00e5r\"), ang\u00e5ende din \u00e5tkomst till och anv\u00e4ndning av webbplatsen medilution.com samt alla\u2026","rel":"","context":"Liknande inl\u00e4gg","block_context":{"text":"Liknande inl\u00e4gg","link":""},"img":{"alt_text":"","src":"","width":0,"height":0},"classes":[]},{"id":8243,"url":"https:\/\/medilution.com\/sv\/affiliate-ambassador-agreement\/","url_meta":{"origin":8249,"position":1},"title":"Affiliate &amp; Ambassador Agreement","author":"medilutionadmin","date":"30\/07\/2021","format":false,"excerpt":"[vc_row css=\".vc_custom_1499600383384{margin-bottom: 8vh !important;}\"][vc_column offset=\"vc_col-lg-offset-2 vc_col-lg-8 vc_col-md-offset-2 vc_col-md-8 vc_col-sm-offset-0\" css=\".vc_custom_1643816985128{padding-top: 0px !important;}\" woodmart_css_id=\"61faa802ced99\" parallax_scroll=\"no\" woodmart_sticky_column=\"false\" wd_collapsible_content_switcher=\"no\" mobile_bg_img_hidden=\"no\" tablet_bg_img_hidden=\"no\" woodmart_parallax=\"0\" woodmart_box_shadow=\"no\" mobile_reset_margin=\"no\" tablet_reset_margin=\"no\" wd_z_index=\"no\" responsive_spacing=\"eyJwYXJhbV90eXBlIjoid29vZG1hcnRfcmVzcG9uc2l2ZV9zcGFjaW5nIiwic2VsZWN0b3JfaWQiOiI2MWZhYTgwMmNlZDk5Iiwic2hvcnRjb2RlIjoidmNfY29sdW1uIiwiZGF0YSI6eyJ0YWJsZXQiOnt9LCJtb2JpbGUiOnt9fX0=\"][vc_column_text text_larger=\"no\"][\/vc_column_text][vc_column_text css=\"\" text_larger=\"no\" woodmart_inline=\"no\"] Vi uppskattar v\u00e5ra affiliates och ambassad\u00f6rer, och vi g\u00f6r v\u00e5rt b\u00e4sta f\u00f6r att uppmuntra dig att bygga upp din verksamhet med oss.\u2026","rel":"","context":"Liknande inl\u00e4gg","block_context":{"text":"Liknande inl\u00e4gg","link":""},"img":{"alt_text":"","src":"","width":0,"height":0},"classes":[]},{"id":8826,"url":"https:\/\/medilution.com\/sv\/integritetspolicy\/","url_meta":{"origin":8249,"position":2},"title":"Integritetspolicy","author":"medilutionadmin","date":"12\/04\/2021","format":false,"excerpt":"[vc_row mobile_bg_img_hidden=\"no\" tablet_bg_img_hidden=\"no\" woodmart_parallax=\"0\" woodmart_gradient_switch=\"no\" row_reverse_mobile=\"0\" row_reverse_tablet=\"0\" woodmart_disable_overflow=\"0\"][vc_column][vc_column_text woodmart_inline=\"no\" text_larger=\"no\"] Tack f\u00f6r att du v\u00e4ljer att vara en del av v\u00e5r gemenskap p\u00e5 Medilution B.V. (\"F\u00f6retaget\", \"vi\", \"oss\" eller \"v\u00e5r\"). Vi \u00e4r fast beslutna att skydda din personliga information och din r\u00e4tt till integritet. Om du har n\u00e5gra fr\u00e5gor eller\u2026","rel":"","context":"Liknande inl\u00e4gg","block_context":{"text":"Liknande inl\u00e4gg","link":""},"img":{"alt_text":"","src":"","width":0,"height":0},"classes":[]},{"id":8236,"url":"https:\/\/medilution.com\/sv\/policy-for-cookies\/","url_meta":{"origin":8249,"position":3},"title":"Policy f\u00f6r cookies","author":"medilutionadmin","date":"19\/05\/2021","format":false,"excerpt":"[vc_row mobile_bg_img_hidden=\"no\" tablet_bg_img_hidden=\"no\" woodmart_parallax=\"0\" woodmart_gradient_switch=\"no\" row_reverse_mobile=\"0\" row_reverse_tablet=\"0\" woodmart_disable_overflow=\"0\"][vc_column width=\"1\/6\"][\/vc_column][vc_column width=\"2\/3\"][vc_column_text text_larger=\"no\" woodmart_inline=\"no\"]N\u00e4r du g\u00e5r in p\u00e5 v\u00e5r webbplats anv\u00e4nder vi cookies som lagras i din webbl\u00e4sare. Vissa cookies som anv\u00e4nds p\u00e5 webbplatsen samlar in information om bes\u00f6karnas anv\u00e4ndning av webbplatsen, t.ex. vilka sidor som oftast bes\u00f6ks eller om ett felmeddelande\u2026","rel":"","context":"Liknande inl\u00e4gg","block_context":{"text":"Liknande inl\u00e4gg","link":""},"img":{"alt_text":"","src":"","width":0,"height":0},"classes":[]},{"id":8142,"url":"https:\/\/medilution.com\/sv\/cbd-oljedroppar\/","url_meta":{"origin":8249,"position":4},"title":"CBD Olja","author":"medilutionadmin","date":"19\/05\/2021","format":false,"excerpt":"[vc_row full_width=\"stretch_row\" el_class=\"opacity-video-bg\" css=\".vc_custom_1721998185845{margin-top: -60px !important;margin-bottom: 8vh !important;padding-top: 20vh !important;padding-bottom: 20vh !important;background-image: url(https:\/\/cbdmedilution.com\/wp-content\/uploads\/2021\/05\/ladywithcbd-1.jpg?id=7578) !important;background-position: center !important;background-repeat: no-repeat !important;background-size: cover !important;}\" mobile_bg_img_hidden=\"no\" tablet_bg_img_hidden=\"no\" woodmart_parallax=\"0\" woodmart_gradient_switch=\"no\" row_reverse_mobile=\"0\" row_reverse_tablet=\"0\" woodmart_disable_overflow=\"0\" woodmart_css_id=\"66a39b598f145\" responsive_spacing=\"eyJwYXJhbV90eXBlIjoid29vZG1hcnRfcmVzcG9uc2l2ZV9zcGFjaW5nIiwic2VsZWN0b3JfaWQiOiI2NmEzOWI1OThmMTQ1Iiwic2hvcnRjb2RlIjoidmNfcm93IiwiZGF0YSI6eyJ0YWJsZXQiOnt9LCJtb2JpbGUiOnt9fX0=\" woodmart_box_shadow=\"no\" wd_z_index=\"no\"][vc_column css=\".vc_custom_1499517305703{padding-top: 0px !important;}\" el_class=\"text-center\"][vc_custom_heading text=\"CBD OLJA\" font_container=\"tag:h5|font_size:16|text_align:left|color:rgba(255%2C255%2C255%2C0.8)\" use_theme_fonts=\"yes\" css=\".vc_custom_1721998336312{margin-bottom: 10px !important;}\" el_class=\"visible-lg\"][\/vc_column][\/vc_row][vc_row css=\".vc_custom_1499600383384{margin-bottom: 8vh !important;}\"][vc_column offset=\"vc_col-lg-offset-2 vc_col-lg-8 vc_col-md-offset-2 vc_col-md-8\u2026","rel":"","context":"Liknande inl\u00e4gg","block_context":{"text":"Liknande inl\u00e4gg","link":""},"img":{"alt_text":"","src":"","width":0,"height":0},"classes":[]},{"id":8136,"url":"https:\/\/medilution.com\/sv\/cbd-kramer-och-balsam\/","url_meta":{"origin":8249,"position":5},"title":"CBD Kr\u00e4mer och Balsam","author":"medilutionadmin","date":"19\/05\/2021","format":false,"excerpt":"[vc_row full_width=\"stretch_row\" el_class=\"opacity-video-bg\" css=\".vc_custom_1721998469376{margin-top: -60px !important;margin-bottom: 8vh !important;padding-top: 20vh !important;padding-bottom: 20vh !important;background-image: url(https:\/\/cbdmedilution.com\/wp-content\/uploads\/2023\/07\/Couple-Running-Longevity.png?id=10177) !important;background-position: center !important;background-repeat: no-repeat !important;background-size: cover !important;}\" mobile_bg_img_hidden=\"no\" tablet_bg_img_hidden=\"no\" woodmart_parallax=\"0\" woodmart_gradient_switch=\"no\" row_reverse_mobile=\"0\" row_reverse_tablet=\"0\" woodmart_disable_overflow=\"0\" woodmart_css_id=\"66a39c33be3a2\" responsive_spacing=\"eyJwYXJhbV90eXBlIjoid29vZG1hcnRfcmVzcG9uc2l2ZV9zcGFjaW5nIiwic2VsZWN0b3JfaWQiOiI2NmEzOWMzM2JlM2EyIiwic2hvcnRjb2RlIjoidmNfcm93IiwiZGF0YSI6eyJ0YWJsZXQiOnt9LCJtb2JpbGUiOnt9fX0=\" woodmart_box_shadow=\"no\" wd_z_index=\"no\"][vc_column css=\".vc_custom_1499517305703{padding-top: 0px !important;}\" el_class=\"text-center\"][vc_custom_heading text=\"CBD KR\u00c4MER & BALSAM\" font_container=\"tag:h5|font_size:16|text_align:right|color:rgba(255%2C255%2C255%2C0.8)\" use_theme_fonts=\"yes\" css=\".vc_custom_1690880851238{margin-bottom: 10px !important;}\" el_class=\"visible-lg\"][\/vc_column][\/vc_row][vc_row css=\".vc_custom_1499600383384{margin-bottom: 8vh !important;}\"][vc_column offset=\"vc_col-lg-offset-2 vc_col-lg-8\u2026","rel":"","context":"Liknande inl\u00e4gg","block_context":{"text":"Liknande inl\u00e4gg","link":""},"img":{"alt_text":"","src":"","width":0,"height":0},"classes":[]}],"jetpack_sharing_enabled":true,"_links":{"self":[{"href":"https:\/\/medilution.com\/sv\/wp-json\/wp\/v2\/pages\/8249","targetHints":{"allow":["GET"]}}],"collection":[{"href":"https:\/\/medilution.com\/sv\/wp-json\/wp\/v2\/pages"}],"about":[{"href":"https:\/\/medilution.com\/sv\/wp-json\/wp\/v2\/types\/page"}],"author":[{"embeddable":true,"href":"https:\/\/medilution.com\/sv\/wp-json\/wp\/v2\/users\/2"}],"replies":[{"embeddable":true,"href":"https:\/\/medilution.com\/sv\/wp-json\/wp\/v2\/comments?post=8249"}],"version-history":[{"count":11,"href":"https:\/\/medilution.com\/sv\/wp-json\/wp\/v2\/pages\/8249\/revisions"}],"predecessor-version":[{"id":10356,"href":"https:\/\/medilution.com\/sv\/wp-json\/wp\/v2\/pages\/8249\/revisions\/10356"}],"wp:attachment":[{"href":"https:\/\/medilution.com\/sv\/wp-json\/wp\/v2\/media?parent=8249"}],"curies":[{"name":"wp","href":"https:\/\/api.w.org\/{rel}","templated":true}]}}