{"id":8236,"date":"2021-05-19T21:51:12","date_gmt":"2021-05-19T19:51:12","guid":{"rendered":"https:\/\/medilution.com\/information\/cookiespolicy\/"},"modified":"2022-02-10T15:57:07","modified_gmt":"2022-02-10T14:57:07","slug":"policy-for-cookies","status":"publish","type":"page","link":"https:\/\/medilution.com\/sv\/policy-for-cookies\/","title":{"rendered":"Policy f\u00f6r cookies"},"content":{"rendered":"<div class=\"wpb-content-wrapper\"><p>[vc_row mobile_bg_img_hidden=&#8221;no&#8221; tablet_bg_img_hidden=&#8221;no&#8221; woodmart_parallax=&#8221;0&#8243; woodmart_gradient_switch=&#8221;no&#8221; row_reverse_mobile=&#8221;0&#8243; row_reverse_tablet=&#8221;0&#8243; woodmart_disable_overflow=&#8221;0&#8243;][vc_column width=&#8221;1\/6&#8243;][\/vc_column][vc_column width=&#8221;2\/3&#8243;][vc_column_text text_larger=&#8221;no&#8221; woodmart_inline=&#8221;no&#8221;]<strong>N\u00e4r du g\u00e5r in p\u00e5 v\u00e5r webbplats anv\u00e4nder vi cookies som lagras i din webbl\u00e4sare.<\/strong><\/p>\n<p>Vissa cookies som anv\u00e4nds p\u00e5 webbplatsen samlar in information om bes\u00f6karnas anv\u00e4ndning av webbplatsen, t.ex. vilka sidor som oftast bes\u00f6ks eller om ett felmeddelande skickas. Denna typ av cookies samlar inte in information som g\u00f6r att en bes\u00f6kare kan identifieras. All insamlad information \u00e4r aggregerad och d\u00e4rf\u00f6r anonym och anv\u00e4nds endast f\u00f6r att f\u00f6rb\u00e4ttra webbplatsens funktionalitet.<\/p>\n<p>Andra cookies som anv\u00e4nds p\u00e5 webbplatsen ger oss m\u00f6jlighet att lagra de val en bes\u00f6kare har gjort p\u00e5 webbplatsen, t.ex. spr\u00e5k, region eller anv\u00e4ndarnamn. Detta g\u00f6r det m\u00f6jligt f\u00f6r oss att f\u00f6rb\u00e4ttra personliga egenskaper. Denna typ av cookies kan \u00e4ven anv\u00e4ndas f\u00f6r att lagra \u00e4ndringar som g\u00f6rs p\u00e5 delar av webbplatsen, som kan anpassas. All information fr\u00e5n dessa cookies \u00e4r anonym, och vi sp\u00e5rar inte surfaktiviteter p\u00e5 andra webbplatser.<\/p>\n<p>N\u00e4r du anv\u00e4nder v\u00e5r webbplats, v\u00e4nligen notera att det kan finnas cookies fr\u00e5n tredje parts tj\u00e4nsteleverant\u00f6rer som utf\u00f6r n\u00e5gra av de ovan n\u00e4mnda funktionerna eller andra tj\u00e4nster \u00e5t oss. Cookies anv\u00e4nds p\u00e5 denna webbplats f\u00f6r tredjepartstj\u00e4nsterna Google Analytics och Facebook Advertisement, f\u00f6r att f\u00f6rb\u00e4ttra din \u00f6vergripande anv\u00e4ndarupplevelse p\u00e5 webbplatsen. Vissa av dessa tj\u00e4nster kan anv\u00e4ndas f\u00f6r att sp\u00e5ra ditt beteende p\u00e5 andra webbplatser, men vi har ingen kontroll \u00f6ver detta faktum. Observera ocks\u00e5 att om du g\u00e5r in p\u00e5 v\u00e5r webbplats fr\u00e5n en annan webbplats, \u00e4r det m\u00f6jligt att den andra webbplatsen anv\u00e4nder cookies f\u00f6r att ta reda p\u00e5 ditt bes\u00f6k p\u00e5 v\u00e5r webbplats.<\/p>\n<p>Som \u00e4r sant f\u00f6r de flesta webbplatser kommer v\u00e5r server automatiskt att logga data om varje bes\u00f6k p\u00e5 webbplatsen, t.ex. IP-adress, webbl\u00e4sartyp, h\u00e4nvisnings-\/utg\u00e5ngssidor och operativsystem. Vi kan anv\u00e4nda denna information f\u00f6r att \u00f6vervaka serverfel, serveradministration eller f\u00f6r att \u00f6vervaka bes\u00f6karnas beteende p\u00e5 webbplatsen. Det \u00e4r inte m\u00f6jligt att inaktivera detta per anv\u00e4ndare, s\u00e5 du m\u00e5ste l\u00e4mna webbplatsen om du mots\u00e4tter dig denna lagring.<\/p>\n<p>Enligt den allm\u00e4nna dataskyddsf\u00f6rordningen klassificeras din IP-adress som personlig information och vi m\u00e5ste d\u00e4rf\u00f6r informera dig om den r\u00e4ttsliga grunden och syftet med behandlingen. Du hittar denna information i v\u00e5r <span style=\"color: #136e81;\"><strong><a style=\"color: #136e81;\" href=\"https:\/\/medilution.com\/sv\/?page_id=8122\">integritetspolicy<\/a><\/strong><\/span> .<\/p>\n<p><strong>Inaktivera cookies<\/strong><\/p>\n<p>Du kan \u00e4ndra dina webbl\u00e4sarinst\u00e4llningar f\u00f6r att f\u00f6rhindra att cookies lagras p\u00e5 din enhet. Genom att inaktivera cookies, eller en viss typ av cookies, kan du dock hindra din anv\u00e4ndarupplevelse p\u00e5 v\u00e5r webbplats, eller hindra dem fr\u00e5n att fungera korrekt i sin helhet. Vissa cookies som anv\u00e4nds p\u00e5 webbplatsen \u00e4r n\u00f6dv\u00e4ndiga f\u00f6r att du ska f\u00e5 tillg\u00e5ng till och anv\u00e4nda funktionerna som finns tillg\u00e4ngliga, s\u00e5som \u00e5tkomst till s\u00e4kra omr\u00e5den p\u00e5 webbplatsen. Utan dessa cookies kan tj\u00e4nster du har bett om inte tillhandah\u00e5llas.<\/p>\n<p>Du kan inaktivera cookies genom att f\u00f6lja n\u00e5gon av dessa guider, beroende p\u00e5 din webbl\u00e4sare:<\/p>\n<ul>\n<li><strong><span style=\"color: #136e81;\"><a style=\"color: #136e81;\" href=\"https:\/\/support.google.com\/chrome\/answer\/95647?hl=en\" target=\"_blank\" rel=\"noopener\">Google Chrome<\/a><\/span><\/strong><\/li>\n<li><span style=\"color: #136e81;\"><strong><a style=\"color: #136e81;\" href=\"https:\/\/support.apple.com\/en-gb\/HT201265\">Safari p\u00e5 din mobila enhet<\/a><\/strong><\/span><\/li>\n<li><span style=\"color: #136e81;\"><strong><a style=\"color: #136e81;\" href=\"https:\/\/support.apple.com\/en-gb\/guide\/safari\/sfri11471\/mac\">Safari p\u00e5 din Mac<\/a><\/strong><\/span><\/li>\n<li><a href=\"https:\/\/support.mozilla.org\/en-US\/kb\/clear-cookies-and-site-data-firefox\"><span style=\"color: #136e81;\"><strong>Mozilla Firefox<\/strong><\/span><\/a><\/li>\n<li><span style=\"color: #136e81;\"><strong><a style=\"color: #136e81;\" href=\"https:\/\/support.microsoft.com\/en-us\/help\/17442\/windows-internet-explorer-delete-manage-cookies\">Internet Explorer<\/a><\/strong><\/span><\/li>\n<\/ul>\n<p>[\/vc_column_text][\/vc_column][vc_column width=&#8221;1\/6&#8243;][\/vc_column][\/vc_row]<\/p>\n<\/div>","protected":false},"excerpt":{"rendered":"<p>[vc_row mobile_bg_img_hidden=&#8221;no&#8221; tablet_bg_img_hidden=&#8221;no&#8221; woodmart_parallax=&#8221;0&#8243; woodmart_gradient_switch=&#8221;no&#8221; row_reverse_mobile=&#8221;0&#8243; row_reverse_tablet=&#8221;0&#8243; woodmart_disable_overflow=&#8221;0&#8243;][vc_column width=&#8221;1\/6&#8243;][\/vc_column][vc_column width=&#8221;2\/3&#8243;][vc_column_text text_larger=&#8221;no&#8221; woodmart_inline=&#8221;no&#8221;]N\u00e4r du g\u00e5r in p\u00e5 v\u00e5r webbplats anv\u00e4nder vi<\/p>\n","protected":false},"author":1,"featured_media":0,"parent":0,"menu_order":0,"comment_status":"closed","ping_status":"closed","template":"","meta":{"footnotes":""},"class_list":["post-8236","page","type-page","status-publish","hentry"],"yoast_head":"<!-- This site is optimized with the Yoast SEO plugin v27.4 - https:\/\/yoast.com\/product\/yoast-seo-wordpress\/ -->\n<title>Policy f\u00f6r cookies - Medilution<\/title>\n<meta name=\"robots\" content=\"index, follow, max-snippet:-1, max-image-preview:large, max-video-preview:-1\" \/>\n<link rel=\"canonical\" href=\"https:\/\/medilution.com\/sv\/policy-for-cookies\/\" \/>\n<meta property=\"og:locale\" content=\"sv_SE\" \/>\n<meta property=\"og:type\" content=\"article\" \/>\n<meta property=\"og:title\" content=\"Policy f\u00f6r cookies - Medilution\" \/>\n<meta property=\"og:description\" content=\"[vc_row mobile_bg_img_hidden=&#8221;no&#8221; tablet_bg_img_hidden=&#8221;no&#8221; woodmart_parallax=&#8221;0&#8243; woodmart_gradient_switch=&#8221;no&#8221; row_reverse_mobile=&#8221;0&#8243; row_reverse_tablet=&#8221;0&#8243; woodmart_disable_overflow=&#8221;0&#8243;][vc_column width=&#8221;1\/6&#8243;][\/vc_column][vc_column width=&#8221;2\/3&#8243;][vc_column_text text_larger=&#8221;no&#8221; woodmart_inline=&#8221;no&#8221;]N\u00e4r du g\u00e5r in p\u00e5 v\u00e5r webbplats anv\u00e4nder vi\" \/>\n<meta property=\"og:url\" content=\"https:\/\/medilution.com\/sv\/policy-for-cookies\/\" \/>\n<meta property=\"og:site_name\" content=\"Medilution\" \/>\n<meta property=\"article:modified_time\" content=\"2022-02-10T14:57:07+00:00\" \/>\n<meta name=\"twitter:card\" content=\"summary_large_image\" \/>\n<meta name=\"twitter:label1\" content=\"Ber\u00e4knad l\u00e4stid\" \/>\n\t<meta name=\"twitter:data1\" content=\"3 minuter\" \/>\n<script type=\"application\/ld+json\" class=\"yoast-schema-graph\">{\"@context\":\"https:\\\/\\\/schema.org\",\"@graph\":[{\"@type\":\"WebPage\",\"@id\":\"https:\\\/\\\/medilution.com\\\/sv\\\/policy-for-cookies\\\/\",\"url\":\"https:\\\/\\\/medilution.com\\\/sv\\\/policy-for-cookies\\\/\",\"name\":\"Policy f\u00f6r cookies - Medilution\",\"isPartOf\":{\"@id\":\"https:\\\/\\\/medilution.com\\\/sv\\\/#website\"},\"datePublished\":\"2021-05-19T19:51:12+00:00\",\"dateModified\":\"2022-02-10T14:57:07+00:00\",\"breadcrumb\":{\"@id\":\"https:\\\/\\\/medilution.com\\\/sv\\\/policy-for-cookies\\\/#breadcrumb\"},\"inLanguage\":\"sv-SE\",\"potentialAction\":[{\"@type\":\"ReadAction\",\"target\":[\"https:\\\/\\\/medilution.com\\\/sv\\\/policy-for-cookies\\\/\"]}]},{\"@type\":\"BreadcrumbList\",\"@id\":\"https:\\\/\\\/medilution.com\\\/sv\\\/policy-for-cookies\\\/#breadcrumb\",\"itemListElement\":[{\"@type\":\"ListItem\",\"position\":1,\"name\":\"Home\",\"item\":\"https:\\\/\\\/medilution.com\\\/sv\\\/\"},{\"@type\":\"ListItem\",\"position\":2,\"name\":\"Policy f\u00f6r cookies\"}]},{\"@type\":\"WebSite\",\"@id\":\"https:\\\/\\\/medilution.com\\\/sv\\\/#website\",\"url\":\"https:\\\/\\\/medilution.com\\\/sv\\\/\",\"name\":\"Medilution\",\"description\":\"Unlock Wellness with CBD and Lion\u2019s Mane Excellence\",\"publisher\":{\"@id\":\"https:\\\/\\\/medilution.com\\\/sv\\\/#organization\"},\"potentialAction\":[{\"@type\":\"SearchAction\",\"target\":{\"@type\":\"EntryPoint\",\"urlTemplate\":\"https:\\\/\\\/medilution.com\\\/sv\\\/?s={search_term_string}\"},\"query-input\":{\"@type\":\"PropertyValueSpecification\",\"valueRequired\":true,\"valueName\":\"search_term_string\"}}],\"inLanguage\":\"sv-SE\"},{\"@type\":\"Organization\",\"@id\":\"https:\\\/\\\/medilution.com\\\/sv\\\/#organization\",\"name\":\"Medilution\",\"url\":\"https:\\\/\\\/medilution.com\\\/sv\\\/\",\"logo\":{\"@type\":\"ImageObject\",\"inLanguage\":\"sv-SE\",\"@id\":\"https:\\\/\\\/medilution.com\\\/sv\\\/#\\\/schema\\\/logo\\\/image\\\/\",\"url\":\"https:\\\/\\\/medilution.com\\\/wp-content\\\/uploads\\\/2021\\\/04\\\/medilution-logo-web.png\",\"contentUrl\":\"https:\\\/\\\/medilution.com\\\/wp-content\\\/uploads\\\/2021\\\/04\\\/medilution-logo-web.png\",\"width\":400,\"height\":460,\"caption\":\"Medilution\"},\"image\":{\"@id\":\"https:\\\/\\\/medilution.com\\\/sv\\\/#\\\/schema\\\/logo\\\/image\\\/\"},\"sameAs\":[\"https:\\\/\\\/www.instagram.com\\\/medilution\\\/\"]}]}<\/script>\n<!-- \/ Yoast SEO plugin. -->","yoast_head_json":{"title":"Policy f\u00f6r cookies - Medilution","robots":{"index":"index","follow":"follow","max-snippet":"max-snippet:-1","max-image-preview":"max-image-preview:large","max-video-preview":"max-video-preview:-1"},"canonical":"https:\/\/medilution.com\/sv\/policy-for-cookies\/","og_locale":"sv_SE","og_type":"article","og_title":"Policy f\u00f6r cookies - Medilution","og_description":"[vc_row mobile_bg_img_hidden=&#8221;no&#8221; tablet_bg_img_hidden=&#8221;no&#8221; woodmart_parallax=&#8221;0&#8243; woodmart_gradient_switch=&#8221;no&#8221; row_reverse_mobile=&#8221;0&#8243; row_reverse_tablet=&#8221;0&#8243; woodmart_disable_overflow=&#8221;0&#8243;][vc_column width=&#8221;1\/6&#8243;][\/vc_column][vc_column width=&#8221;2\/3&#8243;][vc_column_text text_larger=&#8221;no&#8221; woodmart_inline=&#8221;no&#8221;]N\u00e4r du g\u00e5r in p\u00e5 v\u00e5r webbplats anv\u00e4nder vi","og_url":"https:\/\/medilution.com\/sv\/policy-for-cookies\/","og_site_name":"Medilution","article_modified_time":"2022-02-10T14:57:07+00:00","twitter_card":"summary_large_image","twitter_misc":{"Ber\u00e4knad l\u00e4stid":"3 minuter"},"schema":{"@context":"https:\/\/schema.org","@graph":[{"@type":"WebPage","@id":"https:\/\/medilution.com\/sv\/policy-for-cookies\/","url":"https:\/\/medilution.com\/sv\/policy-for-cookies\/","name":"Policy f\u00f6r cookies - Medilution","isPartOf":{"@id":"https:\/\/medilution.com\/sv\/#website"},"datePublished":"2021-05-19T19:51:12+00:00","dateModified":"2022-02-10T14:57:07+00:00","breadcrumb":{"@id":"https:\/\/medilution.com\/sv\/policy-for-cookies\/#breadcrumb"},"inLanguage":"sv-SE","potentialAction":[{"@type":"ReadAction","target":["https:\/\/medilution.com\/sv\/policy-for-cookies\/"]}]},{"@type":"BreadcrumbList","@id":"https:\/\/medilution.com\/sv\/policy-for-cookies\/#breadcrumb","itemListElement":[{"@type":"ListItem","position":1,"name":"Home","item":"https:\/\/medilution.com\/sv\/"},{"@type":"ListItem","position":2,"name":"Policy f\u00f6r cookies"}]},{"@type":"WebSite","@id":"https:\/\/medilution.com\/sv\/#website","url":"https:\/\/medilution.com\/sv\/","name":"Medilution","description":"Unlock Wellness with CBD and Lion\u2019s Mane Excellence","publisher":{"@id":"https:\/\/medilution.com\/sv\/#organization"},"potentialAction":[{"@type":"SearchAction","target":{"@type":"EntryPoint","urlTemplate":"https:\/\/medilution.com\/sv\/?s={search_term_string}"},"query-input":{"@type":"PropertyValueSpecification","valueRequired":true,"valueName":"search_term_string"}}],"inLanguage":"sv-SE"},{"@type":"Organization","@id":"https:\/\/medilution.com\/sv\/#organization","name":"Medilution","url":"https:\/\/medilution.com\/sv\/","logo":{"@type":"ImageObject","inLanguage":"sv-SE","@id":"https:\/\/medilution.com\/sv\/#\/schema\/logo\/image\/","url":"https:\/\/medilution.com\/wp-content\/uploads\/2021\/04\/medilution-logo-web.png","contentUrl":"https:\/\/medilution.com\/wp-content\/uploads\/2021\/04\/medilution-logo-web.png","width":400,"height":460,"caption":"Medilution"},"image":{"@id":"https:\/\/medilution.com\/sv\/#\/schema\/logo\/image\/"},"sameAs":["https:\/\/www.instagram.com\/medilution\/"]}]}},"jetpack-related-posts":[{"id":8129,"url":"https:\/\/medilution.com\/sv\/allmanna-villkor\/","url_meta":{"origin":8236,"position":0},"title":"Allm\u00e4nna Villkor","author":"medilutionadmin","date":"19\/05\/2021","format":false,"excerpt":"VILLKOR Senast uppdaterad 5 november 2021 BINDANDE VILLKOR Dessa allm\u00e4nna villkor p\u00e5 engelska utg\u00f6r ett juridiskt bindande avtal som ing\u00e5tts mellan dig, antingen personligen eller p\u00e5 uppdrag av en enhet (\"du\") och Medilution BV (\"Company\", \"vi\", \"oss\" eller \"v\u00e5r\"), ang\u00e5ende din \u00e5tkomst till och anv\u00e4ndning av webbplatsen medilution.com samt alla\u2026","rel":"","context":"Liknande inl\u00e4gg","block_context":{"text":"Liknande inl\u00e4gg","link":""},"img":{"alt_text":"","src":"","width":0,"height":0},"classes":[]},{"id":8826,"url":"https:\/\/medilution.com\/sv\/integritetspolicy\/","url_meta":{"origin":8236,"position":1},"title":"Integritetspolicy","author":"medilutionadmin","date":"12\/04\/2021","format":false,"excerpt":"[vc_row mobile_bg_img_hidden=\"no\" tablet_bg_img_hidden=\"no\" woodmart_parallax=\"0\" woodmart_gradient_switch=\"no\" row_reverse_mobile=\"0\" row_reverse_tablet=\"0\" woodmart_disable_overflow=\"0\"][vc_column][vc_column_text woodmart_inline=\"no\" text_larger=\"no\"] Tack f\u00f6r att du v\u00e4ljer att vara en del av v\u00e5r gemenskap p\u00e5 Medilution B.V. (\"F\u00f6retaget\", \"vi\", \"oss\" eller \"v\u00e5r\"). Vi \u00e4r fast beslutna att skydda din personliga information och din r\u00e4tt till integritet. Om du har n\u00e5gra fr\u00e5gor eller\u2026","rel":"","context":"Liknande inl\u00e4gg","block_context":{"text":"Liknande inl\u00e4gg","link":""},"img":{"alt_text":"","src":"","width":0,"height":0},"classes":[]},{"id":8249,"url":"https:\/\/medilution.com\/sv\/cbd-friskrivningsklausul\/","url_meta":{"origin":8236,"position":2},"title":"CBD Friskrivningsklausul","author":"Johan","date":"13\/08\/2021","format":false,"excerpt":"[vc_row mobile_bg_img_hidden=\"no\" tablet_bg_img_hidden=\"no\" woodmart_parallax=\"0\" woodmart_gradient_switch=\"no\" row_reverse_mobile=\"0\" row_reverse_tablet=\"0\" woodmart_disable_overflow=\"0\"][vc_column width=\"1\/6\"][\/vc_column][vc_column width=\"2\/3\"][vc_column_text text_larger=\"no\" woodmart_inline=\"no\"] Cannabidiol (CBD) \u00e4r en naturlig best\u00e5ndsdel i hampa och \u00e4r ett kosttillskott. V\u00e5ra produkter \u00e4r inte avsedda att diagnostisera, behandla, bota eller f\u00f6rebygga n\u00e5gon sjukdom. L\u00e4nkar fr\u00e5n denna webbplats till andra webbplatser utg\u00f6r inte ett st\u00f6d, varken h\u00e4rledd\u2026","rel":"","context":"Liknande inl\u00e4gg","block_context":{"text":"Liknande inl\u00e4gg","link":""},"img":{"alt_text":"","src":"","width":0,"height":0},"classes":[]},{"id":8243,"url":"https:\/\/medilution.com\/sv\/affiliate-ambassador-agreement\/","url_meta":{"origin":8236,"position":3},"title":"Affiliate &amp; Ambassador Agreement","author":"medilutionadmin","date":"30\/07\/2021","format":false,"excerpt":"[vc_row css=\".vc_custom_1499600383384{margin-bottom: 8vh !important;}\"][vc_column offset=\"vc_col-lg-offset-2 vc_col-lg-8 vc_col-md-offset-2 vc_col-md-8 vc_col-sm-offset-0\" css=\".vc_custom_1643816985128{padding-top: 0px !important;}\" woodmart_css_id=\"61faa802ced99\" parallax_scroll=\"no\" woodmart_sticky_column=\"false\" wd_collapsible_content_switcher=\"no\" mobile_bg_img_hidden=\"no\" tablet_bg_img_hidden=\"no\" woodmart_parallax=\"0\" woodmart_box_shadow=\"no\" mobile_reset_margin=\"no\" tablet_reset_margin=\"no\" wd_z_index=\"no\" responsive_spacing=\"eyJwYXJhbV90eXBlIjoid29vZG1hcnRfcmVzcG9uc2l2ZV9zcGFjaW5nIiwic2VsZWN0b3JfaWQiOiI2MWZhYTgwMmNlZDk5Iiwic2hvcnRjb2RlIjoidmNfY29sdW1uIiwiZGF0YSI6eyJ0YWJsZXQiOnt9LCJtb2JpbGUiOnt9fX0=\"][vc_column_text text_larger=\"no\"][\/vc_column_text][vc_column_text css=\"\" text_larger=\"no\" woodmart_inline=\"no\"] Vi uppskattar v\u00e5ra affiliates och ambassad\u00f6rer, och vi g\u00f6r v\u00e5rt b\u00e4sta f\u00f6r att uppmuntra dig att bygga upp din verksamhet med oss.\u2026","rel":"","context":"Liknande inl\u00e4gg","block_context":{"text":"Liknande inl\u00e4gg","link":""},"img":{"alt_text":"","src":"","width":0,"height":0},"classes":[]},{"id":10389,"url":"https:\/\/medilution.com\/sv\/dialusion\/","url_meta":{"origin":8236,"position":4},"title":"Dialution","author":"medilutionadmin","date":"01\/08\/2023","format":false,"excerpt":"[vc_row full_width=\"stretch_row_content_no_spaces\" woodmart_bg_position=\"center-center\" el_class=\"opacity-video-bg\" css=\".vc_custom_1704988978371{margin-top: -40px !important;margin-right: 0px !important;margin-bottom: 4vh !important;margin-left: 0px !important;padding-top: 24vh !important;padding-bottom: 24vh !important;background-image: url(https:\/\/cbdmedilution.com\/wp-content\/uploads\/2023\/07\/Connected-technologies-are-changing-the-future-of-aging-at-home-1024x683-1.webp?id=10168) !important;background-position: center !important;background-repeat: no-repeat !important;background-size: cover !important;}\" mobile_bg_img_hidden=\"no\" tablet_bg_img_hidden=\"no\" woodmart_parallax=\"0\" woodmart_gradient_switch=\"no\" row_reverse_mobile=\"0\" row_reverse_tablet=\"0\" woodmart_disable_overflow=\"0\" woodmart_css_id=\"65a010b529adf\" responsive_spacing=\"eyJwYXJhbV90eXBlIjoid29vZG1hcnRfcmVzcG9uc2l2ZV9zcGFjaW5nIiwic2VsZWN0b3JfaWQiOiI2NWEwMTBiNTI5YWRmIiwic2hvcnRjb2RlIjoidmNfcm93IiwiZGF0YSI6eyJ0YWJsZXQiOnt9LCJtb2JpbGUiOnt9fX0=\" woodmart_box_shadow=\"no\" wd_z_index=\"no\"][vc_column css=\".vc_custom_1499517305703{padding-top: 0px !important;}\" el_class=\"text-center\"][\/vc_column][\/vc_row][vc_row woodmart_css_id=\"620990a65f39f\" responsive_spacing=\"eyJwYXJhbV90eXBlIjoid29vZG1hcnRfcmVzcG9uc2l2ZV9zcGFjaW5nIiwic2VsZWN0b3JfaWQiOiI2MjA5OTBhNjVmMzlmIiwic2hvcnRjb2RlIjoidmNfcm93IiwiZGF0YSI6eyJ0YWJsZXQiOnt9LCJtb2JpbGUiOnt9fX0=\" mobile_bg_img_hidden=\"no\" tablet_bg_img_hidden=\"no\" woodmart_parallax=\"0\" woodmart_gradient_switch=\"no\" woodmart_box_shadow=\"no\" wd_z_index=\"no\" woodmart_disable_overflow=\"0\" row_reverse_mobile=\"0\"\u2026","rel":"","context":"Liknande inl\u00e4gg","block_context":{"text":"Liknande inl\u00e4gg","link":""},"img":{"alt_text":"","src":"","width":0,"height":0},"classes":[]},{"id":8131,"url":"https:\/\/medilution.com\/sv\/om-oss\/","url_meta":{"origin":8236,"position":5},"title":"Om Oss","author":"medilutionadmin","date":"13\/07\/2017","format":false,"excerpt":"[vc_row full_width=\"stretch_row\" woodmart_bg_position=\"center-bottom\" el_class=\"opacity-video-bg\" css=\".vc_custom_1704989131488{margin-top: -40px !important;margin-right: 0px !important;margin-bottom: 4vh !important;margin-left: 0px !important;padding-top: 24vh !important;padding-bottom: 24vh !important;background-image: url(https:\/\/cbdmedilution.com\/wp-content\/uploads\/2021\/05\/yoga-girl-YL3N7FQ.jpg?id=7486) !important;background-position: center !important;background-repeat: no-repeat !important;background-size: cover !important;}\" mobile_bg_img_hidden=\"no\" tablet_bg_img_hidden=\"no\" woodmart_parallax=\"0\" woodmart_gradient_switch=\"no\" row_reverse_mobile=\"0\" row_reverse_tablet=\"0\" woodmart_disable_overflow=\"0\" woodmart_css_id=\"65a01199a1763\" responsive_spacing=\"eyJwYXJhbV90eXBlIjoid29vZG1hcnRfcmVzcG9uc2l2ZV9zcGFjaW5nIiwic2VsZWN0b3JfaWQiOiI2NWEwMTE5OWExNzYzIiwic2hvcnRjb2RlIjoidmNfcm93IiwiZGF0YSI6eyJ0YWJsZXQiOnt9LCJtb2JpbGUiOnt9fX0=\" woodmart_box_shadow=\"no\" wd_z_index=\"no\"][vc_column css=\".vc_custom_1499517305703{padding-top: 0px !important;}\" el_class=\"text-center\"][vc_custom_heading text=\"MEDILUTION\" font_container=\"tag:h5|font_size:16|text_align:center|color:rgba(255%2C255%2C255%2C0.8)\" use_theme_fonts=\"yes\" css=\".vc_custom_1686739835787{margin-bottom: 10px !important;}\" el_class=\"visible-lg\"][\/vc_column][\/vc_row][vc_row css=\".vc_custom_1499600383384{margin-bottom: 8vh !important;}\"][vc_column\u2026","rel":"","context":"Liknande inl\u00e4gg","block_context":{"text":"Liknande inl\u00e4gg","link":""},"img":{"alt_text":"","src":"","width":0,"height":0},"classes":[]}],"jetpack_sharing_enabled":true,"_links":{"self":[{"href":"https:\/\/medilution.com\/sv\/wp-json\/wp\/v2\/pages\/8236","targetHints":{"allow":["GET"]}}],"collection":[{"href":"https:\/\/medilution.com\/sv\/wp-json\/wp\/v2\/pages"}],"about":[{"href":"https:\/\/medilution.com\/sv\/wp-json\/wp\/v2\/types\/page"}],"author":[{"embeddable":true,"href":"https:\/\/medilution.com\/sv\/wp-json\/wp\/v2\/users\/1"}],"replies":[{"embeddable":true,"href":"https:\/\/medilution.com\/sv\/wp-json\/wp\/v2\/comments?post=8236"}],"version-history":[{"count":4,"href":"https:\/\/medilution.com\/sv\/wp-json\/wp\/v2\/pages\/8236\/revisions"}],"predecessor-version":[{"id":8289,"href":"https:\/\/medilution.com\/sv\/wp-json\/wp\/v2\/pages\/8236\/revisions\/8289"}],"wp:attachment":[{"href":"https:\/\/medilution.com\/sv\/wp-json\/wp\/v2\/media?parent=8236"}],"curies":[{"name":"wp","href":"https:\/\/api.w.org\/{rel}","templated":true}]}}