{"id":8212,"date":"2022-02-04T18:53:14","date_gmt":"2022-02-04T17:53:14","guid":{"rendered":"https:\/\/medilution.com\/partner\/affiliate-ambassador-faq\/"},"modified":"2023-08-01T11:36:17","modified_gmt":"2023-08-01T09:36:17","slug":"affiliate-ambassador-faq","status":"publish","type":"page","link":"https:\/\/medilution.com\/sv\/affiliate-ambassador-faq\/","title":{"rendered":"Affiliate &amp; Ambassad\u00f6r Information och FAQ"},"content":{"rendered":"<div class=\"wpb-content-wrapper\"><p>[vc_row][vc_column][vc_column_text text_larger=&#8221;no&#8221; woodmart_inline=&#8221;no&#8221;]<style data-type=\"vc_shortcodes-custom-css\">.vc_custom_1494510617612{margin-right: -50px !important;margin-left: -50px !important;}.vc_custom_1496938621896{margin-bottom: 20px !important;border-right-width: 1px !important;padding-top: 15px !important;padding-right: 50px !important;padding-left: 50px !important;border-right-color: #e8e8e8 !important;border-right-style: solid !important;}<\/style><div class=\"wpb-content-wrapper\">[vc_row][vc_column][vc_tta_accordion shape=\"square\" color=\"white\" c_icon=\"chevron\" c_position=\"right\" active_section=\"0\" no_fill=\"true\" collapsible_all=\"true\"][vc_tta_section title=\"Hur skapar jag ett konto?\" tab_id=\"1484652030262-e10da133-51b0\"][vc_column_text css=\"\" text_larger=\"no\" woodmart_inline=\"no\"]Att skapa ett konto \u00e4r enkelt och det \u00e4r GRATIS. Du beh\u00f6ver inte betala f\u00f6r att bli en affiliate.\n\nAllt du beh\u00f6ver f\u00f6r att registrera dig \u00e4r att anv\u00e4nda <span style=\"color: #136e81;\"><strong><a style=\"color: #136e81;\" href=\"https:\/\/cbdmedilution.com\/sv\/affiliate-ambassador-registration\/\" target=\"_blank\" rel=\"noopener\">ans\u00f6kningsformul\u00e4ret<\/a><\/strong><\/span> . Efter en granskning fr\u00e5n v\u00e5r affiliate manager f\u00e5r du ett email med ditt l\u00f6senord och annan information.\n\nF\u00f6r att kvalificera dig beh\u00f6ver du:\n<ol>\n \t<li>Ett IBAN privat- eller f\u00f6retagskonto och kunna ta emot SEPA-betalningar.<\/li>\n \t<li>Ett giltigt momsregistreringsnummer som kan verifieras online p\u00e5 EU:s officiella VIES-webbplats, och<\/li>\n \t<li>Vara minst 18 \u00e5r<\/li>\n<\/ol>\nSom v\u00e5r affiliate kommer du att ha en egen kontrollpanel d\u00e4r du kan se detaljerad statistik \u00f6ver trafik och f\u00f6rs\u00e4ljning du h\u00e4nvisat till oss, nyheter och marknadsf\u00f6ringsmaterial samt val av textl\u00e4nkar.\n\nDu beh\u00f6ver bara placera en affiliatel\u00e4nk, textl\u00e4nk eller annan l\u00e4nk p\u00e5 din webbplats, sidor p\u00e5 sociala medier eller i e-postmeddelanden till dina kontakter s\u00e5 att du kan b\u00f6rja skicka kunder till v\u00e5r webbplats och tj\u00e4na 20-25% i h\u00e4nvisningsavgift p\u00e5 f\u00f6rs\u00e4ljningen.[\/vc_column_text][\/vc_tta_section][vc_tta_section title=\"Beh\u00f6ver jag en webbplats f\u00f6r att bli en affiliate?\" tab_id=\"1484652030190-407b08ef-5de7\"][vc_column_text css=\"\" text_larger=\"no\" woodmart_inline=\"no\"]Du beh\u00f6ver ingen webbplats (\u00e4ven om det hj\u00e4lper att ha en egen webbplats). Du kan marknadsf\u00f6ra v\u00e5r produkt via s\u00f6kmotorer ( <span style=\"color: #136e81;\"><strong><a style=\"color: #136e81;\" href=\"http:\/\/adwords.google.com\/support\/\">L\u00e4r dig hur<\/a><\/strong><\/span> ), inl\u00e4gg i internetforum, tweeta, posta l\u00e4nkar p\u00e5 Facebook, LinkedIn, spela in videor eller helt enkelt e-posta till alla dina v\u00e4nner och personer du k\u00e4nner med din affiliate-l\u00e4nk till v\u00e5r produkt.\n\nAllt du beh\u00f6ver g\u00f6ra \u00e4r att skicka en bes\u00f6kare till v\u00e5r webbplats via en speciell l\u00e4nk (kallad \"affiliate-l\u00e4nk\"), och om han eller hon k\u00f6per n\u00e5got fr\u00e5n oss f\u00e5r du 20% av nettof\u00f6rs\u00e4ljningsv\u00e4rdet (f\u00f6rs\u00e4ljningsbelopp minus moms)[\/vc_column_text][\/vc_tta_section][vc_tta_section title=\"Varf\u00f6r g\u00e5 med i Medilution Affiliate Program?\" tab_id=\"1484652030151-41d816a1-ec06\"][vc_column_text css=\"\" text_larger=\"no\" woodmart_inline=\"no\"]\r\n<ul>\n \t<li>CBD \u00e4r en av de snabbast v\u00e4xande marknaderna inom h\u00e4lso- och n\u00e4ringsindustrin.<\/li>\n \t<li>Brett utbud av premium CBD-produkter<\/li>\n \t<li>Det \u00e4r gratis att bli en affiliate<\/li>\n \t<li>Vi erbjuder 20% beroende p\u00e5 f\u00f6rs\u00e4ljningsvolym<\/li>\n \t<li>180 dagars varaktighet f\u00f6r cookies<\/li>\n \t<li>Tillg\u00e5ng till v\u00e5r tredjepartsprogramvara som l\u00e5ter dig sp\u00e5ra din f\u00f6rs\u00e4ljning och se dina provisioner n\u00e4r som helst, i realtid<\/li>\n<\/ul>\r\n[\/vc_column_text][\/vc_tta_section][vc_tta_section title=\"Var kan jag hitta Affiliate &amp; Ambassador Agreement\" tab_id=\"1643998701510-25708aea-8815\"][vc_column_text css=\"\" woodmart_inline=\"no\" text_larger=\"no\"]Du hittar Affiliate &amp; Ambassador Agreement <a href=\"https:\/\/cbdmedilution.com\/sv\/affiliate-ambassador-agreement\/\"><span style=\"color: #136e81;\"><strong>H\u00c4R<\/strong><\/span><\/a>[\/vc_column_text][\/vc_tta_section][vc_tta_section title=\"Hur f\u00e5r jag reklammaterial fr\u00e5n er?\" tab_id=\"1621248788816-d8c06ac7-1adf\"][vc_column_text text_larger=\"no\" woodmart_inline=\"no\"]N\u00e4r du har godk\u00e4nts och f\u00e5tt din affiliate-inloggning finns reklammaterial tillg\u00e4ngligt i din affiliate-instrumentpanel.[\/vc_column_text][\/vc_tta_section][vc_tta_section title=\"Kan jag marknadsf\u00f6ra er genom pay-per-click s\u00f6kmotorer?\" tab_id=\"1621249011578-091270d2-7d40\"][vc_column_text text_larger=\"no\" woodmart_inline=\"no\"]JA! Du kan marknadsf\u00f6ra oss genom pay-per-click s\u00f6kmotorer. Faktum \u00e4r att den h\u00e4r typen av marknadsf\u00f6ring blir allt mer popul\u00e4r.[\/vc_column_text][\/vc_tta_section][vc_tta_section title=\"Vad \u00e4r en affiliate-l\u00e4nk?\" tab_id=\"1628860074646-178fb089-4127\"][vc_column_text woodmart_inline=\"no\" text_larger=\"no\"]En affiliate-l\u00e4nk \u00e4r en speciell URL som du anv\u00e4nder n\u00e4r du lockar kunder till v\u00e5r webbplats. Du kommer att f\u00e5 dina URLs i ditt affiliate-dashboard efter inloggning.[\/vc_column_text][\/vc_tta_section][vc_tta_section title=\"Hur vet jag att jag kommer att f\u00e5 betalt f\u00f6r mina h\u00e4nvisningar?\" tab_id=\"1621847238711-f705fcf1-7c11\"][vc_column_text css=\"\" text_larger=\"no\" woodmart_inline=\"no\"]V\u00e5rt affiliate-program \u00e4r utvecklat av <span style=\"color: #136e81;\"><strong><a style=\"color: #136e81;\" href=\"https:\/\/woocommerce.com\/vendor\/storeapps\/\">StoreApps,<\/a><\/strong><\/span> en topputvecklare av WooCommerce-plugins med 10 \u00e5rs oklanderlig meritlista och betrodd av v\u00e4rldens b\u00e4sta varum\u00e4rken. Programmet k\u00f6r allt automatiskt i realtid och anv\u00e4nder cookies f\u00f6r att sp\u00e5ra h\u00e4nvisningar. N\u00e4r bes\u00f6karen f\u00f6ljer din affiliate-l\u00e4nk till v\u00e5r webbplats, registrerar v\u00e5rt affiliatesystem denna h\u00e4nvisning och placerar en cookie p\u00e5 hans eller hennes dator. N\u00e4r bes\u00f6karen betalar f\u00f6r produkten kontrollerar affiliatesystemet om det finns en cookie och krediterar ditt konto med 20% av ink\u00f6psv\u00e4rdet exklusive till\u00e4mplig moms.\n\nDenna process \u00e4r helt automatisk. Alla dina h\u00e4nvisningar kommer att sp\u00e5ras korrekt och utbetalningar ber\u00e4knas i realtid.\n\nDu kan sj\u00e4lv skapa l\u00e4nkar och sp\u00e5ra provisioner. Via affiliate-instrumentpanelen f\u00f6rses du med korrekta och avancerade rapporter. Ordersynkronisering, conversion-frekvens och andra anv\u00e4ndbara m\u00e4tv\u00e4rden.[\/vc_column_text][vc_column_text css=\"\" text_larger=\"no\" woodmart_inline=\"no\"]V\u00e5rt affiliate-program \u00e4r utvecklat av <span style=\"color: #136e81;\"><strong><a style=\"color: #136e81;\" href=\"https:\/\/woocommerce.com\/vendor\/storeapps\/\">StoreApps,<\/a><\/strong><\/span> en topputvecklare av WooCommerce-plugins med 10 \u00e5rs oklanderlig meritlista och betrodd av v\u00e4rldens b\u00e4sta varum\u00e4rken. Programmet k\u00f6r allt automatiskt i realtid och anv\u00e4nder cookies f\u00f6r att sp\u00e5ra h\u00e4nvisningar. N\u00e4r bes\u00f6karen f\u00f6ljer din affiliate-l\u00e4nk till v\u00e5r webbplats, registrerar v\u00e5rt affiliatesystem denna h\u00e4nvisning och placerar en cookie p\u00e5 hans eller hennes dator. N\u00e4r bes\u00f6karen betalar f\u00f6r produkten kontrollerar affiliatesystemet om det finns en cookie och krediterar ditt konto med 20% av ink\u00f6psv\u00e4rdet exklusive till\u00e4mplig moms.\n\nDenna process \u00e4r helt automatisk. Alla dina h\u00e4nvisningar kommer att sp\u00e5ras korrekt och utbetalningar ber\u00e4knas i realtid.\n\nDu kan sj\u00e4lv skapa l\u00e4nkar och sp\u00e5ra provisioner. Via affiliate-instrumentpanelen f\u00f6rses du med korrekta och avancerade rapporter. Ordersynkronisering, conversion-frekvens och andra anv\u00e4ndbara m\u00e4tv\u00e4rden.[\/vc_column_text][\/vc_tta_section][vc_tta_section title=\"Hur hanteras betalningen?\" tab_id=\"1621248751181-535278da-4993\"][vc_column_text text_larger=\"no\" woodmart_inline=\"no\"]Betalning relaterad till genomf\u00f6rda transaktioner kommer att g\u00f6ras till dig p\u00e5 eller f\u00f6re den sista dagen i f\u00f6ljande m\u00e5nad f\u00f6rutsatt att beloppet \u00e4r minst 100 euro och, om inte, kommer vi att samla p\u00e5 oss belopp som ska betalas tills de \u00e4r minst 100 euro. Alla Avgifter (provisioner) betalas i euro mot en faktura fr\u00e5n dig. Fakturan ska inneh\u00e5lla r\u00e4tt belopp, ditt namn eller f\u00f6retagsnamn, moms och IBAN-nummer.[\/vc_column_text][\/vc_tta_section][vc_tta_section title=\"Vad s\u00e4ger lagen?\" tab_id=\"1628854350119-a1948311-8977\"][vc_column_text css=\"\" woodmart_inline=\"no\" text_larger=\"no\"]I november 2020 beslutade EU-domstolen att CBD inte \u00e4r ett narkotiskt l\u00e4kemedel, att det inte \u00e4r en fara f\u00f6r folkh\u00e4lsan och att det inte kan f\u00f6rbjudas fr\u00e5n fri r\u00f6rlighet inom EU-marknaden s\u00e5 l\u00e4nge CBD-varorna lagligen tillverkas och marknadsf\u00f6rs i EU: s ursprungsstat, <a href=\"https:\/\/cbdmedilution.com\/information\/the-law-and-cbd\/\"><span style=\"color: #0000ff;\"><span style=\"color: #136e81;\"><strong>l\u00e4s mer<\/strong><\/span>.<\/span><\/a>[\/vc_column_text][\/vc_tta_section][vc_tta_section title=\"CBD Friskrivningsklausul\" tab_id=\"1628854242513-5ff3de3b-d7f6\"][vc_column_text woodmart_inline=\"no\" text_larger=\"no\"]Cannabidiol (CBD) \u00e4r en naturlig best\u00e5ndsdel i hampa och \u00e4r ett kosttillskott.\n\nV\u00e5ra produkter \u00e4r inte avsedda att diagnostisera, behandla, bota eller f\u00f6rebygga n\u00e5gon sjukdom. L\u00e4nkar fr\u00e5n denna webbplats till andra webbplatser utg\u00f6r inte ett st\u00f6d, varken h\u00e4rledd eller p\u00e5 annat s\u00e4tt, av dessa webbplatser eller inneh\u00e5llet d\u00e4ri, och de f\u00f6resl\u00e5r inte heller n\u00e5got st\u00f6d f\u00f6r v\u00e5r webbplats av den externa webbplatsen eller dess f\u00f6rfattare. De tillhandah\u00e5lls helt enkelt som information som kan vara av intresse f\u00f6r v\u00e5ra bes\u00f6kare om inte annat uttryckligen anges.<span class=\"Apple-converted-space\"> <\/span>\n\nAlla produkter som annonseras h\u00e4r av Medilution \u00e4r inte i n\u00e5gon form annonserade f\u00f6r f\u00f6rs\u00e4ljning som l\u00e4kemedel. Vi \u00e4r inte l\u00e4kare, s\u00e5 av juridiska sk\u00e4l kan vi inte ge r\u00e5d om CBD eller n\u00e5got s\u00e4rskilt tillst\u00e5nd.\n\nDet \u00e4r av denna anledning som vi r\u00e5der alla kunder att unders\u00f6ka CBD och alltid r\u00e5dfr\u00e5ga sina h\u00e4lsor\u00e5dgivare och l\u00e4kare innan de anv\u00e4nder n\u00e5gon av dessa produkter.\n\nDet \u00e4r kundens ansvar att f\u00f6lja lokal lagstiftning.[\/vc_column_text][\/vc_tta_section][\/vc_tta_accordion][\/vc_column][\/vc_row][vc_row equal_height=\"yes\" css_animation=\"fadeIn\" css=\".vc_custom_1494510617612{margin-right: -50px !important;margin-left: -50px !important;}\"][vc_column css=\".vc_custom_1496938621896{margin-bottom: 20px !important;border-right-width: 1px !important;padding-top: 15px !important;padding-right: 50px !important;padding-left: 50px !important;border-right-color: #e8e8e8 !important;border-right-style: solid !important;}\" offset=\"vc_col-lg-6 vc_col-md-6\"][\/vc_column][\/vc_row]<\/div>[\/vc_column_text][\/vc_column][\/vc_row]<\/p>\n<\/div>","protected":false},"excerpt":{"rendered":"<p>[vc_row][vc_column][vc_column_text text_larger=&#8221;no&#8221; woodmart_inline=&#8221;no&#8221;][\/vc_column_text][\/vc_column][\/vc_row]<\/p>\n","protected":false},"author":2,"featured_media":0,"parent":0,"menu_order":0,"comment_status":"closed","ping_status":"closed","template":"","meta":{"footnotes":""},"class_list":["post-8212","page","type-page","status-publish","hentry"],"yoast_head":"<!-- This site is optimized with the Yoast SEO plugin v27.4 - https:\/\/yoast.com\/product\/yoast-seo-wordpress\/ -->\n<title>Affiliate &amp; Ambassad\u00f6r Information och FAQ - Medilution<\/title>\n<meta name=\"robots\" content=\"index, follow, max-snippet:-1, max-image-preview:large, max-video-preview:-1\" \/>\n<link rel=\"canonical\" href=\"https:\/\/medilution.com\/sv\/affiliate-ambassador-faq\/\" \/>\n<meta property=\"og:locale\" content=\"sv_SE\" \/>\n<meta property=\"og:type\" content=\"article\" \/>\n<meta property=\"og:title\" content=\"Affiliate &amp; Ambassad\u00f6r Information och FAQ - Medilution\" \/>\n<meta property=\"og:description\" content=\"[vc_row][vc_column][vc_column_text text_larger=&#8221;no&#8221; woodmart_inline=&#8221;no&#8221;][\/vc_column_text][\/vc_column][\/vc_row]\" \/>\n<meta property=\"og:url\" content=\"https:\/\/medilution.com\/sv\/affiliate-ambassador-faq\/\" \/>\n<meta property=\"og:site_name\" content=\"Medilution\" \/>\n<meta property=\"article:modified_time\" content=\"2023-08-01T09:36:17+00:00\" \/>\n<meta name=\"twitter:card\" content=\"summary_large_image\" \/>\n<script type=\"application\/ld+json\" class=\"yoast-schema-graph\">{\"@context\":\"https:\\\/\\\/schema.org\",\"@graph\":[{\"@type\":\"WebPage\",\"@id\":\"https:\\\/\\\/medilution.com\\\/sv\\\/affiliate-ambassador-faq\\\/\",\"url\":\"https:\\\/\\\/medilution.com\\\/sv\\\/affiliate-ambassador-faq\\\/\",\"name\":\"Affiliate &amp; Ambassad\u00f6r Information och FAQ - Medilution\",\"isPartOf\":{\"@id\":\"https:\\\/\\\/medilution.com\\\/sv\\\/#website\"},\"datePublished\":\"2022-02-04T17:53:14+00:00\",\"dateModified\":\"2023-08-01T09:36:17+00:00\",\"breadcrumb\":{\"@id\":\"https:\\\/\\\/medilution.com\\\/sv\\\/affiliate-ambassador-faq\\\/#breadcrumb\"},\"inLanguage\":\"sv-SE\",\"potentialAction\":[{\"@type\":\"ReadAction\",\"target\":[\"https:\\\/\\\/medilution.com\\\/sv\\\/affiliate-ambassador-faq\\\/\"]}]},{\"@type\":\"BreadcrumbList\",\"@id\":\"https:\\\/\\\/medilution.com\\\/sv\\\/affiliate-ambassador-faq\\\/#breadcrumb\",\"itemListElement\":[{\"@type\":\"ListItem\",\"position\":1,\"name\":\"Home\",\"item\":\"https:\\\/\\\/medilution.com\\\/sv\\\/\"},{\"@type\":\"ListItem\",\"position\":2,\"name\":\"Affiliate &amp; Ambassad\u00f6r Information och FAQ\"}]},{\"@type\":\"WebSite\",\"@id\":\"https:\\\/\\\/medilution.com\\\/sv\\\/#website\",\"url\":\"https:\\\/\\\/medilution.com\\\/sv\\\/\",\"name\":\"Medilution\",\"description\":\"Unlock Wellness with CBD and Lion\u2019s Mane Excellence\",\"publisher\":{\"@id\":\"https:\\\/\\\/medilution.com\\\/sv\\\/#organization\"},\"potentialAction\":[{\"@type\":\"SearchAction\",\"target\":{\"@type\":\"EntryPoint\",\"urlTemplate\":\"https:\\\/\\\/medilution.com\\\/sv\\\/?s={search_term_string}\"},\"query-input\":{\"@type\":\"PropertyValueSpecification\",\"valueRequired\":true,\"valueName\":\"search_term_string\"}}],\"inLanguage\":\"sv-SE\"},{\"@type\":\"Organization\",\"@id\":\"https:\\\/\\\/medilution.com\\\/sv\\\/#organization\",\"name\":\"Medilution\",\"url\":\"https:\\\/\\\/medilution.com\\\/sv\\\/\",\"logo\":{\"@type\":\"ImageObject\",\"inLanguage\":\"sv-SE\",\"@id\":\"https:\\\/\\\/medilution.com\\\/sv\\\/#\\\/schema\\\/logo\\\/image\\\/\",\"url\":\"https:\\\/\\\/medilution.com\\\/wp-content\\\/uploads\\\/2021\\\/04\\\/medilution-logo-web.png\",\"contentUrl\":\"https:\\\/\\\/medilution.com\\\/wp-content\\\/uploads\\\/2021\\\/04\\\/medilution-logo-web.png\",\"width\":400,\"height\":460,\"caption\":\"Medilution\"},\"image\":{\"@id\":\"https:\\\/\\\/medilution.com\\\/sv\\\/#\\\/schema\\\/logo\\\/image\\\/\"},\"sameAs\":[\"https:\\\/\\\/www.instagram.com\\\/medilution\\\/\"]}]}<\/script>\n<!-- \/ Yoast SEO plugin. -->","yoast_head_json":{"title":"Affiliate &amp; Ambassad\u00f6r Information och FAQ - Medilution","robots":{"index":"index","follow":"follow","max-snippet":"max-snippet:-1","max-image-preview":"max-image-preview:large","max-video-preview":"max-video-preview:-1"},"canonical":"https:\/\/medilution.com\/sv\/affiliate-ambassador-faq\/","og_locale":"sv_SE","og_type":"article","og_title":"Affiliate &amp; Ambassad\u00f6r Information och FAQ - Medilution","og_description":"[vc_row][vc_column][vc_column_text text_larger=&#8221;no&#8221; woodmart_inline=&#8221;no&#8221;][\/vc_column_text][\/vc_column][\/vc_row]","og_url":"https:\/\/medilution.com\/sv\/affiliate-ambassador-faq\/","og_site_name":"Medilution","article_modified_time":"2023-08-01T09:36:17+00:00","twitter_card":"summary_large_image","schema":{"@context":"https:\/\/schema.org","@graph":[{"@type":"WebPage","@id":"https:\/\/medilution.com\/sv\/affiliate-ambassador-faq\/","url":"https:\/\/medilution.com\/sv\/affiliate-ambassador-faq\/","name":"Affiliate &amp; Ambassad\u00f6r Information och FAQ - Medilution","isPartOf":{"@id":"https:\/\/medilution.com\/sv\/#website"},"datePublished":"2022-02-04T17:53:14+00:00","dateModified":"2023-08-01T09:36:17+00:00","breadcrumb":{"@id":"https:\/\/medilution.com\/sv\/affiliate-ambassador-faq\/#breadcrumb"},"inLanguage":"sv-SE","potentialAction":[{"@type":"ReadAction","target":["https:\/\/medilution.com\/sv\/affiliate-ambassador-faq\/"]}]},{"@type":"BreadcrumbList","@id":"https:\/\/medilution.com\/sv\/affiliate-ambassador-faq\/#breadcrumb","itemListElement":[{"@type":"ListItem","position":1,"name":"Home","item":"https:\/\/medilution.com\/sv\/"},{"@type":"ListItem","position":2,"name":"Affiliate &amp; Ambassad\u00f6r Information och FAQ"}]},{"@type":"WebSite","@id":"https:\/\/medilution.com\/sv\/#website","url":"https:\/\/medilution.com\/sv\/","name":"Medilution","description":"Unlock Wellness with CBD and Lion\u2019s Mane Excellence","publisher":{"@id":"https:\/\/medilution.com\/sv\/#organization"},"potentialAction":[{"@type":"SearchAction","target":{"@type":"EntryPoint","urlTemplate":"https:\/\/medilution.com\/sv\/?s={search_term_string}"},"query-input":{"@type":"PropertyValueSpecification","valueRequired":true,"valueName":"search_term_string"}}],"inLanguage":"sv-SE"},{"@type":"Organization","@id":"https:\/\/medilution.com\/sv\/#organization","name":"Medilution","url":"https:\/\/medilution.com\/sv\/","logo":{"@type":"ImageObject","inLanguage":"sv-SE","@id":"https:\/\/medilution.com\/sv\/#\/schema\/logo\/image\/","url":"https:\/\/medilution.com\/wp-content\/uploads\/2021\/04\/medilution-logo-web.png","contentUrl":"https:\/\/medilution.com\/wp-content\/uploads\/2021\/04\/medilution-logo-web.png","width":400,"height":460,"caption":"Medilution"},"image":{"@id":"https:\/\/medilution.com\/sv\/#\/schema\/logo\/image\/"},"sameAs":["https:\/\/www.instagram.com\/medilution\/"]}]}},"jetpack-related-posts":[],"jetpack_sharing_enabled":true,"_links":{"self":[{"href":"https:\/\/medilution.com\/sv\/wp-json\/wp\/v2\/pages\/8212","targetHints":{"allow":["GET"]}}],"collection":[{"href":"https:\/\/medilution.com\/sv\/wp-json\/wp\/v2\/pages"}],"about":[{"href":"https:\/\/medilution.com\/sv\/wp-json\/wp\/v2\/types\/page"}],"author":[{"embeddable":true,"href":"https:\/\/medilution.com\/sv\/wp-json\/wp\/v2\/users\/2"}],"replies":[{"embeddable":true,"href":"https:\/\/medilution.com\/sv\/wp-json\/wp\/v2\/comments?post=8212"}],"version-history":[{"count":9,"href":"https:\/\/medilution.com\/sv\/wp-json\/wp\/v2\/pages\/8212\/revisions"}],"predecessor-version":[{"id":8730,"href":"https:\/\/medilution.com\/sv\/wp-json\/wp\/v2\/pages\/8212\/revisions\/8730"}],"wp:attachment":[{"href":"https:\/\/medilution.com\/sv\/wp-json\/wp\/v2\/media?parent=8212"}],"curies":[{"name":"wp","href":"https:\/\/api.w.org\/{rel}","templated":true}]}}