{"id":8201,"date":"2022-01-12T11:14:26","date_gmt":"2022-01-12T10:14:26","guid":{"rendered":"https:\/\/medilution.com\/tru-st-betalningar\/"},"modified":"2022-02-13T21:36:57","modified_gmt":"2022-02-13T20:36:57","slug":"tru-st-betalningar","status":"publish","type":"page","link":"https:\/\/medilution.com\/sv\/tru-st-betalningar\/","title":{"rendered":"TRU\/\/ST Betalningar"},"content":{"rendered":"\n","protected":false},"excerpt":{"rendered":"","protected":false},"author":1,"featured_media":0,"parent":0,"menu_order":0,"comment_status":"closed","ping_status":"closed","template":"","meta":{"footnotes":""},"class_list":["post-8201","page","type-page","status-publish","hentry"],"yoast_head":"<!-- This site is optimized with the Yoast SEO plugin v27.4 - https:\/\/yoast.com\/product\/yoast-seo-wordpress\/ -->\n<title>TRU\/\/ST Betalningar - Medilution<\/title>\n<meta name=\"robots\" content=\"index, follow, max-snippet:-1, max-image-preview:large, max-video-preview:-1\" \/>\n<link rel=\"canonical\" href=\"https:\/\/medilution.com\/sv\/tru-st-betalningar\/\" \/>\n<meta property=\"og:locale\" content=\"sv_SE\" \/>\n<meta property=\"og:type\" content=\"article\" \/>\n<meta property=\"og:title\" content=\"TRU\/\/ST Betalningar - Medilution\" \/>\n<meta property=\"og:url\" content=\"https:\/\/medilution.com\/sv\/tru-st-betalningar\/\" \/>\n<meta property=\"og:site_name\" content=\"Medilution\" \/>\n<meta property=\"article:modified_time\" content=\"2022-02-13T20:36:57+00:00\" \/>\n<meta name=\"twitter:card\" content=\"summary_large_image\" \/>\n<script type=\"application\/ld+json\" class=\"yoast-schema-graph\">{\"@context\":\"https:\\\/\\\/schema.org\",\"@graph\":[{\"@type\":\"WebPage\",\"@id\":\"https:\\\/\\\/medilution.com\\\/sv\\\/tru-st-betalningar\\\/\",\"url\":\"https:\\\/\\\/medilution.com\\\/sv\\\/tru-st-betalningar\\\/\",\"name\":\"TRU\\\/\\\/ST Betalningar - Medilution\",\"isPartOf\":{\"@id\":\"https:\\\/\\\/medilution.com\\\/sv\\\/#website\"},\"datePublished\":\"2022-01-12T10:14:26+00:00\",\"dateModified\":\"2022-02-13T20:36:57+00:00\",\"breadcrumb\":{\"@id\":\"https:\\\/\\\/medilution.com\\\/sv\\\/tru-st-betalningar\\\/#breadcrumb\"},\"inLanguage\":\"sv-SE\",\"potentialAction\":[{\"@type\":\"ReadAction\",\"target\":[\"https:\\\/\\\/medilution.com\\\/sv\\\/tru-st-betalningar\\\/\"]}]},{\"@type\":\"BreadcrumbList\",\"@id\":\"https:\\\/\\\/medilution.com\\\/sv\\\/tru-st-betalningar\\\/#breadcrumb\",\"itemListElement\":[{\"@type\":\"ListItem\",\"position\":1,\"name\":\"Home\",\"item\":\"https:\\\/\\\/medilution.com\\\/sv\\\/\"},{\"@type\":\"ListItem\",\"position\":2,\"name\":\"TRU\\\/\\\/ST Betalningar\"}]},{\"@type\":\"WebSite\",\"@id\":\"https:\\\/\\\/medilution.com\\\/sv\\\/#website\",\"url\":\"https:\\\/\\\/medilution.com\\\/sv\\\/\",\"name\":\"Medilution\",\"description\":\"Unlock Wellness with CBD and Lion\u2019s Mane Excellence\",\"publisher\":{\"@id\":\"https:\\\/\\\/medilution.com\\\/sv\\\/#organization\"},\"potentialAction\":[{\"@type\":\"SearchAction\",\"target\":{\"@type\":\"EntryPoint\",\"urlTemplate\":\"https:\\\/\\\/medilution.com\\\/sv\\\/?s={search_term_string}\"},\"query-input\":{\"@type\":\"PropertyValueSpecification\",\"valueRequired\":true,\"valueName\":\"search_term_string\"}}],\"inLanguage\":\"sv-SE\"},{\"@type\":\"Organization\",\"@id\":\"https:\\\/\\\/medilution.com\\\/sv\\\/#organization\",\"name\":\"Medilution\",\"url\":\"https:\\\/\\\/medilution.com\\\/sv\\\/\",\"logo\":{\"@type\":\"ImageObject\",\"inLanguage\":\"sv-SE\",\"@id\":\"https:\\\/\\\/medilution.com\\\/sv\\\/#\\\/schema\\\/logo\\\/image\\\/\",\"url\":\"https:\\\/\\\/medilution.com\\\/wp-content\\\/uploads\\\/2021\\\/04\\\/medilution-logo-web.png\",\"contentUrl\":\"https:\\\/\\\/medilution.com\\\/wp-content\\\/uploads\\\/2021\\\/04\\\/medilution-logo-web.png\",\"width\":400,\"height\":460,\"caption\":\"Medilution\"},\"image\":{\"@id\":\"https:\\\/\\\/medilution.com\\\/sv\\\/#\\\/schema\\\/logo\\\/image\\\/\"},\"sameAs\":[\"https:\\\/\\\/www.instagram.com\\\/medilution\\\/\"]}]}<\/script>\n<!-- \/ Yoast SEO plugin. -->","yoast_head_json":{"title":"TRU\/\/ST Betalningar - Medilution","robots":{"index":"index","follow":"follow","max-snippet":"max-snippet:-1","max-image-preview":"max-image-preview:large","max-video-preview":"max-video-preview:-1"},"canonical":"https:\/\/medilution.com\/sv\/tru-st-betalningar\/","og_locale":"sv_SE","og_type":"article","og_title":"TRU\/\/ST Betalningar - Medilution","og_url":"https:\/\/medilution.com\/sv\/tru-st-betalningar\/","og_site_name":"Medilution","article_modified_time":"2022-02-13T20:36:57+00:00","twitter_card":"summary_large_image","schema":{"@context":"https:\/\/schema.org","@graph":[{"@type":"WebPage","@id":"https:\/\/medilution.com\/sv\/tru-st-betalningar\/","url":"https:\/\/medilution.com\/sv\/tru-st-betalningar\/","name":"TRU\/\/ST Betalningar - Medilution","isPartOf":{"@id":"https:\/\/medilution.com\/sv\/#website"},"datePublished":"2022-01-12T10:14:26+00:00","dateModified":"2022-02-13T20:36:57+00:00","breadcrumb":{"@id":"https:\/\/medilution.com\/sv\/tru-st-betalningar\/#breadcrumb"},"inLanguage":"sv-SE","potentialAction":[{"@type":"ReadAction","target":["https:\/\/medilution.com\/sv\/tru-st-betalningar\/"]}]},{"@type":"BreadcrumbList","@id":"https:\/\/medilution.com\/sv\/tru-st-betalningar\/#breadcrumb","itemListElement":[{"@type":"ListItem","position":1,"name":"Home","item":"https:\/\/medilution.com\/sv\/"},{"@type":"ListItem","position":2,"name":"TRU\/\/ST Betalningar"}]},{"@type":"WebSite","@id":"https:\/\/medilution.com\/sv\/#website","url":"https:\/\/medilution.com\/sv\/","name":"Medilution","description":"Unlock Wellness with CBD and Lion\u2019s Mane Excellence","publisher":{"@id":"https:\/\/medilution.com\/sv\/#organization"},"potentialAction":[{"@type":"SearchAction","target":{"@type":"EntryPoint","urlTemplate":"https:\/\/medilution.com\/sv\/?s={search_term_string}"},"query-input":{"@type":"PropertyValueSpecification","valueRequired":true,"valueName":"search_term_string"}}],"inLanguage":"sv-SE"},{"@type":"Organization","@id":"https:\/\/medilution.com\/sv\/#organization","name":"Medilution","url":"https:\/\/medilution.com\/sv\/","logo":{"@type":"ImageObject","inLanguage":"sv-SE","@id":"https:\/\/medilution.com\/sv\/#\/schema\/logo\/image\/","url":"https:\/\/medilution.com\/wp-content\/uploads\/2021\/04\/medilution-logo-web.png","contentUrl":"https:\/\/medilution.com\/wp-content\/uploads\/2021\/04\/medilution-logo-web.png","width":400,"height":460,"caption":"Medilution"},"image":{"@id":"https:\/\/medilution.com\/sv\/#\/schema\/logo\/image\/"},"sameAs":["https:\/\/www.instagram.com\/medilution\/"]}]}},"jetpack-related-posts":[{"id":7884,"url":"https:\/\/medilution.com\/securetrading\/","url_meta":{"origin":8201,"position":0},"title":"TRU\/\/ST Payments","author":"medilutionadmin","date":"12\/01\/2022","format":false,"excerpt":"","rel":"","context":"Liknande inl\u00e4gg","block_context":{"text":"Liknande inl\u00e4gg","link":""},"img":{"alt_text":"","src":"","width":0,"height":0},"classes":[]},{"id":8243,"url":"https:\/\/medilution.com\/sv\/affiliate-ambassador-agreement\/","url_meta":{"origin":8201,"position":1},"title":"Affiliate &amp; Ambassador Agreement","author":"medilutionadmin","date":"30\/07\/2021","format":false,"excerpt":"[vc_row css=\".vc_custom_1499600383384{margin-bottom: 8vh !important;}\"][vc_column offset=\"vc_col-lg-offset-2 vc_col-lg-8 vc_col-md-offset-2 vc_col-md-8 vc_col-sm-offset-0\" css=\".vc_custom_1643816985128{padding-top: 0px !important;}\" woodmart_css_id=\"61faa802ced99\" parallax_scroll=\"no\" woodmart_sticky_column=\"false\" wd_collapsible_content_switcher=\"no\" mobile_bg_img_hidden=\"no\" tablet_bg_img_hidden=\"no\" woodmart_parallax=\"0\" woodmart_box_shadow=\"no\" mobile_reset_margin=\"no\" tablet_reset_margin=\"no\" wd_z_index=\"no\" responsive_spacing=\"eyJwYXJhbV90eXBlIjoid29vZG1hcnRfcmVzcG9uc2l2ZV9zcGFjaW5nIiwic2VsZWN0b3JfaWQiOiI2MWZhYTgwMmNlZDk5Iiwic2hvcnRjb2RlIjoidmNfY29sdW1uIiwiZGF0YSI6eyJ0YWJsZXQiOnt9LCJtb2JpbGUiOnt9fX0=\"][vc_column_text text_larger=\"no\"][\/vc_column_text][vc_column_text css=\"\" text_larger=\"no\" woodmart_inline=\"no\"] Vi uppskattar v\u00e5ra affiliates och ambassad\u00f6rer, och vi g\u00f6r v\u00e5rt b\u00e4sta f\u00f6r att uppmuntra dig att bygga upp din verksamhet med oss.\u2026","rel":"","context":"Liknande inl\u00e4gg","block_context":{"text":"Liknande inl\u00e4gg","link":""},"img":{"alt_text":"","src":"","width":0,"height":0},"classes":[]},{"id":8826,"url":"https:\/\/medilution.com\/sv\/integritetspolicy\/","url_meta":{"origin":8201,"position":2},"title":"Integritetspolicy","author":"medilutionadmin","date":"12\/04\/2021","format":false,"excerpt":"[vc_row mobile_bg_img_hidden=\"no\" tablet_bg_img_hidden=\"no\" woodmart_parallax=\"0\" woodmart_gradient_switch=\"no\" row_reverse_mobile=\"0\" row_reverse_tablet=\"0\" woodmart_disable_overflow=\"0\"][vc_column][vc_column_text woodmart_inline=\"no\" text_larger=\"no\"] Tack f\u00f6r att du v\u00e4ljer att vara en del av v\u00e5r gemenskap p\u00e5 Medilution B.V. (\"F\u00f6retaget\", \"vi\", \"oss\" eller \"v\u00e5r\"). Vi \u00e4r fast beslutna att skydda din personliga information och din r\u00e4tt till integritet. Om du har n\u00e5gra fr\u00e5gor eller\u2026","rel":"","context":"Liknande inl\u00e4gg","block_context":{"text":"Liknande inl\u00e4gg","link":""},"img":{"alt_text":"","src":"","width":0,"height":0},"classes":[]},{"id":8129,"url":"https:\/\/medilution.com\/sv\/allmanna-villkor\/","url_meta":{"origin":8201,"position":3},"title":"Allm\u00e4nna Villkor","author":"medilutionadmin","date":"19\/05\/2021","format":false,"excerpt":"VILLKOR Senast uppdaterad 5 november 2021 BINDANDE VILLKOR Dessa allm\u00e4nna villkor p\u00e5 engelska utg\u00f6r ett juridiskt bindande avtal som ing\u00e5tts mellan dig, antingen personligen eller p\u00e5 uppdrag av en enhet (\"du\") och Medilution BV (\"Company\", \"vi\", \"oss\" eller \"v\u00e5r\"), ang\u00e5ende din \u00e5tkomst till och anv\u00e4ndning av webbplatsen medilution.com samt alla\u2026","rel":"","context":"Liknande inl\u00e4gg","block_context":{"text":"Liknande inl\u00e4gg","link":""},"img":{"alt_text":"","src":"","width":0,"height":0},"classes":[]}],"jetpack_sharing_enabled":true,"_links":{"self":[{"href":"https:\/\/medilution.com\/sv\/wp-json\/wp\/v2\/pages\/8201","targetHints":{"allow":["GET"]}}],"collection":[{"href":"https:\/\/medilution.com\/sv\/wp-json\/wp\/v2\/pages"}],"about":[{"href":"https:\/\/medilution.com\/sv\/wp-json\/wp\/v2\/types\/page"}],"author":[{"embeddable":true,"href":"https:\/\/medilution.com\/sv\/wp-json\/wp\/v2\/users\/1"}],"replies":[{"embeddable":true,"href":"https:\/\/medilution.com\/sv\/wp-json\/wp\/v2\/comments?post=8201"}],"version-history":[{"count":1,"href":"https:\/\/medilution.com\/sv\/wp-json\/wp\/v2\/pages\/8201\/revisions"}],"predecessor-version":[{"id":8203,"href":"https:\/\/medilution.com\/sv\/wp-json\/wp\/v2\/pages\/8201\/revisions\/8203"}],"wp:attachment":[{"href":"https:\/\/medilution.com\/sv\/wp-json\/wp\/v2\/media?parent=8201"}],"curies":[{"name":"wp","href":"https:\/\/api.w.org\/{rel}","templated":true}]}}