{"id":8186,"date":"2021-11-03T20:34:32","date_gmt":"2021-11-03T19:34:32","guid":{"rendered":"https:\/\/medilution.com\/information\/lagen-och-cbd\/"},"modified":"2023-08-01T11:18:57","modified_gmt":"2023-08-01T09:18:57","slug":"lagen-och-cbd","status":"publish","type":"page","link":"https:\/\/medilution.com\/sv\/lagen-och-cbd\/","title":{"rendered":"Lagen och CBD"},"content":{"rendered":"<div class=\"wpb-content-wrapper\"><p>[vc_row mobile_bg_img_hidden=&#8221;no&#8221; tablet_bg_img_hidden=&#8221;no&#8221; woodmart_parallax=&#8221;0&#8243; woodmart_gradient_switch=&#8221;no&#8221; row_reverse_mobile=&#8221;0&#8243; row_reverse_tablet=&#8221;0&#8243; woodmart_disable_overflow=&#8221;0&#8243; woodmart_css_id=&#8221;6216a605d383c&#8221; responsive_spacing=&#8221;eyJwYXJhbV90eXBlIjoid29vZG1hcnRfcmVzcG9uc2l2ZV9zcGFjaW5nIiwic2VsZWN0b3JfaWQiOiI2MjE2YTYwNWQzODNjIiwic2hvcnRjb2RlIjoidmNfcm93IiwiZGF0YSI6eyJ0YWJsZXQiOnt9LCJtb2JpbGUiOnt9fX0=&#8221; woodmart_box_shadow=&#8221;no&#8221; wd_z_index=&#8221;no&#8221;][vc_column width=&#8221;1\/6&#8243;][\/vc_column][vc_column width=&#8221;2\/3&#8243;][vc_column_text woodmart_inline=&#8221;no&#8221; text_larger=&#8221;no&#8221;]<\/p>\n<h1><strong>Cannabidiol (CBD) anses inte vara ett &#8221;narkotiskt l\u00e4kemedel&#8221; enligt europeisk lag<\/strong><\/h1>\n<h4><strong>En medlemsstat f\u00e5r inte f\u00f6rbjuda marknadsf\u00f6ring av cannabidiol (CBD) som lagligen framst\u00e4llts i en annan medlemsstat n\u00e4r den utvinns fr\u00e5n Cannabis sativa-v\u00e4xten i sin helhet och inte enbart fr\u00e5n dess fibrer och fr\u00f6n.<\/strong><\/h4>\n<p>I november 2020 publicerade EU-domstolen en dom som sl\u00e5r fast att cannabidiol utvunnet ur cannabisplantan inte ska betraktas som en drog enligt FN:s gemensamma konvention fr\u00e5n 1961 om narkotiska droger.<\/p>\n<p>1961 \u00e5rs FN-konvention \u00e4r grunden f\u00f6r nationella narkotikakontrolllagar som kontrollerar cannabis. Den sl\u00e5r fast att otill\u00e5ten f\u00f6rs\u00e4ljning av &#8221;cannabisblommor&#8221; och &#8221;extrakt och tinkturer av cannabis&#8221; ska vara f\u00f6rem\u00e5l f\u00f6r straffr\u00e4ttsliga p\u00e5f\u00f6ljder, och detta \u00e5terspeglades senare i EU:s r\u00e5ds rambeslut 2004\/757 om p\u00e5f\u00f6ljder f\u00f6r narkotikahandel. Dessa blommor och extrakt inneh\u00e5ller flera olika cannabinoider, vars koncentrationer kan variera mycket beroende p\u00e5 v\u00e4xtsort och odlingsteknik. De tv\u00e5 mest omfattande studerade cannabinoiderna \u00e4r tetrahydrocannabinol (THC) och cannabidiol (CBD). \u00c4ven om THC \u00e4r k\u00e4nt f\u00f6r att vara den huvudsakliga psykoaktiva komponenten i cannabis, fann den nyligen genomf\u00f6rda granskningen av V\u00e4rldsh\u00e4lsoorganisationens expertkommitt\u00e9 f\u00f6r drogberoende att CBD &#8221;inte har n\u00e5gon potential f\u00f6r missbruk och ingen potential att skapa beroende&#8221;.<\/p>\n<p>Europadomstolens avg\u00f6rande var resultatet av ett m\u00e5l som h\u00e4nvisats fr\u00e5n de franska domstolarna. 2017 d\u00f6mde en fransk domstol s\u00e4ljaren av e-cigarettpatroner inneh\u00e5llande CBD som lagligen hade extraherats fr\u00e5n hela hampav\u00e4xten i Tjeckien, eftersom endast fibrer och fr\u00f6n i Frankrike \u00e4r laglig hampa. Detta m\u00e5l h\u00e4nsk\u00f6ts till EG-domstolen (m\u00e5l C-663\/18), och den 19 november 2020 <strong><span style=\"color: #136e81;\"><a style=\"color: #136e81;\" href=\"https:\/\/eur-lex.europa.eu\/legal-content\/en\/TXT\/?uri=CELEX:62018CJ0663\">offentliggjorde domstolen sin dom<\/a><\/span><\/strong> ). Domstolen konstaterade att \u00e4ven om bevis f\u00f6r h\u00e4lsorisken fr\u00e5n CBD fortfarande var begr\u00e4nsade men kan motivera restriktiva f\u00f6rsiktighets\u00e5tg\u00e4rder, var det inkonsekvent att till\u00e4mpa marknadsf\u00f6ringsf\u00f6rbudet endast p\u00e5 organiskt, och inte syntetiskt, CBD. N\u00e4r domstolen unders\u00f6kte lagligheten av dessa \u00e5tg\u00e4rder som begr\u00e4nsade den fria r\u00f6rligheten f\u00f6r varor inom EU, konstaterade domstolen ocks\u00e5 att CBD utvunnet ur cannabis inte var en drog i den mening som avses i 1961 \u00e5rs konvention; och att EU:s industrihamparegler inte var till\u00e4mpliga p\u00e5 CBD-extraktet, eftersom det inte \u00e4r en jordbruksprodukt inom dessa f\u00f6rordningars definitioner.<\/p>\n<p>Efter detta beslut har Europeiska kommissionen i en nyligen genomf\u00f6rd pressbriefing noterat att cannabidiol inte b\u00f6r betraktas som ett l\u00e4kemedel i den mening som avses i FN:s gemensamma konvention om narkotika fr\u00e5n 1961 och att cannabidiol kan klassificeras som livsmedel, f\u00f6rutsatt att \u00f6vriga villkor i EU:s livsmedelss\u00e4kerhetsf\u00f6rordning \u00e4r ocks\u00e5 uppfyllda.<\/p>\n<p><em><strong>K\u00e4lla:<\/strong><\/em> <em><strong><span style=\"color: #136e81;\"><a style=\"color: #136e81;\" href=\"https:\/\/eur-lex.europa.eu\/legal-content\/en\/TXT\/?uri=CELEX:62018CJ0663\" target=\"_blank\" rel=\"noopener\">EU-domstolen &#8211; Dom (m\u00e5l C-663\/18)<\/a><\/span><\/strong><\/em><\/p>\n<p><strong>Om EU-domstolen<\/strong><\/p>\n<p>EU-domstolen (ECJ, franska: Cour de Justice europ\u00e9enne), formellt bara EG-domstolen, \u00e4r Europeiska unionens h\u00f6gsta domstol i fr\u00e5gor som r\u00f6r EU-r\u00e4tten. EG-domstolen \u00e4r Europeiska unionens h\u00f6gsta domstol i fr\u00e5gor om unionsr\u00e4tt, <span style=\"color: #0000ff;\"><a style=\"color: #0000ff;\" href=\"https:\/\/europa.eu\/european-union\/about-eu\/institutions-bodies\/court-justice_en\" target=\"_blank\" rel=\"noopener\"><strong><span style=\"color: #136e81;\">l\u00e4s mer<\/span><\/strong> .<\/a><\/span>[\/vc_column_text][\/vc_column][vc_column width=&#8221;1\/6&#8243;][\/vc_column][\/vc_row]<\/p>\n<\/div>","protected":false},"excerpt":{"rendered":"<p>[vc_row mobile_bg_img_hidden=&#8221;no&#8221; tablet_bg_img_hidden=&#8221;no&#8221; woodmart_parallax=&#8221;0&#8243; woodmart_gradient_switch=&#8221;no&#8221; row_reverse_mobile=&#8221;0&#8243; row_reverse_tablet=&#8221;0&#8243; woodmart_disable_overflow=&#8221;0&#8243; woodmart_css_id=&#8221;6216a605d383c&#8221; responsive_spacing=&#8221;eyJwYXJhbV90eXBlIjoid29vZG1hcnRfcmVzcG9uc2l2ZV9zcGFjaW5nIiwic2VsZWN0b3JfaWQiOiI2MjE2YTYwNWQzODNjIiwic2hvcnRjb2RlIjoidmNfcm93IiwiZGF0YSI6eyJ0YWJsZXQiOnt9LCJtb2JpbGUiOnt9fX0=&#8221; woodmart_box_shadow=&#8221;no&#8221; wd_z_index=&#8221;no&#8221;][vc_column width=&#8221;1\/6&#8243;][\/vc_column][vc_column width=&#8221;2\/3&#8243;][vc_column_text woodmart_inline=&#8221;no&#8221; text_larger=&#8221;no&#8221;] Cannabidiol (CBD) anses inte<\/p>\n","protected":false},"author":2,"featured_media":0,"parent":0,"menu_order":0,"comment_status":"closed","ping_status":"closed","template":"","meta":{"footnotes":""},"class_list":["post-8186","page","type-page","status-publish","hentry"],"yoast_head":"<!-- This site is optimized with the Yoast SEO plugin v27.4 - https:\/\/yoast.com\/product\/yoast-seo-wordpress\/ -->\n<title>Lagen och CBD - Medilution<\/title>\n<meta name=\"robots\" content=\"index, follow, max-snippet:-1, max-image-preview:large, max-video-preview:-1\" \/>\n<link rel=\"canonical\" href=\"https:\/\/medilution.com\/sv\/lagen-och-cbd\/\" \/>\n<meta property=\"og:locale\" content=\"sv_SE\" \/>\n<meta property=\"og:type\" content=\"article\" \/>\n<meta property=\"og:title\" content=\"Lagen och CBD - Medilution\" \/>\n<meta property=\"og:description\" content=\"[vc_row mobile_bg_img_hidden=&#8221;no&#8221; tablet_bg_img_hidden=&#8221;no&#8221; woodmart_parallax=&#8221;0&#8243; woodmart_gradient_switch=&#8221;no&#8221; row_reverse_mobile=&#8221;0&#8243; row_reverse_tablet=&#8221;0&#8243; woodmart_disable_overflow=&#8221;0&#8243; woodmart_css_id=&#8221;6216a605d383c&#8221; responsive_spacing=&#8221;eyJwYXJhbV90eXBlIjoid29vZG1hcnRfcmVzcG9uc2l2ZV9zcGFjaW5nIiwic2VsZWN0b3JfaWQiOiI2MjE2YTYwNWQzODNjIiwic2hvcnRjb2RlIjoidmNfcm93IiwiZGF0YSI6eyJ0YWJsZXQiOnt9LCJtb2JpbGUiOnt9fX0=&#8221; woodmart_box_shadow=&#8221;no&#8221; wd_z_index=&#8221;no&#8221;][vc_column width=&#8221;1\/6&#8243;][\/vc_column][vc_column width=&#8221;2\/3&#8243;][vc_column_text woodmart_inline=&#8221;no&#8221; text_larger=&#8221;no&#8221;] Cannabidiol (CBD) anses inte\" \/>\n<meta property=\"og:url\" content=\"https:\/\/medilution.com\/sv\/lagen-och-cbd\/\" \/>\n<meta property=\"og:site_name\" content=\"Medilution\" \/>\n<meta property=\"article:modified_time\" content=\"2023-08-01T09:18:57+00:00\" \/>\n<meta name=\"twitter:card\" content=\"summary_large_image\" \/>\n<meta name=\"twitter:label1\" content=\"Ber\u00e4knad l\u00e4stid\" \/>\n\t<meta name=\"twitter:data1\" content=\"3 minuter\" \/>\n<script type=\"application\/ld+json\" class=\"yoast-schema-graph\">{\"@context\":\"https:\\\/\\\/schema.org\",\"@graph\":[{\"@type\":\"WebPage\",\"@id\":\"https:\\\/\\\/medilution.com\\\/sv\\\/lagen-och-cbd\\\/\",\"url\":\"https:\\\/\\\/medilution.com\\\/sv\\\/lagen-och-cbd\\\/\",\"name\":\"Lagen och CBD - Medilution\",\"isPartOf\":{\"@id\":\"https:\\\/\\\/medilution.com\\\/sv\\\/#website\"},\"datePublished\":\"2021-11-03T19:34:32+00:00\",\"dateModified\":\"2023-08-01T09:18:57+00:00\",\"breadcrumb\":{\"@id\":\"https:\\\/\\\/medilution.com\\\/sv\\\/lagen-och-cbd\\\/#breadcrumb\"},\"inLanguage\":\"sv-SE\",\"potentialAction\":[{\"@type\":\"ReadAction\",\"target\":[\"https:\\\/\\\/medilution.com\\\/sv\\\/lagen-och-cbd\\\/\"]}]},{\"@type\":\"BreadcrumbList\",\"@id\":\"https:\\\/\\\/medilution.com\\\/sv\\\/lagen-och-cbd\\\/#breadcrumb\",\"itemListElement\":[{\"@type\":\"ListItem\",\"position\":1,\"name\":\"Home\",\"item\":\"https:\\\/\\\/medilution.com\\\/sv\\\/\"},{\"@type\":\"ListItem\",\"position\":2,\"name\":\"Lagen och CBD\"}]},{\"@type\":\"WebSite\",\"@id\":\"https:\\\/\\\/medilution.com\\\/sv\\\/#website\",\"url\":\"https:\\\/\\\/medilution.com\\\/sv\\\/\",\"name\":\"Medilution\",\"description\":\"Unlock Wellness with CBD and Lion\u2019s Mane Excellence\",\"publisher\":{\"@id\":\"https:\\\/\\\/medilution.com\\\/sv\\\/#organization\"},\"potentialAction\":[{\"@type\":\"SearchAction\",\"target\":{\"@type\":\"EntryPoint\",\"urlTemplate\":\"https:\\\/\\\/medilution.com\\\/sv\\\/?s={search_term_string}\"},\"query-input\":{\"@type\":\"PropertyValueSpecification\",\"valueRequired\":true,\"valueName\":\"search_term_string\"}}],\"inLanguage\":\"sv-SE\"},{\"@type\":\"Organization\",\"@id\":\"https:\\\/\\\/medilution.com\\\/sv\\\/#organization\",\"name\":\"Medilution\",\"url\":\"https:\\\/\\\/medilution.com\\\/sv\\\/\",\"logo\":{\"@type\":\"ImageObject\",\"inLanguage\":\"sv-SE\",\"@id\":\"https:\\\/\\\/medilution.com\\\/sv\\\/#\\\/schema\\\/logo\\\/image\\\/\",\"url\":\"https:\\\/\\\/medilution.com\\\/wp-content\\\/uploads\\\/2021\\\/04\\\/medilution-logo-web.png\",\"contentUrl\":\"https:\\\/\\\/medilution.com\\\/wp-content\\\/uploads\\\/2021\\\/04\\\/medilution-logo-web.png\",\"width\":400,\"height\":460,\"caption\":\"Medilution\"},\"image\":{\"@id\":\"https:\\\/\\\/medilution.com\\\/sv\\\/#\\\/schema\\\/logo\\\/image\\\/\"},\"sameAs\":[\"https:\\\/\\\/www.instagram.com\\\/medilution\\\/\"]}]}<\/script>\n<!-- \/ Yoast SEO plugin. -->","yoast_head_json":{"title":"Lagen och CBD - Medilution","robots":{"index":"index","follow":"follow","max-snippet":"max-snippet:-1","max-image-preview":"max-image-preview:large","max-video-preview":"max-video-preview:-1"},"canonical":"https:\/\/medilution.com\/sv\/lagen-och-cbd\/","og_locale":"sv_SE","og_type":"article","og_title":"Lagen och CBD - Medilution","og_description":"[vc_row mobile_bg_img_hidden=&#8221;no&#8221; tablet_bg_img_hidden=&#8221;no&#8221; woodmart_parallax=&#8221;0&#8243; woodmart_gradient_switch=&#8221;no&#8221; row_reverse_mobile=&#8221;0&#8243; row_reverse_tablet=&#8221;0&#8243; woodmart_disable_overflow=&#8221;0&#8243; woodmart_css_id=&#8221;6216a605d383c&#8221; responsive_spacing=&#8221;eyJwYXJhbV90eXBlIjoid29vZG1hcnRfcmVzcG9uc2l2ZV9zcGFjaW5nIiwic2VsZWN0b3JfaWQiOiI2MjE2YTYwNWQzODNjIiwic2hvcnRjb2RlIjoidmNfcm93IiwiZGF0YSI6eyJ0YWJsZXQiOnt9LCJtb2JpbGUiOnt9fX0=&#8221; woodmart_box_shadow=&#8221;no&#8221; wd_z_index=&#8221;no&#8221;][vc_column width=&#8221;1\/6&#8243;][\/vc_column][vc_column width=&#8221;2\/3&#8243;][vc_column_text woodmart_inline=&#8221;no&#8221; text_larger=&#8221;no&#8221;] Cannabidiol (CBD) anses inte","og_url":"https:\/\/medilution.com\/sv\/lagen-och-cbd\/","og_site_name":"Medilution","article_modified_time":"2023-08-01T09:18:57+00:00","twitter_card":"summary_large_image","twitter_misc":{"Ber\u00e4knad l\u00e4stid":"3 minuter"},"schema":{"@context":"https:\/\/schema.org","@graph":[{"@type":"WebPage","@id":"https:\/\/medilution.com\/sv\/lagen-och-cbd\/","url":"https:\/\/medilution.com\/sv\/lagen-och-cbd\/","name":"Lagen och CBD - Medilution","isPartOf":{"@id":"https:\/\/medilution.com\/sv\/#website"},"datePublished":"2021-11-03T19:34:32+00:00","dateModified":"2023-08-01T09:18:57+00:00","breadcrumb":{"@id":"https:\/\/medilution.com\/sv\/lagen-och-cbd\/#breadcrumb"},"inLanguage":"sv-SE","potentialAction":[{"@type":"ReadAction","target":["https:\/\/medilution.com\/sv\/lagen-och-cbd\/"]}]},{"@type":"BreadcrumbList","@id":"https:\/\/medilution.com\/sv\/lagen-och-cbd\/#breadcrumb","itemListElement":[{"@type":"ListItem","position":1,"name":"Home","item":"https:\/\/medilution.com\/sv\/"},{"@type":"ListItem","position":2,"name":"Lagen och CBD"}]},{"@type":"WebSite","@id":"https:\/\/medilution.com\/sv\/#website","url":"https:\/\/medilution.com\/sv\/","name":"Medilution","description":"Unlock Wellness with CBD and Lion\u2019s Mane Excellence","publisher":{"@id":"https:\/\/medilution.com\/sv\/#organization"},"potentialAction":[{"@type":"SearchAction","target":{"@type":"EntryPoint","urlTemplate":"https:\/\/medilution.com\/sv\/?s={search_term_string}"},"query-input":{"@type":"PropertyValueSpecification","valueRequired":true,"valueName":"search_term_string"}}],"inLanguage":"sv-SE"},{"@type":"Organization","@id":"https:\/\/medilution.com\/sv\/#organization","name":"Medilution","url":"https:\/\/medilution.com\/sv\/","logo":{"@type":"ImageObject","inLanguage":"sv-SE","@id":"https:\/\/medilution.com\/sv\/#\/schema\/logo\/image\/","url":"https:\/\/medilution.com\/wp-content\/uploads\/2021\/04\/medilution-logo-web.png","contentUrl":"https:\/\/medilution.com\/wp-content\/uploads\/2021\/04\/medilution-logo-web.png","width":400,"height":460,"caption":"Medilution"},"image":{"@id":"https:\/\/medilution.com\/sv\/#\/schema\/logo\/image\/"},"sameAs":["https:\/\/www.instagram.com\/medilution\/"]}]}},"jetpack-related-posts":[{"id":8142,"url":"https:\/\/medilution.com\/sv\/cbd-oljedroppar\/","url_meta":{"origin":8186,"position":0},"title":"CBD Olja","author":"medilutionadmin","date":"19\/05\/2021","format":false,"excerpt":"[vc_row full_width=\"stretch_row\" el_class=\"opacity-video-bg\" css=\".vc_custom_1721998185845{margin-top: -60px !important;margin-bottom: 8vh !important;padding-top: 20vh !important;padding-bottom: 20vh !important;background-image: url(https:\/\/cbdmedilution.com\/wp-content\/uploads\/2021\/05\/ladywithcbd-1.jpg?id=7578) !important;background-position: center !important;background-repeat: no-repeat !important;background-size: cover !important;}\" mobile_bg_img_hidden=\"no\" tablet_bg_img_hidden=\"no\" woodmart_parallax=\"0\" woodmart_gradient_switch=\"no\" row_reverse_mobile=\"0\" row_reverse_tablet=\"0\" woodmart_disable_overflow=\"0\" woodmart_css_id=\"66a39b598f145\" responsive_spacing=\"eyJwYXJhbV90eXBlIjoid29vZG1hcnRfcmVzcG9uc2l2ZV9zcGFjaW5nIiwic2VsZWN0b3JfaWQiOiI2NmEzOWI1OThmMTQ1Iiwic2hvcnRjb2RlIjoidmNfcm93IiwiZGF0YSI6eyJ0YWJsZXQiOnt9LCJtb2JpbGUiOnt9fX0=\" woodmart_box_shadow=\"no\" wd_z_index=\"no\"][vc_column css=\".vc_custom_1499517305703{padding-top: 0px !important;}\" el_class=\"text-center\"][vc_custom_heading text=\"CBD OLJA\" font_container=\"tag:h5|font_size:16|text_align:left|color:rgba(255%2C255%2C255%2C0.8)\" use_theme_fonts=\"yes\" css=\".vc_custom_1721998336312{margin-bottom: 10px !important;}\" el_class=\"visible-lg\"][\/vc_column][\/vc_row][vc_row css=\".vc_custom_1499600383384{margin-bottom: 8vh !important;}\"][vc_column offset=\"vc_col-lg-offset-2 vc_col-lg-8 vc_col-md-offset-2 vc_col-md-8\u2026","rel":"","context":"Liknande inl\u00e4gg","block_context":{"text":"Liknande inl\u00e4gg","link":""},"img":{"alt_text":"","src":"","width":0,"height":0},"classes":[]},{"id":8249,"url":"https:\/\/medilution.com\/sv\/cbd-friskrivningsklausul\/","url_meta":{"origin":8186,"position":1},"title":"CBD Friskrivningsklausul","author":"Johan","date":"13\/08\/2021","format":false,"excerpt":"[vc_row mobile_bg_img_hidden=\"no\" tablet_bg_img_hidden=\"no\" woodmart_parallax=\"0\" woodmart_gradient_switch=\"no\" row_reverse_mobile=\"0\" row_reverse_tablet=\"0\" woodmart_disable_overflow=\"0\"][vc_column width=\"1\/6\"][\/vc_column][vc_column width=\"2\/3\"][vc_column_text text_larger=\"no\" woodmart_inline=\"no\"] Cannabidiol (CBD) \u00e4r en naturlig best\u00e5ndsdel i hampa och \u00e4r ett kosttillskott. V\u00e5ra produkter \u00e4r inte avsedda att diagnostisera, behandla, bota eller f\u00f6rebygga n\u00e5gon sjukdom. L\u00e4nkar fr\u00e5n denna webbplats till andra webbplatser utg\u00f6r inte ett st\u00f6d, varken h\u00e4rledd\u2026","rel":"","context":"Liknande inl\u00e4gg","block_context":{"text":"Liknande inl\u00e4gg","link":""},"img":{"alt_text":"","src":"","width":0,"height":0},"classes":[]},{"id":8184,"url":"https:\/\/medilution.com\/sv\/","url_meta":{"origin":8186,"position":2},"title":"CBD-SHOP","author":"medilutionadmin","date":"22\/09\/2017","format":false,"excerpt":"[vc_row full_width=\"stretch_row_content\" mobile_bg_img_hidden=\"no\" tablet_bg_img_hidden=\"no\" woodmart_parallax=\"0\" woodmart_gradient_switch=\"no\" row_reverse_mobile=\"0\" row_reverse_tablet=\"0\" woodmart_disable_overflow=\"0\" css=\".vc_custom_1704977477981{margin-top: -80px !important;background-color: #000000 !important;}\" woodmart_css_id=\"659fe43e05a3b\" responsive_spacing=\"eyJwYXJhbV90eXBlIjoid29vZG1hcnRfcmVzcG9uc2l2ZV9zcGFjaW5nIiwic2VsZWN0b3JfaWQiOiI2NTlmZTQzZTA1YTNiIiwic2hvcnRjb2RlIjoidmNfcm93IiwiZGF0YSI6eyJ0YWJsZXQiOnt9LCJtb2JpbGUiOnt9fX0=\" woodmart_box_shadow=\"no\" wd_z_index=\"no\"][vc_column][\/vc_column][\/vc_row][vc_row full_width=\"stretch_row\" css=\".vc_custom_1691397861833{background-color: #000000 !important;}\" mobile_bg_img_hidden=\"no\" tablet_bg_img_hidden=\"no\" woodmart_parallax=\"0\" woodmart_gradient_switch=\"no\" row_reverse_mobile=\"0\" row_reverse_tablet=\"0\" woodmart_disable_overflow=\"0\" woodmart_css_id=\"64d0aed4433b8\" responsive_spacing=\"eyJwYXJhbV90eXBlIjoid29vZG1hcnRfcmVzcG9uc2l2ZV9zcGFjaW5nIiwic2VsZWN0b3JfaWQiOiI2NGQwYWVkNDQzM2I4Iiwic2hvcnRjb2RlIjoidmNfcm93IiwiZGF0YSI6eyJ0YWJsZXQiOnt9LCJtb2JpbGUiOnt9fX0=\" woodmart_box_shadow=\"no\" wd_z_index=\"no\"][vc_column][vc_row_inner equal_height=\"yes\" row_reverse_mobile=\"0\" row_reverse_tablet=\"0\" css=\".vc_custom_1621459244825{margin-bottom: 40px !important;}\"][vc_column_inner width=\"1\/2\"][\/vc_column_inner][vc_column_inner width=\"1\/2\"][vc_empty_space height=\"30px\" woodmart_hide_large=\"0\" woodmart_hide_medium=\"0\" woodmart_hide_small=\"0\" woodmart_hide_extra_small=\"0\"][\/vc_column_inner][\/vc_row_inner][\/vc_column][\/vc_row][vc_row][vc_column width=\"1\/6\"][\/vc_column][vc_column width=\"2\/3\"][vc_separator][\/vc_column][vc_column width=\"1\/6\"][\/vc_column][\/vc_row][vc_row css=\".vc_custom_1621407114154{margin-top:\u2026","rel":"","context":"Liknande inl\u00e4gg","block_context":{"text":"Liknande inl\u00e4gg","link":""},"img":{"alt_text":"","src":"","width":0,"height":0},"classes":[]},{"id":8136,"url":"https:\/\/medilution.com\/sv\/cbd-kramer-och-balsam\/","url_meta":{"origin":8186,"position":3},"title":"CBD Kr\u00e4mer och Balsam","author":"medilutionadmin","date":"19\/05\/2021","format":false,"excerpt":"[vc_row full_width=\"stretch_row\" el_class=\"opacity-video-bg\" css=\".vc_custom_1721998469376{margin-top: -60px !important;margin-bottom: 8vh !important;padding-top: 20vh !important;padding-bottom: 20vh !important;background-image: url(https:\/\/cbdmedilution.com\/wp-content\/uploads\/2023\/07\/Couple-Running-Longevity.png?id=10177) !important;background-position: center !important;background-repeat: no-repeat !important;background-size: cover !important;}\" mobile_bg_img_hidden=\"no\" tablet_bg_img_hidden=\"no\" woodmart_parallax=\"0\" woodmart_gradient_switch=\"no\" row_reverse_mobile=\"0\" row_reverse_tablet=\"0\" woodmart_disable_overflow=\"0\" woodmart_css_id=\"66a39c33be3a2\" responsive_spacing=\"eyJwYXJhbV90eXBlIjoid29vZG1hcnRfcmVzcG9uc2l2ZV9zcGFjaW5nIiwic2VsZWN0b3JfaWQiOiI2NmEzOWMzM2JlM2EyIiwic2hvcnRjb2RlIjoidmNfcm93IiwiZGF0YSI6eyJ0YWJsZXQiOnt9LCJtb2JpbGUiOnt9fX0=\" woodmart_box_shadow=\"no\" wd_z_index=\"no\"][vc_column css=\".vc_custom_1499517305703{padding-top: 0px !important;}\" el_class=\"text-center\"][vc_custom_heading text=\"CBD KR\u00c4MER & BALSAM\" font_container=\"tag:h5|font_size:16|text_align:right|color:rgba(255%2C255%2C255%2C0.8)\" use_theme_fonts=\"yes\" css=\".vc_custom_1690880851238{margin-bottom: 10px !important;}\" el_class=\"visible-lg\"][\/vc_column][\/vc_row][vc_row css=\".vc_custom_1499600383384{margin-bottom: 8vh !important;}\"][vc_column offset=\"vc_col-lg-offset-2 vc_col-lg-8\u2026","rel":"","context":"Liknande inl\u00e4gg","block_context":{"text":"Liknande inl\u00e4gg","link":""},"img":{"alt_text":"","src":"","width":0,"height":0},"classes":[]},{"id":8243,"url":"https:\/\/medilution.com\/sv\/affiliate-ambassador-agreement\/","url_meta":{"origin":8186,"position":4},"title":"Affiliate &amp; Ambassador Agreement","author":"medilutionadmin","date":"30\/07\/2021","format":false,"excerpt":"[vc_row css=\".vc_custom_1499600383384{margin-bottom: 8vh !important;}\"][vc_column offset=\"vc_col-lg-offset-2 vc_col-lg-8 vc_col-md-offset-2 vc_col-md-8 vc_col-sm-offset-0\" css=\".vc_custom_1643816985128{padding-top: 0px !important;}\" woodmart_css_id=\"61faa802ced99\" parallax_scroll=\"no\" woodmart_sticky_column=\"false\" wd_collapsible_content_switcher=\"no\" mobile_bg_img_hidden=\"no\" tablet_bg_img_hidden=\"no\" woodmart_parallax=\"0\" woodmart_box_shadow=\"no\" mobile_reset_margin=\"no\" tablet_reset_margin=\"no\" wd_z_index=\"no\" responsive_spacing=\"eyJwYXJhbV90eXBlIjoid29vZG1hcnRfcmVzcG9uc2l2ZV9zcGFjaW5nIiwic2VsZWN0b3JfaWQiOiI2MWZhYTgwMmNlZDk5Iiwic2hvcnRjb2RlIjoidmNfY29sdW1uIiwiZGF0YSI6eyJ0YWJsZXQiOnt9LCJtb2JpbGUiOnt9fX0=\"][vc_column_text text_larger=\"no\"][\/vc_column_text][vc_column_text css=\"\" text_larger=\"no\" woodmart_inline=\"no\"] Vi uppskattar v\u00e5ra affiliates och ambassad\u00f6rer, och vi g\u00f6r v\u00e5rt b\u00e4sta f\u00f6r att uppmuntra dig att bygga upp din verksamhet med oss.\u2026","rel":"","context":"Liknande inl\u00e4gg","block_context":{"text":"Liknande inl\u00e4gg","link":""},"img":{"alt_text":"","src":"","width":0,"height":0},"classes":[]},{"id":8129,"url":"https:\/\/medilution.com\/sv\/allmanna-villkor\/","url_meta":{"origin":8186,"position":5},"title":"Allm\u00e4nna Villkor","author":"medilutionadmin","date":"19\/05\/2021","format":false,"excerpt":"VILLKOR Senast uppdaterad 5 november 2021 BINDANDE VILLKOR Dessa allm\u00e4nna villkor p\u00e5 engelska utg\u00f6r ett juridiskt bindande avtal som ing\u00e5tts mellan dig, antingen personligen eller p\u00e5 uppdrag av en enhet (\"du\") och Medilution BV (\"Company\", \"vi\", \"oss\" eller \"v\u00e5r\"), ang\u00e5ende din \u00e5tkomst till och anv\u00e4ndning av webbplatsen medilution.com samt alla\u2026","rel":"","context":"Liknande inl\u00e4gg","block_context":{"text":"Liknande inl\u00e4gg","link":""},"img":{"alt_text":"","src":"","width":0,"height":0},"classes":[]}],"jetpack_sharing_enabled":true,"_links":{"self":[{"href":"https:\/\/medilution.com\/sv\/wp-json\/wp\/v2\/pages\/8186","targetHints":{"allow":["GET"]}}],"collection":[{"href":"https:\/\/medilution.com\/sv\/wp-json\/wp\/v2\/pages"}],"about":[{"href":"https:\/\/medilution.com\/sv\/wp-json\/wp\/v2\/types\/page"}],"author":[{"embeddable":true,"href":"https:\/\/medilution.com\/sv\/wp-json\/wp\/v2\/users\/2"}],"replies":[{"embeddable":true,"href":"https:\/\/medilution.com\/sv\/wp-json\/wp\/v2\/comments?post=8186"}],"version-history":[{"count":32,"href":"https:\/\/medilution.com\/sv\/wp-json\/wp\/v2\/pages\/8186\/revisions"}],"predecessor-version":[{"id":10352,"href":"https:\/\/medilution.com\/sv\/wp-json\/wp\/v2\/pages\/8186\/revisions\/10352"}],"wp:attachment":[{"href":"https:\/\/medilution.com\/sv\/wp-json\/wp\/v2\/media?parent=8186"}],"curies":[{"name":"wp","href":"https:\/\/api.w.org\/{rel}","templated":true}]}}