{"id":8163,"date":"2021-10-06T18:58:12","date_gmt":"2021-10-06T16:58:12","guid":{"rendered":"https:\/\/medilution.com\/cbd-prenumerationer\/"},"modified":"2024-01-12T12:19:04","modified_gmt":"2024-01-12T11:19:04","slug":"cbd-prenumerationer","status":"publish","type":"page","link":"https:\/\/medilution.com\/sv\/cbd-prenumerationer\/","title":{"rendered":"CBD Prenumerationer"},"content":{"rendered":"<div class=\"wpb-content-wrapper\"><p>[vc_row full_width=&#8221;stretch_row&#8221; el_class=&#8221;opacity-video-bg&#8221; css=&#8221;.vc_custom_1705058317310{margin-top: -100px !important;margin-bottom: 8vh !important;padding-top: 32vh !important;padding-bottom: 25vh !important;background-image: url(https:\/\/cbdmedilution.com\/wp-content\/uploads\/2021\/05\/yoga-girl-YL3N7FQ.jpg?id=7486) !important;background-position: center !important;background-repeat: no-repeat !important;background-size: cover !important;}&#8221; mobile_bg_img_hidden=&#8221;no&#8221; tablet_bg_img_hidden=&#8221;no&#8221; woodmart_parallax=&#8221;0&#8243; woodmart_gradient_switch=&#8221;no&#8221; row_reverse_mobile=&#8221;0&#8243; row_reverse_tablet=&#8221;0&#8243; woodmart_disable_overflow=&#8221;0&#8243; woodmart_css_id=&#8221;65a11fdc37fdc&#8221; responsive_spacing=&#8221;eyJwYXJhbV90eXBlIjoid29vZG1hcnRfcmVzcG9uc2l2ZV9zcGFjaW5nIiwic2VsZWN0b3JfaWQiOiI2NWExMWZkYzM3ZmRjIiwic2hvcnRjb2RlIjoidmNfcm93IiwiZGF0YSI6eyJ0YWJsZXQiOnt9LCJtb2JpbGUiOnt9fX0=&#8221; woodmart_box_shadow=&#8221;no&#8221; wd_z_index=&#8221;no&#8221;][vc_column css=&#8221;.vc_custom_1499517305703{padding-top: 0px !important;}&#8221; el_class=&#8221;text-center&#8221;][vc_custom_heading text=&#8221;&#8221; font_container=&#8221;tag:h5|font_size:16|text_align:center|color:rgba(0%2C0%2C0%2C0.8)&#8221; use_theme_fonts=&#8221;yes&#8221; css=&#8221;.vc_custom_1690880270549{margin-bottom: 10px !important;}&#8221; el_class=&#8221;visible-lg&#8221;]\n\t\t<div id=\"wd-64c8c9128c11a\" class=\"title-wrapper wd-wpb wd-set-mb reset-last-child  wd-rs-64c8c9128c11a wd-title-color-white wd-title-style-default text-center  wd-width-enabled wd-title-empty wd-underline-colored\" style=\"--wd-max-width: 70%;\">\n\t\t\t\n\t\t\t<div class=\"liner-continer\">\n\t\t\t\t<h4 class=\"woodmart-title-container title  wd-font-weight- wd-fontsize-xxl\" ><\/h4>\n\t\t\t\t\t\t\t<\/div>\n\t\t\t\n\t\t\t\n\t\t\t\n\t\t<\/div>\n\t\t\n\t\t[\/vc_column][\/vc_row][vc_row css=&#8221;.vc_custom_1499600383384{margin-bottom: 8vh !important;}&#8221;][vc_column offset=&#8221;vc_col-lg-offset-2 vc_col-lg-8 vc_col-md-offset-2 vc_col-md-8 vc_col-sm-offset-0&#8243; css=&#8221;.vc_custom_1499599304156{padding-top: 0px !important;}&#8221;][vc_column_text text_larger=&#8221;no&#8221; woodmart_inline=&#8221;no&#8221;]<\/p>\n<h4>Med CBD \u00e4r kontinuitet nyckeln, s\u00e5 vi har nu gjort det \u00e4nnu enklare att dra nytta av f\u00f6rdelarna med dina favoritprodukter med \u00e5terkommande prenumerationsalternativ. Prenumerera helt enkelt p\u00e5 de produkter du v\u00e4ljer och f\u00e5 dem automatiskt skickade till dig utan stress eller kr\u00e5ngel. L\u00e4s mer om v\u00e5rt prenumerationsprogram nedan och registrera dig idag!<\/h4>\n<p>[\/vc_column_text][vc_row_inner][vc_column_inner css=&#8221;.vc_custom_1494857398526{padding-top: 0px !important;}&#8221;][vc_column_text css=&#8221;.vc_custom_1637597291284{margin-bottom: 20px !important;}&#8221; text_larger=&#8221;no&#8221; woodmart_inline=&#8221;no&#8221;]<strong>PRENUMERERA &amp; SPARA 15%<\/strong><br \/>\nVi \u00e4r glada \u00f6ver att kunna erbjuda m\u00e5nads- och tv\u00e5m\u00e5nadersprenumerationer. Vi \u00e4r glada att du v\u00e4ljer Medilution och bel\u00f6nar ditt engagemang med 15 % rabatt p\u00e5 alla \u00e5terkommande best\u00e4llningar av de CBD-produkter du v\u00e4ljer.<\/p>\n<p><strong>PROBLEMFRI SHOPPING<\/strong><br \/>\nPrenumerera p\u00e5 dina favoritprodukter och f\u00e5 dem automatiskt till din d\u00f6rr. V\u00e4lj mellan m\u00e5nads- eller tv\u00e5m\u00e5nadersprenumerationer.<\/p>\n<p><strong>GRATIS LEVERANS P\u00c5 ALLA BEST\u00c4LLNINGAR<\/strong><br \/>\nF\u00f6r att ytterligare st\u00f6dja din resa till friskv\u00e5rd erbjuder vi snabb och gratis frakt p\u00e5 alla prenumerationer.<\/p>\n<p><strong>HUR STYR JAG MIN PRENUMERATION? VAD G\u00d6R JAG OM JAG VILL AVBRYTA?<\/strong><br \/>\nLogga in p\u00e5 <strong><span style=\"color: #136e81;\"><a style=\"color: #136e81;\" href=\"https:\/\/medilution.com\/my-account\/\" target=\"_blank\" rel=\"noopener\">Mitt konto<\/a><\/span><\/strong> och v\u00e4lj &#8221;Mitt abonnemang&#8221;. H\u00e4r kan du f\u00e5 inblick i dina nuvarande prenumerationer, \u00e4ndra din best\u00e4llningsfrekvens, \u00e4ndra din styrka, pausa eller avbryta n\u00e4r som helst.<\/p>\n<p><strong>HUR DET FUNGERAR<\/strong><br \/>\nDet \u00e4r enkelt att prenumerera!<\/p>\n<p><strong>STEG 1<\/strong><br \/>\nV\u00e4lj produkt.<\/p>\n<p><strong>STEG 2<\/strong><br \/>\nV\u00e4lj en m\u00e5nads- eller tv\u00e5m\u00e5nadersprenumeration och f\u00e5 15% rabatt.<\/p>\n<p><strong>STEG 3<\/strong><br \/>\nLuta dig tillbaka, slappna av och f\u00e5 din CBD-produkt automatiskt skickad till din d\u00f6rr regelbundet.[\/vc_column_text][\/vc_column_inner][\/vc_row_inner][vc_column_text text_larger=&#8221;no&#8221;][\/vc_column_text][\/vc_column][\/vc_row]<\/p>\n<\/div>","protected":false},"excerpt":{"rendered":"<p>[vc_row full_width=&#8221;stretch_row&#8221; el_class=&#8221;opacity-video-bg&#8221; css=&#8221;.vc_custom_1705058317310{margin-top: -100px !important;margin-bottom: 8vh !important;padding-top: 32vh !important;padding-bottom: 25vh !important;background-image: url(https:\/\/cbdmedilution.com\/wp-content\/uploads\/2021\/05\/yoga-girl-YL3N7FQ.jpg?id=7486) !important;background-position: center !important;background-repeat: no-repeat !important;background-size: cover !important;}&#8221;<\/p>\n","protected":false},"author":2,"featured_media":0,"parent":0,"menu_order":0,"comment_status":"closed","ping_status":"closed","template":"","meta":{"footnotes":""},"class_list":["post-8163","page","type-page","status-publish","hentry"],"yoast_head":"<!-- This site is optimized with the Yoast SEO plugin v27.4 - https:\/\/yoast.com\/product\/yoast-seo-wordpress\/ -->\n<title>CBD Prenumerationer - Medilution<\/title>\n<meta name=\"description\" content=\"Prenumerera p\u00e5 Medilution CBD-produkter och f\u00e5 dem automatiskt till din d\u00f6rr och spara 15%.\" \/>\n<meta name=\"robots\" content=\"index, follow, max-snippet:-1, max-image-preview:large, max-video-preview:-1\" \/>\n<link rel=\"canonical\" href=\"https:\/\/medilution.com\/sv\/cbd-prenumerationer\/\" \/>\n<meta property=\"og:locale\" content=\"sv_SE\" \/>\n<meta property=\"og:type\" content=\"article\" \/>\n<meta property=\"og:title\" content=\"CBD Prenumerationer - Medilution\" \/>\n<meta property=\"og:description\" content=\"Prenumerera p\u00e5 Medilution CBD-produkter och f\u00e5 dem automatiskt till din d\u00f6rr och spara 15%.\" \/>\n<meta property=\"og:url\" content=\"https:\/\/medilution.com\/sv\/cbd-prenumerationer\/\" \/>\n<meta property=\"og:site_name\" content=\"Medilution\" \/>\n<meta property=\"article:modified_time\" content=\"2024-01-12T11:19:04+00:00\" \/>\n<meta name=\"twitter:card\" content=\"summary_large_image\" \/>\n<meta name=\"twitter:label1\" content=\"Ber\u00e4knad l\u00e4stid\" \/>\n\t<meta name=\"twitter:data1\" content=\"3 minuter\" \/>\n<script type=\"application\/ld+json\" class=\"yoast-schema-graph\">{\"@context\":\"https:\\\/\\\/schema.org\",\"@graph\":[{\"@type\":\"WebPage\",\"@id\":\"https:\\\/\\\/medilution.com\\\/sv\\\/cbd-prenumerationer\\\/\",\"url\":\"https:\\\/\\\/medilution.com\\\/sv\\\/cbd-prenumerationer\\\/\",\"name\":\"CBD Prenumerationer - Medilution\",\"isPartOf\":{\"@id\":\"https:\\\/\\\/medilution.com\\\/sv\\\/#website\"},\"datePublished\":\"2021-10-06T16:58:12+00:00\",\"dateModified\":\"2024-01-12T11:19:04+00:00\",\"description\":\"Prenumerera p\u00e5 Medilution CBD-produkter och f\u00e5 dem automatiskt till din d\u00f6rr och spara 15%.\",\"breadcrumb\":{\"@id\":\"https:\\\/\\\/medilution.com\\\/sv\\\/cbd-prenumerationer\\\/#breadcrumb\"},\"inLanguage\":\"sv-SE\",\"potentialAction\":[{\"@type\":\"ReadAction\",\"target\":[\"https:\\\/\\\/medilution.com\\\/sv\\\/cbd-prenumerationer\\\/\"]}]},{\"@type\":\"BreadcrumbList\",\"@id\":\"https:\\\/\\\/medilution.com\\\/sv\\\/cbd-prenumerationer\\\/#breadcrumb\",\"itemListElement\":[{\"@type\":\"ListItem\",\"position\":1,\"name\":\"Home\",\"item\":\"https:\\\/\\\/medilution.com\\\/sv\\\/\"},{\"@type\":\"ListItem\",\"position\":2,\"name\":\"CBD Prenumerationer\"}]},{\"@type\":\"WebSite\",\"@id\":\"https:\\\/\\\/medilution.com\\\/sv\\\/#website\",\"url\":\"https:\\\/\\\/medilution.com\\\/sv\\\/\",\"name\":\"Medilution\",\"description\":\"Unlock Wellness with CBD and Lion\u2019s Mane Excellence\",\"publisher\":{\"@id\":\"https:\\\/\\\/medilution.com\\\/sv\\\/#organization\"},\"potentialAction\":[{\"@type\":\"SearchAction\",\"target\":{\"@type\":\"EntryPoint\",\"urlTemplate\":\"https:\\\/\\\/medilution.com\\\/sv\\\/?s={search_term_string}\"},\"query-input\":{\"@type\":\"PropertyValueSpecification\",\"valueRequired\":true,\"valueName\":\"search_term_string\"}}],\"inLanguage\":\"sv-SE\"},{\"@type\":\"Organization\",\"@id\":\"https:\\\/\\\/medilution.com\\\/sv\\\/#organization\",\"name\":\"Medilution\",\"url\":\"https:\\\/\\\/medilution.com\\\/sv\\\/\",\"logo\":{\"@type\":\"ImageObject\",\"inLanguage\":\"sv-SE\",\"@id\":\"https:\\\/\\\/medilution.com\\\/sv\\\/#\\\/schema\\\/logo\\\/image\\\/\",\"url\":\"https:\\\/\\\/medilution.com\\\/wp-content\\\/uploads\\\/2021\\\/04\\\/medilution-logo-web.png\",\"contentUrl\":\"https:\\\/\\\/medilution.com\\\/wp-content\\\/uploads\\\/2021\\\/04\\\/medilution-logo-web.png\",\"width\":400,\"height\":460,\"caption\":\"Medilution\"},\"image\":{\"@id\":\"https:\\\/\\\/medilution.com\\\/sv\\\/#\\\/schema\\\/logo\\\/image\\\/\"},\"sameAs\":[\"https:\\\/\\\/www.instagram.com\\\/medilution\\\/\"]}]}<\/script>\n<!-- \/ Yoast SEO plugin. -->","yoast_head_json":{"title":"CBD Prenumerationer - Medilution","description":"Prenumerera p\u00e5 Medilution CBD-produkter och f\u00e5 dem automatiskt till din d\u00f6rr och spara 15%.","robots":{"index":"index","follow":"follow","max-snippet":"max-snippet:-1","max-image-preview":"max-image-preview:large","max-video-preview":"max-video-preview:-1"},"canonical":"https:\/\/medilution.com\/sv\/cbd-prenumerationer\/","og_locale":"sv_SE","og_type":"article","og_title":"CBD Prenumerationer - Medilution","og_description":"Prenumerera p\u00e5 Medilution CBD-produkter och f\u00e5 dem automatiskt till din d\u00f6rr och spara 15%.","og_url":"https:\/\/medilution.com\/sv\/cbd-prenumerationer\/","og_site_name":"Medilution","article_modified_time":"2024-01-12T11:19:04+00:00","twitter_card":"summary_large_image","twitter_misc":{"Ber\u00e4knad l\u00e4stid":"3 minuter"},"schema":{"@context":"https:\/\/schema.org","@graph":[{"@type":"WebPage","@id":"https:\/\/medilution.com\/sv\/cbd-prenumerationer\/","url":"https:\/\/medilution.com\/sv\/cbd-prenumerationer\/","name":"CBD Prenumerationer - Medilution","isPartOf":{"@id":"https:\/\/medilution.com\/sv\/#website"},"datePublished":"2021-10-06T16:58:12+00:00","dateModified":"2024-01-12T11:19:04+00:00","description":"Prenumerera p\u00e5 Medilution CBD-produkter och f\u00e5 dem automatiskt till din d\u00f6rr och spara 15%.","breadcrumb":{"@id":"https:\/\/medilution.com\/sv\/cbd-prenumerationer\/#breadcrumb"},"inLanguage":"sv-SE","potentialAction":[{"@type":"ReadAction","target":["https:\/\/medilution.com\/sv\/cbd-prenumerationer\/"]}]},{"@type":"BreadcrumbList","@id":"https:\/\/medilution.com\/sv\/cbd-prenumerationer\/#breadcrumb","itemListElement":[{"@type":"ListItem","position":1,"name":"Home","item":"https:\/\/medilution.com\/sv\/"},{"@type":"ListItem","position":2,"name":"CBD Prenumerationer"}]},{"@type":"WebSite","@id":"https:\/\/medilution.com\/sv\/#website","url":"https:\/\/medilution.com\/sv\/","name":"Medilution","description":"Unlock Wellness with CBD and Lion\u2019s Mane Excellence","publisher":{"@id":"https:\/\/medilution.com\/sv\/#organization"},"potentialAction":[{"@type":"SearchAction","target":{"@type":"EntryPoint","urlTemplate":"https:\/\/medilution.com\/sv\/?s={search_term_string}"},"query-input":{"@type":"PropertyValueSpecification","valueRequired":true,"valueName":"search_term_string"}}],"inLanguage":"sv-SE"},{"@type":"Organization","@id":"https:\/\/medilution.com\/sv\/#organization","name":"Medilution","url":"https:\/\/medilution.com\/sv\/","logo":{"@type":"ImageObject","inLanguage":"sv-SE","@id":"https:\/\/medilution.com\/sv\/#\/schema\/logo\/image\/","url":"https:\/\/medilution.com\/wp-content\/uploads\/2021\/04\/medilution-logo-web.png","contentUrl":"https:\/\/medilution.com\/wp-content\/uploads\/2021\/04\/medilution-logo-web.png","width":400,"height":460,"caption":"Medilution"},"image":{"@id":"https:\/\/medilution.com\/sv\/#\/schema\/logo\/image\/"},"sameAs":["https:\/\/www.instagram.com\/medilution\/"]}]}},"jetpack-related-posts":[{"id":7992,"url":"https:\/\/medilution.com\/affiliate-program\/","url_meta":{"origin":8163,"position":0},"title":"Affiliate Program","author":"Johan","date":"04\/02\/2022","format":false,"excerpt":"[vc_row full_width=\"stretch_row\" el_class=\"opacity-video-bg\" css=\".vc_custom_1705050465690{margin-top: -100px !important;margin-bottom: 8vh !important;padding-top: 32vh !important;padding-bottom: 25vh !important;background-image: url(https:\/\/cbdmedilution.com\/wp-content\/uploads\/2022\/01\/image-2.jpeg?id=7957) !important;background-position: center !important;background-repeat: no-repeat !important;background-size: cover !important;}\" mobile_bg_img_hidden=\"no\" tablet_bg_img_hidden=\"no\" woodmart_parallax=\"0\" woodmart_gradient_switch=\"no\" row_reverse_mobile=\"0\" row_reverse_tablet=\"0\" woodmart_disable_overflow=\"0\" woodmart_css_id=\"65a1012eee45e\" responsive_spacing=\"eyJwYXJhbV90eXBlIjoid29vZG1hcnRfcmVzcG9uc2l2ZV9zcGFjaW5nIiwic2VsZWN0b3JfaWQiOiI2NWExMDEyZWVlNDVlIiwic2hvcnRjb2RlIjoidmNfcm93IiwiZGF0YSI6eyJ0YWJsZXQiOnt9LCJtb2JpbGUiOnt9fX0=\" woodmart_box_shadow=\"no\" wd_z_index=\"no\"][vc_column css=\".vc_custom_1499517305703{padding-top: 0px !important;}\" el_class=\"text-center\"][vc_custom_heading text=\"Join Our Team\" font_container=\"tag:h5|font_size:16|text_align:center|color:rgba(255%2C255%2C255%2C0.8)\" use_theme_fonts=\"yes\" css=\".vc_custom_1644879323437{margin-bottom: 10px !important;}\" el_class=\"visible-lg\"][\/vc_column][\/vc_row][vc_row woodmart_css_id=\"620990a65f39f\" responsive_spacing=\"eyJwYXJhbV90eXBlIjoid29vZG1hcnRfcmVzcG9uc2l2ZV9zcGFjaW5nIiwic2VsZWN0b3JfaWQiOiI2MjA5OTBhNjVmMzlmIiwic2hvcnRjb2RlIjoidmNfcm93IiwiZGF0YSI6eyJ0YWJsZXQiOnt9LCJtb2JpbGUiOnt9fX0=\" mobile_bg_img_hidden=\"no\" tablet_bg_img_hidden=\"no\" woodmart_parallax=\"0\" woodmart_gradient_switch=\"no\"\u2026","rel":"","context":"Liknande inl\u00e4gg","block_context":{"text":"Liknande inl\u00e4gg","link":""},"img":{"alt_text":"","src":"","width":0,"height":0},"classes":[]},{"id":1309,"url":"https:\/\/medilution.com\/track-order\/","url_meta":{"origin":8163,"position":1},"title":"Track order","author":"medilutionadmin","date":"11\/01\/2018","format":false,"excerpt":"[vc_row full_width=\"stretch_row\" css=\".vc_custom_1515665484102{margin-bottom: 8vh !important;padding-top: 20vh !important;padding-bottom: 16vh !important;background-image: url(http:\/\/dummy.xtemos.com\/woodmart\/demos\/wp-content\/uploads\/sites\/2\/2017\/06\/wood-main-dark-bg.jpg?id=246) !important;}\"][vc_column woodmart_color_scheme=\"light\" offset=\"vc_col-lg-offset-2 vc_col-lg-8\"][\/vc_column][\/vc_row][vc_row css=\".vc_custom_1497900090238{margin-right: -40px !important;margin-bottom: 5vh !important;margin-left: -40px !important;}\"][vc_column width=\"1\/3\" css=\".vc_custom_1497899693264{padding-top: 0px !important;padding-right: 40px !important;padding-left: 40px !important;}\"][\/vc_column][vc_column width=\"1\/3\" css=\".vc_custom_1497899686135{padding-top: 0px !important;padding-right: 40px !important;padding-left: 40px !important;}\"][\/vc_column][vc_column width=\"1\/3\" css=\".vc_custom_1497899679300{padding-top: 0px !important;padding-right: 40px !important;padding-left: 40px !important;}\"][\/vc_column][\/vc_row][vc_row css=\".vc_custom_1497900098982{margin-bottom: 8vh !important;}\"][vc_column][vc_separator color=\"custom\" accent_color=\"rgba(129,129,129,0.2)\"\u2026","rel":"","context":"Liknande inl\u00e4gg","block_context":{"text":"Liknande inl\u00e4gg","link":""},"img":{"alt_text":"","src":"","width":0,"height":0},"classes":[]},{"id":8189,"url":"https:\/\/medilution.com\/sv\/affiliate-program\/","url_meta":{"origin":8163,"position":2},"title":"Affiliate Program","author":"Johan","date":"04\/02\/2022","format":false,"excerpt":"[vc_row full_width=\"stretch_row\" el_class=\"opacity-video-bg\" css=\".vc_custom_1705050465690{margin-top: -100px !important;margin-bottom: 8vh !important;padding-top: 32vh !important;padding-bottom: 25vh !important;background-image: url(https:\/\/cbdmedilution.com\/wp-content\/uploads\/2022\/01\/image-2.jpeg?id=7957) !important;background-position: center !important;background-repeat: no-repeat !important;background-size: cover !important;}\" mobile_bg_img_hidden=\"no\" tablet_bg_img_hidden=\"no\" woodmart_parallax=\"0\" woodmart_gradient_switch=\"no\" row_reverse_mobile=\"0\" row_reverse_tablet=\"0\" woodmart_disable_overflow=\"0\" woodmart_css_id=\"65a1012eee45e\" responsive_spacing=\"eyJwYXJhbV90eXBlIjoid29vZG1hcnRfcmVzcG9uc2l2ZV9zcGFjaW5nIiwic2VsZWN0b3JfaWQiOiI2NWExMDEyZWVlNDVlIiwic2hvcnRjb2RlIjoidmNfcm93IiwiZGF0YSI6eyJ0YWJsZXQiOnt9LCJtb2JpbGUiOnt9fX0=\" woodmart_box_shadow=\"no\" wd_z_index=\"no\"][vc_column css=\".vc_custom_1499517305703{padding-top: 0px !important;}\" el_class=\"text-center\"][vc_custom_heading text=\"G\u00e5 med i v\u00e5rt team\" font_container=\"tag:h5|font_size:16|text_align:center|color:rgba(255%2C255%2C255%2C0.8)\" use_theme_fonts=\"yes\" css=\".vc_custom_1644879323437{margin-bottom: 10px !important;}\" el_class=\"visible-lg\"][\/vc_column][\/vc_row][vc_row woodmart_css_id=\"620990a65f39f\" responsive_spacing=\"eyJwYXJhbV90eXBlIjoid29vZG1hcnRfcmVzcG9uc2l2ZV9zcGFjaW5nIiwic2VsZWN0b3JfaWQiOiI2MjA5OTBhNjVmMzlmIiwic2hvcnRjb2RlIjoidmNfcm93IiwiZGF0YSI6eyJ0YWJsZXQiOnt9LCJtb2JpbGUiOnt9fX0=\" mobile_bg_img_hidden=\"no\" tablet_bg_img_hidden=\"no\"\u2026","rel":"","context":"Liknande inl\u00e4gg","block_context":{"text":"Liknande inl\u00e4gg","link":""},"img":{"alt_text":"","src":"","width":0,"height":0},"classes":[]},{"id":9935,"url":"https:\/\/medilution.com\/de\/partnerprogramm\/","url_meta":{"origin":8163,"position":3},"title":"Partnerprogramm","author":"Johan","date":"04\/02\/2022","format":false,"excerpt":"[vc_row full_width=\"stretch_row\" el_class=\"opacity-video-bg\" css=\".vc_custom_1705050465690{margin-top: -100px !important;margin-bottom: 8vh !important;padding-top: 32vh !important;padding-bottom: 25vh !important;background-image: url(https:\/\/cbdmedilution.com\/wp-content\/uploads\/2022\/01\/image-2.jpeg?id=7957) !important;background-position: center !important;background-repeat: no-repeat !important;background-size: cover !important;}\" mobile_bg_img_hidden=\"no\" tablet_bg_img_hidden=\"no\" woodmart_parallax=\"0\" woodmart_gradient_switch=\"no\" row_reverse_mobile=\"0\" row_reverse_tablet=\"0\" woodmart_disable_overflow=\"0\" woodmart_css_id=\"65a1012eee45e\" responsive_spacing=\"eyJwYXJhbV90eXBlIjoid29vZG1hcnRfcmVzcG9uc2l2ZV9zcGFjaW5nIiwic2VsZWN0b3JfaWQiOiI2NWExMDEyZWVlNDVlIiwic2hvcnRjb2RlIjoidmNfcm93IiwiZGF0YSI6eyJ0YWJsZXQiOnt9LCJtb2JpbGUiOnt9fX0=\" woodmart_box_shadow=\"no\" wd_z_index=\"no\"][vc_column css=\".vc_custom_1499517305703{padding-top: 0px !important;}\" el_class=\"text-center\"][vc_custom_heading text=\"Unserem Team beitreten\" font_container=\"tag:h5|font_size:16|text_align:center|color:rgba(255%2C255%2C255%2C0.8)\" use_theme_fonts=\"yes\" css=\".vc_custom_1644879323437{margin-bottom: 10px !important;}\" el_class=\"visible-lg\"][\/vc_column][\/vc_row][vc_row woodmart_css_id=\"620990a65f39f\" responsive_spacing=\"eyJwYXJhbV90eXBlIjoid29vZG1hcnRfcmVzcG9uc2l2ZV9zcGFjaW5nIiwic2VsZWN0b3JfaWQiOiI2MjA5OTBhNjVmMzlmIiwic2hvcnRjb2RlIjoidmNfcm93IiwiZGF0YSI6eyJ0YWJsZXQiOnt9LCJtb2JpbGUiOnt9fX0=\" mobile_bg_img_hidden=\"no\" tablet_bg_img_hidden=\"no\" woodmart_parallax=\"0\" woodmart_gradient_switch=\"no\"\u2026","rel":"","context":"Liknande inl\u00e4gg","block_context":{"text":"Liknande inl\u00e4gg","link":""},"img":{"alt_text":"","src":"","width":0,"height":0},"classes":[]},{"id":1006,"url":"https:\/\/medilution.com\/cbd-shop\/","url_meta":{"origin":8163,"position":4},"title":"SHOP","author":"medilutionadmin","date":"22\/09\/2017","format":false,"excerpt":"[vc_row full_width=\"stretch_row_content\" full_height=\"yes\" equal_height=\"yes\" content_placement=\"middle\" woodmart_stretch_content=\"section-stretch-content-no-pd\" woodmart_bg_position=\"center-center\" mobile_bg_img_hidden=\"no\" tablet_bg_img_hidden=\"no\" woodmart_parallax=\"0\" woodmart_gradient_switch=\"no\" row_reverse_mobile=\"0\" row_reverse_tablet=\"0\" woodmart_disable_overflow=\"0\" css=\".vc_custom_1754932658320{margin-top: -80px !important;background: #000000 url(https:\/\/medilution.com\/wp-content\/uploads\/2025\/08\/Healty_Woman_with_Freckles.jpg?id=12135) !important;background-position: center !important;background-repeat: no-repeat !important;background-size: cover !important;}\" woodmart_css_id=\"689a255e38dd5\" responsive_spacing=\"eyJwYXJhbV90eXBlIjoid29vZG1hcnRfcmVzcG9uc2l2ZV9zcGFjaW5nIiwic2VsZWN0b3JfaWQiOiI2ODlhMjU1ZTM4ZGQ1Iiwic2hvcnRjb2RlIjoidmNfcm93IiwiZGF0YSI6eyJ0YWJsZXQiOnt9LCJtb2JpbGUiOnt9fX0=\" woodmart_box_shadow=\"no\" wd_z_index=\"no\"][vc_column woodmart_css_id=\"689a218c6a7c8\" parallax_scroll=\"no\" woodmart_sticky_column=\"false\" wd_collapsible_content_switcher=\"no\" wd_column_role_offcanvas_desktop=\"no\" wd_column_role_offcanvas_tablet=\"no\" wd_column_role_offcanvas_mobile=\"no\" wd_column_role_content_desktop=\"no\" wd_column_role_content_tablet=\"no\" wd_column_role_content_mobile=\"no\" mobile_bg_img_hidden=\"no\" tablet_bg_img_hidden=\"no\" woodmart_parallax=\"0\" woodmart_box_shadow=\"no\" responsive_spacing=\"eyJwYXJhbV90eXBlIjoid29vZG1hcnRfcmVzcG9uc2l2ZV9zcGFjaW5nIiwic2VsZWN0b3JfaWQiOiI2ODlhMjE4YzZhN2M4Iiwic2hvcnRjb2RlIjoidmNfY29sdW1uIiwiZGF0YSI6eyJ0YWJsZXQiOnt9LCJtb2JpbGUiOnt9fX0=\" mobile_reset_margin=\"no\" tablet_reset_margin=\"no\" wd_z_index=\"no\"][vc_row_inner css=\".vc_custom_1754933041344{margin-top: 40px\u2026","rel":"","context":"Liknande inl\u00e4gg","block_context":{"text":"Liknande inl\u00e4gg","link":""},"img":{"alt_text":"","src":"","width":0,"height":0},"classes":[]},{"id":11120,"url":"https:\/\/medilution.com\/boosted-food\/how-it-works\/","url_meta":{"origin":8163,"position":5},"title":"How it works","author":"medilutionadmin","date":"15\/11\/2021","format":false,"excerpt":"[vc_row][vc_column width=\"1\/6\"][\/vc_column][vc_column width=\"2\/3\"][vc_column_text woodmart_inline=\"no\" text_larger=\"no\"]There are more and more news reports about poor food quality in nursing homes around Sweden. Older people have been given food that does not meet nutritional or taste requirements. This is the result of various factors, including limited resources, lack of time, and lack of\u2026","rel":"","context":"Liknande inl\u00e4gg","block_context":{"text":"Liknande inl\u00e4gg","link":""},"img":{"alt_text":"","src":"https:\/\/i0.wp.com\/medilution.com\/wp-content\/uploads\/2023\/08\/Skarmavbild-2023-08-30-kl.-19.26.20.png?resize=350%2C200&ssl=1","width":350,"height":200},"classes":[]}],"jetpack_sharing_enabled":true,"_links":{"self":[{"href":"https:\/\/medilution.com\/sv\/wp-json\/wp\/v2\/pages\/8163","targetHints":{"allow":["GET"]}}],"collection":[{"href":"https:\/\/medilution.com\/sv\/wp-json\/wp\/v2\/pages"}],"about":[{"href":"https:\/\/medilution.com\/sv\/wp-json\/wp\/v2\/types\/page"}],"author":[{"embeddable":true,"href":"https:\/\/medilution.com\/sv\/wp-json\/wp\/v2\/users\/2"}],"replies":[{"embeddable":true,"href":"https:\/\/medilution.com\/sv\/wp-json\/wp\/v2\/comments?post=8163"}],"version-history":[{"count":26,"href":"https:\/\/medilution.com\/sv\/wp-json\/wp\/v2\/pages\/8163\/revisions"}],"predecessor-version":[{"id":11749,"href":"https:\/\/medilution.com\/sv\/wp-json\/wp\/v2\/pages\/8163\/revisions\/11749"}],"wp:attachment":[{"href":"https:\/\/medilution.com\/sv\/wp-json\/wp\/v2\/media?parent=8163"}],"curies":[{"name":"wp","href":"https:\/\/api.w.org\/{rel}","templated":true}]}}