{"id":8152,"date":"2017-06-26T14:07:05","date_gmt":"2017-06-26T12:07:05","guid":{"rendered":"https:\/\/medilution.com\/kontakt\/"},"modified":"2023-07-19T09:58:40","modified_gmt":"2023-07-19T07:58:40","slug":"kontakt","status":"publish","type":"page","link":"https:\/\/medilution.com\/sv\/kontakt\/","title":{"rendered":"Kontakt"},"content":{"rendered":"<div class=\"wpb-content-wrapper\"><p>[vc_row full_width=&#8221;stretch_row&#8221; el_class=&#8221;opacity-video-bg&#8221; css=&#8221;.vc_custom_1621461885625{margin-top: -100px !important;margin-bottom: 8vh !important;padding-top: 32vh !important;padding-bottom: 25vh !important;background-image: url(https:\/\/medilution.com\/wp-content\/uploads\/2021\/05\/yoga-girl-YL3N7FQ.jpg?id=7486) !important;background-position: center !important;background-repeat: no-repeat !important;background-size: cover !important;}&#8221; mobile_bg_img_hidden=&#8221;no&#8221; tablet_bg_img_hidden=&#8221;no&#8221; woodmart_parallax=&#8221;0&#8243; woodmart_gradient_switch=&#8221;no&#8221; row_reverse_mobile=&#8221;0&#8243; row_reverse_tablet=&#8221;0&#8243; woodmart_disable_overflow=&#8221;0&#8243;][vc_column css=&#8221;.vc_custom_1499517305703{padding-top: 0px !important;}&#8221; el_class=&#8221;text-center&#8221;]\n\t\t<div id=\"wd-60a58c73763f9\" class=\"title-wrapper wd-wpb wd-set-mb reset-last-child  wd-rs-60a58c73763f9 wd-title-color-white wd-title-style-default text-center  wd-width-enabled wd-underline-colored\" style=\"--wd-max-width: 50%;\">\n\t\t\t\t\t\t\t\n\t\t\t\t<div class=\"title-subtitle  subtitle-color-white font-default subtitle-style-default wd-font-weight- wd-fontsize-xs\">KONTAKTA OSS<\/div>\n\t\t\t\n\t\t\t<div class=\"liner-continer\">\n\t\t\t\t<h4 class=\"woodmart-title-container title  wd-font-weight- wd-fontsize-xxl\" >KONTAKTA OSS OM DU HAR N\u00c5GRA FR\u00c5GOR<\/h4>\n\t\t\t\t\t\t\t<\/div>\n\t\t\t\n\t\t\t\n\t\t\t\n\t\t<\/div>\n\t\t\n\t\t[\/vc_column][\/vc_row][vc_row][vc_column width=&#8221;1\/6&#8243;][\/vc_column][vc_column width=&#8221;2\/3&#8243;][vc_column_text text_larger=&#8221;no&#8221;]<\/p>\n<h3 style=\"text-align: center;\">TIPS: Du kanske hittar svar p\u00e5 din fr\u00e5ga p\u00e5 <a style=\"color: #348491;\" href=\"https:\/\/medilution.com\/sv\/information\/faq-och-betalnings-och-fraktinformation\/\">FAQ<\/a>.<\/h3>\n<p>[\/vc_column_text]\n<div class=\"wpcf7 no-js\" id=\"wpcf7-f9740-o1\" lang=\"sv-SE\" dir=\"ltr\" data-wpcf7-id=\"9740\">\n<div class=\"screen-reader-response\"><p role=\"status\" aria-live=\"polite\" aria-atomic=\"true\"><\/p> <ul><\/ul><\/div>\n<form action=\"\/sv\/wp-json\/wp\/v2\/pages\/8152#wpcf7-f9740-o1\" method=\"post\" class=\"wpcf7-form init\" aria-label=\"Kontaktformul\u00e4r\" novalidate=\"novalidate\" data-status=\"init\">\n<fieldset class=\"hidden-fields-container\"><input type=\"hidden\" name=\"_wpcf7\" value=\"9740\" \/><input type=\"hidden\" name=\"_wpcf7_version\" value=\"6.1.5\" \/><input type=\"hidden\" name=\"_wpcf7_locale\" value=\"sv_SE\" \/><input type=\"hidden\" name=\"_wpcf7_unit_tag\" value=\"wpcf7-f9740-o1\" \/><input type=\"hidden\" name=\"_wpcf7_container_post\" value=\"0\" \/><input type=\"hidden\" name=\"_wpcf7_posted_data_hash\" value=\"\" \/>\n<\/fieldset>\n<div class=\"row\">\n\t<div class=\"col-md-6\" style=\"margin-bottom:20px;\">\n\t\t<p><label>Ditt namn *<\/label><span class=\"wpcf7-form-control-wrap\" data-name=\"your-name\"><input size=\"40\" maxlength=\"400\" class=\"wpcf7-form-control wpcf7-text wpcf7-validates-as-required\" aria-required=\"true\" aria-invalid=\"false\" value=\"\" type=\"text\" name=\"your-name\" \/><\/span>\n\t\t<\/p>\n\t<\/div>\n\t<div class=\"col-md-6\" style=\"margin-bottom:20px;\">\n\t\t<p><label>Din e-postadress *<\/label><span class=\"wpcf7-form-control-wrap\" data-name=\"your-email\"><input size=\"40\" maxlength=\"400\" class=\"wpcf7-form-control wpcf7-email wpcf7-validates-as-required wpcf7-text wpcf7-validates-as-email\" aria-required=\"true\" aria-invalid=\"false\" value=\"\" type=\"email\" name=\"your-email\" \/><\/span>\n\t\t<\/p>\n\t<\/div>\n<\/div>\n<div class=\"row\">\n\t<div class=\"col-md-6\" style=\"margin-bottom:20px;\">\n\t\t<p><label>\u00c4mne *<\/label><span class=\"wpcf7-form-control-wrap\" data-name=\"subject\"><input size=\"40\" maxlength=\"400\" class=\"wpcf7-form-control wpcf7-text wpcf7-validates-as-required\" aria-required=\"true\" aria-invalid=\"false\" value=\"\" type=\"text\" name=\"subject\" \/><\/span>\n\t\t<\/p>\n\t<\/div>\n\t<div class=\"col-md-6\" style=\"margin-bottom:20px;\">\n\t\t<p><label>Telefonnummer<\/label><span class=\"wpcf7-form-control-wrap\" data-name=\"tel-767\"><input size=\"40\" maxlength=\"400\" class=\"wpcf7-form-control wpcf7-tel wpcf7-text wpcf7-validates-as-tel\" aria-invalid=\"false\" value=\"\" type=\"tel\" name=\"tel-767\" \/><\/span>\n\t\t<\/p>\n\t<\/div>\n<\/div>\n<p><label>Ditt meddelande<\/label><span class=\"wpcf7-form-control-wrap\" data-name=\"your-message\"><textarea cols=\"40\" rows=\"10\" maxlength=\"2000\" class=\"wpcf7-form-control wpcf7-textarea\" aria-invalid=\"false\" name=\"your-message\"><\/textarea><\/span>\n<\/p>\n<p><input class=\"wpcf7-form-control wpcf7-submit has-spinner btn-color-black\" type=\"submit\" value=\"ST\u00c4LL EN FR\u00c5GA\" \/>\n<\/p><div class=\"wpcf7-response-output\" aria-hidden=\"true\"><\/div>\n<\/form>\n<\/div>\n[\/vc_column][vc_column width=&#8221;1\/6&#8243;][\/vc_column][\/vc_row]<\/p>\n<\/div>","protected":false},"excerpt":{"rendered":"<p>[vc_row full_width=&#8221;stretch_row&#8221; el_class=&#8221;opacity-video-bg&#8221; css=&#8221;.vc_custom_1621461885625{margin-top: -100px !important;margin-bottom: 8vh !important;padding-top: 32vh !important;padding-bottom: 25vh !important;background-image: url(https:\/\/medilution.com\/wp-content\/uploads\/2021\/05\/yoga-girl-YL3N7FQ.jpg?id=7486) !important;background-position: center !important;background-repeat: no-repeat !important;background-size: cover !important;}&#8221;<\/p>\n","protected":false},"author":1,"featured_media":0,"parent":0,"menu_order":0,"comment_status":"closed","ping_status":"closed","template":"","meta":{"footnotes":""},"class_list":["post-8152","page","type-page","status-publish","hentry"],"yoast_head":"<!-- This site is optimized with the Yoast SEO plugin v27.4 - https:\/\/yoast.com\/product\/yoast-seo-wordpress\/ -->\n<title>Kontakt - Medilution<\/title>\n<meta name=\"robots\" content=\"index, follow, max-snippet:-1, max-image-preview:large, max-video-preview:-1\" \/>\n<link rel=\"canonical\" href=\"https:\/\/medilution.com\/sv\/kontakt\/\" \/>\n<meta property=\"og:locale\" content=\"sv_SE\" \/>\n<meta property=\"og:type\" content=\"article\" \/>\n<meta property=\"og:title\" content=\"Kontakt - Medilution\" \/>\n<meta property=\"og:description\" content=\"[vc_row full_width=&#8221;stretch_row&#8221; el_class=&#8221;opacity-video-bg&#8221; css=&#8221;.vc_custom_1621461885625{margin-top: -100px !important;margin-bottom: 8vh !important;padding-top: 32vh !important;padding-bottom: 25vh !important;background-image: url(https:\/\/medilution.com\/wp-content\/uploads\/2021\/05\/yoga-girl-YL3N7FQ.jpg?id=7486) !important;background-position: center !important;background-repeat: no-repeat !important;background-size: cover !important;}&#8221;\" \/>\n<meta property=\"og:url\" content=\"https:\/\/medilution.com\/sv\/kontakt\/\" \/>\n<meta property=\"og:site_name\" content=\"Medilution\" \/>\n<meta property=\"article:modified_time\" content=\"2023-07-19T07:58:40+00:00\" \/>\n<meta name=\"twitter:card\" content=\"summary_large_image\" \/>\n<meta name=\"twitter:label1\" content=\"Ber\u00e4knad l\u00e4stid\" \/>\n\t<meta name=\"twitter:data1\" content=\"1 minut\" \/>\n<script type=\"application\/ld+json\" class=\"yoast-schema-graph\">{\"@context\":\"https:\\\/\\\/schema.org\",\"@graph\":[{\"@type\":\"WebPage\",\"@id\":\"https:\\\/\\\/medilution.com\\\/sv\\\/kontakt\\\/\",\"url\":\"https:\\\/\\\/medilution.com\\\/sv\\\/kontakt\\\/\",\"name\":\"Kontakt - Medilution\",\"isPartOf\":{\"@id\":\"https:\\\/\\\/medilution.com\\\/sv\\\/#website\"},\"datePublished\":\"2017-06-26T12:07:05+00:00\",\"dateModified\":\"2023-07-19T07:58:40+00:00\",\"breadcrumb\":{\"@id\":\"https:\\\/\\\/medilution.com\\\/sv\\\/kontakt\\\/#breadcrumb\"},\"inLanguage\":\"sv-SE\",\"potentialAction\":[{\"@type\":\"ReadAction\",\"target\":[\"https:\\\/\\\/medilution.com\\\/sv\\\/kontakt\\\/\"]}]},{\"@type\":\"BreadcrumbList\",\"@id\":\"https:\\\/\\\/medilution.com\\\/sv\\\/kontakt\\\/#breadcrumb\",\"itemListElement\":[{\"@type\":\"ListItem\",\"position\":1,\"name\":\"Home\",\"item\":\"https:\\\/\\\/medilution.com\\\/sv\\\/\"},{\"@type\":\"ListItem\",\"position\":2,\"name\":\"Kontakt\"}]},{\"@type\":\"WebSite\",\"@id\":\"https:\\\/\\\/medilution.com\\\/sv\\\/#website\",\"url\":\"https:\\\/\\\/medilution.com\\\/sv\\\/\",\"name\":\"Medilution\",\"description\":\"Unlock Wellness with CBD and Lion\u2019s Mane Excellence\",\"publisher\":{\"@id\":\"https:\\\/\\\/medilution.com\\\/sv\\\/#organization\"},\"potentialAction\":[{\"@type\":\"SearchAction\",\"target\":{\"@type\":\"EntryPoint\",\"urlTemplate\":\"https:\\\/\\\/medilution.com\\\/sv\\\/?s={search_term_string}\"},\"query-input\":{\"@type\":\"PropertyValueSpecification\",\"valueRequired\":true,\"valueName\":\"search_term_string\"}}],\"inLanguage\":\"sv-SE\"},{\"@type\":\"Organization\",\"@id\":\"https:\\\/\\\/medilution.com\\\/sv\\\/#organization\",\"name\":\"Medilution\",\"url\":\"https:\\\/\\\/medilution.com\\\/sv\\\/\",\"logo\":{\"@type\":\"ImageObject\",\"inLanguage\":\"sv-SE\",\"@id\":\"https:\\\/\\\/medilution.com\\\/sv\\\/#\\\/schema\\\/logo\\\/image\\\/\",\"url\":\"https:\\\/\\\/medilution.com\\\/wp-content\\\/uploads\\\/2021\\\/04\\\/medilution-logo-web.png\",\"contentUrl\":\"https:\\\/\\\/medilution.com\\\/wp-content\\\/uploads\\\/2021\\\/04\\\/medilution-logo-web.png\",\"width\":400,\"height\":460,\"caption\":\"Medilution\"},\"image\":{\"@id\":\"https:\\\/\\\/medilution.com\\\/sv\\\/#\\\/schema\\\/logo\\\/image\\\/\"},\"sameAs\":[\"https:\\\/\\\/www.instagram.com\\\/medilution\\\/\"]}]}<\/script>\n<!-- \/ Yoast SEO plugin. -->","yoast_head_json":{"title":"Kontakt - Medilution","robots":{"index":"index","follow":"follow","max-snippet":"max-snippet:-1","max-image-preview":"max-image-preview:large","max-video-preview":"max-video-preview:-1"},"canonical":"https:\/\/medilution.com\/sv\/kontakt\/","og_locale":"sv_SE","og_type":"article","og_title":"Kontakt - Medilution","og_description":"[vc_row full_width=&#8221;stretch_row&#8221; el_class=&#8221;opacity-video-bg&#8221; css=&#8221;.vc_custom_1621461885625{margin-top: -100px !important;margin-bottom: 8vh !important;padding-top: 32vh !important;padding-bottom: 25vh !important;background-image: url(https:\/\/medilution.com\/wp-content\/uploads\/2021\/05\/yoga-girl-YL3N7FQ.jpg?id=7486) !important;background-position: center !important;background-repeat: no-repeat !important;background-size: cover !important;}&#8221;","og_url":"https:\/\/medilution.com\/sv\/kontakt\/","og_site_name":"Medilution","article_modified_time":"2023-07-19T07:58:40+00:00","twitter_card":"summary_large_image","twitter_misc":{"Ber\u00e4knad l\u00e4stid":"1 minut"},"schema":{"@context":"https:\/\/schema.org","@graph":[{"@type":"WebPage","@id":"https:\/\/medilution.com\/sv\/kontakt\/","url":"https:\/\/medilution.com\/sv\/kontakt\/","name":"Kontakt - Medilution","isPartOf":{"@id":"https:\/\/medilution.com\/sv\/#website"},"datePublished":"2017-06-26T12:07:05+00:00","dateModified":"2023-07-19T07:58:40+00:00","breadcrumb":{"@id":"https:\/\/medilution.com\/sv\/kontakt\/#breadcrumb"},"inLanguage":"sv-SE","potentialAction":[{"@type":"ReadAction","target":["https:\/\/medilution.com\/sv\/kontakt\/"]}]},{"@type":"BreadcrumbList","@id":"https:\/\/medilution.com\/sv\/kontakt\/#breadcrumb","itemListElement":[{"@type":"ListItem","position":1,"name":"Home","item":"https:\/\/medilution.com\/sv\/"},{"@type":"ListItem","position":2,"name":"Kontakt"}]},{"@type":"WebSite","@id":"https:\/\/medilution.com\/sv\/#website","url":"https:\/\/medilution.com\/sv\/","name":"Medilution","description":"Unlock Wellness with CBD and Lion\u2019s Mane Excellence","publisher":{"@id":"https:\/\/medilution.com\/sv\/#organization"},"potentialAction":[{"@type":"SearchAction","target":{"@type":"EntryPoint","urlTemplate":"https:\/\/medilution.com\/sv\/?s={search_term_string}"},"query-input":{"@type":"PropertyValueSpecification","valueRequired":true,"valueName":"search_term_string"}}],"inLanguage":"sv-SE"},{"@type":"Organization","@id":"https:\/\/medilution.com\/sv\/#organization","name":"Medilution","url":"https:\/\/medilution.com\/sv\/","logo":{"@type":"ImageObject","inLanguage":"sv-SE","@id":"https:\/\/medilution.com\/sv\/#\/schema\/logo\/image\/","url":"https:\/\/medilution.com\/wp-content\/uploads\/2021\/04\/medilution-logo-web.png","contentUrl":"https:\/\/medilution.com\/wp-content\/uploads\/2021\/04\/medilution-logo-web.png","width":400,"height":460,"caption":"Medilution"},"image":{"@id":"https:\/\/medilution.com\/sv\/#\/schema\/logo\/image\/"},"sameAs":["https:\/\/www.instagram.com\/medilution\/"]}]}},"jetpack-related-posts":[{"id":11151,"url":"https:\/\/medilution.com\/sv\/forstarkt-mat\/tidslinje\/","url_meta":{"origin":8152,"position":0},"title":"Hur det fungerar","author":"medilutionadmin","date":"15\/11\/2021","format":false,"excerpt":"[vc_row][vc_column width=\"1\/6\"][\/vc_column][vc_column width=\"2\/3\"][vc_column_text woodmart_inline=\"no\" text_larger=\"no\"]Det kommer fler och fler nyhetsrapporter om d\u00e5lig matkvalitet p\u00e5 \u00e4ldreboenden runt om i Sverige. \u00c4ldre personer har f\u00e5tt mat som inte uppfyller kraven p\u00e5 n\u00e4ringsinneh\u00e5ll eller smak. Detta \u00e4r resultatet av olika faktorer, inklusive begr\u00e4nsade resurser, tidsbrist och brist p\u00e5 kunskap om \u00e4ldre m\u00e4nniskors specifika\u2026","rel":"","context":"Liknande inl\u00e4gg","block_context":{"text":"Liknande inl\u00e4gg","link":""},"img":{"alt_text":"","src":"https:\/\/i0.wp.com\/medilution.com\/wp-content\/uploads\/2023\/08\/Skarmavbild-2023-08-30-kl.-19.26.20.png?resize=350%2C200&ssl=1","width":350,"height":200},"classes":[]},{"id":11120,"url":"https:\/\/medilution.com\/boosted-food\/how-it-works\/","url_meta":{"origin":8152,"position":1},"title":"How it works","author":"medilutionadmin","date":"15\/11\/2021","format":false,"excerpt":"[vc_row][vc_column width=\"1\/6\"][\/vc_column][vc_column width=\"2\/3\"][vc_column_text woodmart_inline=\"no\" text_larger=\"no\"]There are more and more news reports about poor food quality in nursing homes around Sweden. Older people have been given food that does not meet nutritional or taste requirements. This is the result of various factors, including limited resources, lack of time, and lack of\u2026","rel":"","context":"Liknande inl\u00e4gg","block_context":{"text":"Liknande inl\u00e4gg","link":""},"img":{"alt_text":"","src":"https:\/\/i0.wp.com\/medilution.com\/wp-content\/uploads\/2023\/08\/Skarmavbild-2023-08-30-kl.-19.26.20.png?resize=350%2C200&ssl=1","width":350,"height":200},"classes":[]},{"id":1309,"url":"https:\/\/medilution.com\/track-order\/","url_meta":{"origin":8152,"position":2},"title":"Track order","author":"medilutionadmin","date":"11\/01\/2018","format":false,"excerpt":"[vc_row full_width=\"stretch_row\" css=\".vc_custom_1515665484102{margin-bottom: 8vh !important;padding-top: 20vh !important;padding-bottom: 16vh !important;background-image: url(http:\/\/dummy.xtemos.com\/woodmart\/demos\/wp-content\/uploads\/sites\/2\/2017\/06\/wood-main-dark-bg.jpg?id=246) !important;}\"][vc_column woodmart_color_scheme=\"light\" offset=\"vc_col-lg-offset-2 vc_col-lg-8\"][\/vc_column][\/vc_row][vc_row css=\".vc_custom_1497900090238{margin-right: -40px !important;margin-bottom: 5vh !important;margin-left: -40px !important;}\"][vc_column width=\"1\/3\" css=\".vc_custom_1497899693264{padding-top: 0px !important;padding-right: 40px !important;padding-left: 40px !important;}\"][\/vc_column][vc_column width=\"1\/3\" css=\".vc_custom_1497899686135{padding-top: 0px !important;padding-right: 40px !important;padding-left: 40px !important;}\"][\/vc_column][vc_column width=\"1\/3\" css=\".vc_custom_1497899679300{padding-top: 0px !important;padding-right: 40px !important;padding-left: 40px !important;}\"][\/vc_column][\/vc_row][vc_row css=\".vc_custom_1497900098982{margin-bottom: 8vh !important;}\"][vc_column][vc_separator color=\"custom\" accent_color=\"rgba(129,129,129,0.2)\"\u2026","rel":"","context":"Liknande inl\u00e4gg","block_context":{"text":"Liknande inl\u00e4gg","link":""},"img":{"alt_text":"","src":"","width":0,"height":0},"classes":[]},{"id":1006,"url":"https:\/\/medilution.com\/cbd-shop\/","url_meta":{"origin":8152,"position":3},"title":"SHOP","author":"medilutionadmin","date":"22\/09\/2017","format":false,"excerpt":"[vc_row full_width=\"stretch_row_content\" full_height=\"yes\" equal_height=\"yes\" content_placement=\"middle\" woodmart_stretch_content=\"section-stretch-content-no-pd\" woodmart_bg_position=\"center-center\" mobile_bg_img_hidden=\"no\" tablet_bg_img_hidden=\"no\" woodmart_parallax=\"0\" woodmart_gradient_switch=\"no\" row_reverse_mobile=\"0\" row_reverse_tablet=\"0\" woodmart_disable_overflow=\"0\" css=\".vc_custom_1754932658320{margin-top: -80px !important;background: #000000 url(https:\/\/medilution.com\/wp-content\/uploads\/2025\/08\/Healty_Woman_with_Freckles.jpg?id=12135) !important;background-position: center !important;background-repeat: no-repeat !important;background-size: cover !important;}\" woodmart_css_id=\"689a255e38dd5\" responsive_spacing=\"eyJwYXJhbV90eXBlIjoid29vZG1hcnRfcmVzcG9uc2l2ZV9zcGFjaW5nIiwic2VsZWN0b3JfaWQiOiI2ODlhMjU1ZTM4ZGQ1Iiwic2hvcnRjb2RlIjoidmNfcm93IiwiZGF0YSI6eyJ0YWJsZXQiOnt9LCJtb2JpbGUiOnt9fX0=\" woodmart_box_shadow=\"no\" wd_z_index=\"no\"][vc_column woodmart_css_id=\"689a218c6a7c8\" parallax_scroll=\"no\" woodmart_sticky_column=\"false\" wd_collapsible_content_switcher=\"no\" wd_column_role_offcanvas_desktop=\"no\" wd_column_role_offcanvas_tablet=\"no\" wd_column_role_offcanvas_mobile=\"no\" wd_column_role_content_desktop=\"no\" wd_column_role_content_tablet=\"no\" wd_column_role_content_mobile=\"no\" mobile_bg_img_hidden=\"no\" tablet_bg_img_hidden=\"no\" woodmart_parallax=\"0\" woodmart_box_shadow=\"no\" responsive_spacing=\"eyJwYXJhbV90eXBlIjoid29vZG1hcnRfcmVzcG9uc2l2ZV9zcGFjaW5nIiwic2VsZWN0b3JfaWQiOiI2ODlhMjE4YzZhN2M4Iiwic2hvcnRjb2RlIjoidmNfY29sdW1uIiwiZGF0YSI6eyJ0YWJsZXQiOnt9LCJtb2JpbGUiOnt9fX0=\" mobile_reset_margin=\"no\" tablet_reset_margin=\"no\" wd_z_index=\"no\"][vc_row_inner css=\".vc_custom_1754933041344{margin-top: 40px\u2026","rel":"","context":"Liknande inl\u00e4gg","block_context":{"text":"Liknande inl\u00e4gg","link":""},"img":{"alt_text":"","src":"","width":0,"height":0},"classes":[]},{"id":8189,"url":"https:\/\/medilution.com\/sv\/affiliate-program\/","url_meta":{"origin":8152,"position":4},"title":"Affiliate Program","author":"Johan","date":"04\/02\/2022","format":false,"excerpt":"[vc_row full_width=\"stretch_row\" el_class=\"opacity-video-bg\" css=\".vc_custom_1705050465690{margin-top: -100px !important;margin-bottom: 8vh !important;padding-top: 32vh !important;padding-bottom: 25vh !important;background-image: url(https:\/\/cbdmedilution.com\/wp-content\/uploads\/2022\/01\/image-2.jpeg?id=7957) !important;background-position: center !important;background-repeat: no-repeat !important;background-size: cover !important;}\" mobile_bg_img_hidden=\"no\" tablet_bg_img_hidden=\"no\" woodmart_parallax=\"0\" woodmart_gradient_switch=\"no\" row_reverse_mobile=\"0\" row_reverse_tablet=\"0\" woodmart_disable_overflow=\"0\" woodmart_css_id=\"65a1012eee45e\" responsive_spacing=\"eyJwYXJhbV90eXBlIjoid29vZG1hcnRfcmVzcG9uc2l2ZV9zcGFjaW5nIiwic2VsZWN0b3JfaWQiOiI2NWExMDEyZWVlNDVlIiwic2hvcnRjb2RlIjoidmNfcm93IiwiZGF0YSI6eyJ0YWJsZXQiOnt9LCJtb2JpbGUiOnt9fX0=\" woodmart_box_shadow=\"no\" wd_z_index=\"no\"][vc_column css=\".vc_custom_1499517305703{padding-top: 0px !important;}\" el_class=\"text-center\"][vc_custom_heading text=\"G\u00e5 med i v\u00e5rt team\" font_container=\"tag:h5|font_size:16|text_align:center|color:rgba(255%2C255%2C255%2C0.8)\" use_theme_fonts=\"yes\" css=\".vc_custom_1644879323437{margin-bottom: 10px !important;}\" el_class=\"visible-lg\"][\/vc_column][\/vc_row][vc_row woodmart_css_id=\"620990a65f39f\" responsive_spacing=\"eyJwYXJhbV90eXBlIjoid29vZG1hcnRfcmVzcG9uc2l2ZV9zcGFjaW5nIiwic2VsZWN0b3JfaWQiOiI2MjA5OTBhNjVmMzlmIiwic2hvcnRjb2RlIjoidmNfcm93IiwiZGF0YSI6eyJ0YWJsZXQiOnt9LCJtb2JpbGUiOnt9fX0=\" mobile_bg_img_hidden=\"no\" tablet_bg_img_hidden=\"no\"\u2026","rel":"","context":"Liknande inl\u00e4gg","block_context":{"text":"Liknande inl\u00e4gg","link":""},"img":{"alt_text":"","src":"","width":0,"height":0},"classes":[]},{"id":8184,"url":"https:\/\/medilution.com\/sv\/","url_meta":{"origin":8152,"position":5},"title":"CBD-SHOP","author":"medilutionadmin","date":"22\/09\/2017","format":false,"excerpt":"[vc_row full_width=\"stretch_row_content\" mobile_bg_img_hidden=\"no\" tablet_bg_img_hidden=\"no\" woodmart_parallax=\"0\" woodmart_gradient_switch=\"no\" row_reverse_mobile=\"0\" row_reverse_tablet=\"0\" woodmart_disable_overflow=\"0\" css=\".vc_custom_1704977477981{margin-top: -80px !important;background-color: #000000 !important;}\" woodmart_css_id=\"659fe43e05a3b\" responsive_spacing=\"eyJwYXJhbV90eXBlIjoid29vZG1hcnRfcmVzcG9uc2l2ZV9zcGFjaW5nIiwic2VsZWN0b3JfaWQiOiI2NTlmZTQzZTA1YTNiIiwic2hvcnRjb2RlIjoidmNfcm93IiwiZGF0YSI6eyJ0YWJsZXQiOnt9LCJtb2JpbGUiOnt9fX0=\" woodmart_box_shadow=\"no\" wd_z_index=\"no\"][vc_column][\/vc_column][\/vc_row][vc_row full_width=\"stretch_row\" css=\".vc_custom_1691397861833{background-color: #000000 !important;}\" mobile_bg_img_hidden=\"no\" tablet_bg_img_hidden=\"no\" woodmart_parallax=\"0\" woodmart_gradient_switch=\"no\" row_reverse_mobile=\"0\" row_reverse_tablet=\"0\" woodmart_disable_overflow=\"0\" woodmart_css_id=\"64d0aed4433b8\" responsive_spacing=\"eyJwYXJhbV90eXBlIjoid29vZG1hcnRfcmVzcG9uc2l2ZV9zcGFjaW5nIiwic2VsZWN0b3JfaWQiOiI2NGQwYWVkNDQzM2I4Iiwic2hvcnRjb2RlIjoidmNfcm93IiwiZGF0YSI6eyJ0YWJsZXQiOnt9LCJtb2JpbGUiOnt9fX0=\" woodmart_box_shadow=\"no\" wd_z_index=\"no\"][vc_column][vc_row_inner equal_height=\"yes\" row_reverse_mobile=\"0\" row_reverse_tablet=\"0\" css=\".vc_custom_1621459244825{margin-bottom: 40px !important;}\"][vc_column_inner width=\"1\/2\"][\/vc_column_inner][vc_column_inner width=\"1\/2\"][vc_empty_space height=\"30px\" woodmart_hide_large=\"0\" woodmart_hide_medium=\"0\" woodmart_hide_small=\"0\" woodmart_hide_extra_small=\"0\"][\/vc_column_inner][\/vc_row_inner][\/vc_column][\/vc_row][vc_row][vc_column width=\"1\/6\"][\/vc_column][vc_column width=\"2\/3\"][vc_separator][\/vc_column][vc_column width=\"1\/6\"][\/vc_column][\/vc_row][vc_row css=\".vc_custom_1621407114154{margin-top:\u2026","rel":"","context":"Liknande inl\u00e4gg","block_context":{"text":"Liknande inl\u00e4gg","link":""},"img":{"alt_text":"","src":"","width":0,"height":0},"classes":[]}],"jetpack_sharing_enabled":true,"_links":{"self":[{"href":"https:\/\/medilution.com\/sv\/wp-json\/wp\/v2\/pages\/8152","targetHints":{"allow":["GET"]}}],"collection":[{"href":"https:\/\/medilution.com\/sv\/wp-json\/wp\/v2\/pages"}],"about":[{"href":"https:\/\/medilution.com\/sv\/wp-json\/wp\/v2\/types\/page"}],"author":[{"embeddable":true,"href":"https:\/\/medilution.com\/sv\/wp-json\/wp\/v2\/users\/1"}],"replies":[{"embeddable":true,"href":"https:\/\/medilution.com\/sv\/wp-json\/wp\/v2\/comments?post=8152"}],"version-history":[{"count":6,"href":"https:\/\/medilution.com\/sv\/wp-json\/wp\/v2\/pages\/8152\/revisions"}],"predecessor-version":[{"id":8368,"href":"https:\/\/medilution.com\/sv\/wp-json\/wp\/v2\/pages\/8152\/revisions\/8368"}],"wp:attachment":[{"href":"https:\/\/medilution.com\/sv\/wp-json\/wp\/v2\/media?parent=8152"}],"curies":[{"name":"wp","href":"https:\/\/api.w.org\/{rel}","templated":true}]}}