{"id":8136,"date":"2021-05-19T19:19:58","date_gmt":"2021-05-19T17:19:58","guid":{"rendered":"https:\/\/medilution.com\/cbd-kramer-och-balsam\/"},"modified":"2024-07-26T14:54:48","modified_gmt":"2024-07-26T12:54:48","slug":"cbd-kramer-och-balsam","status":"publish","type":"page","link":"https:\/\/medilution.com\/sv\/cbd-kramer-och-balsam\/","title":{"rendered":"CBD Kr\u00e4mer och Balsam"},"content":{"rendered":"<div class=\"wpb-content-wrapper\"><p>[vc_row full_width=&#8221;stretch_row&#8221; el_class=&#8221;opacity-video-bg&#8221; css=&#8221;.vc_custom_1721998469376{margin-top: -60px !important;margin-bottom: 8vh !important;padding-top: 20vh !important;padding-bottom: 20vh !important;background-image: url(https:\/\/cbdmedilution.com\/wp-content\/uploads\/2023\/07\/Couple-Running-Longevity.png?id=10177) !important;background-position: center !important;background-repeat: no-repeat !important;background-size: cover !important;}&#8221; mobile_bg_img_hidden=&#8221;no&#8221; tablet_bg_img_hidden=&#8221;no&#8221; woodmart_parallax=&#8221;0&#8243; woodmart_gradient_switch=&#8221;no&#8221; row_reverse_mobile=&#8221;0&#8243; row_reverse_tablet=&#8221;0&#8243; woodmart_disable_overflow=&#8221;0&#8243; woodmart_css_id=&#8221;66a39c33be3a2&#8243; responsive_spacing=&#8221;eyJwYXJhbV90eXBlIjoid29vZG1hcnRfcmVzcG9uc2l2ZV9zcGFjaW5nIiwic2VsZWN0b3JfaWQiOiI2NmEzOWMzM2JlM2EyIiwic2hvcnRjb2RlIjoidmNfcm93IiwiZGF0YSI6eyJ0YWJsZXQiOnt9LCJtb2JpbGUiOnt9fX0=&#8221; woodmart_box_shadow=&#8221;no&#8221; wd_z_index=&#8221;no&#8221;][vc_column css=&#8221;.vc_custom_1499517305703{padding-top: 0px !important;}&#8221; el_class=&#8221;text-center&#8221;][vc_custom_heading text=&#8221;CBD KR\u00c4MER &amp; BALSAM&#8221; font_container=&#8221;tag:h5|font_size:16|text_align:right|color:rgba(255%2C255%2C255%2C0.8)&#8221; use_theme_fonts=&#8221;yes&#8221; css=&#8221;.vc_custom_1690880851238{margin-bottom: 10px !important;}&#8221; el_class=&#8221;visible-lg&#8221;]\n\t\t<div id=\"wd-64c8cb59516d0\" class=\"title-wrapper wd-wpb wd-set-mb reset-last-child  wd-rs-64c8cb59516d0 wd-title-color-white wd-title-style-default text-right  wd-width-enabled wd-underline-colored\" style=\"--wd-max-width: 70%;\">\n\t\t\t\n\t\t\t<div class=\"liner-continer\">\n\t\t\t\t<h4 class=\"woodmart-title-container title  wd-font-weight- wd-fontsize-xxl\" >Vi \u00e4r inte din genomsnittliga CBD-leverant\u00f6r; vi erbjuder premium cannabidiol i olika former.<\/h4>\n\t\t\t\t\t\t\t<\/div>\n\t\t\t\n\t\t\t\n\t\t\t\n\t\t<\/div>\n\t\t\n\t\t[\/vc_column][\/vc_row][vc_row css=&#8221;.vc_custom_1499600383384{margin-bottom: 8vh !important;}&#8221;][vc_column offset=&#8221;vc_col-lg-offset-2 vc_col-lg-8 vc_col-md-offset-2 vc_col-md-8 vc_col-sm-offset-0&#8243; css=&#8221;.vc_custom_1499599304156{padding-top: 0px !important;}&#8221;][vc_column_text text_larger=&#8221;no&#8221;][\/vc_column_text][vc_column_text text_larger=&#8221;no&#8221; woodmart_inline=&#8221;no&#8221;]<\/p>\n<h3>V\u00e5ra CBD Kr\u00e4mer och Balsam \u00e4r designade f\u00f6r dagligt bruk. V\u00e4l l\u00e4mpade f\u00f6r personer som lever en aktiv livsstil som idrottare, hantverkare eller f\u00f6r alla som regelbundet lider av \u00f6mma muskler och leder.<\/h3>\n<p><strong>ALLM\u00c4N PRODUKTINFORMATION<\/strong> V\u00e5ra hampaextrakt (CBD Isolate) tillverkas i EU p\u00e5 GMP-certifierade anl\u00e4ggningar. Extrakten har testats i ett certifierat laboratorium f\u00f6r styrka och renhet. Att anv\u00e4nda ett tredjepartslabb s\u00e4kerst\u00e4ller att resultaten av varje test \u00e4r korrekta och transparenta. Produkterna inneh\u00e5ler 250-400 mg CBD Isolate. Beroende p\u00e5 produkten har vi lagt till andra l\u00e4kande \u00f6rter, var och en ger sin egen upps\u00e4ttning f\u00f6rdelar till mixen. Tillsats av mentol i vissa produkter ger en mild kylande effekt &#8211; vilket \u00e4r perfekt och ger omedelbar lindring av \u00f6mma delar av kroppen. Vissa formler inneh\u00e5ller naturliga och botaniska aktiva ingredienser som Arnica, Devil&#8217;s Claw, L-Glutamin, Wintergreen Oil, Camphor f\u00f6r att stimulera blodfl\u00f6det, minska ledv\u00e4rk och fr\u00e4mja snabbare l\u00e4kning av det drabbade omr\u00e5det. Allt detta kombineras med de \u00e5terfuktande och muskelavslappnande egenskaperna hos CBD. <strong>Mjukg\u00f6rande CBD-produkter f\u00f6r fysisk \u00e5terh\u00e4mtning<\/strong> CBD \u00e4r k\u00e4nt f\u00f6r att interagera med endokannabinoidreceptorerna i hela kroppen &#8211; inklusive musklerna och ytlagren p\u00e5 huden. N\u00e4r det appliceras p\u00e5 kroppen, levererar CBD extraktet i v\u00e5ra produkter f\u00f6r fysisk \u00e5terh\u00e4mtning en koncentration av cannabinoider som absorberas i huden och djupare lager av den drabbade muskeln och bindv\u00e4ven. CB2 endocannabinoidreceptorer, i synnerhet, \u00e4r nyckelelement i v\u00e5rt immunsvar och st\u00f6djer v\u00e5ra hudcellers f\u00f6rm\u00e5ga att regenerera n\u00e4r de har skadats. Dessa receptorer finns ocks\u00e5 i n\u00e4stan alla organ i v\u00e5ra kroppar, inklusive tarm, mj\u00e4lte, lever, hj\u00e4rta, njurar, ben, blodk\u00e4rl, lymfceller, fortplantningsorgan &#8211; och huden. CBD har en s\u00e4rskild affinitet f\u00f6r CB2 endocannabinoidreceptorerna &#8211; vilket g\u00f6r det till ett topiskt medel f\u00f6r att st\u00f6dja \u00e5terh\u00e4mtningen av skadad hud och bindv\u00e4v.  <strong>VEM KAN DRA NYTTA AV V\u00c5RA KR\u00c4MER OCH BALSAM SOM \u00c4R DESIGNADE F\u00d6R FYSISK \u00c5TERH\u00c4MTNING?<\/strong>  V\u00e5r CBD Muscle Joint &amp; Rescue Cream inneh\u00e5ller naturliga och botaniska ingredienser som hj\u00e4lper till att lindra dina muskler och leder fr\u00e5n sm\u00e4rta och stelhet. De st\u00f6der \u00e5terh\u00e4mtningen av stukningar och str\u00e4ckningar och kan minska inflammation. Mentol och kamfer genererar genomtr\u00e4ngande v\u00e4rme i v\u00e4rkande, skadade och \u00f6mma muskler. Praktiskt taget alla som lever en aktiv livsstil och beh\u00f6ver snabbverkande effekter kan dra nytta av v\u00e5ra CBD-infunderade kr\u00e4mer och balsam utformade f\u00f6r fysisk \u00e5terh\u00e4mtning. <strong><span style=\"color: #ff0000;\">KOMMER SNART!<\/span><\/strong> &#8211; <strong>CBD-PRODUKTER F\u00d6R HUDV\u00c5RD<\/strong> V\u00e5r CBD Body Rescue Lotion inneh\u00e5ller ett kraftpaket av naturliga antioxidanter fr\u00e5n hela livsmedel. Den absorberas omedelbart och \u00e4r perfekt f\u00f6r dagtid, men formulerad f\u00f6r att ge regenerativ \u00e5terfuktning \u00e4ven \u00f6ver natten. Det hj\u00e4lper till att minska uppkomsten av fina linjer, j\u00e4mna ut hudtonen och f\u00f6rb\u00e4ttra hudens smidighet. Inneh\u00e5ller speciellt utvalda ingredienser f\u00f6r att gynna din hud p\u00e5 b\u00e4sta s\u00e4tt, absorberas snabbt in i huden utan att k\u00e4nnas fet efter. Det f\u00f6rb\u00e4ttrar fuktbevarandet, ger din kropp bioaktiva \u00e4mnen och vitaliserar matt hud med naturliga antioxidanter och omega-aktiva \u00e4mnen. V\u00e5r CBD Face Rescue Cream v\u00e5rdar, \u00e5terfuktar och mjukg\u00f6r huden och fyller p\u00e5 viktiga vitaminer och mineraler. Den \u00e5terst\u00e4ller hudens naturliga fuktbarri\u00e4r och \u00f6kar hudens elasticitet samtidigt som den skyddar k\u00e4nslig hud. Den \u00e4r rik p\u00e5 antioxidanter samt antiinflammatorisk. Den \u00e4r en snabbverkande och f\u00f6rvandlar din hud till den mest str\u00e5lande, friska, fr\u00e4scha hyn hittills. Den \u00e4r formulerad med hj\u00e4lp av v\u00e5r flytande patch-teknologi som skapar en emulsion som har tillr\u00e4ckligt med fett och vattniga partiklar f\u00f6r att penetrera huden och leverera de viktigaste aktiva substanserna subkutant. Perfekt f\u00f6r alla hudtyper inklusive akneben\u00e4gen hy.[\/vc_column_text][\/vc_column][\/vc_row]<\/p>\n<\/div>","protected":false},"excerpt":{"rendered":"<p>[vc_row full_width=&#8221;stretch_row&#8221; el_class=&#8221;opacity-video-bg&#8221; css=&#8221;.vc_custom_1721998469376{margin-top: -60px !important;margin-bottom: 8vh !important;padding-top: 20vh !important;padding-bottom: 20vh !important;background-image: url(https:\/\/cbdmedilution.com\/wp-content\/uploads\/2023\/07\/Couple-Running-Longevity.png?id=10177) !important;background-position: center !important;background-repeat: no-repeat !important;background-size: cover !important;}&#8221;<\/p>\n","protected":false},"author":1,"featured_media":0,"parent":0,"menu_order":0,"comment_status":"closed","ping_status":"closed","template":"","meta":{"footnotes":""},"class_list":["post-8136","page","type-page","status-publish","hentry"],"yoast_head":"<!-- This site is optimized with the Yoast SEO plugin v27.4 - https:\/\/yoast.com\/product\/yoast-seo-wordpress\/ -->\n<title>CBD Kr\u00e4mer och Balsam - Medilution<\/title>\n<meta name=\"robots\" content=\"index, follow, max-snippet:-1, max-image-preview:large, max-video-preview:-1\" \/>\n<link rel=\"canonical\" href=\"https:\/\/medilution.com\/sv\/cbd-kramer-och-balsam\/\" \/>\n<meta property=\"og:locale\" content=\"sv_SE\" \/>\n<meta property=\"og:type\" content=\"article\" \/>\n<meta property=\"og:title\" content=\"CBD Kr\u00e4mer och Balsam - Medilution\" \/>\n<meta property=\"og:description\" content=\"[vc_row full_width=&#8221;stretch_row&#8221; el_class=&#8221;opacity-video-bg&#8221; css=&#8221;.vc_custom_1721998469376{margin-top: -60px !important;margin-bottom: 8vh !important;padding-top: 20vh !important;padding-bottom: 20vh !important;background-image: url(https:\/\/cbdmedilution.com\/wp-content\/uploads\/2023\/07\/Couple-Running-Longevity.png?id=10177) !important;background-position: center !important;background-repeat: no-repeat !important;background-size: cover !important;}&#8221;\" \/>\n<meta property=\"og:url\" content=\"https:\/\/medilution.com\/sv\/cbd-kramer-och-balsam\/\" \/>\n<meta property=\"og:site_name\" content=\"Medilution\" \/>\n<meta property=\"article:modified_time\" content=\"2024-07-26T12:54:48+00:00\" \/>\n<meta name=\"twitter:card\" content=\"summary_large_image\" \/>\n<meta name=\"twitter:label1\" content=\"Ber\u00e4knad l\u00e4stid\" \/>\n\t<meta name=\"twitter:data1\" content=\"5 minuter\" \/>\n<script type=\"application\/ld+json\" class=\"yoast-schema-graph\">{\"@context\":\"https:\\\/\\\/schema.org\",\"@graph\":[{\"@type\":\"WebPage\",\"@id\":\"https:\\\/\\\/medilution.com\\\/sv\\\/cbd-kramer-och-balsam\\\/\",\"url\":\"https:\\\/\\\/medilution.com\\\/sv\\\/cbd-kramer-och-balsam\\\/\",\"name\":\"CBD Kr\u00e4mer och Balsam - Medilution\",\"isPartOf\":{\"@id\":\"https:\\\/\\\/medilution.com\\\/sv\\\/#website\"},\"datePublished\":\"2021-05-19T17:19:58+00:00\",\"dateModified\":\"2024-07-26T12:54:48+00:00\",\"breadcrumb\":{\"@id\":\"https:\\\/\\\/medilution.com\\\/sv\\\/cbd-kramer-och-balsam\\\/#breadcrumb\"},\"inLanguage\":\"sv-SE\",\"potentialAction\":[{\"@type\":\"ReadAction\",\"target\":[\"https:\\\/\\\/medilution.com\\\/sv\\\/cbd-kramer-och-balsam\\\/\"]}]},{\"@type\":\"BreadcrumbList\",\"@id\":\"https:\\\/\\\/medilution.com\\\/sv\\\/cbd-kramer-och-balsam\\\/#breadcrumb\",\"itemListElement\":[{\"@type\":\"ListItem\",\"position\":1,\"name\":\"Home\",\"item\":\"https:\\\/\\\/medilution.com\\\/sv\\\/\"},{\"@type\":\"ListItem\",\"position\":2,\"name\":\"CBD Kr\u00e4mer och Balsam\"}]},{\"@type\":\"WebSite\",\"@id\":\"https:\\\/\\\/medilution.com\\\/sv\\\/#website\",\"url\":\"https:\\\/\\\/medilution.com\\\/sv\\\/\",\"name\":\"Medilution\",\"description\":\"Unlock Wellness with CBD and Lion\u2019s Mane Excellence\",\"publisher\":{\"@id\":\"https:\\\/\\\/medilution.com\\\/sv\\\/#organization\"},\"potentialAction\":[{\"@type\":\"SearchAction\",\"target\":{\"@type\":\"EntryPoint\",\"urlTemplate\":\"https:\\\/\\\/medilution.com\\\/sv\\\/?s={search_term_string}\"},\"query-input\":{\"@type\":\"PropertyValueSpecification\",\"valueRequired\":true,\"valueName\":\"search_term_string\"}}],\"inLanguage\":\"sv-SE\"},{\"@type\":\"Organization\",\"@id\":\"https:\\\/\\\/medilution.com\\\/sv\\\/#organization\",\"name\":\"Medilution\",\"url\":\"https:\\\/\\\/medilution.com\\\/sv\\\/\",\"logo\":{\"@type\":\"ImageObject\",\"inLanguage\":\"sv-SE\",\"@id\":\"https:\\\/\\\/medilution.com\\\/sv\\\/#\\\/schema\\\/logo\\\/image\\\/\",\"url\":\"https:\\\/\\\/medilution.com\\\/wp-content\\\/uploads\\\/2021\\\/04\\\/medilution-logo-web.png\",\"contentUrl\":\"https:\\\/\\\/medilution.com\\\/wp-content\\\/uploads\\\/2021\\\/04\\\/medilution-logo-web.png\",\"width\":400,\"height\":460,\"caption\":\"Medilution\"},\"image\":{\"@id\":\"https:\\\/\\\/medilution.com\\\/sv\\\/#\\\/schema\\\/logo\\\/image\\\/\"},\"sameAs\":[\"https:\\\/\\\/www.instagram.com\\\/medilution\\\/\"]}]}<\/script>\n<!-- \/ Yoast SEO plugin. -->","yoast_head_json":{"title":"CBD Kr\u00e4mer och Balsam - Medilution","robots":{"index":"index","follow":"follow","max-snippet":"max-snippet:-1","max-image-preview":"max-image-preview:large","max-video-preview":"max-video-preview:-1"},"canonical":"https:\/\/medilution.com\/sv\/cbd-kramer-och-balsam\/","og_locale":"sv_SE","og_type":"article","og_title":"CBD Kr\u00e4mer och Balsam - Medilution","og_description":"[vc_row full_width=&#8221;stretch_row&#8221; el_class=&#8221;opacity-video-bg&#8221; css=&#8221;.vc_custom_1721998469376{margin-top: -60px !important;margin-bottom: 8vh !important;padding-top: 20vh !important;padding-bottom: 20vh !important;background-image: url(https:\/\/cbdmedilution.com\/wp-content\/uploads\/2023\/07\/Couple-Running-Longevity.png?id=10177) !important;background-position: center !important;background-repeat: no-repeat !important;background-size: cover !important;}&#8221;","og_url":"https:\/\/medilution.com\/sv\/cbd-kramer-och-balsam\/","og_site_name":"Medilution","article_modified_time":"2024-07-26T12:54:48+00:00","twitter_card":"summary_large_image","twitter_misc":{"Ber\u00e4knad l\u00e4stid":"5 minuter"},"schema":{"@context":"https:\/\/schema.org","@graph":[{"@type":"WebPage","@id":"https:\/\/medilution.com\/sv\/cbd-kramer-och-balsam\/","url":"https:\/\/medilution.com\/sv\/cbd-kramer-och-balsam\/","name":"CBD Kr\u00e4mer och Balsam - Medilution","isPartOf":{"@id":"https:\/\/medilution.com\/sv\/#website"},"datePublished":"2021-05-19T17:19:58+00:00","dateModified":"2024-07-26T12:54:48+00:00","breadcrumb":{"@id":"https:\/\/medilution.com\/sv\/cbd-kramer-och-balsam\/#breadcrumb"},"inLanguage":"sv-SE","potentialAction":[{"@type":"ReadAction","target":["https:\/\/medilution.com\/sv\/cbd-kramer-och-balsam\/"]}]},{"@type":"BreadcrumbList","@id":"https:\/\/medilution.com\/sv\/cbd-kramer-och-balsam\/#breadcrumb","itemListElement":[{"@type":"ListItem","position":1,"name":"Home","item":"https:\/\/medilution.com\/sv\/"},{"@type":"ListItem","position":2,"name":"CBD Kr\u00e4mer och Balsam"}]},{"@type":"WebSite","@id":"https:\/\/medilution.com\/sv\/#website","url":"https:\/\/medilution.com\/sv\/","name":"Medilution","description":"Unlock Wellness with CBD and Lion\u2019s Mane Excellence","publisher":{"@id":"https:\/\/medilution.com\/sv\/#organization"},"potentialAction":[{"@type":"SearchAction","target":{"@type":"EntryPoint","urlTemplate":"https:\/\/medilution.com\/sv\/?s={search_term_string}"},"query-input":{"@type":"PropertyValueSpecification","valueRequired":true,"valueName":"search_term_string"}}],"inLanguage":"sv-SE"},{"@type":"Organization","@id":"https:\/\/medilution.com\/sv\/#organization","name":"Medilution","url":"https:\/\/medilution.com\/sv\/","logo":{"@type":"ImageObject","inLanguage":"sv-SE","@id":"https:\/\/medilution.com\/sv\/#\/schema\/logo\/image\/","url":"https:\/\/medilution.com\/wp-content\/uploads\/2021\/04\/medilution-logo-web.png","contentUrl":"https:\/\/medilution.com\/wp-content\/uploads\/2021\/04\/medilution-logo-web.png","width":400,"height":460,"caption":"Medilution"},"image":{"@id":"https:\/\/medilution.com\/sv\/#\/schema\/logo\/image\/"},"sameAs":["https:\/\/www.instagram.com\/medilution\/"]}]}},"jetpack-related-posts":[{"id":7992,"url":"https:\/\/medilution.com\/affiliate-program\/","url_meta":{"origin":8136,"position":0},"title":"Affiliate Program","author":"Johan","date":"04\/02\/2022","format":false,"excerpt":"[vc_row full_width=\"stretch_row\" el_class=\"opacity-video-bg\" css=\".vc_custom_1705050465690{margin-top: -100px !important;margin-bottom: 8vh !important;padding-top: 32vh !important;padding-bottom: 25vh !important;background-image: url(https:\/\/cbdmedilution.com\/wp-content\/uploads\/2022\/01\/image-2.jpeg?id=7957) !important;background-position: center !important;background-repeat: no-repeat !important;background-size: cover !important;}\" mobile_bg_img_hidden=\"no\" tablet_bg_img_hidden=\"no\" woodmart_parallax=\"0\" woodmart_gradient_switch=\"no\" row_reverse_mobile=\"0\" row_reverse_tablet=\"0\" woodmart_disable_overflow=\"0\" woodmart_css_id=\"65a1012eee45e\" responsive_spacing=\"eyJwYXJhbV90eXBlIjoid29vZG1hcnRfcmVzcG9uc2l2ZV9zcGFjaW5nIiwic2VsZWN0b3JfaWQiOiI2NWExMDEyZWVlNDVlIiwic2hvcnRjb2RlIjoidmNfcm93IiwiZGF0YSI6eyJ0YWJsZXQiOnt9LCJtb2JpbGUiOnt9fX0=\" woodmart_box_shadow=\"no\" wd_z_index=\"no\"][vc_column css=\".vc_custom_1499517305703{padding-top: 0px !important;}\" el_class=\"text-center\"][vc_custom_heading text=\"Join Our Team\" font_container=\"tag:h5|font_size:16|text_align:center|color:rgba(255%2C255%2C255%2C0.8)\" use_theme_fonts=\"yes\" css=\".vc_custom_1644879323437{margin-bottom: 10px !important;}\" el_class=\"visible-lg\"][\/vc_column][\/vc_row][vc_row woodmart_css_id=\"620990a65f39f\" responsive_spacing=\"eyJwYXJhbV90eXBlIjoid29vZG1hcnRfcmVzcG9uc2l2ZV9zcGFjaW5nIiwic2VsZWN0b3JfaWQiOiI2MjA5OTBhNjVmMzlmIiwic2hvcnRjb2RlIjoidmNfcm93IiwiZGF0YSI6eyJ0YWJsZXQiOnt9LCJtb2JpbGUiOnt9fX0=\" mobile_bg_img_hidden=\"no\" tablet_bg_img_hidden=\"no\" woodmart_parallax=\"0\" woodmart_gradient_switch=\"no\"\u2026","rel":"","context":"Liknande inl\u00e4gg","block_context":{"text":"Liknande inl\u00e4gg","link":""},"img":{"alt_text":"","src":"","width":0,"height":0},"classes":[]},{"id":1309,"url":"https:\/\/medilution.com\/track-order\/","url_meta":{"origin":8136,"position":1},"title":"Track order","author":"medilutionadmin","date":"11\/01\/2018","format":false,"excerpt":"[vc_row full_width=\"stretch_row\" css=\".vc_custom_1515665484102{margin-bottom: 8vh !important;padding-top: 20vh !important;padding-bottom: 16vh !important;background-image: url(http:\/\/dummy.xtemos.com\/woodmart\/demos\/wp-content\/uploads\/sites\/2\/2017\/06\/wood-main-dark-bg.jpg?id=246) !important;}\"][vc_column woodmart_color_scheme=\"light\" offset=\"vc_col-lg-offset-2 vc_col-lg-8\"][\/vc_column][\/vc_row][vc_row css=\".vc_custom_1497900090238{margin-right: -40px !important;margin-bottom: 5vh !important;margin-left: -40px !important;}\"][vc_column width=\"1\/3\" css=\".vc_custom_1497899693264{padding-top: 0px !important;padding-right: 40px !important;padding-left: 40px !important;}\"][\/vc_column][vc_column width=\"1\/3\" css=\".vc_custom_1497899686135{padding-top: 0px !important;padding-right: 40px !important;padding-left: 40px !important;}\"][\/vc_column][vc_column width=\"1\/3\" css=\".vc_custom_1497899679300{padding-top: 0px !important;padding-right: 40px !important;padding-left: 40px !important;}\"][\/vc_column][\/vc_row][vc_row css=\".vc_custom_1497900098982{margin-bottom: 8vh !important;}\"][vc_column][vc_separator color=\"custom\" accent_color=\"rgba(129,129,129,0.2)\"\u2026","rel":"","context":"Liknande inl\u00e4gg","block_context":{"text":"Liknande inl\u00e4gg","link":""},"img":{"alt_text":"","src":"","width":0,"height":0},"classes":[]},{"id":8189,"url":"https:\/\/medilution.com\/sv\/affiliate-program\/","url_meta":{"origin":8136,"position":2},"title":"Affiliate Program","author":"Johan","date":"04\/02\/2022","format":false,"excerpt":"[vc_row full_width=\"stretch_row\" el_class=\"opacity-video-bg\" css=\".vc_custom_1705050465690{margin-top: -100px !important;margin-bottom: 8vh !important;padding-top: 32vh !important;padding-bottom: 25vh !important;background-image: url(https:\/\/cbdmedilution.com\/wp-content\/uploads\/2022\/01\/image-2.jpeg?id=7957) !important;background-position: center !important;background-repeat: no-repeat !important;background-size: cover !important;}\" mobile_bg_img_hidden=\"no\" tablet_bg_img_hidden=\"no\" woodmart_parallax=\"0\" woodmart_gradient_switch=\"no\" row_reverse_mobile=\"0\" row_reverse_tablet=\"0\" woodmart_disable_overflow=\"0\" woodmart_css_id=\"65a1012eee45e\" responsive_spacing=\"eyJwYXJhbV90eXBlIjoid29vZG1hcnRfcmVzcG9uc2l2ZV9zcGFjaW5nIiwic2VsZWN0b3JfaWQiOiI2NWExMDEyZWVlNDVlIiwic2hvcnRjb2RlIjoidmNfcm93IiwiZGF0YSI6eyJ0YWJsZXQiOnt9LCJtb2JpbGUiOnt9fX0=\" woodmart_box_shadow=\"no\" wd_z_index=\"no\"][vc_column css=\".vc_custom_1499517305703{padding-top: 0px !important;}\" el_class=\"text-center\"][vc_custom_heading text=\"G\u00e5 med i v\u00e5rt team\" font_container=\"tag:h5|font_size:16|text_align:center|color:rgba(255%2C255%2C255%2C0.8)\" use_theme_fonts=\"yes\" css=\".vc_custom_1644879323437{margin-bottom: 10px !important;}\" el_class=\"visible-lg\"][\/vc_column][\/vc_row][vc_row woodmart_css_id=\"620990a65f39f\" responsive_spacing=\"eyJwYXJhbV90eXBlIjoid29vZG1hcnRfcmVzcG9uc2l2ZV9zcGFjaW5nIiwic2VsZWN0b3JfaWQiOiI2MjA5OTBhNjVmMzlmIiwic2hvcnRjb2RlIjoidmNfcm93IiwiZGF0YSI6eyJ0YWJsZXQiOnt9LCJtb2JpbGUiOnt9fX0=\" mobile_bg_img_hidden=\"no\" tablet_bg_img_hidden=\"no\"\u2026","rel":"","context":"Liknande inl\u00e4gg","block_context":{"text":"Liknande inl\u00e4gg","link":""},"img":{"alt_text":"","src":"","width":0,"height":0},"classes":[]},{"id":9935,"url":"https:\/\/medilution.com\/de\/partnerprogramm\/","url_meta":{"origin":8136,"position":3},"title":"Partnerprogramm","author":"Johan","date":"04\/02\/2022","format":false,"excerpt":"[vc_row full_width=\"stretch_row\" el_class=\"opacity-video-bg\" css=\".vc_custom_1705050465690{margin-top: -100px !important;margin-bottom: 8vh !important;padding-top: 32vh !important;padding-bottom: 25vh !important;background-image: url(https:\/\/cbdmedilution.com\/wp-content\/uploads\/2022\/01\/image-2.jpeg?id=7957) !important;background-position: center !important;background-repeat: no-repeat !important;background-size: cover !important;}\" mobile_bg_img_hidden=\"no\" tablet_bg_img_hidden=\"no\" woodmart_parallax=\"0\" woodmart_gradient_switch=\"no\" row_reverse_mobile=\"0\" row_reverse_tablet=\"0\" woodmart_disable_overflow=\"0\" woodmart_css_id=\"65a1012eee45e\" responsive_spacing=\"eyJwYXJhbV90eXBlIjoid29vZG1hcnRfcmVzcG9uc2l2ZV9zcGFjaW5nIiwic2VsZWN0b3JfaWQiOiI2NWExMDEyZWVlNDVlIiwic2hvcnRjb2RlIjoidmNfcm93IiwiZGF0YSI6eyJ0YWJsZXQiOnt9LCJtb2JpbGUiOnt9fX0=\" woodmart_box_shadow=\"no\" wd_z_index=\"no\"][vc_column css=\".vc_custom_1499517305703{padding-top: 0px !important;}\" el_class=\"text-center\"][vc_custom_heading text=\"Unserem Team beitreten\" font_container=\"tag:h5|font_size:16|text_align:center|color:rgba(255%2C255%2C255%2C0.8)\" use_theme_fonts=\"yes\" css=\".vc_custom_1644879323437{margin-bottom: 10px !important;}\" el_class=\"visible-lg\"][\/vc_column][\/vc_row][vc_row woodmart_css_id=\"620990a65f39f\" responsive_spacing=\"eyJwYXJhbV90eXBlIjoid29vZG1hcnRfcmVzcG9uc2l2ZV9zcGFjaW5nIiwic2VsZWN0b3JfaWQiOiI2MjA5OTBhNjVmMzlmIiwic2hvcnRjb2RlIjoidmNfcm93IiwiZGF0YSI6eyJ0YWJsZXQiOnt9LCJtb2JpbGUiOnt9fX0=\" mobile_bg_img_hidden=\"no\" tablet_bg_img_hidden=\"no\" woodmart_parallax=\"0\" woodmart_gradient_switch=\"no\"\u2026","rel":"","context":"Liknande inl\u00e4gg","block_context":{"text":"Liknande inl\u00e4gg","link":""},"img":{"alt_text":"","src":"","width":0,"height":0},"classes":[]},{"id":1006,"url":"https:\/\/medilution.com\/cbd-shop\/","url_meta":{"origin":8136,"position":4},"title":"SHOP","author":"medilutionadmin","date":"22\/09\/2017","format":false,"excerpt":"[vc_row full_width=\"stretch_row_content\" full_height=\"yes\" equal_height=\"yes\" content_placement=\"middle\" woodmart_stretch_content=\"section-stretch-content-no-pd\" woodmart_bg_position=\"center-center\" mobile_bg_img_hidden=\"no\" tablet_bg_img_hidden=\"no\" woodmart_parallax=\"0\" woodmart_gradient_switch=\"no\" row_reverse_mobile=\"0\" row_reverse_tablet=\"0\" woodmart_disable_overflow=\"0\" css=\".vc_custom_1754932658320{margin-top: -80px !important;background: #000000 url(https:\/\/medilution.com\/wp-content\/uploads\/2025\/08\/Healty_Woman_with_Freckles.jpg?id=12135) !important;background-position: center !important;background-repeat: no-repeat !important;background-size: cover !important;}\" woodmart_css_id=\"689a255e38dd5\" responsive_spacing=\"eyJwYXJhbV90eXBlIjoid29vZG1hcnRfcmVzcG9uc2l2ZV9zcGFjaW5nIiwic2VsZWN0b3JfaWQiOiI2ODlhMjU1ZTM4ZGQ1Iiwic2hvcnRjb2RlIjoidmNfcm93IiwiZGF0YSI6eyJ0YWJsZXQiOnt9LCJtb2JpbGUiOnt9fX0=\" woodmart_box_shadow=\"no\" wd_z_index=\"no\"][vc_column woodmart_css_id=\"689a218c6a7c8\" parallax_scroll=\"no\" woodmart_sticky_column=\"false\" wd_collapsible_content_switcher=\"no\" wd_column_role_offcanvas_desktop=\"no\" wd_column_role_offcanvas_tablet=\"no\" wd_column_role_offcanvas_mobile=\"no\" wd_column_role_content_desktop=\"no\" wd_column_role_content_tablet=\"no\" wd_column_role_content_mobile=\"no\" mobile_bg_img_hidden=\"no\" tablet_bg_img_hidden=\"no\" woodmart_parallax=\"0\" woodmart_box_shadow=\"no\" responsive_spacing=\"eyJwYXJhbV90eXBlIjoid29vZG1hcnRfcmVzcG9uc2l2ZV9zcGFjaW5nIiwic2VsZWN0b3JfaWQiOiI2ODlhMjE4YzZhN2M4Iiwic2hvcnRjb2RlIjoidmNfY29sdW1uIiwiZGF0YSI6eyJ0YWJsZXQiOnt9LCJtb2JpbGUiOnt9fX0=\" mobile_reset_margin=\"no\" tablet_reset_margin=\"no\" wd_z_index=\"no\"][vc_row_inner css=\".vc_custom_1754933041344{margin-top: 40px\u2026","rel":"","context":"Liknande inl\u00e4gg","block_context":{"text":"Liknande inl\u00e4gg","link":""},"img":{"alt_text":"","src":"","width":0,"height":0},"classes":[]},{"id":11120,"url":"https:\/\/medilution.com\/boosted-food\/how-it-works\/","url_meta":{"origin":8136,"position":5},"title":"How it works","author":"medilutionadmin","date":"15\/11\/2021","format":false,"excerpt":"[vc_row][vc_column width=\"1\/6\"][\/vc_column][vc_column width=\"2\/3\"][vc_column_text woodmart_inline=\"no\" text_larger=\"no\"]There are more and more news reports about poor food quality in nursing homes around Sweden. Older people have been given food that does not meet nutritional or taste requirements. This is the result of various factors, including limited resources, lack of time, and lack of\u2026","rel":"","context":"Liknande inl\u00e4gg","block_context":{"text":"Liknande inl\u00e4gg","link":""},"img":{"alt_text":"","src":"https:\/\/i0.wp.com\/medilution.com\/wp-content\/uploads\/2023\/08\/Skarmavbild-2023-08-30-kl.-19.26.20.png?resize=350%2C200&ssl=1","width":350,"height":200},"classes":[]}],"jetpack_sharing_enabled":true,"_links":{"self":[{"href":"https:\/\/medilution.com\/sv\/wp-json\/wp\/v2\/pages\/8136","targetHints":{"allow":["GET"]}}],"collection":[{"href":"https:\/\/medilution.com\/sv\/wp-json\/wp\/v2\/pages"}],"about":[{"href":"https:\/\/medilution.com\/sv\/wp-json\/wp\/v2\/types\/page"}],"author":[{"embeddable":true,"href":"https:\/\/medilution.com\/sv\/wp-json\/wp\/v2\/users\/1"}],"replies":[{"embeddable":true,"href":"https:\/\/medilution.com\/sv\/wp-json\/wp\/v2\/comments?post=8136"}],"version-history":[{"count":30,"href":"https:\/\/medilution.com\/sv\/wp-json\/wp\/v2\/pages\/8136\/revisions"}],"predecessor-version":[{"id":11975,"href":"https:\/\/medilution.com\/sv\/wp-json\/wp\/v2\/pages\/8136\/revisions\/11975"}],"wp:attachment":[{"href":"https:\/\/medilution.com\/sv\/wp-json\/wp\/v2\/media?parent=8136"}],"curies":[{"name":"wp","href":"https:\/\/api.w.org\/{rel}","templated":true}]}}