{"id":8131,"date":"2017-07-13T06:58:00","date_gmt":"2017-07-13T04:58:00","guid":{"rendered":"https:\/\/medilution.com\/om-oss\/"},"modified":"2024-01-11T17:05:56","modified_gmt":"2024-01-11T16:05:56","slug":"om-oss","status":"publish","type":"page","link":"https:\/\/medilution.com\/sv\/om-oss\/","title":{"rendered":"Om Oss"},"content":{"rendered":"<div class=\"wpb-content-wrapper\"><p>[vc_row full_width=&#8221;stretch_row&#8221; woodmart_bg_position=&#8221;center-bottom&#8221; el_class=&#8221;opacity-video-bg&#8221; css=&#8221;.vc_custom_1704989131488{margin-top: -40px !important;margin-right: 0px !important;margin-bottom: 4vh !important;margin-left: 0px !important;padding-top: 24vh !important;padding-bottom: 24vh !important;background-image: url(https:\/\/cbdmedilution.com\/wp-content\/uploads\/2021\/05\/yoga-girl-YL3N7FQ.jpg?id=7486) !important;background-position: center !important;background-repeat: no-repeat !important;background-size: cover !important;}&#8221; mobile_bg_img_hidden=&#8221;no&#8221; tablet_bg_img_hidden=&#8221;no&#8221; woodmart_parallax=&#8221;0&#8243; woodmart_gradient_switch=&#8221;no&#8221; row_reverse_mobile=&#8221;0&#8243; row_reverse_tablet=&#8221;0&#8243; woodmart_disable_overflow=&#8221;0&#8243; woodmart_css_id=&#8221;65a01199a1763&#8243; responsive_spacing=&#8221;eyJwYXJhbV90eXBlIjoid29vZG1hcnRfcmVzcG9uc2l2ZV9zcGFjaW5nIiwic2VsZWN0b3JfaWQiOiI2NWEwMTE5OWExNzYzIiwic2hvcnRjb2RlIjoidmNfcm93IiwiZGF0YSI6eyJ0YWJsZXQiOnt9LCJtb2JpbGUiOnt9fX0=&#8221; woodmart_box_shadow=&#8221;no&#8221; wd_z_index=&#8221;no&#8221;][vc_column css=&#8221;.vc_custom_1499517305703{padding-top: 0px !important;}&#8221; el_class=&#8221;text-center&#8221;][vc_custom_heading text=&#8221;MEDILUTION&#8221; font_container=&#8221;tag:h5|font_size:16|text_align:center|color:rgba(255%2C255%2C255%2C0.8)&#8221; use_theme_fonts=&#8221;yes&#8221; css=&#8221;.vc_custom_1686739835787{margin-bottom: 10px !important;}&#8221; el_class=&#8221;visible-lg&#8221;]\n\t\t<div id=\"wd-65a01183e99e0\" class=\"title-wrapper wd-wpb wd-set-mb reset-last-child  wd-rs-65a01183e99e0 wd-title-color-white wd-title-style-default text-center  wd-width-enabled wd-underline-colored\" style=\"--wd-max-width: 70%;\">\n\t\t\t\n\t\t\t<div class=\"liner-continer\">\n\t\t\t\t<h4 class=\"woodmart-title-container title  wd-font-weight- wd-fontsize-xxl\" >Vi \u00e4r fast beslutna att erbjuda dig<br \/>\nprodukter av h\u00f6gsta kvalitet<\/h4>\n\t\t\t\t\t\t\t<\/div>\n\t\t\t\n\t\t\t\n\t\t\t\n\t\t<\/div>\n\t\t\n\t\t[\/vc_column][\/vc_row][vc_row css=&#8221;.vc_custom_1499600383384{margin-bottom: 8vh !important;}&#8221;][vc_column offset=&#8221;vc_col-lg-offset-2 vc_col-lg-8 vc_col-md-offset-2 vc_col-md-8 vc_col-sm-offset-0&#8243; css=&#8221;.vc_custom_1499599304156{padding-top: 0px !important;}&#8221;][vc_column_text text_larger=&#8221;no&#8221; woodmart_inline=&#8221;no&#8221;]<\/p>\n<h3>Vi \u00e4r ett team av f\u00f6respr\u00e5kare f\u00f6r v\u00e4lbefinnande med en vision om en b\u00e4ttre v\u00e4rld: en v\u00e4rld d\u00e4r m\u00e4nniskor kan f\u00f6rb\u00e4ttra sin livskvalitet.<\/h3>\n<p>[\/vc_column_text][vc_row_inner][vc_column_inner css=&#8221;.vc_custom_1494857398526{padding-top: 0px !important;}&#8221;][vc_column_text css=&#8221;.vc_custom_1690899239783{margin-bottom: 20px !important;}&#8221; text_larger=&#8221;no&#8221; woodmart_inline=&#8221;no&#8221;]<\/p>\n<p style=\"font-weight: 400;\">MEDILUTION, \u00e4r ett ledande varum\u00e4rke som arbetar f\u00f6r att f\u00f6rb\u00e4ttra h\u00e4lsa, v\u00e4lbefinnande och livsl\u00e4ngd genom v\u00e5ra vetenskapligt formulerade kosttillskott.<\/p>\n<p style=\"font-weight: 400;\">MEDILUTION grundades med det prim\u00e4ra uppdraget att omdefiniera v\u00e4lbefinnande och livsl\u00e4ngd, och uppstod p\u00e5 grund av en gemensam passion f\u00f6r holistisk h\u00e4lsa och ett djupt engagemang f\u00f6r kvalitet. V\u00e5rt team av nutritionister, wellness-experter och medicinsk personal arbetar outtr\u00f6ttligt tillsammans f\u00f6r att utveckla produkter som inte bara st\u00f6der kroppens naturliga l\u00e4kningsprocesser utan ocks\u00e5 fr\u00e4mjar \u00f6vergripande vitalitet och livsl\u00e4ngd.<\/p>\n<p style=\"font-weight: 400;\">Vi anser att h\u00e4lsa och v\u00e4lbefinnande \u00e4r h\u00f6rnstenarna i ett meningsfullt liv. Det handlar inte bara om att l\u00e4gga \u00e5r till ditt liv, utan ocks\u00e5 om att l\u00e4gga liv till dina \u00e5r. Vi str\u00e4var efter att ge m\u00e4nniskor m\u00f6jlighet att leva sina liv fullt ut genom att f\u00f6rse dem med h\u00f6gkvalitativa, vetenskapligt underbyggda kosttillskott som ger verkliga resultat.<\/p>\n<p style=\"font-weight: 400;\">P\u00e5 MEDILUTION \u00e4r kvalitet inte bara en princip, det \u00e4r ett l\u00f6fte. Vi anv\u00e4nder endast de finaste, h\u00e5llbart sk\u00f6rdade ingredienserna f\u00f6r v\u00e5ra kosttillskott, vilket garanterar optimal styrka och renhet. Alla v\u00e5ra produkter genomg\u00e5r rigor\u00f6sa tester och kvalitetskontroller f\u00f6r effektivitet och s\u00e4kerhet, i enlighet med de h\u00f6gsta standarderna i branschen.<\/p>\n<p style=\"font-weight: 400;\">Vi g\u00e5r ut\u00f6ver det normala f\u00f6r att tillgodose v\u00e5ra kunders olika behov. Vi f\u00f6rst\u00e5r att alla m\u00e4nniskors h\u00e4lsoresa \u00e4r unik, och vi \u00e4r stolta \u00f6ver att kunna erbjuda ett brett utbud av l\u00f6sningar f\u00f6r att st\u00f6dja olika m\u00e5l och livsstilar. MEDILUTIONs produktportf\u00f6lj \u00e4r utformad med ditt v\u00e4lbefinnande i \u00e5tanke, fr\u00e5n att st\u00e4rka ditt immunf\u00f6rsvar, optimera hj\u00e4rnh\u00e4lsan till att st\u00f6dja ett h\u00e4lsosamt \u00e5ldrande.<\/p>\n<p style=\"font-weight: 400;\">V\u00e5r resa p\u00e5 MEDILUTION pr\u00e4glas av st\u00e4ndigt l\u00e4rande, innovation och engagemang. Samtidigt som vi forts\u00e4tter att v\u00e4xa \u00e4r v\u00e5ra k\u00e4rnv\u00e4rden orubbliga. Vi \u00e4r fast beslutna att fr\u00e4mja v\u00e4lbefinnande, f\u00f6rl\u00e4nga livsl\u00e4ngden och hj\u00e4lpa dig att trivas p\u00e5 din h\u00e4lsoresa.<\/p>\n<p style=\"font-weight: 400;\">P\u00e5 MEDILUTION arbetar vi f\u00f6r en livsstil som pr\u00e4glas av v\u00e4lbefinnande, vitalitet och livsl\u00e4ngd. F\u00f6lj med oss p\u00e5 v\u00e5r resa mot b\u00e4ttre h\u00e4lsa.<\/p>\n<p style=\"font-weight: 400;\">V\u00e4lkommen till ett b\u00e4ttre du. V\u00e4lkommen till MEDILUTION.<\/p>\n<p>[\/vc_column_text][\/vc_column_inner][\/vc_row_inner][vc_column_text text_larger=&#8221;no&#8221;][\/vc_column_text][\/vc_column][\/vc_row]<\/p>\n<\/div>","protected":false},"excerpt":{"rendered":"<p>[vc_row full_width=&#8221;stretch_row&#8221; woodmart_bg_position=&#8221;center-bottom&#8221; el_class=&#8221;opacity-video-bg&#8221; css=&#8221;.vc_custom_1704989131488{margin-top: -40px !important;margin-right: 0px !important;margin-bottom: 4vh !important;margin-left: 0px !important;padding-top: 24vh !important;padding-bottom: 24vh !important;background-image: url(https:\/\/cbdmedilution.com\/wp-content\/uploads\/2021\/05\/yoga-girl-YL3N7FQ.jpg?id=7486) !important;background-position: center<\/p>\n","protected":false},"author":1,"featured_media":0,"parent":0,"menu_order":0,"comment_status":"closed","ping_status":"closed","template":"","meta":{"footnotes":""},"class_list":["post-8131","page","type-page","status-publish","hentry"],"yoast_head":"<!-- This site is optimized with the Yoast SEO plugin v27.4 - https:\/\/yoast.com\/product\/yoast-seo-wordpress\/ -->\n<title>Om Oss - Medilution<\/title>\n<meta name=\"description\" content=\"V\u00e5rt urval av CBD-produkter inkluderar ren potent premium CBD-olja fr\u00e5n organisk hampa och labbtestad f\u00f6r kvalitet.\" \/>\n<meta name=\"robots\" content=\"index, follow, max-snippet:-1, max-image-preview:large, max-video-preview:-1\" \/>\n<link rel=\"canonical\" href=\"https:\/\/medilution.com\/sv\/om-oss\/\" \/>\n<meta property=\"og:locale\" content=\"sv_SE\" \/>\n<meta property=\"og:type\" content=\"article\" \/>\n<meta property=\"og:title\" content=\"Om Oss - Medilution\" \/>\n<meta property=\"og:description\" content=\"V\u00e5rt urval av CBD-produkter inkluderar ren potent premium CBD-olja fr\u00e5n organisk hampa och labbtestad f\u00f6r kvalitet.\" \/>\n<meta property=\"og:url\" content=\"https:\/\/medilution.com\/sv\/om-oss\/\" \/>\n<meta property=\"og:site_name\" content=\"Medilution\" \/>\n<meta property=\"article:modified_time\" content=\"2024-01-11T16:05:56+00:00\" \/>\n<meta name=\"twitter:card\" content=\"summary_large_image\" \/>\n<meta name=\"twitter:label1\" content=\"Ber\u00e4knad l\u00e4stid\" \/>\n\t<meta name=\"twitter:data1\" content=\"4 minuter\" \/>\n<script type=\"application\/ld+json\" class=\"yoast-schema-graph\">{\"@context\":\"https:\\\/\\\/schema.org\",\"@graph\":[{\"@type\":\"WebPage\",\"@id\":\"https:\\\/\\\/medilution.com\\\/sv\\\/om-oss\\\/\",\"url\":\"https:\\\/\\\/medilution.com\\\/sv\\\/om-oss\\\/\",\"name\":\"Om Oss - Medilution\",\"isPartOf\":{\"@id\":\"https:\\\/\\\/medilution.com\\\/sv\\\/#website\"},\"datePublished\":\"2017-07-13T04:58:00+00:00\",\"dateModified\":\"2024-01-11T16:05:56+00:00\",\"description\":\"V\u00e5rt urval av CBD-produkter inkluderar ren potent premium CBD-olja fr\u00e5n organisk hampa och labbtestad f\u00f6r kvalitet.\",\"breadcrumb\":{\"@id\":\"https:\\\/\\\/medilution.com\\\/sv\\\/om-oss\\\/#breadcrumb\"},\"inLanguage\":\"sv-SE\",\"potentialAction\":[{\"@type\":\"ReadAction\",\"target\":[\"https:\\\/\\\/medilution.com\\\/sv\\\/om-oss\\\/\"]}]},{\"@type\":\"BreadcrumbList\",\"@id\":\"https:\\\/\\\/medilution.com\\\/sv\\\/om-oss\\\/#breadcrumb\",\"itemListElement\":[{\"@type\":\"ListItem\",\"position\":1,\"name\":\"Home\",\"item\":\"https:\\\/\\\/medilution.com\\\/sv\\\/\"},{\"@type\":\"ListItem\",\"position\":2,\"name\":\"Om Oss\"}]},{\"@type\":\"WebSite\",\"@id\":\"https:\\\/\\\/medilution.com\\\/sv\\\/#website\",\"url\":\"https:\\\/\\\/medilution.com\\\/sv\\\/\",\"name\":\"Medilution\",\"description\":\"Unlock Wellness with CBD and Lion\u2019s Mane Excellence\",\"publisher\":{\"@id\":\"https:\\\/\\\/medilution.com\\\/sv\\\/#organization\"},\"potentialAction\":[{\"@type\":\"SearchAction\",\"target\":{\"@type\":\"EntryPoint\",\"urlTemplate\":\"https:\\\/\\\/medilution.com\\\/sv\\\/?s={search_term_string}\"},\"query-input\":{\"@type\":\"PropertyValueSpecification\",\"valueRequired\":true,\"valueName\":\"search_term_string\"}}],\"inLanguage\":\"sv-SE\"},{\"@type\":\"Organization\",\"@id\":\"https:\\\/\\\/medilution.com\\\/sv\\\/#organization\",\"name\":\"Medilution\",\"url\":\"https:\\\/\\\/medilution.com\\\/sv\\\/\",\"logo\":{\"@type\":\"ImageObject\",\"inLanguage\":\"sv-SE\",\"@id\":\"https:\\\/\\\/medilution.com\\\/sv\\\/#\\\/schema\\\/logo\\\/image\\\/\",\"url\":\"https:\\\/\\\/medilution.com\\\/wp-content\\\/uploads\\\/2021\\\/04\\\/medilution-logo-web.png\",\"contentUrl\":\"https:\\\/\\\/medilution.com\\\/wp-content\\\/uploads\\\/2021\\\/04\\\/medilution-logo-web.png\",\"width\":400,\"height\":460,\"caption\":\"Medilution\"},\"image\":{\"@id\":\"https:\\\/\\\/medilution.com\\\/sv\\\/#\\\/schema\\\/logo\\\/image\\\/\"},\"sameAs\":[\"https:\\\/\\\/www.instagram.com\\\/medilution\\\/\"]}]}<\/script>\n<!-- \/ Yoast SEO plugin. -->","yoast_head_json":{"title":"Om Oss - Medilution","description":"V\u00e5rt urval av CBD-produkter inkluderar ren potent premium CBD-olja fr\u00e5n organisk hampa och labbtestad f\u00f6r kvalitet.","robots":{"index":"index","follow":"follow","max-snippet":"max-snippet:-1","max-image-preview":"max-image-preview:large","max-video-preview":"max-video-preview:-1"},"canonical":"https:\/\/medilution.com\/sv\/om-oss\/","og_locale":"sv_SE","og_type":"article","og_title":"Om Oss - Medilution","og_description":"V\u00e5rt urval av CBD-produkter inkluderar ren potent premium CBD-olja fr\u00e5n organisk hampa och labbtestad f\u00f6r kvalitet.","og_url":"https:\/\/medilution.com\/sv\/om-oss\/","og_site_name":"Medilution","article_modified_time":"2024-01-11T16:05:56+00:00","twitter_card":"summary_large_image","twitter_misc":{"Ber\u00e4knad l\u00e4stid":"4 minuter"},"schema":{"@context":"https:\/\/schema.org","@graph":[{"@type":"WebPage","@id":"https:\/\/medilution.com\/sv\/om-oss\/","url":"https:\/\/medilution.com\/sv\/om-oss\/","name":"Om Oss - Medilution","isPartOf":{"@id":"https:\/\/medilution.com\/sv\/#website"},"datePublished":"2017-07-13T04:58:00+00:00","dateModified":"2024-01-11T16:05:56+00:00","description":"V\u00e5rt urval av CBD-produkter inkluderar ren potent premium CBD-olja fr\u00e5n organisk hampa och labbtestad f\u00f6r kvalitet.","breadcrumb":{"@id":"https:\/\/medilution.com\/sv\/om-oss\/#breadcrumb"},"inLanguage":"sv-SE","potentialAction":[{"@type":"ReadAction","target":["https:\/\/medilution.com\/sv\/om-oss\/"]}]},{"@type":"BreadcrumbList","@id":"https:\/\/medilution.com\/sv\/om-oss\/#breadcrumb","itemListElement":[{"@type":"ListItem","position":1,"name":"Home","item":"https:\/\/medilution.com\/sv\/"},{"@type":"ListItem","position":2,"name":"Om Oss"}]},{"@type":"WebSite","@id":"https:\/\/medilution.com\/sv\/#website","url":"https:\/\/medilution.com\/sv\/","name":"Medilution","description":"Unlock Wellness with CBD and Lion\u2019s Mane Excellence","publisher":{"@id":"https:\/\/medilution.com\/sv\/#organization"},"potentialAction":[{"@type":"SearchAction","target":{"@type":"EntryPoint","urlTemplate":"https:\/\/medilution.com\/sv\/?s={search_term_string}"},"query-input":{"@type":"PropertyValueSpecification","valueRequired":true,"valueName":"search_term_string"}}],"inLanguage":"sv-SE"},{"@type":"Organization","@id":"https:\/\/medilution.com\/sv\/#organization","name":"Medilution","url":"https:\/\/medilution.com\/sv\/","logo":{"@type":"ImageObject","inLanguage":"sv-SE","@id":"https:\/\/medilution.com\/sv\/#\/schema\/logo\/image\/","url":"https:\/\/medilution.com\/wp-content\/uploads\/2021\/04\/medilution-logo-web.png","contentUrl":"https:\/\/medilution.com\/wp-content\/uploads\/2021\/04\/medilution-logo-web.png","width":400,"height":460,"caption":"Medilution"},"image":{"@id":"https:\/\/medilution.com\/sv\/#\/schema\/logo\/image\/"},"sameAs":["https:\/\/www.instagram.com\/medilution\/"]}]}},"jetpack-related-posts":[{"id":1309,"url":"https:\/\/medilution.com\/track-order\/","url_meta":{"origin":8131,"position":0},"title":"Track order","author":"medilutionadmin","date":"11\/01\/2018","format":false,"excerpt":"[vc_row full_width=\"stretch_row\" css=\".vc_custom_1515665484102{margin-bottom: 8vh !important;padding-top: 20vh !important;padding-bottom: 16vh !important;background-image: url(http:\/\/dummy.xtemos.com\/woodmart\/demos\/wp-content\/uploads\/sites\/2\/2017\/06\/wood-main-dark-bg.jpg?id=246) !important;}\"][vc_column woodmart_color_scheme=\"light\" offset=\"vc_col-lg-offset-2 vc_col-lg-8\"][\/vc_column][\/vc_row][vc_row css=\".vc_custom_1497900090238{margin-right: -40px !important;margin-bottom: 5vh !important;margin-left: -40px !important;}\"][vc_column width=\"1\/3\" css=\".vc_custom_1497899693264{padding-top: 0px !important;padding-right: 40px !important;padding-left: 40px !important;}\"][\/vc_column][vc_column width=\"1\/3\" css=\".vc_custom_1497899686135{padding-top: 0px !important;padding-right: 40px !important;padding-left: 40px !important;}\"][\/vc_column][vc_column width=\"1\/3\" css=\".vc_custom_1497899679300{padding-top: 0px !important;padding-right: 40px !important;padding-left: 40px !important;}\"][\/vc_column][\/vc_row][vc_row css=\".vc_custom_1497900098982{margin-bottom: 8vh !important;}\"][vc_column][vc_separator color=\"custom\" accent_color=\"rgba(129,129,129,0.2)\"\u2026","rel":"","context":"Liknande inl\u00e4gg","block_context":{"text":"Liknande inl\u00e4gg","link":""},"img":{"alt_text":"","src":"","width":0,"height":0},"classes":[]},{"id":7992,"url":"https:\/\/medilution.com\/affiliate-program\/","url_meta":{"origin":8131,"position":1},"title":"Affiliate Program","author":"Johan","date":"04\/02\/2022","format":false,"excerpt":"[vc_row full_width=\"stretch_row\" el_class=\"opacity-video-bg\" css=\".vc_custom_1705050465690{margin-top: -100px !important;margin-bottom: 8vh !important;padding-top: 32vh !important;padding-bottom: 25vh !important;background-image: url(https:\/\/cbdmedilution.com\/wp-content\/uploads\/2022\/01\/image-2.jpeg?id=7957) !important;background-position: center !important;background-repeat: no-repeat !important;background-size: cover !important;}\" mobile_bg_img_hidden=\"no\" tablet_bg_img_hidden=\"no\" woodmart_parallax=\"0\" woodmart_gradient_switch=\"no\" row_reverse_mobile=\"0\" row_reverse_tablet=\"0\" woodmart_disable_overflow=\"0\" woodmart_css_id=\"65a1012eee45e\" responsive_spacing=\"eyJwYXJhbV90eXBlIjoid29vZG1hcnRfcmVzcG9uc2l2ZV9zcGFjaW5nIiwic2VsZWN0b3JfaWQiOiI2NWExMDEyZWVlNDVlIiwic2hvcnRjb2RlIjoidmNfcm93IiwiZGF0YSI6eyJ0YWJsZXQiOnt9LCJtb2JpbGUiOnt9fX0=\" woodmart_box_shadow=\"no\" wd_z_index=\"no\"][vc_column css=\".vc_custom_1499517305703{padding-top: 0px !important;}\" el_class=\"text-center\"][vc_custom_heading text=\"Join Our Team\" font_container=\"tag:h5|font_size:16|text_align:center|color:rgba(255%2C255%2C255%2C0.8)\" use_theme_fonts=\"yes\" css=\".vc_custom_1644879323437{margin-bottom: 10px !important;}\" el_class=\"visible-lg\"][\/vc_column][\/vc_row][vc_row woodmart_css_id=\"620990a65f39f\" responsive_spacing=\"eyJwYXJhbV90eXBlIjoid29vZG1hcnRfcmVzcG9uc2l2ZV9zcGFjaW5nIiwic2VsZWN0b3JfaWQiOiI2MjA5OTBhNjVmMzlmIiwic2hvcnRjb2RlIjoidmNfcm93IiwiZGF0YSI6eyJ0YWJsZXQiOnt9LCJtb2JpbGUiOnt9fX0=\" mobile_bg_img_hidden=\"no\" tablet_bg_img_hidden=\"no\" woodmart_parallax=\"0\" woodmart_gradient_switch=\"no\"\u2026","rel":"","context":"Liknande inl\u00e4gg","block_context":{"text":"Liknande inl\u00e4gg","link":""},"img":{"alt_text":"","src":"","width":0,"height":0},"classes":[]},{"id":11120,"url":"https:\/\/medilution.com\/boosted-food\/how-it-works\/","url_meta":{"origin":8131,"position":2},"title":"How it works","author":"medilutionadmin","date":"15\/11\/2021","format":false,"excerpt":"[vc_row][vc_column width=\"1\/6\"][\/vc_column][vc_column width=\"2\/3\"][vc_column_text woodmart_inline=\"no\" text_larger=\"no\"]There are more and more news reports about poor food quality in nursing homes around Sweden. Older people have been given food that does not meet nutritional or taste requirements. This is the result of various factors, including limited resources, lack of time, and lack of\u2026","rel":"","context":"Liknande inl\u00e4gg","block_context":{"text":"Liknande inl\u00e4gg","link":""},"img":{"alt_text":"","src":"https:\/\/i0.wp.com\/medilution.com\/wp-content\/uploads\/2023\/08\/Skarmavbild-2023-08-30-kl.-19.26.20.png?resize=350%2C200&ssl=1","width":350,"height":200},"classes":[]},{"id":11151,"url":"https:\/\/medilution.com\/sv\/forstarkt-mat\/tidslinje\/","url_meta":{"origin":8131,"position":3},"title":"Hur det fungerar","author":"medilutionadmin","date":"15\/11\/2021","format":false,"excerpt":"[vc_row][vc_column width=\"1\/6\"][\/vc_column][vc_column width=\"2\/3\"][vc_column_text woodmart_inline=\"no\" text_larger=\"no\"]Det kommer fler och fler nyhetsrapporter om d\u00e5lig matkvalitet p\u00e5 \u00e4ldreboenden runt om i Sverige. \u00c4ldre personer har f\u00e5tt mat som inte uppfyller kraven p\u00e5 n\u00e4ringsinneh\u00e5ll eller smak. Detta \u00e4r resultatet av olika faktorer, inklusive begr\u00e4nsade resurser, tidsbrist och brist p\u00e5 kunskap om \u00e4ldre m\u00e4nniskors specifika\u2026","rel":"","context":"Liknande inl\u00e4gg","block_context":{"text":"Liknande inl\u00e4gg","link":""},"img":{"alt_text":"","src":"https:\/\/i0.wp.com\/medilution.com\/wp-content\/uploads\/2023\/08\/Skarmavbild-2023-08-30-kl.-19.26.20.png?resize=350%2C200&ssl=1","width":350,"height":200},"classes":[]},{"id":8189,"url":"https:\/\/medilution.com\/sv\/affiliate-program\/","url_meta":{"origin":8131,"position":4},"title":"Affiliate Program","author":"Johan","date":"04\/02\/2022","format":false,"excerpt":"[vc_row full_width=\"stretch_row\" el_class=\"opacity-video-bg\" css=\".vc_custom_1705050465690{margin-top: -100px !important;margin-bottom: 8vh !important;padding-top: 32vh !important;padding-bottom: 25vh !important;background-image: url(https:\/\/cbdmedilution.com\/wp-content\/uploads\/2022\/01\/image-2.jpeg?id=7957) !important;background-position: center !important;background-repeat: no-repeat !important;background-size: cover !important;}\" mobile_bg_img_hidden=\"no\" tablet_bg_img_hidden=\"no\" woodmart_parallax=\"0\" woodmart_gradient_switch=\"no\" row_reverse_mobile=\"0\" row_reverse_tablet=\"0\" woodmart_disable_overflow=\"0\" woodmart_css_id=\"65a1012eee45e\" responsive_spacing=\"eyJwYXJhbV90eXBlIjoid29vZG1hcnRfcmVzcG9uc2l2ZV9zcGFjaW5nIiwic2VsZWN0b3JfaWQiOiI2NWExMDEyZWVlNDVlIiwic2hvcnRjb2RlIjoidmNfcm93IiwiZGF0YSI6eyJ0YWJsZXQiOnt9LCJtb2JpbGUiOnt9fX0=\" woodmart_box_shadow=\"no\" wd_z_index=\"no\"][vc_column css=\".vc_custom_1499517305703{padding-top: 0px !important;}\" el_class=\"text-center\"][vc_custom_heading text=\"G\u00e5 med i v\u00e5rt team\" font_container=\"tag:h5|font_size:16|text_align:center|color:rgba(255%2C255%2C255%2C0.8)\" use_theme_fonts=\"yes\" css=\".vc_custom_1644879323437{margin-bottom: 10px !important;}\" el_class=\"visible-lg\"][\/vc_column][\/vc_row][vc_row woodmart_css_id=\"620990a65f39f\" responsive_spacing=\"eyJwYXJhbV90eXBlIjoid29vZG1hcnRfcmVzcG9uc2l2ZV9zcGFjaW5nIiwic2VsZWN0b3JfaWQiOiI2MjA5OTBhNjVmMzlmIiwic2hvcnRjb2RlIjoidmNfcm93IiwiZGF0YSI6eyJ0YWJsZXQiOnt9LCJtb2JpbGUiOnt9fX0=\" mobile_bg_img_hidden=\"no\" tablet_bg_img_hidden=\"no\"\u2026","rel":"","context":"Liknande inl\u00e4gg","block_context":{"text":"Liknande inl\u00e4gg","link":""},"img":{"alt_text":"","src":"","width":0,"height":0},"classes":[]},{"id":9935,"url":"https:\/\/medilution.com\/de\/partnerprogramm\/","url_meta":{"origin":8131,"position":5},"title":"Partnerprogramm","author":"Johan","date":"04\/02\/2022","format":false,"excerpt":"[vc_row full_width=\"stretch_row\" el_class=\"opacity-video-bg\" css=\".vc_custom_1705050465690{margin-top: -100px !important;margin-bottom: 8vh !important;padding-top: 32vh !important;padding-bottom: 25vh !important;background-image: url(https:\/\/cbdmedilution.com\/wp-content\/uploads\/2022\/01\/image-2.jpeg?id=7957) !important;background-position: center !important;background-repeat: no-repeat !important;background-size: cover !important;}\" mobile_bg_img_hidden=\"no\" tablet_bg_img_hidden=\"no\" woodmart_parallax=\"0\" woodmart_gradient_switch=\"no\" row_reverse_mobile=\"0\" row_reverse_tablet=\"0\" woodmart_disable_overflow=\"0\" woodmart_css_id=\"65a1012eee45e\" responsive_spacing=\"eyJwYXJhbV90eXBlIjoid29vZG1hcnRfcmVzcG9uc2l2ZV9zcGFjaW5nIiwic2VsZWN0b3JfaWQiOiI2NWExMDEyZWVlNDVlIiwic2hvcnRjb2RlIjoidmNfcm93IiwiZGF0YSI6eyJ0YWJsZXQiOnt9LCJtb2JpbGUiOnt9fX0=\" woodmart_box_shadow=\"no\" wd_z_index=\"no\"][vc_column css=\".vc_custom_1499517305703{padding-top: 0px !important;}\" el_class=\"text-center\"][vc_custom_heading text=\"Unserem Team beitreten\" font_container=\"tag:h5|font_size:16|text_align:center|color:rgba(255%2C255%2C255%2C0.8)\" use_theme_fonts=\"yes\" css=\".vc_custom_1644879323437{margin-bottom: 10px !important;}\" el_class=\"visible-lg\"][\/vc_column][\/vc_row][vc_row woodmart_css_id=\"620990a65f39f\" responsive_spacing=\"eyJwYXJhbV90eXBlIjoid29vZG1hcnRfcmVzcG9uc2l2ZV9zcGFjaW5nIiwic2VsZWN0b3JfaWQiOiI2MjA5OTBhNjVmMzlmIiwic2hvcnRjb2RlIjoidmNfcm93IiwiZGF0YSI6eyJ0YWJsZXQiOnt9LCJtb2JpbGUiOnt9fX0=\" mobile_bg_img_hidden=\"no\" tablet_bg_img_hidden=\"no\" woodmart_parallax=\"0\" woodmart_gradient_switch=\"no\"\u2026","rel":"","context":"Liknande inl\u00e4gg","block_context":{"text":"Liknande inl\u00e4gg","link":""},"img":{"alt_text":"","src":"","width":0,"height":0},"classes":[]}],"jetpack_sharing_enabled":true,"_links":{"self":[{"href":"https:\/\/medilution.com\/sv\/wp-json\/wp\/v2\/pages\/8131","targetHints":{"allow":["GET"]}}],"collection":[{"href":"https:\/\/medilution.com\/sv\/wp-json\/wp\/v2\/pages"}],"about":[{"href":"https:\/\/medilution.com\/sv\/wp-json\/wp\/v2\/types\/page"}],"author":[{"embeddable":true,"href":"https:\/\/medilution.com\/sv\/wp-json\/wp\/v2\/users\/1"}],"replies":[{"embeddable":true,"href":"https:\/\/medilution.com\/sv\/wp-json\/wp\/v2\/comments?post=8131"}],"version-history":[{"count":65,"href":"https:\/\/medilution.com\/sv\/wp-json\/wp\/v2\/pages\/8131\/revisions"}],"predecessor-version":[{"id":11729,"href":"https:\/\/medilution.com\/sv\/wp-json\/wp\/v2\/pages\/8131\/revisions\/11729"}],"wp:attachment":[{"href":"https:\/\/medilution.com\/sv\/wp-json\/wp\/v2\/media?parent=8131"}],"curies":[{"name":"wp","href":"https:\/\/api.w.org\/{rel}","templated":true}]}}