{"id":10389,"date":"2023-08-01T14:09:20","date_gmt":"2023-08-01T12:09:20","guid":{"rendered":"https:\/\/medilution.com\/dialusion\/"},"modified":"2024-01-11T17:03:25","modified_gmt":"2024-01-11T16:03:25","slug":"dialusion","status":"publish","type":"page","link":"https:\/\/medilution.com\/sv\/dialusion\/","title":{"rendered":"Dialution"},"content":{"rendered":"<div class=\"wpb-content-wrapper\"><p>[vc_row full_width=&#8221;stretch_row_content_no_spaces&#8221; woodmart_bg_position=&#8221;center-center&#8221; el_class=&#8221;opacity-video-bg&#8221; css=&#8221;.vc_custom_1704988978371{margin-top: -40px !important;margin-right: 0px !important;margin-bottom: 4vh !important;margin-left: 0px !important;padding-top: 24vh !important;padding-bottom: 24vh !important;background-image: url(https:\/\/cbdmedilution.com\/wp-content\/uploads\/2023\/07\/Connected-technologies-are-changing-the-future-of-aging-at-home-1024&#215;683-1.webp?id=10168) !important;background-position: center !important;background-repeat: no-repeat !important;background-size: cover !important;}&#8221; mobile_bg_img_hidden=&#8221;no&#8221; tablet_bg_img_hidden=&#8221;no&#8221; woodmart_parallax=&#8221;0&#8243; woodmart_gradient_switch=&#8221;no&#8221; row_reverse_mobile=&#8221;0&#8243; row_reverse_tablet=&#8221;0&#8243; woodmart_disable_overflow=&#8221;0&#8243; woodmart_css_id=&#8221;65a010b529adf&#8221; responsive_spacing=&#8221;eyJwYXJhbV90eXBlIjoid29vZG1hcnRfcmVzcG9uc2l2ZV9zcGFjaW5nIiwic2VsZWN0b3JfaWQiOiI2NWEwMTBiNTI5YWRmIiwic2hvcnRjb2RlIjoidmNfcm93IiwiZGF0YSI6eyJ0YWJsZXQiOnt9LCJtb2JpbGUiOnt9fX0=&#8221; woodmart_box_shadow=&#8221;no&#8221; wd_z_index=&#8221;no&#8221;][vc_column css=&#8221;.vc_custom_1499517305703{padding-top: 0px !important;}&#8221; el_class=&#8221;text-center&#8221;]\n\t\t<div id=\"wd-636ccc838b4fe\" class=\"title-wrapper wd-wpb wd-set-mb reset-last-child  wd-rs-636ccc838b4fe wd-title-color-white wd-title-style-default text-center  wd-width-enabled wd-title-empty wd-underline-colored\" style=\"--wd-max-width: 70%;\">\n\t\t\t\n\t\t\t<div class=\"liner-continer\">\n\t\t\t\t<h4 class=\"woodmart-title-container title  wd-font-weight- wd-fontsize-xxxl\" ><\/h4>\n\t\t\t\t\t\t\t<\/div>\n\t\t\t\n\t\t\t\n\t\t\t\n\t\t<\/div>\n\t\t\n\t\t[\/vc_column][\/vc_row][vc_row woodmart_css_id=&#8221;620990a65f39f&#8221; responsive_spacing=&#8221;eyJwYXJhbV90eXBlIjoid29vZG1hcnRfcmVzcG9uc2l2ZV9zcGFjaW5nIiwic2VsZWN0b3JfaWQiOiI2MjA5OTBhNjVmMzlmIiwic2hvcnRjb2RlIjoidmNfcm93IiwiZGF0YSI6eyJ0YWJsZXQiOnt9LCJtb2JpbGUiOnt9fX0=&#8221; mobile_bg_img_hidden=&#8221;no&#8221; tablet_bg_img_hidden=&#8221;no&#8221; woodmart_parallax=&#8221;0&#8243; woodmart_gradient_switch=&#8221;no&#8221; woodmart_box_shadow=&#8221;no&#8221; wd_z_index=&#8221;no&#8221; woodmart_disable_overflow=&#8221;0&#8243; row_reverse_mobile=&#8221;0&#8243; row_reverse_tablet=&#8221;0&#8243;][vc_column][vc_column_text woodmart_inline=&#8221;no&#8221; text_larger=&#8221;no&#8221; css=&#8221;.vc_custom_1691141553548{padding-right: 8vh !important;padding-left: 8vh !important;}&#8221;]<\/p>\n<h1 style=\"font-weight: 400;\"><strong>DIALUTION &#8211; EN APPLIKATION F\u00d6R DIABETIKER<\/strong><\/h1>\n<p style=\"font-weight: 400;\">Vem vet mer om diabetes \u00e4n de hundratals miljoner diabetiker som inget hellre vill \u00e4n att forskningen om sjukdomen skall g\u00e5 fram\u00e5t?<\/p>\n<p><iframe loading=\"lazy\" title=\"YouTube-videospelare\" src=\"https:\/\/www.youtube.com\/embed\/bTlNNFQxs_A?controls=0\" width=\"100%\" height=\"460\" frameborder=\"0\" allowfullscreen=\"allowfullscreen\"><\/iframe><\/p>\n<p style=\"font-weight: 400;\">Applikationen anv\u00e4nder crowdsourcing och kollektiv intelligens, och det \u00e4r en unik metod f\u00f6r att n\u00e4rma sig diabetiker p\u00e5 ett roligt och stimulerande s\u00e4tt d\u00e4r de sj\u00e4lva som spelare kan bidra med sin kunskap till forskning och ett b\u00e4ttre liv f\u00f6r diabetiker. Till skillnad fr\u00e5n andra diabetesapplikationer, som mestadels behandlar fakta som de \u00e4r idag, avser denna applikation att positivt f\u00f6r\u00e4ndra fakta f\u00f6r diabetiker fram\u00f6ver.<\/p>\n<h3 style=\"font-weight: 400;\"><strong>DIABETES<\/strong><\/h3>\n<p style=\"font-weight: 400;\">Diabetes har blivit en pandemi, en f\u00f6r\u00f6dande sjukdom av aldrig tidigare sk\u00e5dade proportioner, och detta \u00e4r den globala situationen:<\/p>\n<ul>\n<li>\u00c5r 2021 hade 10 procent (537 miljoner) av alla vuxna i \u00e5ldern 20-79 \u00e5r diabetes. Denna siffra f\u00f6rv\u00e4ntas stiga till 643 miljoner 2030 och 783 miljoner 2045, en \u00f6kning med 20 respektive 46 procent.<\/li>\n<li>\u00c5r 2021 orsakade diabetes 6,7 miljoner d\u00f6dsfall och 33% av alla d\u00f6dsfall p\u00e5 grund av diabetes intr\u00e4ffade f\u00f6re 60 \u00e5rs \u00e5lder.<\/li>\n<li>Mer \u00e4n 3 av 4 vuxna med diabetes lever i l\u00e5g- och medelinkomstl\u00e4nder.<\/li>\n<li>\u00c5r 2021 orsakade diabetes sjukv\u00e5rdskostnader p\u00e5 minst 966 miljarder US-dollar &#8211; en \u00f6kning med 316 procent under de senaste 15 \u00e5ren.<\/li>\n<\/ul>\n<h3 style=\"font-weight: 400;\"><strong>SPELET<\/strong><\/h3>\n<p style=\"font-weight: 400;\">Vi avser att utveckla en spelapplikation f\u00f6r Android och iPhone f\u00f6r smarta telefoner och surfplattor med m\u00e5let att minska spridningen av diabetes, l\u00e4ra diabetiker hur man lever med sjukdomen och aktivera spelare f\u00f6r att hj\u00e4lpa till med forskning f\u00f6r f\u00f6rb\u00e4ttrade behandlingar och ett botemedel mot diabetes.<\/p>\n<h3 style=\"font-weight: 400;\"><strong>INSPIRATION<\/strong><\/h3>\n<p style=\"font-weight: 400;\">Applikationen \u00e4r inspirerad av Adrien Treuille och University of Washingtons v\u00e4rldsrevolutionerande spelmetod. Applikationen anv\u00e4nder konceptet PLAY, LEARN, RESEARCH och DISCOVER. Detta koncept har utvecklats av oss och n\u00e4r det till\u00e4mpas p\u00e5 denna applikation \u00e4r de viktigaste funktionerna f\u00f6ljande:<\/p>\n<h3 style=\"font-weight: 400;\"><strong>HUR DET FUNGERAR<\/strong><\/h3>\n<p style=\"font-weight: 400;\"><strong>SPEL<\/strong>: Spelet kommer att vara roligt, sp\u00e4nnande och underh\u00e5llande.<\/p>\n<p style=\"font-weight: 400;\"><strong>L\u00c4RA<\/strong> SIG: Spelet kommer att l\u00e4ra diabetiker hur man lever med sjukdomen. Spelet kommer ocks\u00e5 att l\u00e4ra icke-diabetiker hur man uppr\u00e4tth\u00e5ller en livsstil som minskar sannolikheten f\u00f6r att drabbas av diabetes i framtiden.<\/p>\n<p style=\"font-weight: 400;\"><strong>FORSKNING<\/strong>: Spelets gemensamma n\u00e4mnare \u00e4r att alla aktiva spelare hj\u00e4lper till att forska fram b\u00e4ttre behandlingar och ett botemedel mot sjukdomen.<\/p>\n<p style=\"font-weight: 400;\"><strong>DISCOVER<\/strong>: M\u00e5let \u00e4r att spelarna ska arbeta med forskare och uppt\u00e4cka nya former av f\u00f6rb\u00e4ttrade behandlingar f\u00f6r att g\u00f6ra det uth\u00e4rdligt att leva med diabetes och bromsa sjukdomen. M\u00e5let \u00e4r att forskningen ska leda till uppt\u00e4ckten av ett botemedel mot diabetes.<\/p>\n<h3 style=\"font-weight: 400;\"><strong>KONTAKT<\/strong><\/h3>\n<p style=\"font-weight: 400;\">Om du \u00e4r intresserad av att delta i v\u00e5rt projekt och vill bidra till den framtida utvecklingen av vetenskapen, v\u00e4nligen kontakta oss p\u00e5 <a href=\"mailto:info@dialution.com\">info@dialution.com<\/a>.<\/p>\n<p>[\/vc_column_text][vc_separator][\/vc_column][\/vc_row]<\/p>\n<\/div>","protected":false},"excerpt":{"rendered":"<p>[vc_row full_width=&#8221;stretch_row_content_no_spaces&#8221; woodmart_bg_position=&#8221;center-center&#8221; el_class=&#8221;opacity-video-bg&#8221; css=&#8221;.vc_custom_1704988978371{margin-top: -40px !important;margin-right: 0px !important;margin-bottom: 4vh !important;margin-left: 0px !important;padding-top: 24vh !important;padding-bottom: 24vh !important;background-image: url(https:\/\/cbdmedilution.com\/wp-content\/uploads\/2023\/07\/Connected-technologies-are-changing-the-future-of-aging-at-home-1024&#215;683-1.webp?id=10168) !important;background-position: center<\/p>\n","protected":false},"author":1,"featured_media":0,"parent":0,"menu_order":0,"comment_status":"closed","ping_status":"closed","template":"","meta":{"footnotes":""},"class_list":["post-10389","page","type-page","status-publish","hentry"],"yoast_head":"<!-- This site is optimized with the Yoast SEO plugin v27.5 - https:\/\/yoast.com\/product\/yoast-seo-wordpress\/ -->\n<title>Dialution - Medilution<\/title>\n<meta name=\"description\" content=\"L\u00e5s upp hemligheten med ett l\u00e4ngre liv - Medilution Longevity Clinic har som m\u00e5l att hj\u00e4lpa och inspirera sina kunder att leva ett l\u00e4ngre, b\u00e4ttre och h\u00e4lsosammare liv.\" \/>\n<meta name=\"robots\" content=\"index, follow, max-snippet:-1, max-image-preview:large, max-video-preview:-1\" \/>\n<link rel=\"canonical\" href=\"https:\/\/medilution.com\/sv\/dialusion\/\" \/>\n<meta property=\"og:locale\" content=\"sv_SE\" \/>\n<meta property=\"og:type\" content=\"article\" \/>\n<meta property=\"og:title\" content=\"Dialution - Medilution\" \/>\n<meta property=\"og:description\" content=\"L\u00e5s upp hemligheten med ett l\u00e4ngre liv - Medilution Longevity Clinic har som m\u00e5l att hj\u00e4lpa och inspirera sina kunder att leva ett l\u00e4ngre, b\u00e4ttre och h\u00e4lsosammare liv.\" \/>\n<meta property=\"og:url\" content=\"https:\/\/medilution.com\/sv\/dialusion\/\" \/>\n<meta property=\"og:site_name\" content=\"Medilution\" \/>\n<meta property=\"article:modified_time\" content=\"2024-01-11T16:03:25+00:00\" \/>\n<meta name=\"twitter:card\" content=\"summary_large_image\" \/>\n<meta name=\"twitter:label1\" content=\"Ber\u00e4knad l\u00e4stid\" \/>\n\t<meta name=\"twitter:data1\" content=\"4 minuter\" \/>\n<script type=\"application\/ld+json\" class=\"yoast-schema-graph\">{\"@context\":\"https:\\\/\\\/schema.org\",\"@graph\":[{\"@type\":\"WebPage\",\"@id\":\"https:\\\/\\\/medilution.com\\\/sv\\\/dialusion\\\/\",\"url\":\"https:\\\/\\\/medilution.com\\\/sv\\\/dialusion\\\/\",\"name\":\"Dialution - Medilution\",\"isPartOf\":{\"@id\":\"https:\\\/\\\/medilution.com\\\/sv\\\/#website\"},\"datePublished\":\"2023-08-01T12:09:20+00:00\",\"dateModified\":\"2024-01-11T16:03:25+00:00\",\"description\":\"L\u00e5s upp hemligheten med ett l\u00e4ngre liv - Medilution Longevity Clinic har som m\u00e5l att hj\u00e4lpa och inspirera sina kunder att leva ett l\u00e4ngre, b\u00e4ttre och h\u00e4lsosammare liv.\",\"breadcrumb\":{\"@id\":\"https:\\\/\\\/medilution.com\\\/sv\\\/dialusion\\\/#breadcrumb\"},\"inLanguage\":\"sv-SE\",\"potentialAction\":[{\"@type\":\"ReadAction\",\"target\":[\"https:\\\/\\\/medilution.com\\\/sv\\\/dialusion\\\/\"]}]},{\"@type\":\"BreadcrumbList\",\"@id\":\"https:\\\/\\\/medilution.com\\\/sv\\\/dialusion\\\/#breadcrumb\",\"itemListElement\":[{\"@type\":\"ListItem\",\"position\":1,\"name\":\"Home\",\"item\":\"https:\\\/\\\/medilution.com\\\/sv\\\/\"},{\"@type\":\"ListItem\",\"position\":2,\"name\":\"Dialution\"}]},{\"@type\":\"WebSite\",\"@id\":\"https:\\\/\\\/medilution.com\\\/sv\\\/#website\",\"url\":\"https:\\\/\\\/medilution.com\\\/sv\\\/\",\"name\":\"Medilution\",\"description\":\"Unlock Wellness with CBD and Lion\u2019s Mane Excellence\",\"publisher\":{\"@id\":\"https:\\\/\\\/medilution.com\\\/sv\\\/#organization\"},\"potentialAction\":[{\"@type\":\"SearchAction\",\"target\":{\"@type\":\"EntryPoint\",\"urlTemplate\":\"https:\\\/\\\/medilution.com\\\/sv\\\/?s={search_term_string}\"},\"query-input\":{\"@type\":\"PropertyValueSpecification\",\"valueRequired\":true,\"valueName\":\"search_term_string\"}}],\"inLanguage\":\"sv-SE\"},{\"@type\":\"Organization\",\"@id\":\"https:\\\/\\\/medilution.com\\\/sv\\\/#organization\",\"name\":\"Medilution\",\"url\":\"https:\\\/\\\/medilution.com\\\/sv\\\/\",\"logo\":{\"@type\":\"ImageObject\",\"inLanguage\":\"sv-SE\",\"@id\":\"https:\\\/\\\/medilution.com\\\/sv\\\/#\\\/schema\\\/logo\\\/image\\\/\",\"url\":\"https:\\\/\\\/medilution.com\\\/wp-content\\\/uploads\\\/2021\\\/04\\\/medilution-logo-web.png\",\"contentUrl\":\"https:\\\/\\\/medilution.com\\\/wp-content\\\/uploads\\\/2021\\\/04\\\/medilution-logo-web.png\",\"width\":400,\"height\":460,\"caption\":\"Medilution\"},\"image\":{\"@id\":\"https:\\\/\\\/medilution.com\\\/sv\\\/#\\\/schema\\\/logo\\\/image\\\/\"},\"sameAs\":[\"https:\\\/\\\/www.instagram.com\\\/medilution\\\/\"]}]}<\/script>\n<!-- \/ Yoast SEO plugin. -->","yoast_head_json":{"title":"Dialution - Medilution","description":"L\u00e5s upp hemligheten med ett l\u00e4ngre liv - Medilution Longevity Clinic har som m\u00e5l att hj\u00e4lpa och inspirera sina kunder att leva ett l\u00e4ngre, b\u00e4ttre och h\u00e4lsosammare liv.","robots":{"index":"index","follow":"follow","max-snippet":"max-snippet:-1","max-image-preview":"max-image-preview:large","max-video-preview":"max-video-preview:-1"},"canonical":"https:\/\/medilution.com\/sv\/dialusion\/","og_locale":"sv_SE","og_type":"article","og_title":"Dialution - Medilution","og_description":"L\u00e5s upp hemligheten med ett l\u00e4ngre liv - Medilution Longevity Clinic har som m\u00e5l att hj\u00e4lpa och inspirera sina kunder att leva ett l\u00e4ngre, b\u00e4ttre och h\u00e4lsosammare liv.","og_url":"https:\/\/medilution.com\/sv\/dialusion\/","og_site_name":"Medilution","article_modified_time":"2024-01-11T16:03:25+00:00","twitter_card":"summary_large_image","twitter_misc":{"Ber\u00e4knad l\u00e4stid":"4 minuter"},"schema":{"@context":"https:\/\/schema.org","@graph":[{"@type":"WebPage","@id":"https:\/\/medilution.com\/sv\/dialusion\/","url":"https:\/\/medilution.com\/sv\/dialusion\/","name":"Dialution - Medilution","isPartOf":{"@id":"https:\/\/medilution.com\/sv\/#website"},"datePublished":"2023-08-01T12:09:20+00:00","dateModified":"2024-01-11T16:03:25+00:00","description":"L\u00e5s upp hemligheten med ett l\u00e4ngre liv - Medilution Longevity Clinic har som m\u00e5l att hj\u00e4lpa och inspirera sina kunder att leva ett l\u00e4ngre, b\u00e4ttre och h\u00e4lsosammare liv.","breadcrumb":{"@id":"https:\/\/medilution.com\/sv\/dialusion\/#breadcrumb"},"inLanguage":"sv-SE","potentialAction":[{"@type":"ReadAction","target":["https:\/\/medilution.com\/sv\/dialusion\/"]}]},{"@type":"BreadcrumbList","@id":"https:\/\/medilution.com\/sv\/dialusion\/#breadcrumb","itemListElement":[{"@type":"ListItem","position":1,"name":"Home","item":"https:\/\/medilution.com\/sv\/"},{"@type":"ListItem","position":2,"name":"Dialution"}]},{"@type":"WebSite","@id":"https:\/\/medilution.com\/sv\/#website","url":"https:\/\/medilution.com\/sv\/","name":"Medilution","description":"Unlock Wellness with CBD and Lion\u2019s Mane Excellence","publisher":{"@id":"https:\/\/medilution.com\/sv\/#organization"},"potentialAction":[{"@type":"SearchAction","target":{"@type":"EntryPoint","urlTemplate":"https:\/\/medilution.com\/sv\/?s={search_term_string}"},"query-input":{"@type":"PropertyValueSpecification","valueRequired":true,"valueName":"search_term_string"}}],"inLanguage":"sv-SE"},{"@type":"Organization","@id":"https:\/\/medilution.com\/sv\/#organization","name":"Medilution","url":"https:\/\/medilution.com\/sv\/","logo":{"@type":"ImageObject","inLanguage":"sv-SE","@id":"https:\/\/medilution.com\/sv\/#\/schema\/logo\/image\/","url":"https:\/\/medilution.com\/wp-content\/uploads\/2021\/04\/medilution-logo-web.png","contentUrl":"https:\/\/medilution.com\/wp-content\/uploads\/2021\/04\/medilution-logo-web.png","width":400,"height":460,"caption":"Medilution"},"image":{"@id":"https:\/\/medilution.com\/sv\/#\/schema\/logo\/image\/"},"sameAs":["https:\/\/www.instagram.com\/medilution\/"]}]}},"jetpack-related-posts":[{"id":1309,"url":"https:\/\/medilution.com\/track-order\/","url_meta":{"origin":10389,"position":0},"title":"Track order","author":"medilutionadmin","date":"11\/01\/2018","format":false,"excerpt":"[vc_row full_width=\"stretch_row\" css=\".vc_custom_1515665484102{margin-bottom: 8vh !important;padding-top: 20vh !important;padding-bottom: 16vh !important;background-image: url(http:\/\/dummy.xtemos.com\/woodmart\/demos\/wp-content\/uploads\/sites\/2\/2017\/06\/wood-main-dark-bg.jpg?id=246) !important;}\"][vc_column woodmart_color_scheme=\"light\" offset=\"vc_col-lg-offset-2 vc_col-lg-8\"][\/vc_column][\/vc_row][vc_row css=\".vc_custom_1497900090238{margin-right: -40px !important;margin-bottom: 5vh !important;margin-left: -40px !important;}\"][vc_column width=\"1\/3\" css=\".vc_custom_1497899693264{padding-top: 0px !important;padding-right: 40px !important;padding-left: 40px !important;}\"][\/vc_column][vc_column width=\"1\/3\" css=\".vc_custom_1497899686135{padding-top: 0px !important;padding-right: 40px !important;padding-left: 40px !important;}\"][\/vc_column][vc_column width=\"1\/3\" css=\".vc_custom_1497899679300{padding-top: 0px !important;padding-right: 40px !important;padding-left: 40px !important;}\"][\/vc_column][\/vc_row][vc_row css=\".vc_custom_1497900098982{margin-bottom: 8vh !important;}\"][vc_column][vc_separator color=\"custom\" accent_color=\"rgba(129,129,129,0.2)\"\u2026","rel":"","context":"Liknande inl\u00e4gg","block_context":{"text":"Liknande inl\u00e4gg","link":""},"img":{"alt_text":"","src":"","width":0,"height":0},"classes":[]},{"id":7992,"url":"https:\/\/medilution.com\/affiliate-program\/","url_meta":{"origin":10389,"position":1},"title":"Affiliate Program","author":"Johan","date":"04\/02\/2022","format":false,"excerpt":"[vc_row full_width=\"stretch_row\" el_class=\"opacity-video-bg\" css=\".vc_custom_1705050465690{margin-top: -100px !important;margin-bottom: 8vh !important;padding-top: 32vh !important;padding-bottom: 25vh !important;background-image: url(https:\/\/cbdmedilution.com\/wp-content\/uploads\/2022\/01\/image-2.jpeg?id=7957) !important;background-position: center !important;background-repeat: no-repeat !important;background-size: cover !important;}\" mobile_bg_img_hidden=\"no\" tablet_bg_img_hidden=\"no\" woodmart_parallax=\"0\" woodmart_gradient_switch=\"no\" row_reverse_mobile=\"0\" row_reverse_tablet=\"0\" woodmart_disable_overflow=\"0\" woodmart_css_id=\"65a1012eee45e\" responsive_spacing=\"eyJwYXJhbV90eXBlIjoid29vZG1hcnRfcmVzcG9uc2l2ZV9zcGFjaW5nIiwic2VsZWN0b3JfaWQiOiI2NWExMDEyZWVlNDVlIiwic2hvcnRjb2RlIjoidmNfcm93IiwiZGF0YSI6eyJ0YWJsZXQiOnt9LCJtb2JpbGUiOnt9fX0=\" woodmart_box_shadow=\"no\" wd_z_index=\"no\"][vc_column css=\".vc_custom_1499517305703{padding-top: 0px !important;}\" el_class=\"text-center\"][vc_custom_heading text=\"Join Our Team\" font_container=\"tag:h5|font_size:16|text_align:center|color:rgba(255%2C255%2C255%2C0.8)\" use_theme_fonts=\"yes\" css=\".vc_custom_1644879323437{margin-bottom: 10px !important;}\" el_class=\"visible-lg\"][\/vc_column][\/vc_row][vc_row woodmart_css_id=\"620990a65f39f\" responsive_spacing=\"eyJwYXJhbV90eXBlIjoid29vZG1hcnRfcmVzcG9uc2l2ZV9zcGFjaW5nIiwic2VsZWN0b3JfaWQiOiI2MjA5OTBhNjVmMzlmIiwic2hvcnRjb2RlIjoidmNfcm93IiwiZGF0YSI6eyJ0YWJsZXQiOnt9LCJtb2JpbGUiOnt9fX0=\" mobile_bg_img_hidden=\"no\" tablet_bg_img_hidden=\"no\" woodmart_parallax=\"0\" woodmart_gradient_switch=\"no\"\u2026","rel":"","context":"Liknande inl\u00e4gg","block_context":{"text":"Liknande inl\u00e4gg","link":""},"img":{"alt_text":"","src":"","width":0,"height":0},"classes":[]},{"id":11120,"url":"https:\/\/medilution.com\/boosted-food\/how-it-works\/","url_meta":{"origin":10389,"position":2},"title":"How it works","author":"medilutionadmin","date":"15\/11\/2021","format":false,"excerpt":"[vc_row][vc_column width=\"1\/6\"][\/vc_column][vc_column width=\"2\/3\"][vc_column_text woodmart_inline=\"no\" text_larger=\"no\"]There are more and more news reports about poor food quality in nursing homes around Sweden. Older people have been given food that does not meet nutritional or taste requirements. This is the result of various factors, including limited resources, lack of time, and lack of\u2026","rel":"","context":"Liknande inl\u00e4gg","block_context":{"text":"Liknande inl\u00e4gg","link":""},"img":{"alt_text":"","src":"https:\/\/i0.wp.com\/medilution.com\/wp-content\/uploads\/2023\/08\/Skarmavbild-2023-08-30-kl.-19.26.20.png?resize=350%2C200&ssl=1","width":350,"height":200},"classes":[]},{"id":11151,"url":"https:\/\/medilution.com\/sv\/forstarkt-mat\/tidslinje\/","url_meta":{"origin":10389,"position":3},"title":"Hur det fungerar","author":"medilutionadmin","date":"15\/11\/2021","format":false,"excerpt":"[vc_row][vc_column width=\"1\/6\"][\/vc_column][vc_column width=\"2\/3\"][vc_column_text woodmart_inline=\"no\" text_larger=\"no\"]Det kommer fler och fler nyhetsrapporter om d\u00e5lig matkvalitet p\u00e5 \u00e4ldreboenden runt om i Sverige. \u00c4ldre personer har f\u00e5tt mat som inte uppfyller kraven p\u00e5 n\u00e4ringsinneh\u00e5ll eller smak. Detta \u00e4r resultatet av olika faktorer, inklusive begr\u00e4nsade resurser, tidsbrist och brist p\u00e5 kunskap om \u00e4ldre m\u00e4nniskors specifika\u2026","rel":"","context":"Liknande inl\u00e4gg","block_context":{"text":"Liknande inl\u00e4gg","link":""},"img":{"alt_text":"","src":"https:\/\/i0.wp.com\/medilution.com\/wp-content\/uploads\/2023\/08\/Skarmavbild-2023-08-30-kl.-19.26.20.png?resize=350%2C200&ssl=1","width":350,"height":200},"classes":[]},{"id":8189,"url":"https:\/\/medilution.com\/sv\/affiliate-program\/","url_meta":{"origin":10389,"position":4},"title":"Affiliate Program","author":"Johan","date":"04\/02\/2022","format":false,"excerpt":"[vc_row full_width=\"stretch_row\" el_class=\"opacity-video-bg\" css=\".vc_custom_1705050465690{margin-top: -100px !important;margin-bottom: 8vh !important;padding-top: 32vh !important;padding-bottom: 25vh !important;background-image: url(https:\/\/cbdmedilution.com\/wp-content\/uploads\/2022\/01\/image-2.jpeg?id=7957) !important;background-position: center !important;background-repeat: no-repeat !important;background-size: cover !important;}\" mobile_bg_img_hidden=\"no\" tablet_bg_img_hidden=\"no\" woodmart_parallax=\"0\" woodmart_gradient_switch=\"no\" row_reverse_mobile=\"0\" row_reverse_tablet=\"0\" woodmart_disable_overflow=\"0\" woodmart_css_id=\"65a1012eee45e\" responsive_spacing=\"eyJwYXJhbV90eXBlIjoid29vZG1hcnRfcmVzcG9uc2l2ZV9zcGFjaW5nIiwic2VsZWN0b3JfaWQiOiI2NWExMDEyZWVlNDVlIiwic2hvcnRjb2RlIjoidmNfcm93IiwiZGF0YSI6eyJ0YWJsZXQiOnt9LCJtb2JpbGUiOnt9fX0=\" woodmart_box_shadow=\"no\" wd_z_index=\"no\"][vc_column css=\".vc_custom_1499517305703{padding-top: 0px !important;}\" el_class=\"text-center\"][vc_custom_heading text=\"G\u00e5 med i v\u00e5rt team\" font_container=\"tag:h5|font_size:16|text_align:center|color:rgba(255%2C255%2C255%2C0.8)\" use_theme_fonts=\"yes\" css=\".vc_custom_1644879323437{margin-bottom: 10px !important;}\" el_class=\"visible-lg\"][\/vc_column][\/vc_row][vc_row woodmart_css_id=\"620990a65f39f\" responsive_spacing=\"eyJwYXJhbV90eXBlIjoid29vZG1hcnRfcmVzcG9uc2l2ZV9zcGFjaW5nIiwic2VsZWN0b3JfaWQiOiI2MjA5OTBhNjVmMzlmIiwic2hvcnRjb2RlIjoidmNfcm93IiwiZGF0YSI6eyJ0YWJsZXQiOnt9LCJtb2JpbGUiOnt9fX0=\" mobile_bg_img_hidden=\"no\" tablet_bg_img_hidden=\"no\"\u2026","rel":"","context":"Liknande inl\u00e4gg","block_context":{"text":"Liknande inl\u00e4gg","link":""},"img":{"alt_text":"","src":"","width":0,"height":0},"classes":[]},{"id":9935,"url":"https:\/\/medilution.com\/de\/partnerprogramm\/","url_meta":{"origin":10389,"position":5},"title":"Partnerprogramm","author":"Johan","date":"04\/02\/2022","format":false,"excerpt":"[vc_row full_width=\"stretch_row\" el_class=\"opacity-video-bg\" css=\".vc_custom_1705050465690{margin-top: -100px !important;margin-bottom: 8vh !important;padding-top: 32vh !important;padding-bottom: 25vh !important;background-image: url(https:\/\/cbdmedilution.com\/wp-content\/uploads\/2022\/01\/image-2.jpeg?id=7957) !important;background-position: center !important;background-repeat: no-repeat !important;background-size: cover !important;}\" mobile_bg_img_hidden=\"no\" tablet_bg_img_hidden=\"no\" woodmart_parallax=\"0\" woodmart_gradient_switch=\"no\" row_reverse_mobile=\"0\" row_reverse_tablet=\"0\" woodmart_disable_overflow=\"0\" woodmart_css_id=\"65a1012eee45e\" responsive_spacing=\"eyJwYXJhbV90eXBlIjoid29vZG1hcnRfcmVzcG9uc2l2ZV9zcGFjaW5nIiwic2VsZWN0b3JfaWQiOiI2NWExMDEyZWVlNDVlIiwic2hvcnRjb2RlIjoidmNfcm93IiwiZGF0YSI6eyJ0YWJsZXQiOnt9LCJtb2JpbGUiOnt9fX0=\" woodmart_box_shadow=\"no\" wd_z_index=\"no\"][vc_column css=\".vc_custom_1499517305703{padding-top: 0px !important;}\" el_class=\"text-center\"][vc_custom_heading text=\"Unserem Team beitreten\" font_container=\"tag:h5|font_size:16|text_align:center|color:rgba(255%2C255%2C255%2C0.8)\" use_theme_fonts=\"yes\" css=\".vc_custom_1644879323437{margin-bottom: 10px !important;}\" el_class=\"visible-lg\"][\/vc_column][\/vc_row][vc_row woodmart_css_id=\"620990a65f39f\" responsive_spacing=\"eyJwYXJhbV90eXBlIjoid29vZG1hcnRfcmVzcG9uc2l2ZV9zcGFjaW5nIiwic2VsZWN0b3JfaWQiOiI2MjA5OTBhNjVmMzlmIiwic2hvcnRjb2RlIjoidmNfcm93IiwiZGF0YSI6eyJ0YWJsZXQiOnt9LCJtb2JpbGUiOnt9fX0=\" mobile_bg_img_hidden=\"no\" tablet_bg_img_hidden=\"no\" woodmart_parallax=\"0\" woodmart_gradient_switch=\"no\"\u2026","rel":"","context":"Liknande inl\u00e4gg","block_context":{"text":"Liknande inl\u00e4gg","link":""},"img":{"alt_text":"","src":"","width":0,"height":0},"classes":[]}],"jetpack_sharing_enabled":true,"_links":{"self":[{"href":"https:\/\/medilution.com\/sv\/wp-json\/wp\/v2\/pages\/10389","targetHints":{"allow":["GET"]}}],"collection":[{"href":"https:\/\/medilution.com\/sv\/wp-json\/wp\/v2\/pages"}],"about":[{"href":"https:\/\/medilution.com\/sv\/wp-json\/wp\/v2\/types\/page"}],"author":[{"embeddable":true,"href":"https:\/\/medilution.com\/sv\/wp-json\/wp\/v2\/users\/1"}],"replies":[{"embeddable":true,"href":"https:\/\/medilution.com\/sv\/wp-json\/wp\/v2\/comments?post=10389"}],"version-history":[{"count":28,"href":"https:\/\/medilution.com\/sv\/wp-json\/wp\/v2\/pages\/10389\/revisions"}],"predecessor-version":[{"id":11722,"href":"https:\/\/medilution.com\/sv\/wp-json\/wp\/v2\/pages\/10389\/revisions\/11722"}],"wp:attachment":[{"href":"https:\/\/medilution.com\/sv\/wp-json\/wp\/v2\/media?parent=10389"}],"curies":[{"name":"wp","href":"https:\/\/api.w.org\/{rel}","templated":true}]}}