{"id":9986,"date":"2021-05-23T15:28:24","date_gmt":"2021-05-23T13:28:24","guid":{"rendered":"https:\/\/medilution.com\/product\/cbd-muskel-gelenk-rettungscreme-250mg\/"},"modified":"2025-06-24T21:22:54","modified_gmt":"2025-06-24T19:22:54","slug":"cbd-muskel-gelenk-erholungs-creme","status":"publish","type":"product","link":"https:\/\/medilution.com\/de\/product\/cbd-muskel-gelenk-erholungs-creme\/","title":{"rendered":"CBD Muskel- &amp; Gelenk-Erholungscreme &#8211; 250mg"},"content":{"rendered":"<div class=\"wpb-content-wrapper\"><p>[vc_row][vc_column width=&#8220;1\/3&#8243;][vc_column_text text_larger=&#8220;no&#8220; woodmart_inline=&#8220;no&#8220;]<strong>INHALTSSTOFFE:<\/strong> Wasser, Kaliumcetylfosfat, Ethylhexylstearat, Cetearylalkohol, Argilla, Glycerin, Methylsalicylat, Glutamin, Benzylalkohol, Isopropylpalmitat, Propylenglykol, Menthol, Kampfer, Xanthan, Natriumpolyacrylat, Inulinlaurylcarbamat, Cannabidiol, Harpagophytum procumbens Wurzelextrakt, Gaultheria procumbens Blatt\u00f6l, Milchs\u00e4ure, Dehydroessigs\u00e4ure, Arnica montana Bl\u00fctenextrakt, Natriumhydroxid.[\/vc_column_text][\/vc_column][vc_column width=&#8220;1\/3&#8243;][vc_column_text text_larger=&#8220;no&#8220; woodmart_inline=&#8220;no&#8220;]<strong>ANWENDUNG:<\/strong> Die CBD Muskel- &amp; Gelenk-Erholungscreme beruhigt m\u00fcde Muskeln und Gelenke. Tragen Sie eine d\u00fcnne Schicht des Produkts auf die Haut auf und massieren Sie es ein, bis es vollst\u00e4ndig eingezogen ist. Verwenden Sie es vor oder nach dem Sport, um die Erholung zu beschleunigen.[\/vc_column_text][\/vc_column][vc_column width=&#8220;1\/3&#8243;][vc_column_text text_larger=&#8220;no&#8220;]<strong>VORSICHTSMASSNAHMEN:<\/strong> Bei Kontakt mit den Augen oder bei Hautreizungen gut aussp\u00fclen. Nicht auf verletzter Haut anwenden.[\/vc_column_text][\/vc_column][\/vc_row]<\/p>\n<\/div>","protected":false},"excerpt":{"rendered":"<ul>\n<li>Formel f\u00fcr tiefes Eindringen<\/li>\n<li>Hilft bei der Erholung nach dem Sport<\/li>\n<li>Absorbiert sofort<\/li>\n<li>Formuliert, um regenerative W\u00e4rme zu liefern<\/li>\n<li>Dermatologisch getestet<\/li>\n<li>VEGANFREUNDLICH<\/li>\n<li>Inhalt 200 ML<\/li>\n<li>Enth\u00e4lt 250 mg CBD-Isolat ohne nachweisbaren THC-Gehalt<\/li>\n<\/ul>\n<p>Unsere CBD Muskel- &amp; Gelenk-Erholungscreme enth\u00e4lt nat\u00fcrliche und pflanzliche Inhaltsstoffe, die helfen, Ihre Muskeln und Gelenke von Schmerzen und Steifheit zu befreien. Sie unterst\u00fctzt die Heilung von Verstauchungen und Zerrungen und kann Entz\u00fcndungen lindern. Das Menthol und der Kampfer erzeugen eine durchdringende W\u00e4rme bei schmerzenden, verletzten und wunden Muskeln.<\/p>\n<p><strong>NAT\u00dcRLICHE BOTANISCHE AKTIVSTOFFE<\/strong><br \/>\nArnika, Teufelskralle, L-Glutamin, Wintergr\u00fcn\u00f6l, Kampfer, Menthol<\/p>\n","protected":false},"featured_media":9781,"comment_status":"open","ping_status":"closed","template":"","meta":[],"product_brand":[],"product_cat":[107],"product_tag":[],"class_list":{"0":"post-9986","1":"product","2":"type-product","3":"status-publish","4":"has-post-thumbnail","6":"product_cat-cbd-cremes-balsame","8":"first","9":"instock","10":"taxable","11":"shipping-taxable","12":"purchasable","13":"product-type-simple"},"yoast_head":"<!-- This site is optimized with the Yoast SEO plugin v27.4 - https:\/\/yoast.com\/product\/yoast-seo-wordpress\/ -->\n<title>CBD Muskel- &amp; Gelenk-Erholungscreme - 250mg - Medilution<\/title>\n<meta name=\"description\" content=\"Medilution CBD Muskel- &amp; Gelenk-Erholungscreme hilft, Ihre Muskeln und Gelenke von Schmerzen und Steifheit zu befreien.\" \/>\n<meta name=\"robots\" content=\"index, follow, max-snippet:-1, max-image-preview:large, max-video-preview:-1\" \/>\n<link rel=\"canonical\" href=\"https:\/\/medilution.com\/de\/product\/cbd-muskel-gelenk-erholungs-creme\/\" \/>\n<meta property=\"og:locale\" content=\"de_DE\" \/>\n<meta property=\"og:type\" content=\"article\" \/>\n<meta property=\"og:title\" content=\"CBD Muskel- &amp; Gelenk-Erholungscreme - 250mg - Medilution\" \/>\n<meta property=\"og:description\" content=\"Medilution CBD Muskel- &amp; Gelenk-Erholungscreme hilft, Ihre Muskeln und Gelenke von Schmerzen und Steifheit zu befreien.\" \/>\n<meta property=\"og:url\" content=\"https:\/\/medilution.com\/de\/product\/cbd-muskel-gelenk-erholungs-creme\/\" \/>\n<meta property=\"og:site_name\" content=\"Medilution\" \/>\n<meta property=\"article:modified_time\" content=\"2025-06-24T19:22:54+00:00\" \/>\n<meta property=\"og:image\" content=\"https:\/\/medilution.com\/wp-content\/uploads\/2021\/05\/tube-medilution-copy-1.jpg\" \/>\n\t<meta property=\"og:image:width\" content=\"1754\" \/>\n\t<meta property=\"og:image:height\" content=\"1754\" \/>\n\t<meta property=\"og:image:type\" content=\"image\/jpeg\" \/>\n<meta name=\"twitter:card\" content=\"summary_large_image\" \/>\n<meta name=\"twitter:label1\" content=\"Gesch\u00e4tzte Lesezeit\" \/>\n\t<meta name=\"twitter:data1\" content=\"1\u00a0Minute\" \/>\n<script type=\"application\/ld+json\" class=\"yoast-schema-graph\">{\"@context\":\"https:\\\/\\\/schema.org\",\"@graph\":[{\"@type\":\"WebPage\",\"@id\":\"https:\\\/\\\/medilution.com\\\/de\\\/product\\\/cbd-muskel-gelenk-erholungs-creme\\\/\",\"url\":\"https:\\\/\\\/medilution.com\\\/de\\\/product\\\/cbd-muskel-gelenk-erholungs-creme\\\/\",\"name\":\"CBD Muskel- &amp; Gelenk-Erholungscreme - 250mg - Medilution\",\"isPartOf\":{\"@id\":\"https:\\\/\\\/medilution.com\\\/de\\\/#website\"},\"primaryImageOfPage\":{\"@id\":\"https:\\\/\\\/medilution.com\\\/de\\\/product\\\/cbd-muskel-gelenk-erholungs-creme\\\/#primaryimage\"},\"image\":{\"@id\":\"https:\\\/\\\/medilution.com\\\/de\\\/product\\\/cbd-muskel-gelenk-erholungs-creme\\\/#primaryimage\"},\"thumbnailUrl\":\"https:\\\/\\\/medilution.com\\\/wp-content\\\/uploads\\\/2021\\\/05\\\/tube-medilution-copy-1.jpg\",\"datePublished\":\"2021-05-23T13:28:24+00:00\",\"dateModified\":\"2025-06-24T19:22:54+00:00\",\"description\":\"Medilution CBD Muskel- & Gelenk-Erholungscreme hilft, Ihre Muskeln und Gelenke von Schmerzen und Steifheit zu befreien.\",\"breadcrumb\":{\"@id\":\"https:\\\/\\\/medilution.com\\\/de\\\/product\\\/cbd-muskel-gelenk-erholungs-creme\\\/#breadcrumb\"},\"inLanguage\":\"de\",\"potentialAction\":[{\"@type\":\"ReadAction\",\"target\":[\"https:\\\/\\\/medilution.com\\\/de\\\/product\\\/cbd-muskel-gelenk-erholungs-creme\\\/\"]}]},{\"@type\":\"ImageObject\",\"inLanguage\":\"de\",\"@id\":\"https:\\\/\\\/medilution.com\\\/de\\\/product\\\/cbd-muskel-gelenk-erholungs-creme\\\/#primaryimage\",\"url\":\"https:\\\/\\\/medilution.com\\\/wp-content\\\/uploads\\\/2021\\\/05\\\/tube-medilution-copy-1.jpg\",\"contentUrl\":\"https:\\\/\\\/medilution.com\\\/wp-content\\\/uploads\\\/2021\\\/05\\\/tube-medilution-copy-1.jpg\",\"width\":1754,\"height\":1754},{\"@type\":\"BreadcrumbList\",\"@id\":\"https:\\\/\\\/medilution.com\\\/de\\\/product\\\/cbd-muskel-gelenk-erholungs-creme\\\/#breadcrumb\",\"itemListElement\":[{\"@type\":\"ListItem\",\"position\":1,\"name\":\"Home\",\"item\":\"https:\\\/\\\/medilution.com\\\/de\\\/\"},{\"@type\":\"ListItem\",\"position\":2,\"name\":\"Shop\",\"item\":\"https:\\\/\\\/medilution.com\\\/shop\\\/\"},{\"@type\":\"ListItem\",\"position\":3,\"name\":\"CBD Muskel- &amp; Gelenk-Erholungscreme &#8211; 250mg\"}]},{\"@type\":\"WebSite\",\"@id\":\"https:\\\/\\\/medilution.com\\\/de\\\/#website\",\"url\":\"https:\\\/\\\/medilution.com\\\/de\\\/\",\"name\":\"Medilution\",\"description\":\"Unlock Wellness with CBD and Lion\u2019s Mane Excellence\",\"publisher\":{\"@id\":\"https:\\\/\\\/medilution.com\\\/de\\\/#organization\"},\"potentialAction\":[{\"@type\":\"SearchAction\",\"target\":{\"@type\":\"EntryPoint\",\"urlTemplate\":\"https:\\\/\\\/medilution.com\\\/de\\\/?s={search_term_string}\"},\"query-input\":{\"@type\":\"PropertyValueSpecification\",\"valueRequired\":true,\"valueName\":\"search_term_string\"}}],\"inLanguage\":\"de\"},{\"@type\":\"Organization\",\"@id\":\"https:\\\/\\\/medilution.com\\\/de\\\/#organization\",\"name\":\"Medilution\",\"url\":\"https:\\\/\\\/medilution.com\\\/de\\\/\",\"logo\":{\"@type\":\"ImageObject\",\"inLanguage\":\"de\",\"@id\":\"https:\\\/\\\/medilution.com\\\/de\\\/#\\\/schema\\\/logo\\\/image\\\/\",\"url\":\"https:\\\/\\\/medilution.com\\\/wp-content\\\/uploads\\\/2021\\\/04\\\/medilution-logo-web.png\",\"contentUrl\":\"https:\\\/\\\/medilution.com\\\/wp-content\\\/uploads\\\/2021\\\/04\\\/medilution-logo-web.png\",\"width\":400,\"height\":460,\"caption\":\"Medilution\"},\"image\":{\"@id\":\"https:\\\/\\\/medilution.com\\\/de\\\/#\\\/schema\\\/logo\\\/image\\\/\"},\"sameAs\":[\"https:\\\/\\\/www.instagram.com\\\/medilution\\\/\"]}]}<\/script>\n<!-- \/ Yoast SEO plugin. -->","yoast_head_json":{"title":"CBD Muskel- &amp; Gelenk-Erholungscreme - 250mg - Medilution","description":"Medilution CBD Muskel- & Gelenk-Erholungscreme hilft, Ihre Muskeln und Gelenke von Schmerzen und Steifheit zu befreien.","robots":{"index":"index","follow":"follow","max-snippet":"max-snippet:-1","max-image-preview":"max-image-preview:large","max-video-preview":"max-video-preview:-1"},"canonical":"https:\/\/medilution.com\/de\/product\/cbd-muskel-gelenk-erholungs-creme\/","og_locale":"de_DE","og_type":"article","og_title":"CBD Muskel- &amp; Gelenk-Erholungscreme - 250mg - Medilution","og_description":"Medilution CBD Muskel- & Gelenk-Erholungscreme hilft, Ihre Muskeln und Gelenke von Schmerzen und Steifheit zu befreien.","og_url":"https:\/\/medilution.com\/de\/product\/cbd-muskel-gelenk-erholungs-creme\/","og_site_name":"Medilution","article_modified_time":"2025-06-24T19:22:54+00:00","og_image":[{"width":1754,"height":1754,"url":"https:\/\/medilution.com\/wp-content\/uploads\/2021\/05\/tube-medilution-copy-1.jpg","type":"image\/jpeg"}],"twitter_card":"summary_large_image","twitter_misc":{"Gesch\u00e4tzte Lesezeit":"1\u00a0Minute"},"schema":{"@context":"https:\/\/schema.org","@graph":[{"@type":"WebPage","@id":"https:\/\/medilution.com\/de\/product\/cbd-muskel-gelenk-erholungs-creme\/","url":"https:\/\/medilution.com\/de\/product\/cbd-muskel-gelenk-erholungs-creme\/","name":"CBD Muskel- &amp; Gelenk-Erholungscreme - 250mg - Medilution","isPartOf":{"@id":"https:\/\/medilution.com\/de\/#website"},"primaryImageOfPage":{"@id":"https:\/\/medilution.com\/de\/product\/cbd-muskel-gelenk-erholungs-creme\/#primaryimage"},"image":{"@id":"https:\/\/medilution.com\/de\/product\/cbd-muskel-gelenk-erholungs-creme\/#primaryimage"},"thumbnailUrl":"https:\/\/medilution.com\/wp-content\/uploads\/2021\/05\/tube-medilution-copy-1.jpg","datePublished":"2021-05-23T13:28:24+00:00","dateModified":"2025-06-24T19:22:54+00:00","description":"Medilution CBD Muskel- & Gelenk-Erholungscreme hilft, Ihre Muskeln und Gelenke von Schmerzen und Steifheit zu befreien.","breadcrumb":{"@id":"https:\/\/medilution.com\/de\/product\/cbd-muskel-gelenk-erholungs-creme\/#breadcrumb"},"inLanguage":"de","potentialAction":[{"@type":"ReadAction","target":["https:\/\/medilution.com\/de\/product\/cbd-muskel-gelenk-erholungs-creme\/"]}]},{"@type":"ImageObject","inLanguage":"de","@id":"https:\/\/medilution.com\/de\/product\/cbd-muskel-gelenk-erholungs-creme\/#primaryimage","url":"https:\/\/medilution.com\/wp-content\/uploads\/2021\/05\/tube-medilution-copy-1.jpg","contentUrl":"https:\/\/medilution.com\/wp-content\/uploads\/2021\/05\/tube-medilution-copy-1.jpg","width":1754,"height":1754},{"@type":"BreadcrumbList","@id":"https:\/\/medilution.com\/de\/product\/cbd-muskel-gelenk-erholungs-creme\/#breadcrumb","itemListElement":[{"@type":"ListItem","position":1,"name":"Home","item":"https:\/\/medilution.com\/de\/"},{"@type":"ListItem","position":2,"name":"Shop","item":"https:\/\/medilution.com\/shop\/"},{"@type":"ListItem","position":3,"name":"CBD Muskel- &amp; Gelenk-Erholungscreme &#8211; 250mg"}]},{"@type":"WebSite","@id":"https:\/\/medilution.com\/de\/#website","url":"https:\/\/medilution.com\/de\/","name":"Medilution","description":"Unlock Wellness with CBD and Lion\u2019s Mane Excellence","publisher":{"@id":"https:\/\/medilution.com\/de\/#organization"},"potentialAction":[{"@type":"SearchAction","target":{"@type":"EntryPoint","urlTemplate":"https:\/\/medilution.com\/de\/?s={search_term_string}"},"query-input":{"@type":"PropertyValueSpecification","valueRequired":true,"valueName":"search_term_string"}}],"inLanguage":"de"},{"@type":"Organization","@id":"https:\/\/medilution.com\/de\/#organization","name":"Medilution","url":"https:\/\/medilution.com\/de\/","logo":{"@type":"ImageObject","inLanguage":"de","@id":"https:\/\/medilution.com\/de\/#\/schema\/logo\/image\/","url":"https:\/\/medilution.com\/wp-content\/uploads\/2021\/04\/medilution-logo-web.png","contentUrl":"https:\/\/medilution.com\/wp-content\/uploads\/2021\/04\/medilution-logo-web.png","width":400,"height":460,"caption":"Medilution"},"image":{"@id":"https:\/\/medilution.com\/de\/#\/schema\/logo\/image\/"},"sameAs":["https:\/\/www.instagram.com\/medilution\/"]}]}},"jetpack-related-posts":[{"id":9967,"url":"https:\/\/medilution.com\/de\/product\/cbd-oel-terpene-1000mg-10\/","url_meta":{"origin":9986,"position":0},"title":"CBD \u00d6l 10% &#8211; Reines CBD + Terpene &#8211; 1000mg","author":"medilutionadmin","date":"18\/05\/2021","format":false,"excerpt":"REINES CBD - NULL THC VEGANFREUNDLICH ENTH\u00c4LT 1000MG CBD CBD-ST\u00c4RKE 10% VOL. 10ML TROPFFLASCHE Diese THC-freie Hanfmischung besteht aus reinen 99,5 % Cannabidiol-Kristallen mit zugesetzten Terpenen, um ein \u00d6l mit vollem Geschmack zu schaffen, das Ihnen alle Vorteile von reinem CBD bietet. Dieses Produkt wird im Labor auf Sicherheit und\u2026","rel":"","context":"\u00c4hnlicher Beitrag","block_context":{"text":"\u00c4hnlicher Beitrag","link":""},"img":{"alt_text":"","src":"https:\/\/i0.wp.com\/medilution.com\/wp-content\/uploads\/2021\/05\/medilution-10ml-cbd-oil-terpenes-10-1.jpeg?resize=350%2C200&ssl=1","width":350,"height":200,"srcset":"https:\/\/i0.wp.com\/medilution.com\/wp-content\/uploads\/2021\/05\/medilution-10ml-cbd-oil-terpenes-10-1.jpeg?resize=350%2C200&ssl=1 1x, https:\/\/i0.wp.com\/medilution.com\/wp-content\/uploads\/2021\/05\/medilution-10ml-cbd-oil-terpenes-10-1.jpeg?resize=525%2C300&ssl=1 1.5x, https:\/\/i0.wp.com\/medilution.com\/wp-content\/uploads\/2021\/05\/medilution-10ml-cbd-oil-terpenes-10-1.jpeg?resize=700%2C400&ssl=1 2x"},"classes":[]},{"id":9972,"url":"https:\/\/medilution.com\/de\/product\/cbd-oel-breites-spektrum-2000mg-20\/","url_meta":{"origin":9986,"position":1},"title":"CBD-\u00d6l 20% &#8211; Breites Spektrum &#8211; 2000mg","author":"Johan","date":"13\/07\/2021","format":false,"excerpt":"DESTILLATMISCHUNG VEGANFREUNDLICH ENTH\u00c4LT 2000MG CBD CBD-ST\u00c4RKE 20% VOL. 10ML TROPFFLASCHE Diese Breitspektrum-Hanfmischung wird mit CBD-Destillat hergestellt, das sorgf\u00e4ltig extrahiert wurde, um Ihnen eine maximale Wirkung zu bieten. Enth\u00e4lt nur nat\u00fcrliche Zutaten, frei von GVO, ohne Zusatz von Farb-, Aroma- oder Konservierungsstoffen. Dieses Produkt wird im Labor auf Sicherheit und Reinheit\u2026","rel":"","context":"\u00c4hnlicher Beitrag","block_context":{"text":"\u00c4hnlicher Beitrag","link":""},"img":{"alt_text":"","src":"https:\/\/i0.wp.com\/medilution.com\/wp-content\/uploads\/2021\/07\/medilution-10ml-cbd-oil-broad-spectrum-20.jpg?resize=350%2C200&ssl=1","width":350,"height":200,"srcset":"https:\/\/i0.wp.com\/medilution.com\/wp-content\/uploads\/2021\/07\/medilution-10ml-cbd-oil-broad-spectrum-20.jpg?resize=350%2C200&ssl=1 1x, https:\/\/i0.wp.com\/medilution.com\/wp-content\/uploads\/2021\/07\/medilution-10ml-cbd-oil-broad-spectrum-20.jpg?resize=525%2C300&ssl=1 1.5x, https:\/\/i0.wp.com\/medilution.com\/wp-content\/uploads\/2021\/07\/medilution-10ml-cbd-oil-broad-spectrum-20.jpg?resize=700%2C400&ssl=1 2x"},"classes":[]},{"id":9970,"url":"https:\/\/medilution.com\/de\/product\/cbd-oel-breites-spektrum-1000mg-10\/","url_meta":{"origin":9986,"position":2},"title":"CBD \u00d6l 10% &#8211; Breites Spektrum &#8211; 1000mg","author":"medilutionadmin","date":"19\/05\/2021","format":false,"excerpt":"DESTILLATMISCHUNG VEGANFREUNDLICH ENTH\u00c4LT 1000MG CBD CBD-ST\u00c4RKE 10% VOL. 10ML TROPFFLASCHE Diese Breitspektrum-Hanfmischung wird mit CBD-Destillat hergestellt, das sorgf\u00e4ltig extrahiert wurde, um Ihnen eine maximale Wirkung zu bieten. Enth\u00e4lt nur nat\u00fcrliche Zutaten, frei von GVO, ohne Zusatz von Farb-, Aroma- oder Konservierungsstoffen. Dieses Produkt wird im Labor auf Sicherheit und Reinheit\u2026","rel":"","context":"\u00c4hnlicher Beitrag","block_context":{"text":"\u00c4hnlicher Beitrag","link":""},"img":{"alt_text":"","src":"https:\/\/i0.wp.com\/medilution.com\/wp-content\/uploads\/2021\/05\/medilution-10ml-cbd-oil-broad-spectrum-10-1.jpg?resize=350%2C200&ssl=1","width":350,"height":200,"srcset":"https:\/\/i0.wp.com\/medilution.com\/wp-content\/uploads\/2021\/05\/medilution-10ml-cbd-oil-broad-spectrum-10-1.jpg?resize=350%2C200&ssl=1 1x, https:\/\/i0.wp.com\/medilution.com\/wp-content\/uploads\/2021\/05\/medilution-10ml-cbd-oil-broad-spectrum-10-1.jpg?resize=525%2C300&ssl=1 1.5x, https:\/\/i0.wp.com\/medilution.com\/wp-content\/uploads\/2021\/05\/medilution-10ml-cbd-oil-broad-spectrum-10-1.jpg?resize=700%2C400&ssl=1 2x"},"classes":[]},{"id":9985,"url":"https:\/\/medilution.com\/de\/product\/cbd-oel-natuerlicher-geschmack\/","url_meta":{"origin":9986,"position":3},"title":"CBD \u00d6l 5% &#8211; Reines CBD &#8211; 500mg","author":"medilutionadmin","date":"10\/05\/2021","format":false,"excerpt":"REINES CBD - NULL THC VEGANFREUNDLICH ENTH\u00c4LT 500MG CBD CBD-ST\u00c4RKE 5% VOL. 10ML TROPFFLASCHE Diese THC-freie Hanfmischung besteht zu 99,5% aus reinen Cannabidiol-Kristallen und bietet Ihnen alle Vorteile von reinem CBD. Dieses Produkt wird im Labor auf Sicherheit und Reinheit gepr\u00fcft. Es enth\u00e4lt 500 mg CBD ohne nachweisbaren THC-Gehalt.","rel":"","context":"\u00c4hnlicher Beitrag","block_context":{"text":"\u00c4hnlicher Beitrag","link":""},"img":{"alt_text":"","src":"https:\/\/i0.wp.com\/medilution.com\/wp-content\/uploads\/2021\/05\/medilution-10ml-cbd-oil-natural-5-1.jpg?resize=350%2C200&ssl=1","width":350,"height":200,"srcset":"https:\/\/i0.wp.com\/medilution.com\/wp-content\/uploads\/2021\/05\/medilution-10ml-cbd-oil-natural-5-1.jpg?resize=350%2C200&ssl=1 1x, https:\/\/i0.wp.com\/medilution.com\/wp-content\/uploads\/2021\/05\/medilution-10ml-cbd-oil-natural-5-1.jpg?resize=525%2C300&ssl=1 1.5x, https:\/\/i0.wp.com\/medilution.com\/wp-content\/uploads\/2021\/05\/medilution-10ml-cbd-oil-natural-5-1.jpg?resize=700%2C400&ssl=1 2x"},"classes":[]},{"id":9973,"url":"https:\/\/medilution.com\/de\/product\/cbd-oel-neutraler-geschmack-1000mg-10\/","url_meta":{"origin":9986,"position":4},"title":"CBD \u00d6l 10% &#8211; Reines CBD &#8211; 1000mg","author":"medilutionadmin","date":"18\/05\/2021","format":false,"excerpt":"REINES CBD - NULL THC VEGANFREUNDLICH ENTH\u00c4LT 1000MG CBD CBD-ST\u00c4RKE 10% VOL. 10ML TROPFFLASCHE Diese THC-freie Hanfmischung besteht zu 99,5% aus reinen Cannabidiol-Kristallen und bietet Ihnen alle Vorteile von reinem CBD. Dieses Produkt wird im Labor auf Sicherheit und Reinheit gepr\u00fcft. Es enth\u00e4lt 1000 mg CBD ohne nachweisbaren THC-Gehalt.","rel":"","context":"\u00c4hnlicher Beitrag","block_context":{"text":"\u00c4hnlicher Beitrag","link":""},"img":{"alt_text":"","src":"https:\/\/i0.wp.com\/medilution.com\/wp-content\/uploads\/2021\/05\/medilution-10ml-cbd-oil-natural-10-1.jpg?resize=350%2C200&ssl=1","width":350,"height":200,"srcset":"https:\/\/i0.wp.com\/medilution.com\/wp-content\/uploads\/2021\/05\/medilution-10ml-cbd-oil-natural-10-1.jpg?resize=350%2C200&ssl=1 1x, https:\/\/i0.wp.com\/medilution.com\/wp-content\/uploads\/2021\/05\/medilution-10ml-cbd-oil-natural-10-1.jpg?resize=525%2C300&ssl=1 1.5x, https:\/\/i0.wp.com\/medilution.com\/wp-content\/uploads\/2021\/05\/medilution-10ml-cbd-oil-natural-10-1.jpg?resize=700%2C400&ssl=1 2x"},"classes":[]},{"id":9971,"url":"https:\/\/medilution.com\/de\/product\/cbd-oel-zitrus-geschmack-1000mg-10\/","url_meta":{"origin":9986,"position":5},"title":"CBD-\u00d6l 10% &#8211; Reines CBD mit Zitrusgeschmack &#8211; 1000mg","author":"medilutionadmin","date":"18\/05\/2021","format":false,"excerpt":"REINES CBD - NULL THC VEGANFREUNDLICH ENTH\u00c4LT 1000MG CBD CBD-ST\u00c4RKE 10% VOL. 10ML TROPFFLASCHE Diese THC-freie Hanfmischung besteht aus reinen 99,5 % Cannabidiol-Kristallen, denen nat\u00fcrliches Zitronen\u00f6l hinzugef\u00fcgt wurde, um ein frisch aromatisiertes \u00d6l zu schaffen, das Ihnen alle Vorteile von reinem CBD bietet. Dieses Produkt wird im Labor auf Sicherheit\u2026","rel":"","context":"\u00c4hnlicher Beitrag","block_context":{"text":"\u00c4hnlicher Beitrag","link":""},"img":{"alt_text":"","src":"https:\/\/i0.wp.com\/medilution.com\/wp-content\/uploads\/2021\/05\/medilution-10ml-cbd-oil-citrus-10-1.jpg?resize=350%2C200&ssl=1","width":350,"height":200,"srcset":"https:\/\/i0.wp.com\/medilution.com\/wp-content\/uploads\/2021\/05\/medilution-10ml-cbd-oil-citrus-10-1.jpg?resize=350%2C200&ssl=1 1x, https:\/\/i0.wp.com\/medilution.com\/wp-content\/uploads\/2021\/05\/medilution-10ml-cbd-oil-citrus-10-1.jpg?resize=525%2C300&ssl=1 1.5x, https:\/\/i0.wp.com\/medilution.com\/wp-content\/uploads\/2021\/05\/medilution-10ml-cbd-oil-citrus-10-1.jpg?resize=700%2C400&ssl=1 2x"},"classes":[]}],"jetpack_sharing_enabled":true,"_links":{"self":[{"href":"https:\/\/medilution.com\/de\/wp-json\/wp\/v2\/product\/9986","targetHints":{"allow":["GET"]}}],"collection":[{"href":"https:\/\/medilution.com\/de\/wp-json\/wp\/v2\/product"}],"about":[{"href":"https:\/\/medilution.com\/de\/wp-json\/wp\/v2\/types\/product"}],"replies":[{"embeddable":true,"href":"https:\/\/medilution.com\/de\/wp-json\/wp\/v2\/comments?post=9986"}],"wp:featuredmedia":[{"embeddable":true,"href":"https:\/\/medilution.com\/de\/wp-json\/wp\/v2\/media\/9781"}],"wp:attachment":[{"href":"https:\/\/medilution.com\/de\/wp-json\/wp\/v2\/media?parent=9986"}],"wp:term":[{"taxonomy":"product_brand","embeddable":true,"href":"https:\/\/medilution.com\/de\/wp-json\/wp\/v2\/product_brand?post=9986"},{"taxonomy":"product_cat","embeddable":true,"href":"https:\/\/medilution.com\/de\/wp-json\/wp\/v2\/product_cat?post=9986"},{"taxonomy":"product_tag","embeddable":true,"href":"https:\/\/medilution.com\/de\/wp-json\/wp\/v2\/product_tag?post=9986"}],"curies":[{"name":"wp","href":"https:\/\/api.w.org\/{rel}","templated":true}]}}