{"id":9968,"date":"2021-05-18T22:58:03","date_gmt":"2021-05-18T20:58:03","guid":{"rendered":"https:\/\/medilution.com\/product\/cbd-oel-10-reines-cbd-minzaroma-1000mg\/"},"modified":"2024-12-03T17:01:07","modified_gmt":"2024-12-03T16:01:07","slug":"cbd-oel-minze-geschmack-1000mg-10","status":"publish","type":"product","link":"https:\/\/medilution.com\/de\/product\/cbd-oel-minze-geschmack-1000mg-10\/","title":{"rendered":"CBD-\u00d6l 10% &#8211; Reines CBD Minzaroma &#8211; 1000mg"},"content":{"rendered":"<div class=\"wpb-content-wrapper\"><p>[vc_row][vc_column width=&#8220;1\/3&#8243;][vc_column_text text_larger=&#8220;no&#8220;]<strong>ANWENDUNG:<\/strong> Zweimal t\u00e4glich 1-3 Tropfen einnehmen. Die empfohlene Tagesdosis von 70 mg darf nicht \u00fcberschritten werden. Tropfen unter die Zunge geben und vor dem Schlucken mindestens 60 Sekunden lang halten. Jeder Tropfen enth\u00e4lt etwa 5 mg CBD und jede Flasche enth\u00e4lt etwa 200 Tropfen.[\/vc_column_text][\/vc_column][vc_column width=&#8220;1\/3&#8243;][vc_column_text text_larger=&#8220;no&#8220;]<strong>VORSICHTSMASSNAHMEN:<\/strong> Nahrungserg\u00e4nzungsmittel sollten nicht als Ersatz f\u00fcr eine abwechslungsreiche Ern\u00e4hrung verwendet werden. Au\u00dferhalb der Reichweite von kleinen Kindern aufbewahren. Vermeiden Sie die Anwendung w\u00e4hrend der Schwangerschaft oder der Stillzeit. Im K\u00fchlschrank aufbewahren. Direkte Sonneneinstrahlung ist zu vermeiden.[\/vc_column_text][\/vc_column][vc_column width=&#8220;1\/3&#8243;][vc_column_text text_larger=&#8220;no&#8220; woodmart_inline=&#8220;no&#8220;]<strong>ZUTATEN:<\/strong> MCT-KONSUM\u00d6L (Caprylic\/Capric Triglyceride), CANNABIS SATIVA LEAF EXTRACT (Cannabis Sativa L.), PEPPERMINT OIL (Mentha Piperita L.)<\/p>\n<p><strong>ANALYSEBESCHEINIGUNG: <span style=\"color: #136e81;\"><a style=\"color: #136e81;\" href=\"https:\/\/cbdmedilution.com\/wp-content\/uploads\/2023\/09\/SKU-1006-CBD-Oil-10-%E2%80%93-Pure-CBD-Mint-2021-78-7-190.pdf\">AR-23-U6-045190-02<\/a><\/span><\/strong>[\/vc_column_text][\/vc_column][\/vc_row]<\/p>\n<\/div>","protected":false},"excerpt":{"rendered":"<ul>\n<li>REINES CBD &#8211; NULL THC<\/li>\n<li>VEGANFREUNDLICH<\/li>\n<li>ENTH\u00c4LT 1000MG CBD<\/li>\n<li>CBD-ST\u00c4RKE 10% VOL.<\/li>\n<li>10ML TROPFFLASCHE<\/li>\n<\/ul>\n<p>Diese THC-freie Hanfmischung besteht aus reinen 99,5 % Cannabidiol-Kristallen, denen nat\u00fcrliches Pfefferminz\u00f6l zugesetzt wurde, um einen frisch aromatisierten Extrakt zu erhalten, der Ihnen alle Vorteile von reinem CBD bietet.<\/p>\n<p>Dieses Produkt wird im Labor auf Sicherheit und Reinheit gepr\u00fcft. Es enth\u00e4lt 1000 mg CBD ohne nachweisbaren THC-Gehalt.<\/p>\n","protected":false},"featured_media":9793,"comment_status":"open","ping_status":"closed","template":"","meta":[],"product_brand":[],"product_cat":[105],"product_tag":[],"class_list":{"0":"post-9968","1":"product","2":"type-product","3":"status-publish","4":"has-post-thumbnail","6":"product_cat-cbd-ol-tropfen","8":"first","9":"instock","10":"taxable","11":"shipping-taxable","12":"purchasable","13":"product-type-simple"},"yoast_head":"<!-- This site is optimized with the Yoast SEO plugin v27.4 - https:\/\/yoast.com\/product\/yoast-seo-wordpress\/ -->\n<title>CBD-\u00d6l 10% - Reines CBD Minzaroma - 1000mg - Medilution<\/title>\n<meta name=\"description\" content=\"Diese CBD-Hanfmischung besteht aus reinen 99,5% Cannabidiol-Kristallen, denen nat\u00fcrliches Pfefferminz\u00f6l hinzugef\u00fcgt wurde, um einen frisch aromatisierten Extrakt zu erhalten.\" \/>\n<meta name=\"robots\" content=\"index, follow, max-snippet:-1, max-image-preview:large, max-video-preview:-1\" \/>\n<link rel=\"canonical\" href=\"https:\/\/medilution.com\/de\/product\/cbd-oel-minze-geschmack-1000mg-10\/\" \/>\n<meta property=\"og:locale\" content=\"de_DE\" \/>\n<meta property=\"og:type\" content=\"article\" \/>\n<meta property=\"og:title\" content=\"CBD-\u00d6l 10% - Reines CBD Minzaroma - 1000mg - Medilution\" \/>\n<meta property=\"og:description\" content=\"Diese CBD-Hanfmischung besteht aus reinen 99,5% Cannabidiol-Kristallen, denen nat\u00fcrliches Pfefferminz\u00f6l hinzugef\u00fcgt wurde, um einen frisch aromatisierten Extrakt zu erhalten.\" \/>\n<meta property=\"og:url\" content=\"https:\/\/medilution.com\/de\/product\/cbd-oel-minze-geschmack-1000mg-10\/\" \/>\n<meta property=\"og:site_name\" content=\"Medilution\" \/>\n<meta property=\"article:modified_time\" content=\"2024-12-03T16:01:07+00:00\" \/>\n<meta property=\"og:image\" content=\"https:\/\/medilution.com\/wp-content\/uploads\/2021\/05\/medilution-10ml-cbd-oil-mint-10-2.jpg\" \/>\n\t<meta property=\"og:image:width\" content=\"726\" \/>\n\t<meta property=\"og:image:height\" content=\"726\" \/>\n\t<meta property=\"og:image:type\" content=\"image\/jpeg\" \/>\n<meta name=\"twitter:card\" content=\"summary_large_image\" \/>\n<meta name=\"twitter:label1\" content=\"Gesch\u00e4tzte Lesezeit\" \/>\n\t<meta name=\"twitter:data1\" content=\"1\u00a0Minute\" \/>\n<script type=\"application\/ld+json\" class=\"yoast-schema-graph\">{\"@context\":\"https:\\\/\\\/schema.org\",\"@graph\":[{\"@type\":\"WebPage\",\"@id\":\"https:\\\/\\\/medilution.com\\\/de\\\/product\\\/cbd-oel-minze-geschmack-1000mg-10\\\/\",\"url\":\"https:\\\/\\\/medilution.com\\\/de\\\/product\\\/cbd-oel-minze-geschmack-1000mg-10\\\/\",\"name\":\"CBD-\u00d6l 10% - Reines CBD Minzaroma - 1000mg - Medilution\",\"isPartOf\":{\"@id\":\"https:\\\/\\\/medilution.com\\\/de\\\/#website\"},\"primaryImageOfPage\":{\"@id\":\"https:\\\/\\\/medilution.com\\\/de\\\/product\\\/cbd-oel-minze-geschmack-1000mg-10\\\/#primaryimage\"},\"image\":{\"@id\":\"https:\\\/\\\/medilution.com\\\/de\\\/product\\\/cbd-oel-minze-geschmack-1000mg-10\\\/#primaryimage\"},\"thumbnailUrl\":\"https:\\\/\\\/medilution.com\\\/wp-content\\\/uploads\\\/2021\\\/05\\\/medilution-10ml-cbd-oil-mint-10-2.jpg\",\"datePublished\":\"2021-05-18T20:58:03+00:00\",\"dateModified\":\"2024-12-03T16:01:07+00:00\",\"description\":\"Diese CBD-Hanfmischung besteht aus reinen 99,5% Cannabidiol-Kristallen, denen nat\u00fcrliches Pfefferminz\u00f6l hinzugef\u00fcgt wurde, um einen frisch aromatisierten Extrakt zu erhalten.\",\"breadcrumb\":{\"@id\":\"https:\\\/\\\/medilution.com\\\/de\\\/product\\\/cbd-oel-minze-geschmack-1000mg-10\\\/#breadcrumb\"},\"inLanguage\":\"de\",\"potentialAction\":[{\"@type\":\"ReadAction\",\"target\":[\"https:\\\/\\\/medilution.com\\\/de\\\/product\\\/cbd-oel-minze-geschmack-1000mg-10\\\/\"]}]},{\"@type\":\"ImageObject\",\"inLanguage\":\"de\",\"@id\":\"https:\\\/\\\/medilution.com\\\/de\\\/product\\\/cbd-oel-minze-geschmack-1000mg-10\\\/#primaryimage\",\"url\":\"https:\\\/\\\/medilution.com\\\/wp-content\\\/uploads\\\/2021\\\/05\\\/medilution-10ml-cbd-oil-mint-10-2.jpg\",\"contentUrl\":\"https:\\\/\\\/medilution.com\\\/wp-content\\\/uploads\\\/2021\\\/05\\\/medilution-10ml-cbd-oil-mint-10-2.jpg\",\"width\":726,\"height\":726},{\"@type\":\"BreadcrumbList\",\"@id\":\"https:\\\/\\\/medilution.com\\\/de\\\/product\\\/cbd-oel-minze-geschmack-1000mg-10\\\/#breadcrumb\",\"itemListElement\":[{\"@type\":\"ListItem\",\"position\":1,\"name\":\"Home\",\"item\":\"https:\\\/\\\/medilution.com\\\/de\\\/\"},{\"@type\":\"ListItem\",\"position\":2,\"name\":\"Shop\",\"item\":\"https:\\\/\\\/medilution.com\\\/shop\\\/\"},{\"@type\":\"ListItem\",\"position\":3,\"name\":\"CBD-\u00d6l 10% &#8211; Reines CBD Minzaroma &#8211; 1000mg\"}]},{\"@type\":\"WebSite\",\"@id\":\"https:\\\/\\\/medilution.com\\\/de\\\/#website\",\"url\":\"https:\\\/\\\/medilution.com\\\/de\\\/\",\"name\":\"Medilution\",\"description\":\"Unlock Wellness with CBD and Lion\u2019s Mane Excellence\",\"publisher\":{\"@id\":\"https:\\\/\\\/medilution.com\\\/de\\\/#organization\"},\"potentialAction\":[{\"@type\":\"SearchAction\",\"target\":{\"@type\":\"EntryPoint\",\"urlTemplate\":\"https:\\\/\\\/medilution.com\\\/de\\\/?s={search_term_string}\"},\"query-input\":{\"@type\":\"PropertyValueSpecification\",\"valueRequired\":true,\"valueName\":\"search_term_string\"}}],\"inLanguage\":\"de\"},{\"@type\":\"Organization\",\"@id\":\"https:\\\/\\\/medilution.com\\\/de\\\/#organization\",\"name\":\"Medilution\",\"url\":\"https:\\\/\\\/medilution.com\\\/de\\\/\",\"logo\":{\"@type\":\"ImageObject\",\"inLanguage\":\"de\",\"@id\":\"https:\\\/\\\/medilution.com\\\/de\\\/#\\\/schema\\\/logo\\\/image\\\/\",\"url\":\"https:\\\/\\\/medilution.com\\\/wp-content\\\/uploads\\\/2021\\\/04\\\/medilution-logo-web.png\",\"contentUrl\":\"https:\\\/\\\/medilution.com\\\/wp-content\\\/uploads\\\/2021\\\/04\\\/medilution-logo-web.png\",\"width\":400,\"height\":460,\"caption\":\"Medilution\"},\"image\":{\"@id\":\"https:\\\/\\\/medilution.com\\\/de\\\/#\\\/schema\\\/logo\\\/image\\\/\"},\"sameAs\":[\"https:\\\/\\\/www.instagram.com\\\/medilution\\\/\"]}]}<\/script>\n<!-- \/ Yoast SEO plugin. -->","yoast_head_json":{"title":"CBD-\u00d6l 10% - Reines CBD Minzaroma - 1000mg - Medilution","description":"Diese CBD-Hanfmischung besteht aus reinen 99,5% Cannabidiol-Kristallen, denen nat\u00fcrliches Pfefferminz\u00f6l hinzugef\u00fcgt wurde, um einen frisch aromatisierten Extrakt zu erhalten.","robots":{"index":"index","follow":"follow","max-snippet":"max-snippet:-1","max-image-preview":"max-image-preview:large","max-video-preview":"max-video-preview:-1"},"canonical":"https:\/\/medilution.com\/de\/product\/cbd-oel-minze-geschmack-1000mg-10\/","og_locale":"de_DE","og_type":"article","og_title":"CBD-\u00d6l 10% - Reines CBD Minzaroma - 1000mg - Medilution","og_description":"Diese CBD-Hanfmischung besteht aus reinen 99,5% Cannabidiol-Kristallen, denen nat\u00fcrliches Pfefferminz\u00f6l hinzugef\u00fcgt wurde, um einen frisch aromatisierten Extrakt zu erhalten.","og_url":"https:\/\/medilution.com\/de\/product\/cbd-oel-minze-geschmack-1000mg-10\/","og_site_name":"Medilution","article_modified_time":"2024-12-03T16:01:07+00:00","og_image":[{"width":726,"height":726,"url":"https:\/\/medilution.com\/wp-content\/uploads\/2021\/05\/medilution-10ml-cbd-oil-mint-10-2.jpg","type":"image\/jpeg"}],"twitter_card":"summary_large_image","twitter_misc":{"Gesch\u00e4tzte Lesezeit":"1\u00a0Minute"},"schema":{"@context":"https:\/\/schema.org","@graph":[{"@type":"WebPage","@id":"https:\/\/medilution.com\/de\/product\/cbd-oel-minze-geschmack-1000mg-10\/","url":"https:\/\/medilution.com\/de\/product\/cbd-oel-minze-geschmack-1000mg-10\/","name":"CBD-\u00d6l 10% - Reines CBD Minzaroma - 1000mg - Medilution","isPartOf":{"@id":"https:\/\/medilution.com\/de\/#website"},"primaryImageOfPage":{"@id":"https:\/\/medilution.com\/de\/product\/cbd-oel-minze-geschmack-1000mg-10\/#primaryimage"},"image":{"@id":"https:\/\/medilution.com\/de\/product\/cbd-oel-minze-geschmack-1000mg-10\/#primaryimage"},"thumbnailUrl":"https:\/\/medilution.com\/wp-content\/uploads\/2021\/05\/medilution-10ml-cbd-oil-mint-10-2.jpg","datePublished":"2021-05-18T20:58:03+00:00","dateModified":"2024-12-03T16:01:07+00:00","description":"Diese CBD-Hanfmischung besteht aus reinen 99,5% Cannabidiol-Kristallen, denen nat\u00fcrliches Pfefferminz\u00f6l hinzugef\u00fcgt wurde, um einen frisch aromatisierten Extrakt zu erhalten.","breadcrumb":{"@id":"https:\/\/medilution.com\/de\/product\/cbd-oel-minze-geschmack-1000mg-10\/#breadcrumb"},"inLanguage":"de","potentialAction":[{"@type":"ReadAction","target":["https:\/\/medilution.com\/de\/product\/cbd-oel-minze-geschmack-1000mg-10\/"]}]},{"@type":"ImageObject","inLanguage":"de","@id":"https:\/\/medilution.com\/de\/product\/cbd-oel-minze-geschmack-1000mg-10\/#primaryimage","url":"https:\/\/medilution.com\/wp-content\/uploads\/2021\/05\/medilution-10ml-cbd-oil-mint-10-2.jpg","contentUrl":"https:\/\/medilution.com\/wp-content\/uploads\/2021\/05\/medilution-10ml-cbd-oil-mint-10-2.jpg","width":726,"height":726},{"@type":"BreadcrumbList","@id":"https:\/\/medilution.com\/de\/product\/cbd-oel-minze-geschmack-1000mg-10\/#breadcrumb","itemListElement":[{"@type":"ListItem","position":1,"name":"Home","item":"https:\/\/medilution.com\/de\/"},{"@type":"ListItem","position":2,"name":"Shop","item":"https:\/\/medilution.com\/shop\/"},{"@type":"ListItem","position":3,"name":"CBD-\u00d6l 10% &#8211; Reines CBD Minzaroma &#8211; 1000mg"}]},{"@type":"WebSite","@id":"https:\/\/medilution.com\/de\/#website","url":"https:\/\/medilution.com\/de\/","name":"Medilution","description":"Unlock Wellness with CBD and Lion\u2019s Mane Excellence","publisher":{"@id":"https:\/\/medilution.com\/de\/#organization"},"potentialAction":[{"@type":"SearchAction","target":{"@type":"EntryPoint","urlTemplate":"https:\/\/medilution.com\/de\/?s={search_term_string}"},"query-input":{"@type":"PropertyValueSpecification","valueRequired":true,"valueName":"search_term_string"}}],"inLanguage":"de"},{"@type":"Organization","@id":"https:\/\/medilution.com\/de\/#organization","name":"Medilution","url":"https:\/\/medilution.com\/de\/","logo":{"@type":"ImageObject","inLanguage":"de","@id":"https:\/\/medilution.com\/de\/#\/schema\/logo\/image\/","url":"https:\/\/medilution.com\/wp-content\/uploads\/2021\/04\/medilution-logo-web.png","contentUrl":"https:\/\/medilution.com\/wp-content\/uploads\/2021\/04\/medilution-logo-web.png","width":400,"height":460,"caption":"Medilution"},"image":{"@id":"https:\/\/medilution.com\/de\/#\/schema\/logo\/image\/"},"sameAs":["https:\/\/www.instagram.com\/medilution\/"]}]}},"jetpack-related-posts":[{"id":9985,"url":"https:\/\/medilution.com\/de\/product\/cbd-oel-natuerlicher-geschmack\/","url_meta":{"origin":9968,"position":0},"title":"CBD \u00d6l 5% &#8211; Reines CBD &#8211; 500mg","author":"medilutionadmin","date":"10\/05\/2021","format":false,"excerpt":"REINES CBD - NULL THC VEGANFREUNDLICH ENTH\u00c4LT 500MG CBD CBD-ST\u00c4RKE 5% VOL. 10ML TROPFFLASCHE Diese THC-freie Hanfmischung besteht zu 99,5% aus reinen Cannabidiol-Kristallen und bietet Ihnen alle Vorteile von reinem CBD. Dieses Produkt wird im Labor auf Sicherheit und Reinheit gepr\u00fcft. Es enth\u00e4lt 500 mg CBD ohne nachweisbaren THC-Gehalt.","rel":"","context":"\u00c4hnlicher Beitrag","block_context":{"text":"\u00c4hnlicher Beitrag","link":""},"img":{"alt_text":"","src":"https:\/\/i0.wp.com\/medilution.com\/wp-content\/uploads\/2021\/05\/medilution-10ml-cbd-oil-natural-5-1.jpg?resize=350%2C200&ssl=1","width":350,"height":200,"srcset":"https:\/\/i0.wp.com\/medilution.com\/wp-content\/uploads\/2021\/05\/medilution-10ml-cbd-oil-natural-5-1.jpg?resize=350%2C200&ssl=1 1x, https:\/\/i0.wp.com\/medilution.com\/wp-content\/uploads\/2021\/05\/medilution-10ml-cbd-oil-natural-5-1.jpg?resize=525%2C300&ssl=1 1.5x, https:\/\/i0.wp.com\/medilution.com\/wp-content\/uploads\/2021\/05\/medilution-10ml-cbd-oil-natural-5-1.jpg?resize=700%2C400&ssl=1 2x"},"classes":[]},{"id":9973,"url":"https:\/\/medilution.com\/de\/product\/cbd-oel-neutraler-geschmack-1000mg-10\/","url_meta":{"origin":9968,"position":1},"title":"CBD \u00d6l 10% &#8211; Reines CBD &#8211; 1000mg","author":"medilutionadmin","date":"18\/05\/2021","format":false,"excerpt":"REINES CBD - NULL THC VEGANFREUNDLICH ENTH\u00c4LT 1000MG CBD CBD-ST\u00c4RKE 10% VOL. 10ML TROPFFLASCHE Diese THC-freie Hanfmischung besteht zu 99,5% aus reinen Cannabidiol-Kristallen und bietet Ihnen alle Vorteile von reinem CBD. Dieses Produkt wird im Labor auf Sicherheit und Reinheit gepr\u00fcft. Es enth\u00e4lt 1000 mg CBD ohne nachweisbaren THC-Gehalt.","rel":"","context":"\u00c4hnlicher Beitrag","block_context":{"text":"\u00c4hnlicher Beitrag","link":""},"img":{"alt_text":"","src":"https:\/\/i0.wp.com\/medilution.com\/wp-content\/uploads\/2021\/05\/medilution-10ml-cbd-oil-natural-10-1.jpg?resize=350%2C200&ssl=1","width":350,"height":200,"srcset":"https:\/\/i0.wp.com\/medilution.com\/wp-content\/uploads\/2021\/05\/medilution-10ml-cbd-oil-natural-10-1.jpg?resize=350%2C200&ssl=1 1x, https:\/\/i0.wp.com\/medilution.com\/wp-content\/uploads\/2021\/05\/medilution-10ml-cbd-oil-natural-10-1.jpg?resize=525%2C300&ssl=1 1.5x, https:\/\/i0.wp.com\/medilution.com\/wp-content\/uploads\/2021\/05\/medilution-10ml-cbd-oil-natural-10-1.jpg?resize=700%2C400&ssl=1 2x"},"classes":[]},{"id":9972,"url":"https:\/\/medilution.com\/de\/product\/cbd-oel-breites-spektrum-2000mg-20\/","url_meta":{"origin":9968,"position":2},"title":"CBD-\u00d6l 20% &#8211; Breites Spektrum &#8211; 2000mg","author":"Johan","date":"13\/07\/2021","format":false,"excerpt":"DESTILLATMISCHUNG VEGANFREUNDLICH ENTH\u00c4LT 2000MG CBD CBD-ST\u00c4RKE 20% VOL. 10ML TROPFFLASCHE Diese Breitspektrum-Hanfmischung wird mit CBD-Destillat hergestellt, das sorgf\u00e4ltig extrahiert wurde, um Ihnen eine maximale Wirkung zu bieten. Enth\u00e4lt nur nat\u00fcrliche Zutaten, frei von GVO, ohne Zusatz von Farb-, Aroma- oder Konservierungsstoffen. Dieses Produkt wird im Labor auf Sicherheit und Reinheit\u2026","rel":"","context":"\u00c4hnlicher Beitrag","block_context":{"text":"\u00c4hnlicher Beitrag","link":""},"img":{"alt_text":"","src":"https:\/\/i0.wp.com\/medilution.com\/wp-content\/uploads\/2021\/07\/medilution-10ml-cbd-oil-broad-spectrum-20.jpg?resize=350%2C200&ssl=1","width":350,"height":200,"srcset":"https:\/\/i0.wp.com\/medilution.com\/wp-content\/uploads\/2021\/07\/medilution-10ml-cbd-oil-broad-spectrum-20.jpg?resize=350%2C200&ssl=1 1x, https:\/\/i0.wp.com\/medilution.com\/wp-content\/uploads\/2021\/07\/medilution-10ml-cbd-oil-broad-spectrum-20.jpg?resize=525%2C300&ssl=1 1.5x, https:\/\/i0.wp.com\/medilution.com\/wp-content\/uploads\/2021\/07\/medilution-10ml-cbd-oil-broad-spectrum-20.jpg?resize=700%2C400&ssl=1 2x"},"classes":[]},{"id":9970,"url":"https:\/\/medilution.com\/de\/product\/cbd-oel-breites-spektrum-1000mg-10\/","url_meta":{"origin":9968,"position":3},"title":"CBD \u00d6l 10% &#8211; Breites Spektrum &#8211; 1000mg","author":"medilutionadmin","date":"19\/05\/2021","format":false,"excerpt":"DESTILLATMISCHUNG VEGANFREUNDLICH ENTH\u00c4LT 1000MG CBD CBD-ST\u00c4RKE 10% VOL. 10ML TROPFFLASCHE Diese Breitspektrum-Hanfmischung wird mit CBD-Destillat hergestellt, das sorgf\u00e4ltig extrahiert wurde, um Ihnen eine maximale Wirkung zu bieten. Enth\u00e4lt nur nat\u00fcrliche Zutaten, frei von GVO, ohne Zusatz von Farb-, Aroma- oder Konservierungsstoffen. Dieses Produkt wird im Labor auf Sicherheit und Reinheit\u2026","rel":"","context":"\u00c4hnlicher Beitrag","block_context":{"text":"\u00c4hnlicher Beitrag","link":""},"img":{"alt_text":"","src":"https:\/\/i0.wp.com\/medilution.com\/wp-content\/uploads\/2021\/05\/medilution-10ml-cbd-oil-broad-spectrum-10-1.jpg?resize=350%2C200&ssl=1","width":350,"height":200,"srcset":"https:\/\/i0.wp.com\/medilution.com\/wp-content\/uploads\/2021\/05\/medilution-10ml-cbd-oil-broad-spectrum-10-1.jpg?resize=350%2C200&ssl=1 1x, https:\/\/i0.wp.com\/medilution.com\/wp-content\/uploads\/2021\/05\/medilution-10ml-cbd-oil-broad-spectrum-10-1.jpg?resize=525%2C300&ssl=1 1.5x, https:\/\/i0.wp.com\/medilution.com\/wp-content\/uploads\/2021\/05\/medilution-10ml-cbd-oil-broad-spectrum-10-1.jpg?resize=700%2C400&ssl=1 2x"},"classes":[]},{"id":9967,"url":"https:\/\/medilution.com\/de\/product\/cbd-oel-terpene-1000mg-10\/","url_meta":{"origin":9968,"position":4},"title":"CBD \u00d6l 10% &#8211; Reines CBD + Terpene &#8211; 1000mg","author":"medilutionadmin","date":"18\/05\/2021","format":false,"excerpt":"REINES CBD - NULL THC VEGANFREUNDLICH ENTH\u00c4LT 1000MG CBD CBD-ST\u00c4RKE 10% VOL. 10ML TROPFFLASCHE Diese THC-freie Hanfmischung besteht aus reinen 99,5 % Cannabidiol-Kristallen mit zugesetzten Terpenen, um ein \u00d6l mit vollem Geschmack zu schaffen, das Ihnen alle Vorteile von reinem CBD bietet. Dieses Produkt wird im Labor auf Sicherheit und\u2026","rel":"","context":"\u00c4hnlicher Beitrag","block_context":{"text":"\u00c4hnlicher Beitrag","link":""},"img":{"alt_text":"","src":"https:\/\/i0.wp.com\/medilution.com\/wp-content\/uploads\/2021\/05\/medilution-10ml-cbd-oil-terpenes-10-1.jpeg?resize=350%2C200&ssl=1","width":350,"height":200,"srcset":"https:\/\/i0.wp.com\/medilution.com\/wp-content\/uploads\/2021\/05\/medilution-10ml-cbd-oil-terpenes-10-1.jpeg?resize=350%2C200&ssl=1 1x, https:\/\/i0.wp.com\/medilution.com\/wp-content\/uploads\/2021\/05\/medilution-10ml-cbd-oil-terpenes-10-1.jpeg?resize=525%2C300&ssl=1 1.5x, https:\/\/i0.wp.com\/medilution.com\/wp-content\/uploads\/2021\/05\/medilution-10ml-cbd-oil-terpenes-10-1.jpeg?resize=700%2C400&ssl=1 2x"},"classes":[]},{"id":9971,"url":"https:\/\/medilution.com\/de\/product\/cbd-oel-zitrus-geschmack-1000mg-10\/","url_meta":{"origin":9968,"position":5},"title":"CBD-\u00d6l 10% &#8211; Reines CBD mit Zitrusgeschmack &#8211; 1000mg","author":"medilutionadmin","date":"18\/05\/2021","format":false,"excerpt":"REINES CBD - NULL THC VEGANFREUNDLICH ENTH\u00c4LT 1000MG CBD CBD-ST\u00c4RKE 10% VOL. 10ML TROPFFLASCHE Diese THC-freie Hanfmischung besteht aus reinen 99,5 % Cannabidiol-Kristallen, denen nat\u00fcrliches Zitronen\u00f6l hinzugef\u00fcgt wurde, um ein frisch aromatisiertes \u00d6l zu schaffen, das Ihnen alle Vorteile von reinem CBD bietet. Dieses Produkt wird im Labor auf Sicherheit\u2026","rel":"","context":"\u00c4hnlicher Beitrag","block_context":{"text":"\u00c4hnlicher Beitrag","link":""},"img":{"alt_text":"","src":"https:\/\/i0.wp.com\/medilution.com\/wp-content\/uploads\/2021\/05\/medilution-10ml-cbd-oil-citrus-10-1.jpg?resize=350%2C200&ssl=1","width":350,"height":200,"srcset":"https:\/\/i0.wp.com\/medilution.com\/wp-content\/uploads\/2021\/05\/medilution-10ml-cbd-oil-citrus-10-1.jpg?resize=350%2C200&ssl=1 1x, https:\/\/i0.wp.com\/medilution.com\/wp-content\/uploads\/2021\/05\/medilution-10ml-cbd-oil-citrus-10-1.jpg?resize=525%2C300&ssl=1 1.5x, https:\/\/i0.wp.com\/medilution.com\/wp-content\/uploads\/2021\/05\/medilution-10ml-cbd-oil-citrus-10-1.jpg?resize=700%2C400&ssl=1 2x"},"classes":[]}],"jetpack_sharing_enabled":true,"_links":{"self":[{"href":"https:\/\/medilution.com\/de\/wp-json\/wp\/v2\/product\/9968","targetHints":{"allow":["GET"]}}],"collection":[{"href":"https:\/\/medilution.com\/de\/wp-json\/wp\/v2\/product"}],"about":[{"href":"https:\/\/medilution.com\/de\/wp-json\/wp\/v2\/types\/product"}],"replies":[{"embeddable":true,"href":"https:\/\/medilution.com\/de\/wp-json\/wp\/v2\/comments?post=9968"}],"wp:featuredmedia":[{"embeddable":true,"href":"https:\/\/medilution.com\/de\/wp-json\/wp\/v2\/media\/9793"}],"wp:attachment":[{"href":"https:\/\/medilution.com\/de\/wp-json\/wp\/v2\/media?parent=9968"}],"wp:term":[{"taxonomy":"product_brand","embeddable":true,"href":"https:\/\/medilution.com\/de\/wp-json\/wp\/v2\/product_brand?post=9968"},{"taxonomy":"product_cat","embeddable":true,"href":"https:\/\/medilution.com\/de\/wp-json\/wp\/v2\/product_cat?post=9968"},{"taxonomy":"product_tag","embeddable":true,"href":"https:\/\/medilution.com\/de\/wp-json\/wp\/v2\/product_tag?post=9968"}],"curies":[{"name":"wp","href":"https:\/\/api.w.org\/{rel}","templated":true}]}}