{"id":9929,"date":"2021-11-03T20:34:32","date_gmt":"2021-11-03T19:34:32","guid":{"rendered":"https:\/\/medilution.com\/das-gesetz-und-cbd\/"},"modified":"2023-08-01T11:18:56","modified_gmt":"2023-08-01T09:18:56","slug":"das-gesetz-und-cbd","status":"publish","type":"page","link":"https:\/\/medilution.com\/de\/das-gesetz-und-cbd\/","title":{"rendered":"Das Gesetz und CBD"},"content":{"rendered":"<div class=\"wpb-content-wrapper\"><p>[vc_row mobile_bg_img_hidden=&#8220;no&#8220; tablet_bg_img_hidden=&#8220;no&#8220; woodmart_parallax=&#8220;0&#8243; woodmart_gradient_switch=&#8220;no&#8220; row_reverse_mobile=&#8220;0&#8243; row_reverse_tablet=&#8220;0&#8243; woodmart_disable_overflow=&#8220;0&#8243; woodmart_css_id=&#8220;6216a605d383c&#8220; responsive_spacing=&#8220;eyJwYXJhbV90eXBlIjoid29vZG1hcnRfcmVzcG9uc2l2ZV9zcGFjaW5nIiwic2VsZWN0b3JfaWQiOiI2MjE2YTYwNWQzODNjIiwic2hvcnRjb2RlIjoidmNfcm93IiwiZGF0YSI6eyJ0YWJsZXQiOnt9LCJtb2JpbGUiOnt9fX0=&#8220; woodmart_box_shadow=&#8220;no&#8220; wd_z_index=&#8220;no&#8220;][vc_column width=&#8220;1\/6&#8243;][\/vc_column][vc_column width=&#8220;2\/3&#8243;][vc_column_text woodmart_inline=&#8220;no&#8220; text_larger=&#8220;no&#8220;]<\/p>\n<h1><strong>Cannabidiol (CBD) wird nach europ\u00e4ischem Recht nicht als &#8222;Rauschgift&#8220; angesehen<\/strong><\/h1>\n<h4><strong>Ein Mitgliedstaat darf das Inverkehrbringen von Cannabidiol (CBD), das in einem anderen Mitgliedstaat rechtm\u00e4\u00dfig hergestellt wurde, nicht verbieten, wenn es aus der Cannabis sativa-Pflanze in ihrer Gesamtheit und nicht nur aus ihren Fasern und Samen gewonnen wird.<\/strong><\/h4>\n<p>Im November 2020 ver\u00f6ffentlichte der Europ\u00e4ische Gerichtshof ein Urteil, in dem er feststellte, dass das aus der Cannabispflanze gewonnene Cannabidiol nicht als Droge im Sinne des Einheits\u00fcbereinkommens der Vereinten Nationen \u00fcber Suchtstoffe von 1961 anzusehen ist.<\/p>\n<p>Das UN-\u00dcbereinkommen von 1961 ist die Grundlage f\u00fcr nationale Drogenkontrollgesetze, die Cannabis kontrollieren. Darin hei\u00dft es, dass der unerlaubte Verkauf von &#8222;Cannabisbl\u00fcten&#8220; und &#8222;Cannabisextrakten und -tinkturen&#8220; strafrechtlich geahndet werden sollte. Dies wurde sp\u00e4ter in den Rahmenbeschluss 2004\/757 des Rates \u00fcber Sanktionen f\u00fcr den Drogenhandel aufgenommen. Diese Bl\u00fcten und Extrakte enthalten mehrere verschiedene Cannabinoide, deren Konzentrationen je nach Pflanzensorte und Anbautechnik stark variieren k\u00f6nnen. Die beiden am intensivsten untersuchten Cannabinoide sind Tetrahydrocannabinol (THC) und Cannabidiol (CBD). W\u00e4hrend THC bekanntlich der wichtigste psychoaktive Bestandteil von Cannabis ist, kam der Sachverst\u00e4ndigenausschuss f\u00fcr Drogenabh\u00e4ngigkeit der Weltgesundheitsorganisation in seiner j\u00fcngsten \u00dcberpr\u00fcfung zu dem Schluss, dass CBD &#8222;kein Missbrauchspotenzial und kein Potenzial zur Erzeugung von Abh\u00e4ngigkeit&#8220; hat.<\/p>\n<p>Das Urteil des Europ\u00e4ischen Gerichtshofs geht auf einen Fall zur\u00fcck, der von den franz\u00f6sischen Gerichten vorgelegt wurde. Im Jahr 2017 verurteilte ein franz\u00f6sisches Gericht den Verk\u00e4ufer von E-Zigaretten-Kartuschen, die CBD enthielten, das legal aus der ganzen Hanfpflanze in Tschechien extrahiert worden war, da in Frankreich nur Fasern und Samen als legaler Hanf gelten. Dieser Fall wurde an den Europ\u00e4ischen Gerichtshof verwiesen (Rechtssache C-663\/18), und am 19. November 2020 ver\u00f6ffentlichte das Gericht <strong><br \/>\n  <span style=\"color: #136e81;\"><br \/>\n    <a style=\"color: #136e81;\" href=\"https:\/\/eur-lex.europa.eu\/legal-content\/en\/TXT\/?uri=CELEX:62018CJ0663\">sein Urteil ver\u00f6ffentlicht<\/a><br \/>\n  <\/span><br \/>\n<\/strong>). Das Gericht erkl\u00e4rte, dass, obwohl Beweise f\u00fcr das Gesundheitsrisiko von CBD noch begrenzt waren, aber vorsorgliche restriktive Ma\u00dfnahmen gerechtfertigt sein k\u00f6nnten, es inkonsistent war, das Marketingverbot nur f\u00fcr CBD aus organischem Anbau und nicht f\u00fcr synthetisches CBD anzuwenden. Bei der Pr\u00fcfung der Rechtm\u00e4\u00dfigkeit dieser Ma\u00dfnahmen, die den freien Warenverkehr innerhalb der EU einschr\u00e4nken, stellte das Gericht au\u00dferdem fest, dass aus Cannabis extrahiertes CBD keine Droge im Sinne des \u00dcbereinkommens von 1961 ist und dass die EU-Verordnungen \u00fcber Industriehanf nicht auf den CBD-Extrakt anwendbar sind, da er kein landwirtschaftliches Erzeugnis im Sinne dieser Verordnungen ist.<\/p>\n<p>Im Anschluss an diese Entscheidung hat die Europ\u00e4ische Kommission in einem aktuellen Pressebriefing festgestellt, dass Cannabidiol nicht als Droge im Sinne des Einheits\u00fcbereinkommens der Vereinten Nationen \u00fcber Suchtstoffe von 1961 betrachtet werden sollte und Cannabidiol als Lebensmittel eingestuft werden kann, sofern auch die anderen Bedingungen der EU-Verordnung \u00fcber Lebensmittelsicherheit erf\u00fcllt sind.<\/p>\n<p><em><br \/>\n  <strong>Quelle: <\/strong><br \/>\n<\/em><em><br \/>\n  <strong><br \/>\n    <span style=\"color: #136e81;\"><br \/>\n      <a style=\"color: #136e81;\" href=\"https:\/\/eur-lex.europa.eu\/legal-content\/en\/TXT\/?uri=CELEX:62018CJ0663\" target=\"_blank\" rel=\"noopener\">Europ\u00e4ischer Gerichtshof &#8211; Urteil (Rechtssache C-663\/18)<\/a><br \/>\n    <\/span><br \/>\n  <\/strong><br \/>\n<\/em><\/p>\n<p><strong>\u00dcber den Europ\u00e4ischen Gerichtshof<\/strong><\/p>\n<p>Der Europ\u00e4ische Gerichtshof (EuGH, franz\u00f6sisch: Cour de Justice europ\u00e9enne), formell einfach Gerichtshof, ist das oberste Gericht der Europ\u00e4ischen Union in Fragen des Unionsrechts. Der EuGH ist das h\u00f6chste Gericht der Europ\u00e4ischen Union in Fragen des Unionsrechts, <span style=\"color: #0000ff;\"><br \/>\n  <a style=\"color: #0000ff;\" href=\"https:\/\/europa.eu\/european-union\/about-eu\/institutions-bodies\/court-justice_en\" target=\"_blank\" rel=\"noopener\"><strong><span style=\"color: #136e81;\">mehr lesen<\/span><\/strong>.<\/a><br \/>\n<\/span>[\/vc_column_text][\/vc_column][vc_column width=&#8220;1\/6&#8243;][\/vc_column][\/vc_row]<\/p>\n<\/div>","protected":false},"excerpt":{"rendered":"<p>[vc_row mobile_bg_img_hidden=&#8220;no&#8220; tablet_bg_img_hidden=&#8220;no&#8220; woodmart_parallax=&#8220;0&#8243; woodmart_gradient_switch=&#8220;no&#8220; row_reverse_mobile=&#8220;0&#8243; row_reverse_tablet=&#8220;0&#8243; woodmart_disable_overflow=&#8220;0&#8243; woodmart_css_id=&#8220;6216a605d383c&#8220; responsive_spacing=&#8220;eyJwYXJhbV90eXBlIjoid29vZG1hcnRfcmVzcG9uc2l2ZV9zcGFjaW5nIiwic2VsZWN0b3JfaWQiOiI2MjE2YTYwNWQzODNjIiwic2hvcnRjb2RlIjoidmNfcm93IiwiZGF0YSI6eyJ0YWJsZXQiOnt9LCJtb2JpbGUiOnt9fX0=&#8220; woodmart_box_shadow=&#8220;no&#8220; wd_z_index=&#8220;no&#8220;][vc_column width=&#8220;1\/6&#8243;][\/vc_column][vc_column width=&#8220;2\/3&#8243;][vc_column_text woodmart_inline=&#8220;no&#8220; text_larger=&#8220;no&#8220;] Cannabidiol (CBD) wird nach<\/p>\n","protected":false},"author":2,"featured_media":0,"parent":0,"menu_order":0,"comment_status":"closed","ping_status":"closed","template":"","meta":{"footnotes":""},"class_list":["post-9929","page","type-page","status-publish","hentry"],"yoast_head":"<!-- This site is optimized with the Yoast SEO plugin v27.4 - https:\/\/yoast.com\/product\/yoast-seo-wordpress\/ -->\n<title>Das Gesetz und CBD - Medilution<\/title>\n<meta name=\"robots\" content=\"index, follow, max-snippet:-1, max-image-preview:large, max-video-preview:-1\" \/>\n<link rel=\"canonical\" href=\"https:\/\/medilution.com\/de\/das-gesetz-und-cbd\/\" \/>\n<meta property=\"og:locale\" content=\"de_DE\" \/>\n<meta property=\"og:type\" content=\"article\" \/>\n<meta property=\"og:title\" content=\"Das Gesetz und CBD - Medilution\" \/>\n<meta property=\"og:description\" content=\"[vc_row mobile_bg_img_hidden=&#8220;no&#8220; tablet_bg_img_hidden=&#8220;no&#8220; woodmart_parallax=&#8220;0&#8243; woodmart_gradient_switch=&#8220;no&#8220; row_reverse_mobile=&#8220;0&#8243; row_reverse_tablet=&#8220;0&#8243; woodmart_disable_overflow=&#8220;0&#8243; woodmart_css_id=&#8220;6216a605d383c&#8220; responsive_spacing=&#8220;eyJwYXJhbV90eXBlIjoid29vZG1hcnRfcmVzcG9uc2l2ZV9zcGFjaW5nIiwic2VsZWN0b3JfaWQiOiI2MjE2YTYwNWQzODNjIiwic2hvcnRjb2RlIjoidmNfcm93IiwiZGF0YSI6eyJ0YWJsZXQiOnt9LCJtb2JpbGUiOnt9fX0=&#8220; woodmart_box_shadow=&#8220;no&#8220; wd_z_index=&#8220;no&#8220;][vc_column width=&#8220;1\/6&#8243;][\/vc_column][vc_column width=&#8220;2\/3&#8243;][vc_column_text woodmart_inline=&#8220;no&#8220; text_larger=&#8220;no&#8220;] Cannabidiol (CBD) wird nach\" \/>\n<meta property=\"og:url\" content=\"https:\/\/medilution.com\/de\/das-gesetz-und-cbd\/\" \/>\n<meta property=\"og:site_name\" content=\"Medilution\" \/>\n<meta property=\"article:modified_time\" content=\"2023-08-01T09:18:56+00:00\" \/>\n<meta name=\"twitter:card\" content=\"summary_large_image\" \/>\n<meta name=\"twitter:label1\" content=\"Gesch\u00e4tzte Lesezeit\" \/>\n\t<meta name=\"twitter:data1\" content=\"3\u00a0Minuten\" \/>\n<script type=\"application\/ld+json\" class=\"yoast-schema-graph\">{\"@context\":\"https:\\\/\\\/schema.org\",\"@graph\":[{\"@type\":\"WebPage\",\"@id\":\"https:\\\/\\\/medilution.com\\\/de\\\/das-gesetz-und-cbd\\\/\",\"url\":\"https:\\\/\\\/medilution.com\\\/de\\\/das-gesetz-und-cbd\\\/\",\"name\":\"Das Gesetz und CBD - Medilution\",\"isPartOf\":{\"@id\":\"https:\\\/\\\/medilution.com\\\/de\\\/#website\"},\"datePublished\":\"2021-11-03T19:34:32+00:00\",\"dateModified\":\"2023-08-01T09:18:56+00:00\",\"breadcrumb\":{\"@id\":\"https:\\\/\\\/medilution.com\\\/de\\\/das-gesetz-und-cbd\\\/#breadcrumb\"},\"inLanguage\":\"de\",\"potentialAction\":[{\"@type\":\"ReadAction\",\"target\":[\"https:\\\/\\\/medilution.com\\\/de\\\/das-gesetz-und-cbd\\\/\"]}]},{\"@type\":\"BreadcrumbList\",\"@id\":\"https:\\\/\\\/medilution.com\\\/de\\\/das-gesetz-und-cbd\\\/#breadcrumb\",\"itemListElement\":[{\"@type\":\"ListItem\",\"position\":1,\"name\":\"Home\",\"item\":\"https:\\\/\\\/medilution.com\\\/de\\\/\"},{\"@type\":\"ListItem\",\"position\":2,\"name\":\"Das Gesetz und CBD\"}]},{\"@type\":\"WebSite\",\"@id\":\"https:\\\/\\\/medilution.com\\\/de\\\/#website\",\"url\":\"https:\\\/\\\/medilution.com\\\/de\\\/\",\"name\":\"Medilution\",\"description\":\"Unlock Wellness with CBD and Lion\u2019s Mane Excellence\",\"publisher\":{\"@id\":\"https:\\\/\\\/medilution.com\\\/de\\\/#organization\"},\"potentialAction\":[{\"@type\":\"SearchAction\",\"target\":{\"@type\":\"EntryPoint\",\"urlTemplate\":\"https:\\\/\\\/medilution.com\\\/de\\\/?s={search_term_string}\"},\"query-input\":{\"@type\":\"PropertyValueSpecification\",\"valueRequired\":true,\"valueName\":\"search_term_string\"}}],\"inLanguage\":\"de\"},{\"@type\":\"Organization\",\"@id\":\"https:\\\/\\\/medilution.com\\\/de\\\/#organization\",\"name\":\"Medilution\",\"url\":\"https:\\\/\\\/medilution.com\\\/de\\\/\",\"logo\":{\"@type\":\"ImageObject\",\"inLanguage\":\"de\",\"@id\":\"https:\\\/\\\/medilution.com\\\/de\\\/#\\\/schema\\\/logo\\\/image\\\/\",\"url\":\"https:\\\/\\\/medilution.com\\\/wp-content\\\/uploads\\\/2021\\\/04\\\/medilution-logo-web.png\",\"contentUrl\":\"https:\\\/\\\/medilution.com\\\/wp-content\\\/uploads\\\/2021\\\/04\\\/medilution-logo-web.png\",\"width\":400,\"height\":460,\"caption\":\"Medilution\"},\"image\":{\"@id\":\"https:\\\/\\\/medilution.com\\\/de\\\/#\\\/schema\\\/logo\\\/image\\\/\"},\"sameAs\":[\"https:\\\/\\\/www.instagram.com\\\/medilution\\\/\"]}]}<\/script>\n<!-- \/ Yoast SEO plugin. -->","yoast_head_json":{"title":"Das Gesetz und CBD - Medilution","robots":{"index":"index","follow":"follow","max-snippet":"max-snippet:-1","max-image-preview":"max-image-preview:large","max-video-preview":"max-video-preview:-1"},"canonical":"https:\/\/medilution.com\/de\/das-gesetz-und-cbd\/","og_locale":"de_DE","og_type":"article","og_title":"Das Gesetz und CBD - Medilution","og_description":"[vc_row mobile_bg_img_hidden=&#8220;no&#8220; tablet_bg_img_hidden=&#8220;no&#8220; woodmart_parallax=&#8220;0&#8243; woodmart_gradient_switch=&#8220;no&#8220; row_reverse_mobile=&#8220;0&#8243; row_reverse_tablet=&#8220;0&#8243; woodmart_disable_overflow=&#8220;0&#8243; woodmart_css_id=&#8220;6216a605d383c&#8220; responsive_spacing=&#8220;eyJwYXJhbV90eXBlIjoid29vZG1hcnRfcmVzcG9uc2l2ZV9zcGFjaW5nIiwic2VsZWN0b3JfaWQiOiI2MjE2YTYwNWQzODNjIiwic2hvcnRjb2RlIjoidmNfcm93IiwiZGF0YSI6eyJ0YWJsZXQiOnt9LCJtb2JpbGUiOnt9fX0=&#8220; woodmart_box_shadow=&#8220;no&#8220; wd_z_index=&#8220;no&#8220;][vc_column width=&#8220;1\/6&#8243;][\/vc_column][vc_column width=&#8220;2\/3&#8243;][vc_column_text woodmart_inline=&#8220;no&#8220; text_larger=&#8220;no&#8220;] Cannabidiol (CBD) wird nach","og_url":"https:\/\/medilution.com\/de\/das-gesetz-und-cbd\/","og_site_name":"Medilution","article_modified_time":"2023-08-01T09:18:56+00:00","twitter_card":"summary_large_image","twitter_misc":{"Gesch\u00e4tzte Lesezeit":"3\u00a0Minuten"},"schema":{"@context":"https:\/\/schema.org","@graph":[{"@type":"WebPage","@id":"https:\/\/medilution.com\/de\/das-gesetz-und-cbd\/","url":"https:\/\/medilution.com\/de\/das-gesetz-und-cbd\/","name":"Das Gesetz und CBD - Medilution","isPartOf":{"@id":"https:\/\/medilution.com\/de\/#website"},"datePublished":"2021-11-03T19:34:32+00:00","dateModified":"2023-08-01T09:18:56+00:00","breadcrumb":{"@id":"https:\/\/medilution.com\/de\/das-gesetz-und-cbd\/#breadcrumb"},"inLanguage":"de","potentialAction":[{"@type":"ReadAction","target":["https:\/\/medilution.com\/de\/das-gesetz-und-cbd\/"]}]},{"@type":"BreadcrumbList","@id":"https:\/\/medilution.com\/de\/das-gesetz-und-cbd\/#breadcrumb","itemListElement":[{"@type":"ListItem","position":1,"name":"Home","item":"https:\/\/medilution.com\/de\/"},{"@type":"ListItem","position":2,"name":"Das Gesetz und CBD"}]},{"@type":"WebSite","@id":"https:\/\/medilution.com\/de\/#website","url":"https:\/\/medilution.com\/de\/","name":"Medilution","description":"Unlock Wellness with CBD and Lion\u2019s Mane Excellence","publisher":{"@id":"https:\/\/medilution.com\/de\/#organization"},"potentialAction":[{"@type":"SearchAction","target":{"@type":"EntryPoint","urlTemplate":"https:\/\/medilution.com\/de\/?s={search_term_string}"},"query-input":{"@type":"PropertyValueSpecification","valueRequired":true,"valueName":"search_term_string"}}],"inLanguage":"de"},{"@type":"Organization","@id":"https:\/\/medilution.com\/de\/#organization","name":"Medilution","url":"https:\/\/medilution.com\/de\/","logo":{"@type":"ImageObject","inLanguage":"de","@id":"https:\/\/medilution.com\/de\/#\/schema\/logo\/image\/","url":"https:\/\/medilution.com\/wp-content\/uploads\/2021\/04\/medilution-logo-web.png","contentUrl":"https:\/\/medilution.com\/wp-content\/uploads\/2021\/04\/medilution-logo-web.png","width":400,"height":460,"caption":"Medilution"},"image":{"@id":"https:\/\/medilution.com\/de\/#\/schema\/logo\/image\/"},"sameAs":["https:\/\/www.instagram.com\/medilution\/"]}]}},"jetpack-related-posts":[{"id":9899,"url":"https:\/\/medilution.com\/de\/cbd-oel-tropfen\/","url_meta":{"origin":9929,"position":0},"title":"CBD-\u00d6l-Tropfen","author":"medilutionadmin","date":"19\/05\/2021","format":false,"excerpt":"[vc_row full_width=\"stretch_row\" el_class=\"opacity-video-bg\" css=\".vc_custom_1721998185845{margin-top: -60px !important;margin-bottom: 8vh !important;padding-top: 20vh !important;padding-bottom: 20vh !important;background-image: url(https:\/\/cbdmedilution.com\/wp-content\/uploads\/2021\/05\/ladywithcbd-1.jpg?id=7578) !important;background-position: center !important;background-repeat: no-repeat !important;background-size: cover !important;}\" mobile_bg_img_hidden=\"no\" tablet_bg_img_hidden=\"no\" woodmart_parallax=\"0\" woodmart_gradient_switch=\"no\" row_reverse_mobile=\"0\" row_reverse_tablet=\"0\" woodmart_disable_overflow=\"0\" woodmart_css_id=\"66a39b598f145\" responsive_spacing=\"eyJwYXJhbV90eXBlIjoid29vZG1hcnRfcmVzcG9uc2l2ZV9zcGFjaW5nIiwic2VsZWN0b3JfaWQiOiI2NmEzOWI1OThmMTQ1Iiwic2hvcnRjb2RlIjoidmNfcm93IiwiZGF0YSI6eyJ0YWJsZXQiOnt9LCJtb2JpbGUiOnt9fX0=\" woodmart_box_shadow=\"no\" wd_z_index=\"no\"][vc_column css=\".vc_custom_1499517305703{padding-top: 0px !important;}\" el_class=\"text-center\"][vc_custom_heading text=\"CBD-\u00d6L-TROPFEN\" font_container=\"tag:h5|font_size:16|text_align:left|color:rgba(255%2C255%2C255%2C0.8)\" use_theme_fonts=\"yes\" css=\".vc_custom_1721998336312{margin-bottom: 10px !important;}\" el_class=\"visible-lg\"][\/vc_column][\/vc_row][vc_row css=\".vc_custom_1499600383384{margin-bottom: 8vh !important;}\"][vc_column offset=\"vc_col-lg-offset-2 vc_col-lg-8 vc_col-md-offset-2 vc_col-md-8 vc_col-sm-offset-0\"\u2026","rel":"","context":"\u00c4hnlicher Beitrag","block_context":{"text":"\u00c4hnlicher Beitrag","link":""},"img":{"alt_text":"","src":"","width":0,"height":0},"classes":[]},{"id":9937,"url":"https:\/\/medilution.com\/de\/cbd-haftungsausschluss\/","url_meta":{"origin":9929,"position":1},"title":"CBD Haftungsausschluss","author":"Johan","date":"13\/08\/2021","format":false,"excerpt":"[vc_row mobile_bg_img_hidden=\"no\" tablet_bg_img_hidden=\"no\" woodmart_parallax=\"0\" woodmart_gradient_switch=\"no\" row_reverse_mobile=\"0\" row_reverse_tablet=\"0\" woodmart_disable_overflow=\"0\"][vc_column width=\"1\/6\"][\/vc_column][vc_column width=\"2\/3\"][vc_column_text text_larger=\"no\" woodmart_inline=\"no\"] Cannabidiol (CBD) ist ein nat\u00fcrlicher Bestandteil von Hanf und ist ein Nahrungserg\u00e4nzungsmittel. Unsere Produkte sind nicht dazu vorgesehen, Krankheiten zu diagnostizieren, zu behandeln, zu heilen oder zu verhindern. Links von dieser Website zu anderen Websites bedeuten keine Empfehlung\u2026","rel":"","context":"\u00c4hnlicher Beitrag","block_context":{"text":"\u00c4hnlicher Beitrag","link":""},"img":{"alt_text":"","src":"","width":0,"height":0},"classes":[]},{"id":9894,"url":"https:\/\/medilution.com\/de\/","url_meta":{"origin":9929,"position":2},"title":"CBD-SHOP","author":"medilutionadmin","date":"22\/09\/2017","format":false,"excerpt":"[vc_row full_width=\"stretch_row_content\" mobile_bg_img_hidden=\"no\" tablet_bg_img_hidden=\"no\" woodmart_parallax=\"0\" woodmart_gradient_switch=\"no\" row_reverse_mobile=\"0\" row_reverse_tablet=\"0\" woodmart_disable_overflow=\"0\" css=\".vc_custom_1704977477981{margin-top: -80px !important;background-color: #000000 !important;}\" woodmart_css_id=\"659fe43e05a3b\" responsive_spacing=\"eyJwYXJhbV90eXBlIjoid29vZG1hcnRfcmVzcG9uc2l2ZV9zcGFjaW5nIiwic2VsZWN0b3JfaWQiOiI2NTlmZTQzZTA1YTNiIiwic2hvcnRjb2RlIjoidmNfcm93IiwiZGF0YSI6eyJ0YWJsZXQiOnt9LCJtb2JpbGUiOnt9fX0=\" woodmart_box_shadow=\"no\" wd_z_index=\"no\"][vc_column][\/vc_column][\/vc_row][vc_row full_width=\"stretch_row\" css=\".vc_custom_1691397861833{background-color: #000000 !important;}\" mobile_bg_img_hidden=\"no\" tablet_bg_img_hidden=\"no\" woodmart_parallax=\"0\" woodmart_gradient_switch=\"no\" row_reverse_mobile=\"0\" row_reverse_tablet=\"0\" woodmart_disable_overflow=\"0\" woodmart_css_id=\"64d0aed4433b8\" responsive_spacing=\"eyJwYXJhbV90eXBlIjoid29vZG1hcnRfcmVzcG9uc2l2ZV9zcGFjaW5nIiwic2VsZWN0b3JfaWQiOiI2NGQwYWVkNDQzM2I4Iiwic2hvcnRjb2RlIjoidmNfcm93IiwiZGF0YSI6eyJ0YWJsZXQiOnt9LCJtb2JpbGUiOnt9fX0=\" woodmart_box_shadow=\"no\" wd_z_index=\"no\"][vc_column][vc_row_inner equal_height=\"yes\" row_reverse_mobile=\"0\" row_reverse_tablet=\"0\" css=\".vc_custom_1621459244825{margin-bottom: 40px !important;}\"][vc_column_inner width=\"1\/2\"][\/vc_column_inner][vc_column_inner width=\"1\/2\"][vc_empty_space height=\"30px\" woodmart_hide_large=\"0\" woodmart_hide_medium=\"0\" woodmart_hide_small=\"0\" woodmart_hide_extra_small=\"0\"][\/vc_column_inner][\/vc_row_inner][\/vc_column][\/vc_row][vc_row][vc_column width=\"1\/6\"][\/vc_column][vc_column width=\"2\/3\"][vc_separator][\/vc_column][vc_column width=\"1\/6\"][\/vc_column][\/vc_row][vc_row css=\".vc_custom_1621407114154{margin-top:\u2026","rel":"","context":"\u00c4hnlicher Beitrag","block_context":{"text":"\u00c4hnlicher Beitrag","link":""},"img":{"alt_text":"","src":"","width":0,"height":0},"classes":[]},{"id":9905,"url":"https:\/\/medilution.com\/de\/cbd-cremes-balsame\/","url_meta":{"origin":9929,"position":3},"title":"CBD Cremes &amp; Balsame","author":"medilutionadmin","date":"19\/05\/2021","format":false,"excerpt":"[vc_row full_width=\"stretch_row\" el_class=\"opacity-video-bg\" css=\".vc_custom_1721998469376{margin-top: -60px !important;margin-bottom: 8vh !important;padding-top: 20vh !important;padding-bottom: 20vh !important;background-image: url(https:\/\/cbdmedilution.com\/wp-content\/uploads\/2023\/07\/Couple-Running-Longevity.png?id=10177) !important;background-position: center !important;background-repeat: no-repeat !important;background-size: cover !important;}\" mobile_bg_img_hidden=\"no\" tablet_bg_img_hidden=\"no\" woodmart_parallax=\"0\" woodmart_gradient_switch=\"no\" row_reverse_mobile=\"0\" row_reverse_tablet=\"0\" woodmart_disable_overflow=\"0\" woodmart_css_id=\"66a39c33be3a2\" responsive_spacing=\"eyJwYXJhbV90eXBlIjoid29vZG1hcnRfcmVzcG9uc2l2ZV9zcGFjaW5nIiwic2VsZWN0b3JfaWQiOiI2NmEzOWMzM2JlM2EyIiwic2hvcnRjb2RlIjoidmNfcm93IiwiZGF0YSI6eyJ0YWJsZXQiOnt9LCJtb2JpbGUiOnt9fX0=\" woodmart_box_shadow=\"no\" wd_z_index=\"no\"][vc_column css=\".vc_custom_1499517305703{padding-top: 0px !important;}\" el_class=\"text-center\"][vc_custom_heading text=\"CBD CREMES & BALSAME\" font_container=\"tag:h5|font_size:16|text_align:right|color:rgba(255%2C255%2C255%2C0.8)\" use_theme_fonts=\"yes\" css=\".vc_custom_1690880851238{margin-bottom: 10px !important;}\" el_class=\"visible-lg\"][\/vc_column][\/vc_row][vc_row css=\".vc_custom_1499600383384{margin-bottom: 8vh !important;}\"][vc_column offset=\"vc_col-lg-offset-2 vc_col-lg-8\u2026","rel":"","context":"\u00c4hnlicher Beitrag","block_context":{"text":"\u00c4hnlicher Beitrag","link":""},"img":{"alt_text":"","src":"","width":0,"height":0},"classes":[]},{"id":7779,"url":"https:\/\/medilution.com\/the-law-and-cbd\/","url_meta":{"origin":9929,"position":4},"title":"The Law and CBD","author":"Johan","date":"03\/11\/2021","format":false,"excerpt":"[vc_row mobile_bg_img_hidden=\"no\" tablet_bg_img_hidden=\"no\" woodmart_parallax=\"0\" woodmart_gradient_switch=\"no\" row_reverse_mobile=\"0\" row_reverse_tablet=\"0\" woodmart_disable_overflow=\"0\" woodmart_css_id=\"6216a605d383c\" responsive_spacing=\"eyJwYXJhbV90eXBlIjoid29vZG1hcnRfcmVzcG9uc2l2ZV9zcGFjaW5nIiwic2VsZWN0b3JfaWQiOiI2MjE2YTYwNWQzODNjIiwic2hvcnRjb2RlIjoidmNfcm93IiwiZGF0YSI6eyJ0YWJsZXQiOnt9LCJtb2JpbGUiOnt9fX0=\" woodmart_box_shadow=\"no\" wd_z_index=\"no\"][vc_column width=\"1\/6\"][\/vc_column][vc_column width=\"2\/3\"][vc_column_text woodmart_inline=\"no\" text_larger=\"no\"] Cannabidiol (CBD) is not considered a \u2018narcotic drug\u2019 under European law A Member State may not prohibit the marketing of cannabidiol (CBD) lawfully produced in another Member State when it is extracted from the\u2026","rel":"","context":"\u00c4hnlicher Beitrag","block_context":{"text":"\u00c4hnlicher Beitrag","link":""},"img":{"alt_text":"","src":"","width":0,"height":0},"classes":[]},{"id":8186,"url":"https:\/\/medilution.com\/sv\/lagen-och-cbd\/","url_meta":{"origin":9929,"position":5},"title":"Lagen och CBD","author":"Johan","date":"03\/11\/2021","format":false,"excerpt":"[vc_row mobile_bg_img_hidden=\"no\" tablet_bg_img_hidden=\"no\" woodmart_parallax=\"0\" woodmart_gradient_switch=\"no\" row_reverse_mobile=\"0\" row_reverse_tablet=\"0\" woodmart_disable_overflow=\"0\" woodmart_css_id=\"6216a605d383c\" responsive_spacing=\"eyJwYXJhbV90eXBlIjoid29vZG1hcnRfcmVzcG9uc2l2ZV9zcGFjaW5nIiwic2VsZWN0b3JfaWQiOiI2MjE2YTYwNWQzODNjIiwic2hvcnRjb2RlIjoidmNfcm93IiwiZGF0YSI6eyJ0YWJsZXQiOnt9LCJtb2JpbGUiOnt9fX0=\" woodmart_box_shadow=\"no\" wd_z_index=\"no\"][vc_column width=\"1\/6\"][\/vc_column][vc_column width=\"2\/3\"][vc_column_text woodmart_inline=\"no\" text_larger=\"no\"] Cannabidiol (CBD) anses inte vara ett \"narkotiskt l\u00e4kemedel\" enligt europeisk lag En medlemsstat f\u00e5r inte f\u00f6rbjuda marknadsf\u00f6ring av cannabidiol (CBD) som lagligen framst\u00e4llts i en annan medlemsstat n\u00e4r den utvinns fr\u00e5n Cannabis sativa-v\u00e4xten i\u2026","rel":"","context":"\u00c4hnlicher Beitrag","block_context":{"text":"\u00c4hnlicher Beitrag","link":""},"img":{"alt_text":"","src":"","width":0,"height":0},"classes":[]}],"jetpack_sharing_enabled":true,"_links":{"self":[{"href":"https:\/\/medilution.com\/de\/wp-json\/wp\/v2\/pages\/9929","targetHints":{"allow":["GET"]}}],"collection":[{"href":"https:\/\/medilution.com\/de\/wp-json\/wp\/v2\/pages"}],"about":[{"href":"https:\/\/medilution.com\/de\/wp-json\/wp\/v2\/types\/page"}],"author":[{"embeddable":true,"href":"https:\/\/medilution.com\/de\/wp-json\/wp\/v2\/users\/2"}],"replies":[{"embeddable":true,"href":"https:\/\/medilution.com\/de\/wp-json\/wp\/v2\/comments?post=9929"}],"version-history":[{"count":12,"href":"https:\/\/medilution.com\/de\/wp-json\/wp\/v2\/pages\/9929\/revisions"}],"predecessor-version":[{"id":10351,"href":"https:\/\/medilution.com\/de\/wp-json\/wp\/v2\/pages\/9929\/revisions\/10351"}],"wp:attachment":[{"href":"https:\/\/medilution.com\/de\/wp-json\/wp\/v2\/media?parent=9929"}],"curies":[{"name":"wp","href":"https:\/\/api.w.org\/{rel}","templated":true}]}}