{"id":9925,"date":"2022-02-13T22:55:02","date_gmt":"2022-02-13T21:55:02","guid":{"rendered":"https:\/\/medilution.com\/rueckgabe-und-rueckerstattung\/"},"modified":"2023-11-22T14:11:40","modified_gmt":"2023-11-22T13:11:40","slug":"rueckgabe-und-rueckerstattung","status":"publish","type":"page","link":"https:\/\/medilution.com\/de\/rueckgabe-und-rueckerstattung\/","title":{"rendered":"R\u00fcckgabe und R\u00fcckerstattungs-Bedingungen"},"content":{"rendered":"<div class=\"wpb-content-wrapper\"><p>[vc_row][vc_column width=&#8220;1\/6&#8243;][\/vc_column][vc_column width=&#8220;2\/3&#8243;][vc_column_text woodmart_inline=&#8220;no&#8220; text_larger=&#8220;no&#8220;]<\/p>\n<h2><strong>R\u00fcckgabe und R\u00fcckerstattungs-Bedingungen<\/strong><\/h2>\n<p>Wir danken Ihnen f\u00fcr Ihren Kauf. Wir hoffen, dass Sie mit Ihrem Kauf zufrieden sind. Sollten Sie jedoch aus irgendeinem Grund mit Ihrem Kauf nicht zufrieden sein, k\u00f6nnen Sie ihn gegen volle R\u00fcckerstattung oder Umtausch an uns zur\u00fcckgeben. Weitere Informationen zu unseren R\u00fcckgabe-Bedingungen finden Sie weiter unten.<\/p>\n<h3><strong>R\u00fcckgabe<\/strong><\/h3>\n<p>Alle R\u00fccksendungen m\u00fcssen innerhalb von 30 Tagen nach dem Lieferdatum abgestempelt werden. Alle zur\u00fcckgesandten Artikel m\u00fcssen in neuem und unbenutztem Zustand sein, mit allen Original-Etiketten und -Anh\u00e4ngern.<\/p>\n<h4>Prozess der R\u00fcckgabe<\/h4>\n<p>Bitte verwenden Sie das nachstehende Standard-Widerrufsformular und wir werden Ihnen weitere Anweisungen geben.<\/p>\n<h4>Standard-Widerrufsformular<\/h4>\n<p>(F\u00fcllen Sie dieses Formular aus und senden Sie die Produkte nur zur\u00fcck, wenn Sie den Vertrag widerrufen wollen)<\/p>\n<p>efulfilment.eu<br \/>\nZu H\u00e4nden. Medilution<br \/>\nWittevrouwen 21<br \/>\n1358CD Almere<br \/>\nDie Niederlande<\/p>\n<p>E-Mail-Adresse: info@medilution.com<\/p>\n<p>Hiermit teile ich\/wir Ihnen mit, dass ich\/wir unsere Vereinbarung \u00fcber den Verkauf der folgenden Produkte widerrufen m\u00f6chte(n):<\/p>\n<ul>\n<li>Spezifikation des Produkts*<\/li>\n<li>Bestellt am*\/Erhalten am* Datum der Bestellung der Dienstleistungen oder des Erhalts der Produkte*<\/li>\n<\/ul>\n<p>Kundenname<\/p>\n<p>Kundenadresse<\/p>\n<p>Unterschrift des Kunden (nur wenn dieses Formular auf Papier eingereicht wird)<\/p>\n<p>* Gegebenenfalls streichen und\/oder erg\u00e4nzen.<\/p>\n<h3><strong>Erstattungen<\/strong><\/h3>\n<p>Nachdem wir Ihre R\u00fccksendung erhalten und den Zustand Ihres Artikels gepr\u00fcft haben, werden wir Ihre R\u00fccksendung bearbeiten. F\u00fcr die Bearbeitung Ihrer R\u00fccksendung ben\u00f6tigen wir mindestens 14 Tage nach Erhalt der Ware.<\/p>\n<h4>Ausnahmen<\/h4>\n<p>Bei defekten oder besch\u00e4digten Produkten kontaktieren Sie uns bitte unter der unten angegebenen Kundendienstnummer, um eine R\u00fcckerstattung oder einen Umtausch zu vereinbaren.[\/vc_column_text][\/vc_column][vc_column width=&#8220;1\/6&#8243;][\/vc_column][\/vc_row]<\/p>\n<\/div>","protected":false},"excerpt":{"rendered":"<p>[vc_row][vc_column width=&#8220;1\/6&#8243;][\/vc_column][vc_column width=&#8220;2\/3&#8243;][vc_column_text woodmart_inline=&#8220;no&#8220; text_larger=&#8220;no&#8220;] R\u00fcckgabe und R\u00fcckerstattungs-Bedingungen Wir danken Ihnen f\u00fcr Ihren Kauf. Wir hoffen, dass Sie mit Ihrem<\/p>\n","protected":false},"author":1,"featured_media":0,"parent":0,"menu_order":0,"comment_status":"closed","ping_status":"closed","template":"","meta":{"footnotes":""},"class_list":["post-9925","page","type-page","status-publish","hentry"],"yoast_head":"<!-- This site is optimized with the Yoast SEO plugin v27.4 - https:\/\/yoast.com\/product\/yoast-seo-wordpress\/ -->\n<title>R\u00fcckgabe und R\u00fcckerstattungs-Bedingungen - Medilution<\/title>\n<meta name=\"robots\" content=\"index, follow, max-snippet:-1, max-image-preview:large, max-video-preview:-1\" \/>\n<link rel=\"canonical\" href=\"https:\/\/medilution.com\/de\/rueckgabe-und-rueckerstattung\/\" \/>\n<meta property=\"og:locale\" content=\"de_DE\" \/>\n<meta property=\"og:type\" content=\"article\" \/>\n<meta property=\"og:title\" content=\"R\u00fcckgabe und R\u00fcckerstattungs-Bedingungen - Medilution\" \/>\n<meta property=\"og:description\" content=\"[vc_row][vc_column width=&#8220;1\/6&#8243;][\/vc_column][vc_column width=&#8220;2\/3&#8243;][vc_column_text woodmart_inline=&#8220;no&#8220; text_larger=&#8220;no&#8220;] R\u00fcckgabe und R\u00fcckerstattungs-Bedingungen Wir danken Ihnen f\u00fcr Ihren Kauf. Wir hoffen, dass Sie mit Ihrem\" \/>\n<meta property=\"og:url\" content=\"https:\/\/medilution.com\/de\/rueckgabe-und-rueckerstattung\/\" \/>\n<meta property=\"og:site_name\" content=\"Medilution\" \/>\n<meta property=\"article:modified_time\" content=\"2023-11-22T13:11:40+00:00\" \/>\n<meta name=\"twitter:card\" content=\"summary_large_image\" \/>\n<meta name=\"twitter:label1\" content=\"Gesch\u00e4tzte Lesezeit\" \/>\n\t<meta name=\"twitter:data1\" content=\"1\u00a0Minute\" \/>\n<script type=\"application\/ld+json\" class=\"yoast-schema-graph\">{\"@context\":\"https:\\\/\\\/schema.org\",\"@graph\":[{\"@type\":\"WebPage\",\"@id\":\"https:\\\/\\\/medilution.com\\\/de\\\/rueckgabe-und-rueckerstattung\\\/\",\"url\":\"https:\\\/\\\/medilution.com\\\/de\\\/rueckgabe-und-rueckerstattung\\\/\",\"name\":\"R\u00fcckgabe und R\u00fcckerstattungs-Bedingungen - Medilution\",\"isPartOf\":{\"@id\":\"https:\\\/\\\/medilution.com\\\/de\\\/#website\"},\"datePublished\":\"2022-02-13T21:55:02+00:00\",\"dateModified\":\"2023-11-22T13:11:40+00:00\",\"breadcrumb\":{\"@id\":\"https:\\\/\\\/medilution.com\\\/de\\\/rueckgabe-und-rueckerstattung\\\/#breadcrumb\"},\"inLanguage\":\"de\",\"potentialAction\":[{\"@type\":\"ReadAction\",\"target\":[\"https:\\\/\\\/medilution.com\\\/de\\\/rueckgabe-und-rueckerstattung\\\/\"]}]},{\"@type\":\"BreadcrumbList\",\"@id\":\"https:\\\/\\\/medilution.com\\\/de\\\/rueckgabe-und-rueckerstattung\\\/#breadcrumb\",\"itemListElement\":[{\"@type\":\"ListItem\",\"position\":1,\"name\":\"Home\",\"item\":\"https:\\\/\\\/medilution.com\\\/de\\\/\"},{\"@type\":\"ListItem\",\"position\":2,\"name\":\"R\u00fcckgabe und R\u00fcckerstattungs-Bedingungen\"}]},{\"@type\":\"WebSite\",\"@id\":\"https:\\\/\\\/medilution.com\\\/de\\\/#website\",\"url\":\"https:\\\/\\\/medilution.com\\\/de\\\/\",\"name\":\"Medilution\",\"description\":\"Unlock Wellness with CBD and Lion\u2019s Mane Excellence\",\"publisher\":{\"@id\":\"https:\\\/\\\/medilution.com\\\/de\\\/#organization\"},\"potentialAction\":[{\"@type\":\"SearchAction\",\"target\":{\"@type\":\"EntryPoint\",\"urlTemplate\":\"https:\\\/\\\/medilution.com\\\/de\\\/?s={search_term_string}\"},\"query-input\":{\"@type\":\"PropertyValueSpecification\",\"valueRequired\":true,\"valueName\":\"search_term_string\"}}],\"inLanguage\":\"de\"},{\"@type\":\"Organization\",\"@id\":\"https:\\\/\\\/medilution.com\\\/de\\\/#organization\",\"name\":\"Medilution\",\"url\":\"https:\\\/\\\/medilution.com\\\/de\\\/\",\"logo\":{\"@type\":\"ImageObject\",\"inLanguage\":\"de\",\"@id\":\"https:\\\/\\\/medilution.com\\\/de\\\/#\\\/schema\\\/logo\\\/image\\\/\",\"url\":\"https:\\\/\\\/medilution.com\\\/wp-content\\\/uploads\\\/2021\\\/04\\\/medilution-logo-web.png\",\"contentUrl\":\"https:\\\/\\\/medilution.com\\\/wp-content\\\/uploads\\\/2021\\\/04\\\/medilution-logo-web.png\",\"width\":400,\"height\":460,\"caption\":\"Medilution\"},\"image\":{\"@id\":\"https:\\\/\\\/medilution.com\\\/de\\\/#\\\/schema\\\/logo\\\/image\\\/\"},\"sameAs\":[\"https:\\\/\\\/www.instagram.com\\\/medilution\\\/\"]}]}<\/script>\n<!-- \/ Yoast SEO plugin. -->","yoast_head_json":{"title":"R\u00fcckgabe und R\u00fcckerstattungs-Bedingungen - Medilution","robots":{"index":"index","follow":"follow","max-snippet":"max-snippet:-1","max-image-preview":"max-image-preview:large","max-video-preview":"max-video-preview:-1"},"canonical":"https:\/\/medilution.com\/de\/rueckgabe-und-rueckerstattung\/","og_locale":"de_DE","og_type":"article","og_title":"R\u00fcckgabe und R\u00fcckerstattungs-Bedingungen - Medilution","og_description":"[vc_row][vc_column width=&#8220;1\/6&#8243;][\/vc_column][vc_column width=&#8220;2\/3&#8243;][vc_column_text woodmart_inline=&#8220;no&#8220; text_larger=&#8220;no&#8220;] R\u00fcckgabe und R\u00fcckerstattungs-Bedingungen Wir danken Ihnen f\u00fcr Ihren Kauf. Wir hoffen, dass Sie mit Ihrem","og_url":"https:\/\/medilution.com\/de\/rueckgabe-und-rueckerstattung\/","og_site_name":"Medilution","article_modified_time":"2023-11-22T13:11:40+00:00","twitter_card":"summary_large_image","twitter_misc":{"Gesch\u00e4tzte Lesezeit":"1\u00a0Minute"},"schema":{"@context":"https:\/\/schema.org","@graph":[{"@type":"WebPage","@id":"https:\/\/medilution.com\/de\/rueckgabe-und-rueckerstattung\/","url":"https:\/\/medilution.com\/de\/rueckgabe-und-rueckerstattung\/","name":"R\u00fcckgabe und R\u00fcckerstattungs-Bedingungen - Medilution","isPartOf":{"@id":"https:\/\/medilution.com\/de\/#website"},"datePublished":"2022-02-13T21:55:02+00:00","dateModified":"2023-11-22T13:11:40+00:00","breadcrumb":{"@id":"https:\/\/medilution.com\/de\/rueckgabe-und-rueckerstattung\/#breadcrumb"},"inLanguage":"de","potentialAction":[{"@type":"ReadAction","target":["https:\/\/medilution.com\/de\/rueckgabe-und-rueckerstattung\/"]}]},{"@type":"BreadcrumbList","@id":"https:\/\/medilution.com\/de\/rueckgabe-und-rueckerstattung\/#breadcrumb","itemListElement":[{"@type":"ListItem","position":1,"name":"Home","item":"https:\/\/medilution.com\/de\/"},{"@type":"ListItem","position":2,"name":"R\u00fcckgabe und R\u00fcckerstattungs-Bedingungen"}]},{"@type":"WebSite","@id":"https:\/\/medilution.com\/de\/#website","url":"https:\/\/medilution.com\/de\/","name":"Medilution","description":"Unlock Wellness with CBD and Lion\u2019s Mane Excellence","publisher":{"@id":"https:\/\/medilution.com\/de\/#organization"},"potentialAction":[{"@type":"SearchAction","target":{"@type":"EntryPoint","urlTemplate":"https:\/\/medilution.com\/de\/?s={search_term_string}"},"query-input":{"@type":"PropertyValueSpecification","valueRequired":true,"valueName":"search_term_string"}}],"inLanguage":"de"},{"@type":"Organization","@id":"https:\/\/medilution.com\/de\/#organization","name":"Medilution","url":"https:\/\/medilution.com\/de\/","logo":{"@type":"ImageObject","inLanguage":"de","@id":"https:\/\/medilution.com\/de\/#\/schema\/logo\/image\/","url":"https:\/\/medilution.com\/wp-content\/uploads\/2021\/04\/medilution-logo-web.png","contentUrl":"https:\/\/medilution.com\/wp-content\/uploads\/2021\/04\/medilution-logo-web.png","width":400,"height":460,"caption":"Medilution"},"image":{"@id":"https:\/\/medilution.com\/de\/#\/schema\/logo\/image\/"},"sameAs":["https:\/\/www.instagram.com\/medilution\/"]}]}},"jetpack-related-posts":[{"id":9958,"url":"https:\/\/medilution.com\/de\/bedingungen-und-konditionen\/","url_meta":{"origin":9925,"position":0},"title":"Allgemeine Gesch\u00e4ftsbedingungen","author":"medilutionadmin","date":"19\/05\/2021","format":false,"excerpt":"ALLGEMEINE GESCH\u00c4FTSBEDINGUNGEN Zuletzt aktualisiert am 05. November 2021 ZUSTIMMUNG ZU DEN BEDINGUNGEN Diese Allgemeinen Gesch\u00e4ftsbedingungen in englischer Sprache stellen eine rechtsverbindliche Vereinbarung zwischen Ihnen, ob pers\u00f6nlich oder im Namen einer juristischen Person (\"Sie\") und Medilution B.V. (\"Unternehmen\", \"wir\", \"uns\" oder \"unser\"), in Bezug auf Ihren Zugang zu und Ihre Nutzung\u2026","rel":"","context":"\u00c4hnlicher Beitrag","block_context":{"text":"\u00c4hnlicher Beitrag","link":""},"img":{"alt_text":"","src":"","width":0,"height":0},"classes":[]},{"id":9935,"url":"https:\/\/medilution.com\/de\/partnerprogramm\/","url_meta":{"origin":9925,"position":1},"title":"Partnerprogramm","author":"Johan","date":"04\/02\/2022","format":false,"excerpt":"[vc_row full_width=\"stretch_row\" el_class=\"opacity-video-bg\" css=\".vc_custom_1705050465690{margin-top: -100px !important;margin-bottom: 8vh !important;padding-top: 32vh !important;padding-bottom: 25vh !important;background-image: url(https:\/\/cbdmedilution.com\/wp-content\/uploads\/2022\/01\/image-2.jpeg?id=7957) !important;background-position: center !important;background-repeat: no-repeat !important;background-size: cover !important;}\" mobile_bg_img_hidden=\"no\" tablet_bg_img_hidden=\"no\" woodmart_parallax=\"0\" woodmart_gradient_switch=\"no\" row_reverse_mobile=\"0\" row_reverse_tablet=\"0\" woodmart_disable_overflow=\"0\" woodmart_css_id=\"65a1012eee45e\" responsive_spacing=\"eyJwYXJhbV90eXBlIjoid29vZG1hcnRfcmVzcG9uc2l2ZV9zcGFjaW5nIiwic2VsZWN0b3JfaWQiOiI2NWExMDEyZWVlNDVlIiwic2hvcnRjb2RlIjoidmNfcm93IiwiZGF0YSI6eyJ0YWJsZXQiOnt9LCJtb2JpbGUiOnt9fX0=\" woodmart_box_shadow=\"no\" wd_z_index=\"no\"][vc_column css=\".vc_custom_1499517305703{padding-top: 0px !important;}\" el_class=\"text-center\"][vc_custom_heading text=\"Unserem Team beitreten\" font_container=\"tag:h5|font_size:16|text_align:center|color:rgba(255%2C255%2C255%2C0.8)\" use_theme_fonts=\"yes\" css=\".vc_custom_1644879323437{margin-bottom: 10px !important;}\" el_class=\"visible-lg\"][\/vc_column][\/vc_row][vc_row woodmart_css_id=\"620990a65f39f\" responsive_spacing=\"eyJwYXJhbV90eXBlIjoid29vZG1hcnRfcmVzcG9uc2l2ZV9zcGFjaW5nIiwic2VsZWN0b3JfaWQiOiI2MjA5OTBhNjVmMzlmIiwic2hvcnRjb2RlIjoidmNfcm93IiwiZGF0YSI6eyJ0YWJsZXQiOnt9LCJtb2JpbGUiOnt9fX0=\" mobile_bg_img_hidden=\"no\" tablet_bg_img_hidden=\"no\" woodmart_parallax=\"0\" woodmart_gradient_switch=\"no\"\u2026","rel":"","context":"\u00c4hnlicher Beitrag","block_context":{"text":"\u00c4hnlicher Beitrag","link":""},"img":{"alt_text":"","src":"","width":0,"height":0},"classes":[]},{"id":9865,"url":"https:\/\/medilution.com\/de\/datenschutzbestimmungen\/","url_meta":{"origin":9925,"position":2},"title":"Datenschutzrichtlinie","author":"medilutionadmin","date":"12\/04\/2021","format":false,"excerpt":"[vc_row mobile_bg_img_hidden=\"no\" tablet_bg_img_hidden=\"no\" woodmart_parallax=\"0\" woodmart_gradient_switch=\"no\" row_reverse_mobile=\"0\" row_reverse_tablet=\"0\" woodmart_disable_overflow=\"0\"][vc_column][vc_column_text woodmart_inline=\"no\" text_larger=\"no\"] Vielen Dank, dass Sie sich entschieden haben, Teil unserer Community bei Medilution B.V. (\"Unternehmen\", \"wir\", \"uns\" oder \"unser\") zu werden. Wir verpflichten uns, Ihre personenbezogenen Daten und Ihr Recht auf Privatsph\u00e4re zu sch\u00fctzen. Wenn Sie Fragen oder Bedenken zu dieser\u2026","rel":"","context":"\u00c4hnlicher Beitrag","block_context":{"text":"\u00c4hnlicher Beitrag","link":""},"img":{"alt_text":"","src":"","width":0,"height":0},"classes":[]},{"id":9956,"url":"https:\/\/medilution.com\/de\/partner-und-botschaftervereinbarung\/","url_meta":{"origin":9925,"position":3},"title":"Affiliate-Partner- und Botschaftervereinbarung","author":"medilutionadmin","date":"30\/07\/2021","format":false,"excerpt":"[vc_row css=\".vc_custom_1499600383384{margin-bottom: 8vh !important;}\"][vc_column offset=\"vc_col-lg-offset-2 vc_col-lg-8 vc_col-md-offset-2 vc_col-md-8 vc_col-sm-offset-0\" css=\".vc_custom_1643816985128{padding-top: 0px !important;}\" woodmart_css_id=\"61faa802ced99\" parallax_scroll=\"no\" woodmart_sticky_column=\"false\" wd_collapsible_content_switcher=\"no\" mobile_bg_img_hidden=\"no\" tablet_bg_img_hidden=\"no\" woodmart_parallax=\"0\" woodmart_box_shadow=\"no\" mobile_reset_margin=\"no\" tablet_reset_margin=\"no\" wd_z_index=\"no\" responsive_spacing=\"eyJwYXJhbV90eXBlIjoid29vZG1hcnRfcmVzcG9uc2l2ZV9zcGFjaW5nIiwic2VsZWN0b3JfaWQiOiI2MWZhYTgwMmNlZDk5Iiwic2hvcnRjb2RlIjoidmNfY29sdW1uIiwiZGF0YSI6eyJ0YWJsZXQiOnt9LCJtb2JpbGUiOnt9fX0=\"][vc_column_text text_larger=\"no\"][\/vc_column_text][vc_column_text css=\"\" text_larger=\"no\" woodmart_inline=\"no\"] Wir sch\u00e4tzen unsere Affiliate-Partner und Botschafter und tun unser Bestes, um Sie zu ermutigen, Ihr Gesch\u00e4ft mit uns aufzubauen. Wir stellen Ihnen\u2026","rel":"","context":"\u00c4hnlicher Beitrag","block_context":{"text":"\u00c4hnlicher Beitrag","link":""},"img":{"alt_text":"","src":"","width":0,"height":0},"classes":[]},{"id":9921,"url":"https:\/\/medilution.com\/de\/antrag-fuer-partner-und-botschafter\/","url_meta":{"origin":9925,"position":4},"title":"Antrag f\u00fcr Partner und Botschafter","author":"Johan","date":"02\/02\/2022","format":false,"excerpt":"[vc_row][vc_column width=\"1\/6\"][\/vc_column][vc_column width=\"2\/3\"][vc_column_text woodmart_inline=\"no\" text_larger=\"no\"] Wir freuen uns, dass Sie an einer Zusammenarbeit mit uns interessiert sind. Unser Partnerprogramm erm\u00f6glicht es uns, auf einfache Weise Kooperationen einzugehen, bei denen beide Parteien voneinander profitieren k\u00f6nnen. Um sicherzustellen, dass wir zueinander passen, m\u00fcssen wir mehr \u00fcber Sie und Ihr Unternehmen erfahren. Wir\u2026","rel":"","context":"\u00c4hnlicher Beitrag","block_context":{"text":"\u00c4hnlicher Beitrag","link":""},"img":{"alt_text":"","src":"","width":0,"height":0},"classes":[]},{"id":9907,"url":"https:\/\/medilution.com\/de\/cookies-politik\/","url_meta":{"origin":9925,"position":5},"title":"Cookies-Richtlinie","author":"medilutionadmin","date":"19\/05\/2021","format":false,"excerpt":"[vc_row mobile_bg_img_hidden=\"no\" tablet_bg_img_hidden=\"no\" woodmart_parallax=\"0\" woodmart_gradient_switch=\"no\" row_reverse_mobile=\"0\" row_reverse_tablet=\"0\" woodmart_disable_overflow=\"0\"][vc_column width=\"1\/6\"][\/vc_column][vc_column width=\"2\/3\"][vc_column_text text_larger=\"no\" woodmart_inline=\"no\"]Wenn Sie auf unsere Website zugreifen, verwenden wir Cookies, die in Ihrem Browser gespeichert werden. Einige auf der Website verwendete Cookies sammeln Informationen \u00fcber die Nutzung der Website durch die Besucher, z. B. welche Seiten am h\u00e4ufigsten besucht werden\u2026","rel":"","context":"\u00c4hnlicher Beitrag","block_context":{"text":"\u00c4hnlicher Beitrag","link":""},"img":{"alt_text":"","src":"","width":0,"height":0},"classes":[]}],"jetpack_sharing_enabled":true,"_links":{"self":[{"href":"https:\/\/medilution.com\/de\/wp-json\/wp\/v2\/pages\/9925","targetHints":{"allow":["GET"]}}],"collection":[{"href":"https:\/\/medilution.com\/de\/wp-json\/wp\/v2\/pages"}],"about":[{"href":"https:\/\/medilution.com\/de\/wp-json\/wp\/v2\/types\/page"}],"author":[{"embeddable":true,"href":"https:\/\/medilution.com\/de\/wp-json\/wp\/v2\/users\/1"}],"replies":[{"embeddable":true,"href":"https:\/\/medilution.com\/de\/wp-json\/wp\/v2\/comments?post=9925"}],"version-history":[{"count":7,"href":"https:\/\/medilution.com\/de\/wp-json\/wp\/v2\/pages\/9925\/revisions"}],"predecessor-version":[{"id":11529,"href":"https:\/\/medilution.com\/de\/wp-json\/wp\/v2\/pages\/9925\/revisions\/11529"}],"wp:attachment":[{"href":"https:\/\/medilution.com\/de\/wp-json\/wp\/v2\/media?parent=9925"}],"curies":[{"name":"wp","href":"https:\/\/api.w.org\/{rel}","templated":true}]}}