{"id":9907,"date":"2021-05-19T21:51:12","date_gmt":"2021-05-19T19:51:12","guid":{"rendered":"https:\/\/medilution.com\/cookies-politik\/"},"modified":"2023-08-02T15:50:15","modified_gmt":"2023-08-02T13:50:15","slug":"cookies-politik","status":"publish","type":"page","link":"https:\/\/medilution.com\/de\/cookies-politik\/","title":{"rendered":"Cookies-Richtlinie"},"content":{"rendered":"<div class=\"wpb-content-wrapper\"><p>[vc_row mobile_bg_img_hidden=&#8220;no&#8220; tablet_bg_img_hidden=&#8220;no&#8220; woodmart_parallax=&#8220;0&#8243; woodmart_gradient_switch=&#8220;no&#8220; row_reverse_mobile=&#8220;0&#8243; row_reverse_tablet=&#8220;0&#8243; woodmart_disable_overflow=&#8220;0&#8243;][vc_column width=&#8220;1\/6&#8243;][\/vc_column][vc_column width=&#8220;2\/3&#8243;][vc_column_text text_larger=&#8220;no&#8220; woodmart_inline=&#8220;no&#8220;]<strong>Wenn Sie auf unsere Website zugreifen, verwenden wir Cookies, die in Ihrem Browser gespeichert werden.<\/strong><\/p>\n<p>Einige auf der Website verwendete Cookies sammeln Informationen \u00fcber die Nutzung der Website durch die Besucher, z. B. welche Seiten am h\u00e4ufigsten besucht werden oder ob eine Fehlermeldung \u00fcbermittelt wird. Diese Art von Cookies sammelt keine Informationen, die es erm\u00f6glichen w\u00fcrden, einen Besucher zu identifizieren. Alle gesammelten Informationen sind aggregiert und daher anonym und werden nur verwendet, um die Funktionalit\u00e4t der Website zu verbessern.<\/p>\n<p>Andere Cookies, die auf der Website verwendet werden, geben uns die M\u00f6glichkeit, die Entscheidungen zu speichern, die ein Besucher auf der Website getroffen hat, z. B. Sprache, Region oder Nutzername. Dies erm\u00f6glicht es uns, pers\u00f6nliche Merkmale zu verbessern. Diese Art von Cookies kann auch verwendet werden, um \u00c4nderungen an Teilen der Website zu speichern, die individuell angepasst werden k\u00f6nnen. Alle Informationen aus diesen Cookies sind anonym, und wir verfolgen keine Surfaktivit\u00e4ten auf anderen Websites.<\/p>\n<p>Wenn Sie unsere Website nutzen, beachten Sie bitte, dass m\u00f6glicherweise Cookies von Drittanbietern gesetzt werden, die einige der oben genannten Funktionen oder andere Dienstleistungen f\u00fcr uns erbringen. Auf dieser Website werden Cookies f\u00fcr die Drittanbieterdienste von Google Analytics und Facebook-Werbung verwendet, um Ihre allgemeine Benutzererfahrung auf der Website zu verbessern. Einige dieser Dienste k\u00f6nnen dazu verwendet werden, Ihr Verhalten auf anderen Websites zu verfolgen, worauf wir jedoch keinen Einfluss haben. Beachten Sie auch, dass, wenn Sie unsere Website von einer anderen Website aus aufrufen, es m\u00f6glich ist, dass die andere Website Cookies verwendet, um von Ihrem Besuch auf unserer Website zu erfahren.<\/p>\n<p>Wie bei den meisten Websites protokolliert unser Server automatisch Daten \u00fcber jeden Besuch der Website, z. B. IP-Adresse, Browsertyp, verweisende\/verlassende Seiten und Betriebssysteme. Wir k\u00f6nnen diese Informationen zur \u00dcberwachung von Serverfehlern, zur Serververwaltung oder zur \u00dcberwachung des Besucherverhaltens auf der Website verwenden. Es ist nicht m\u00f6glich, dies f\u00fcr jeden einzelnen Nutzer zu deaktivieren, so dass Sie die Website verlassen m\u00fcssen, wenn Sie mit dieser Speicherung nicht einverstanden sind.<\/p>\n<p>Nach der Allgemeinen Datenschutzverordnung wird Ihre IP-Adresse als personenbezogene Daten eingestuft und wir m\u00fcssen Sie daher \u00fcber die Rechtsgrundlage und den Zweck der Verarbeitung informieren. Diese Informationen finden Sie in unserer <span style=\"color: #136e81;\"><strong><a style=\"color: #136e81;\" href=\"https:\/\/medilution.com\/information\/privacy-policy\/\">Datenschutzrichtlinie<\/a><\/strong><\/span>.<\/p>\n<p><strong>Cookies deaktivieren<\/strong><\/p>\n<p>Sie k\u00f6nnen Ihre Browser-Einstellungen \u00e4ndern, um zu verhindern, dass Cookies auf Ihrem Ger\u00e4t gespeichert werden. Durch die Deaktivierung von Cookies oder einer bestimmten Art von Cookies k\u00f6nnen Sie jedoch die Nutzung unserer Website erschweren oder verhindern, dass sie in ihrer Gesamtheit korrekt funktioniert. Einige der auf der Website verwendeten Cookies sind unerl\u00e4sslich, damit Sie auf die verf\u00fcgbaren Funktionen zugreifen und diese nutzen k\u00f6nnen, z. B. den Zugang zu sicheren Bereichen der Website. Ohne diese Cookies k\u00f6nnen die von Ihnen angeforderten Dienste nicht bereitgestellt werden.<\/p>\n<p>Sie k\u00f6nnen Cookies deaktivieren, indem Sie eine der folgenden Anleitungen befolgen, je nach Browser:<\/p>\n<ul>\n<li><strong><span style=\"color: #136e81;\"><a style=\"color: #136e81;\" href=\"https:\/\/support.google.com\/chrome\/answer\/95647?hl=en\" target=\"_blank\" rel=\"noopener\">Google Chrome<\/a><\/span><\/strong><\/li>\n<li><span style=\"color: #136e81;\"><strong><a style=\"color: #136e81;\" href=\"https:\/\/support.apple.com\/en-gb\/HT201265\">Safari auf Ihrem mobilen Ger\u00e4t<\/a><\/strong><\/span><\/li>\n<li><span style=\"color: #136e81;\"><strong><a style=\"color: #136e81;\" href=\"https:\/\/support.apple.com\/en-gb\/guide\/safari\/sfri11471\/mac\">Safari auf Ihrem Mac<\/a><\/strong><\/span><\/li>\n<li><a href=\"https:\/\/support.mozilla.org\/en-US\/kb\/clear-cookies-and-site-data-firefox\"><span style=\"color: #136e81;\"><strong>Mozilla Firefox<\/strong><\/span><\/a><\/li>\n<li><span style=\"color: #136e81;\"><strong><a style=\"color: #136e81;\" href=\"https:\/\/support.microsoft.com\/en-us\/help\/17442\/windows-internet-explorer-delete-manage-cookies\">Internet Explorer<\/a><\/strong><\/span><\/li>\n<\/ul>\n<p>[\/vc_column_text][\/vc_column][vc_column width=&#8220;1\/6&#8243;][\/vc_column][\/vc_row]<\/p>\n<\/div>","protected":false},"excerpt":{"rendered":"<p>[vc_row mobile_bg_img_hidden=&#8220;no&#8220; tablet_bg_img_hidden=&#8220;no&#8220; woodmart_parallax=&#8220;0&#8243; woodmart_gradient_switch=&#8220;no&#8220; row_reverse_mobile=&#8220;0&#8243; row_reverse_tablet=&#8220;0&#8243; woodmart_disable_overflow=&#8220;0&#8243;][vc_column width=&#8220;1\/6&#8243;][\/vc_column][vc_column width=&#8220;2\/3&#8243;][vc_column_text text_larger=&#8220;no&#8220; woodmart_inline=&#8220;no&#8220;]Wenn Sie auf unsere Website zugreifen, verwenden wir Cookies,<\/p>\n","protected":false},"author":1,"featured_media":0,"parent":0,"menu_order":0,"comment_status":"closed","ping_status":"closed","template":"","meta":{"footnotes":""},"class_list":["post-9907","page","type-page","status-publish","hentry"],"yoast_head":"<!-- This site is optimized with the Yoast SEO plugin v27.4 - https:\/\/yoast.com\/product\/yoast-seo-wordpress\/ -->\n<title>Cookies-Richtlinie - Medilution<\/title>\n<meta name=\"robots\" content=\"index, follow, max-snippet:-1, max-image-preview:large, max-video-preview:-1\" \/>\n<link rel=\"canonical\" href=\"https:\/\/medilution.com\/de\/cookies-politik\/\" \/>\n<meta property=\"og:locale\" content=\"de_DE\" \/>\n<meta property=\"og:type\" content=\"article\" \/>\n<meta property=\"og:title\" content=\"Cookies-Richtlinie - Medilution\" \/>\n<meta property=\"og:description\" content=\"[vc_row mobile_bg_img_hidden=&#8220;no&#8220; tablet_bg_img_hidden=&#8220;no&#8220; woodmart_parallax=&#8220;0&#8243; woodmart_gradient_switch=&#8220;no&#8220; row_reverse_mobile=&#8220;0&#8243; row_reverse_tablet=&#8220;0&#8243; woodmart_disable_overflow=&#8220;0&#8243;][vc_column width=&#8220;1\/6&#8243;][\/vc_column][vc_column width=&#8220;2\/3&#8243;][vc_column_text text_larger=&#8220;no&#8220; woodmart_inline=&#8220;no&#8220;]Wenn Sie auf unsere Website zugreifen, verwenden wir Cookies,\" \/>\n<meta property=\"og:url\" content=\"https:\/\/medilution.com\/de\/cookies-politik\/\" \/>\n<meta property=\"og:site_name\" content=\"Medilution\" \/>\n<meta property=\"article:modified_time\" content=\"2023-08-02T13:50:15+00:00\" \/>\n<meta name=\"twitter:card\" content=\"summary_large_image\" \/>\n<meta name=\"twitter:label1\" content=\"Gesch\u00e4tzte Lesezeit\" \/>\n\t<meta name=\"twitter:data1\" content=\"3\u00a0Minuten\" \/>\n<script type=\"application\/ld+json\" class=\"yoast-schema-graph\">{\"@context\":\"https:\\\/\\\/schema.org\",\"@graph\":[{\"@type\":\"WebPage\",\"@id\":\"https:\\\/\\\/medilution.com\\\/de\\\/cookies-politik\\\/\",\"url\":\"https:\\\/\\\/medilution.com\\\/de\\\/cookies-politik\\\/\",\"name\":\"Cookies-Richtlinie - Medilution\",\"isPartOf\":{\"@id\":\"https:\\\/\\\/medilution.com\\\/de\\\/#website\"},\"datePublished\":\"2021-05-19T19:51:12+00:00\",\"dateModified\":\"2023-08-02T13:50:15+00:00\",\"breadcrumb\":{\"@id\":\"https:\\\/\\\/medilution.com\\\/de\\\/cookies-politik\\\/#breadcrumb\"},\"inLanguage\":\"de\",\"potentialAction\":[{\"@type\":\"ReadAction\",\"target\":[\"https:\\\/\\\/medilution.com\\\/de\\\/cookies-politik\\\/\"]}]},{\"@type\":\"BreadcrumbList\",\"@id\":\"https:\\\/\\\/medilution.com\\\/de\\\/cookies-politik\\\/#breadcrumb\",\"itemListElement\":[{\"@type\":\"ListItem\",\"position\":1,\"name\":\"Home\",\"item\":\"https:\\\/\\\/medilution.com\\\/de\\\/\"},{\"@type\":\"ListItem\",\"position\":2,\"name\":\"Cookies-Richtlinie\"}]},{\"@type\":\"WebSite\",\"@id\":\"https:\\\/\\\/medilution.com\\\/de\\\/#website\",\"url\":\"https:\\\/\\\/medilution.com\\\/de\\\/\",\"name\":\"Medilution\",\"description\":\"Unlock Wellness with CBD and Lion\u2019s Mane Excellence\",\"publisher\":{\"@id\":\"https:\\\/\\\/medilution.com\\\/de\\\/#organization\"},\"potentialAction\":[{\"@type\":\"SearchAction\",\"target\":{\"@type\":\"EntryPoint\",\"urlTemplate\":\"https:\\\/\\\/medilution.com\\\/de\\\/?s={search_term_string}\"},\"query-input\":{\"@type\":\"PropertyValueSpecification\",\"valueRequired\":true,\"valueName\":\"search_term_string\"}}],\"inLanguage\":\"de\"},{\"@type\":\"Organization\",\"@id\":\"https:\\\/\\\/medilution.com\\\/de\\\/#organization\",\"name\":\"Medilution\",\"url\":\"https:\\\/\\\/medilution.com\\\/de\\\/\",\"logo\":{\"@type\":\"ImageObject\",\"inLanguage\":\"de\",\"@id\":\"https:\\\/\\\/medilution.com\\\/de\\\/#\\\/schema\\\/logo\\\/image\\\/\",\"url\":\"https:\\\/\\\/medilution.com\\\/wp-content\\\/uploads\\\/2021\\\/04\\\/medilution-logo-web.png\",\"contentUrl\":\"https:\\\/\\\/medilution.com\\\/wp-content\\\/uploads\\\/2021\\\/04\\\/medilution-logo-web.png\",\"width\":400,\"height\":460,\"caption\":\"Medilution\"},\"image\":{\"@id\":\"https:\\\/\\\/medilution.com\\\/de\\\/#\\\/schema\\\/logo\\\/image\\\/\"},\"sameAs\":[\"https:\\\/\\\/www.instagram.com\\\/medilution\\\/\"]}]}<\/script>\n<!-- \/ Yoast SEO plugin. -->","yoast_head_json":{"title":"Cookies-Richtlinie - Medilution","robots":{"index":"index","follow":"follow","max-snippet":"max-snippet:-1","max-image-preview":"max-image-preview:large","max-video-preview":"max-video-preview:-1"},"canonical":"https:\/\/medilution.com\/de\/cookies-politik\/","og_locale":"de_DE","og_type":"article","og_title":"Cookies-Richtlinie - Medilution","og_description":"[vc_row mobile_bg_img_hidden=&#8220;no&#8220; tablet_bg_img_hidden=&#8220;no&#8220; woodmart_parallax=&#8220;0&#8243; woodmart_gradient_switch=&#8220;no&#8220; row_reverse_mobile=&#8220;0&#8243; row_reverse_tablet=&#8220;0&#8243; woodmart_disable_overflow=&#8220;0&#8243;][vc_column width=&#8220;1\/6&#8243;][\/vc_column][vc_column width=&#8220;2\/3&#8243;][vc_column_text text_larger=&#8220;no&#8220; woodmart_inline=&#8220;no&#8220;]Wenn Sie auf unsere Website zugreifen, verwenden wir Cookies,","og_url":"https:\/\/medilution.com\/de\/cookies-politik\/","og_site_name":"Medilution","article_modified_time":"2023-08-02T13:50:15+00:00","twitter_card":"summary_large_image","twitter_misc":{"Gesch\u00e4tzte Lesezeit":"3\u00a0Minuten"},"schema":{"@context":"https:\/\/schema.org","@graph":[{"@type":"WebPage","@id":"https:\/\/medilution.com\/de\/cookies-politik\/","url":"https:\/\/medilution.com\/de\/cookies-politik\/","name":"Cookies-Richtlinie - Medilution","isPartOf":{"@id":"https:\/\/medilution.com\/de\/#website"},"datePublished":"2021-05-19T19:51:12+00:00","dateModified":"2023-08-02T13:50:15+00:00","breadcrumb":{"@id":"https:\/\/medilution.com\/de\/cookies-politik\/#breadcrumb"},"inLanguage":"de","potentialAction":[{"@type":"ReadAction","target":["https:\/\/medilution.com\/de\/cookies-politik\/"]}]},{"@type":"BreadcrumbList","@id":"https:\/\/medilution.com\/de\/cookies-politik\/#breadcrumb","itemListElement":[{"@type":"ListItem","position":1,"name":"Home","item":"https:\/\/medilution.com\/de\/"},{"@type":"ListItem","position":2,"name":"Cookies-Richtlinie"}]},{"@type":"WebSite","@id":"https:\/\/medilution.com\/de\/#website","url":"https:\/\/medilution.com\/de\/","name":"Medilution","description":"Unlock Wellness with CBD and Lion\u2019s Mane Excellence","publisher":{"@id":"https:\/\/medilution.com\/de\/#organization"},"potentialAction":[{"@type":"SearchAction","target":{"@type":"EntryPoint","urlTemplate":"https:\/\/medilution.com\/de\/?s={search_term_string}"},"query-input":{"@type":"PropertyValueSpecification","valueRequired":true,"valueName":"search_term_string"}}],"inLanguage":"de"},{"@type":"Organization","@id":"https:\/\/medilution.com\/de\/#organization","name":"Medilution","url":"https:\/\/medilution.com\/de\/","logo":{"@type":"ImageObject","inLanguage":"de","@id":"https:\/\/medilution.com\/de\/#\/schema\/logo\/image\/","url":"https:\/\/medilution.com\/wp-content\/uploads\/2021\/04\/medilution-logo-web.png","contentUrl":"https:\/\/medilution.com\/wp-content\/uploads\/2021\/04\/medilution-logo-web.png","width":400,"height":460,"caption":"Medilution"},"image":{"@id":"https:\/\/medilution.com\/de\/#\/schema\/logo\/image\/"},"sameAs":["https:\/\/www.instagram.com\/medilution\/"]}]}},"jetpack-related-posts":[{"id":9865,"url":"https:\/\/medilution.com\/de\/datenschutzbestimmungen\/","url_meta":{"origin":9907,"position":0},"title":"Datenschutzrichtlinie","author":"medilutionadmin","date":"12\/04\/2021","format":false,"excerpt":"[vc_row mobile_bg_img_hidden=\"no\" tablet_bg_img_hidden=\"no\" woodmart_parallax=\"0\" woodmart_gradient_switch=\"no\" row_reverse_mobile=\"0\" row_reverse_tablet=\"0\" woodmart_disable_overflow=\"0\"][vc_column][vc_column_text woodmart_inline=\"no\" text_larger=\"no\"] Vielen Dank, dass Sie sich entschieden haben, Teil unserer Community bei Medilution B.V. (\"Unternehmen\", \"wir\", \"uns\" oder \"unser\") zu werden. Wir verpflichten uns, Ihre personenbezogenen Daten und Ihr Recht auf Privatsph\u00e4re zu sch\u00fctzen. Wenn Sie Fragen oder Bedenken zu dieser\u2026","rel":"","context":"\u00c4hnlicher Beitrag","block_context":{"text":"\u00c4hnlicher Beitrag","link":""},"img":{"alt_text":"","src":"","width":0,"height":0},"classes":[]},{"id":9935,"url":"https:\/\/medilution.com\/de\/partnerprogramm\/","url_meta":{"origin":9907,"position":1},"title":"Partnerprogramm","author":"Johan","date":"04\/02\/2022","format":false,"excerpt":"[vc_row full_width=\"stretch_row\" el_class=\"opacity-video-bg\" css=\".vc_custom_1705050465690{margin-top: -100px !important;margin-bottom: 8vh !important;padding-top: 32vh !important;padding-bottom: 25vh !important;background-image: url(https:\/\/cbdmedilution.com\/wp-content\/uploads\/2022\/01\/image-2.jpeg?id=7957) !important;background-position: center !important;background-repeat: no-repeat !important;background-size: cover !important;}\" mobile_bg_img_hidden=\"no\" tablet_bg_img_hidden=\"no\" woodmart_parallax=\"0\" woodmart_gradient_switch=\"no\" row_reverse_mobile=\"0\" row_reverse_tablet=\"0\" woodmart_disable_overflow=\"0\" woodmart_css_id=\"65a1012eee45e\" responsive_spacing=\"eyJwYXJhbV90eXBlIjoid29vZG1hcnRfcmVzcG9uc2l2ZV9zcGFjaW5nIiwic2VsZWN0b3JfaWQiOiI2NWExMDEyZWVlNDVlIiwic2hvcnRjb2RlIjoidmNfcm93IiwiZGF0YSI6eyJ0YWJsZXQiOnt9LCJtb2JpbGUiOnt9fX0=\" woodmart_box_shadow=\"no\" wd_z_index=\"no\"][vc_column css=\".vc_custom_1499517305703{padding-top: 0px !important;}\" el_class=\"text-center\"][vc_custom_heading text=\"Unserem Team beitreten\" font_container=\"tag:h5|font_size:16|text_align:center|color:rgba(255%2C255%2C255%2C0.8)\" use_theme_fonts=\"yes\" css=\".vc_custom_1644879323437{margin-bottom: 10px !important;}\" el_class=\"visible-lg\"][\/vc_column][\/vc_row][vc_row woodmart_css_id=\"620990a65f39f\" responsive_spacing=\"eyJwYXJhbV90eXBlIjoid29vZG1hcnRfcmVzcG9uc2l2ZV9zcGFjaW5nIiwic2VsZWN0b3JfaWQiOiI2MjA5OTBhNjVmMzlmIiwic2hvcnRjb2RlIjoidmNfcm93IiwiZGF0YSI6eyJ0YWJsZXQiOnt9LCJtb2JpbGUiOnt9fX0=\" mobile_bg_img_hidden=\"no\" tablet_bg_img_hidden=\"no\" woodmart_parallax=\"0\" woodmart_gradient_switch=\"no\"\u2026","rel":"","context":"\u00c4hnlicher Beitrag","block_context":{"text":"\u00c4hnlicher Beitrag","link":""},"img":{"alt_text":"","src":"","width":0,"height":0},"classes":[]},{"id":9956,"url":"https:\/\/medilution.com\/de\/partner-und-botschaftervereinbarung\/","url_meta":{"origin":9907,"position":2},"title":"Affiliate-Partner- und Botschaftervereinbarung","author":"medilutionadmin","date":"30\/07\/2021","format":false,"excerpt":"[vc_row css=\".vc_custom_1499600383384{margin-bottom: 8vh !important;}\"][vc_column offset=\"vc_col-lg-offset-2 vc_col-lg-8 vc_col-md-offset-2 vc_col-md-8 vc_col-sm-offset-0\" css=\".vc_custom_1643816985128{padding-top: 0px !important;}\" woodmart_css_id=\"61faa802ced99\" parallax_scroll=\"no\" woodmart_sticky_column=\"false\" wd_collapsible_content_switcher=\"no\" mobile_bg_img_hidden=\"no\" tablet_bg_img_hidden=\"no\" woodmart_parallax=\"0\" woodmart_box_shadow=\"no\" mobile_reset_margin=\"no\" tablet_reset_margin=\"no\" wd_z_index=\"no\" responsive_spacing=\"eyJwYXJhbV90eXBlIjoid29vZG1hcnRfcmVzcG9uc2l2ZV9zcGFjaW5nIiwic2VsZWN0b3JfaWQiOiI2MWZhYTgwMmNlZDk5Iiwic2hvcnRjb2RlIjoidmNfY29sdW1uIiwiZGF0YSI6eyJ0YWJsZXQiOnt9LCJtb2JpbGUiOnt9fX0=\"][vc_column_text text_larger=\"no\"][\/vc_column_text][vc_column_text css=\"\" text_larger=\"no\" woodmart_inline=\"no\"] Wir sch\u00e4tzen unsere Affiliate-Partner und Botschafter und tun unser Bestes, um Sie zu ermutigen, Ihr Gesch\u00e4ft mit uns aufzubauen. Wir stellen Ihnen\u2026","rel":"","context":"\u00c4hnlicher Beitrag","block_context":{"text":"\u00c4hnlicher Beitrag","link":""},"img":{"alt_text":"","src":"","width":0,"height":0},"classes":[]},{"id":9958,"url":"https:\/\/medilution.com\/de\/bedingungen-und-konditionen\/","url_meta":{"origin":9907,"position":3},"title":"Allgemeine Gesch\u00e4ftsbedingungen","author":"medilutionadmin","date":"19\/05\/2021","format":false,"excerpt":"ALLGEMEINE GESCH\u00c4FTSBEDINGUNGEN Zuletzt aktualisiert am 05. November 2021 ZUSTIMMUNG ZU DEN BEDINGUNGEN Diese Allgemeinen Gesch\u00e4ftsbedingungen in englischer Sprache stellen eine rechtsverbindliche Vereinbarung zwischen Ihnen, ob pers\u00f6nlich oder im Namen einer juristischen Person (\"Sie\") und Medilution B.V. (\"Unternehmen\", \"wir\", \"uns\" oder \"unser\"), in Bezug auf Ihren Zugang zu und Ihre Nutzung\u2026","rel":"","context":"\u00c4hnlicher Beitrag","block_context":{"text":"\u00c4hnlicher Beitrag","link":""},"img":{"alt_text":"","src":"","width":0,"height":0},"classes":[]},{"id":9937,"url":"https:\/\/medilution.com\/de\/cbd-haftungsausschluss\/","url_meta":{"origin":9907,"position":4},"title":"CBD Haftungsausschluss","author":"Johan","date":"13\/08\/2021","format":false,"excerpt":"[vc_row mobile_bg_img_hidden=\"no\" tablet_bg_img_hidden=\"no\" woodmart_parallax=\"0\" woodmart_gradient_switch=\"no\" row_reverse_mobile=\"0\" row_reverse_tablet=\"0\" woodmart_disable_overflow=\"0\"][vc_column width=\"1\/6\"][\/vc_column][vc_column width=\"2\/3\"][vc_column_text text_larger=\"no\" woodmart_inline=\"no\"] Cannabidiol (CBD) ist ein nat\u00fcrlicher Bestandteil von Hanf und ist ein Nahrungserg\u00e4nzungsmittel. Unsere Produkte sind nicht dazu vorgesehen, Krankheiten zu diagnostizieren, zu behandeln, zu heilen oder zu verhindern. Links von dieser Website zu anderen Websites bedeuten keine Empfehlung\u2026","rel":"","context":"\u00c4hnlicher Beitrag","block_context":{"text":"\u00c4hnlicher Beitrag","link":""},"img":{"alt_text":"","src":"","width":0,"height":0},"classes":[]},{"id":9925,"url":"https:\/\/medilution.com\/de\/rueckgabe-und-rueckerstattung\/","url_meta":{"origin":9907,"position":5},"title":"R\u00fcckgabe und R\u00fcckerstattungs-Bedingungen","author":"medilutionadmin","date":"13\/02\/2022","format":false,"excerpt":"[vc_row][vc_column width=\"1\/6\"][\/vc_column][vc_column width=\"2\/3\"][vc_column_text woodmart_inline=\"no\" text_larger=\"no\"] R\u00fcckgabe und R\u00fcckerstattungs-Bedingungen Wir danken Ihnen f\u00fcr Ihren Kauf. Wir hoffen, dass Sie mit Ihrem Kauf zufrieden sind. Sollten Sie jedoch aus irgendeinem Grund mit Ihrem Kauf nicht zufrieden sein, k\u00f6nnen Sie ihn gegen volle R\u00fcckerstattung oder Umtausch an uns zur\u00fcckgeben. Weitere Informationen zu unseren\u2026","rel":"","context":"\u00c4hnlicher Beitrag","block_context":{"text":"\u00c4hnlicher Beitrag","link":""},"img":{"alt_text":"","src":"","width":0,"height":0},"classes":[]}],"jetpack_sharing_enabled":true,"_links":{"self":[{"href":"https:\/\/medilution.com\/de\/wp-json\/wp\/v2\/pages\/9907","targetHints":{"allow":["GET"]}}],"collection":[{"href":"https:\/\/medilution.com\/de\/wp-json\/wp\/v2\/pages"}],"about":[{"href":"https:\/\/medilution.com\/de\/wp-json\/wp\/v2\/types\/page"}],"author":[{"embeddable":true,"href":"https:\/\/medilution.com\/de\/wp-json\/wp\/v2\/users\/1"}],"replies":[{"embeddable":true,"href":"https:\/\/medilution.com\/de\/wp-json\/wp\/v2\/comments?post=9907"}],"version-history":[{"count":5,"href":"https:\/\/medilution.com\/de\/wp-json\/wp\/v2\/pages\/9907\/revisions"}],"predecessor-version":[{"id":10768,"href":"https:\/\/medilution.com\/de\/wp-json\/wp\/v2\/pages\/9907\/revisions\/10768"}],"wp:attachment":[{"href":"https:\/\/medilution.com\/de\/wp-json\/wp\/v2\/media?parent=9907"}],"curies":[{"name":"wp","href":"https:\/\/api.w.org\/{rel}","templated":true}]}}