{"id":9905,"date":"2021-05-19T19:19:58","date_gmt":"2021-05-19T17:19:58","guid":{"rendered":"https:\/\/medilution.com\/cbd-cremes-balsame\/"},"modified":"2024-07-26T14:54:48","modified_gmt":"2024-07-26T12:54:48","slug":"cbd-cremes-balsame","status":"publish","type":"page","link":"https:\/\/medilution.com\/de\/cbd-cremes-balsame\/","title":{"rendered":"CBD Cremes &amp; Balsame"},"content":{"rendered":"<div class=\"wpb-content-wrapper\"><p>[vc_row full_width=&#8220;stretch_row&#8220; el_class=&#8220;opacity-video-bg&#8220; css=&#8220;.vc_custom_1721998469376{margin-top: -60px !important;margin-bottom: 8vh !important;padding-top: 20vh !important;padding-bottom: 20vh !important;background-image: url(https:\/\/cbdmedilution.com\/wp-content\/uploads\/2023\/07\/Couple-Running-Longevity.png?id=10177) !important;background-position: center !important;background-repeat: no-repeat !important;background-size: cover !important;}&#8220; mobile_bg_img_hidden=&#8220;no&#8220; tablet_bg_img_hidden=&#8220;no&#8220; woodmart_parallax=&#8220;0&#8243; woodmart_gradient_switch=&#8220;no&#8220; row_reverse_mobile=&#8220;0&#8243; row_reverse_tablet=&#8220;0&#8243; woodmart_disable_overflow=&#8220;0&#8243; woodmart_css_id=&#8220;66a39c33be3a2&#8243; responsive_spacing=&#8220;eyJwYXJhbV90eXBlIjoid29vZG1hcnRfcmVzcG9uc2l2ZV9zcGFjaW5nIiwic2VsZWN0b3JfaWQiOiI2NmEzOWMzM2JlM2EyIiwic2hvcnRjb2RlIjoidmNfcm93IiwiZGF0YSI6eyJ0YWJsZXQiOnt9LCJtb2JpbGUiOnt9fX0=&#8220; woodmart_box_shadow=&#8220;no&#8220; wd_z_index=&#8220;no&#8220;][vc_column css=&#8220;.vc_custom_1499517305703{padding-top: 0px !important;}&#8220; el_class=&#8220;text-center&#8220;][vc_custom_heading text=&#8220;CBD CREMES &amp; BALSAME&#8220; font_container=&#8220;tag:h5|font_size:16|text_align:right|color:rgba(255%2C255%2C255%2C0.8)&#8220; use_theme_fonts=&#8220;yes&#8220; css=&#8220;.vc_custom_1690880851238{margin-bottom: 10px !important;}&#8220; el_class=&#8220;visible-lg&#8220;]\n\t\t<div id=\"wd-64c8cb59516d0\" class=\"title-wrapper wd-wpb wd-set-mb reset-last-child  wd-rs-64c8cb59516d0 wd-title-color-white wd-title-style-default text-right  wd-width-enabled wd-underline-colored\" style=\"--wd-max-width: 70%;\">\n\t\t\t\n\t\t\t<div class=\"liner-continer\">\n\t\t\t\t<h4 class=\"woodmart-title-container title  wd-font-weight- wd-fontsize-xxl\" >Wir sind nicht Ihr durchschnittlicher CBD-Anbieter; wir bieten hochwertiges Cannabidiol in verschiedenen Formen an.<\/h4>\n\t\t\t\t\t\t\t<\/div>\n\t\t\t\n\t\t\t\n\t\t\t\n\t\t<\/div>\n\t\t\n\t\t[\/vc_column][\/vc_row][vc_row css=&#8220;.vc_custom_1499600383384{margin-bottom: 8vh !important;}&#8220;][vc_column offset=&#8220;vc_col-lg-offset-2 vc_col-lg-8 vc_col-md-offset-2 vc_col-md-8 vc_col-sm-offset-0&#8243; css=&#8220;.vc_custom_1499599304156{padding-top: 0px !important;}&#8220;][vc_column_text text_larger=&#8220;no&#8220;][\/vc_column_text][vc_column_text text_larger=&#8220;no&#8220; woodmart_inline=&#8220;no&#8220;]<\/p>\n<h3>Unsere CBD Cremes und Balsame sind f\u00fcr den t\u00e4glichen Gebrauch konzipiert. Gut geeignet f\u00fcr Menschen, die einen aktiven Lebensstil f\u00fchren, wie Sportler, Handwerker oder alle, die regelm\u00e4\u00dfig unter Muskel- und Gelenkbeschwerden leiden.<\/h3>\n<p><strong>ALLGEMEINE PRODUKTINFORMATIONEN<\/strong> Unsere Hanfextrakte (CBD-Isolat) werden in der EU in GMP-zertifizierten Einrichtungen hergestellt. Die Extrakte wurden in einem zertifizierten Labor auf ihre Potenz und Reinheit gepr\u00fcft. Durch die Nutzung eines externen Labors wird sichergestellt, dass die Ergebnisse der einzelnen Tests genau und transparent sind. Die Produkte sind mit 250-400 mg CBD-Isolat angereichert. Je nach Produkt haben wir weitere Heilkr\u00e4uter hinzugef\u00fcgt, die jeweils ihre eigenen Vorteile in die Mischung einbringen. Der Zusatz von Menthol in einigen Produkten sorgt f\u00fcr einen sanften K\u00fchleffekt, der perfekt ist, um wunden K\u00f6rperstellen sofort Linderung zu verschaffen. Einige Formeln enthalten nat\u00fcrliche und pflanzliche Wirkstoffe wie Arnika, Teufelskralle, L-Glutamin, Wintergr\u00fcn\u00f6l und Kampfer, die die Durchblutung anregen, Gelenkschmerzen lindern und eine schnellere Heilung der betroffenen Stelle f\u00f6rdern. All dies wird mit den feuchtigkeitsspendenden und muskelentspannenden Eigenschaften von CBD kombiniert. <strong>CBD-SOOTHING-PRODUKTE F\u00dcR DIE PHYSISCHE ERHOLUNG<\/strong> CBD ist daf\u00fcr bekannt, dass es mit den Endocannabinoid-Rezeptoren im ganzen K\u00f6rper interagiert &#8211; einschlie\u00dflich der Muskeln und der oberfl\u00e4chlichen Schichten der Haut. Wenn topisch auf die Haut aufgetragen, liefert der CBD-Extrakt in unseren Produkten zur k\u00f6rperlichen Genesung eine Konzentration von Cannabinoiden wie CBD, die in die Haut und die tieferen Schichten des betroffenen Muskels und Bindegewebes absorbiert werden. Insbesondere CB2-Endocannabinoidrezeptoren sind Schl\u00fcsselelemente unserer Immunreaktion und unterst\u00fctzen die F\u00e4higkeit unserer Hautzellen, sich zu regenerieren, wenn sie besch\u00e4digt sind. Diese Rezeptoren finden sich auch in fast allen Organen unseres K\u00f6rpers, darunter Darm, Milz, Leber, Herz, Nieren, Knochen, Blutgef\u00e4\u00dfe, Lymphzellen, Fortpflanzungsorgane \u2014 und die Haut. CBD hat eine besondere Affinit\u00e4t zu den CB2-Endocannabinoid-Rezeptoren, was es zu einem topischen Mittel zur Unterst\u00fctzung der Regeneration von gesch\u00e4digter Haut und Bindegewebe macht.  <strong>WER KANN VON UNSEREN CREMES UND BALSAMEN F\u00dcR DIE K\u00d6RPERLICHE ERHOLUNG PROFITIEREN?<\/strong>  Unsere CBD Muscle Joint &amp; Rescue Cream enth\u00e4lt nat\u00fcrliche und pflanzliche Inhaltsstoffe, die helfen, Ihre Muskeln und Gelenke von Schmerzen und Steifheit zu befreien. Sie unterst\u00fctzt die Heilung von Verstauchungen und Zerrungen und kann Entz\u00fcndungen lindern. Das Menthol und der Kampfer erzeugen eine durchdringende W\u00e4rme bei schmerzenden, verletzten und wunden Muskeln. Praktisch jeder, der einen aktiven Lebensstil f\u00fchrt und eine schnell wirkende Wirkung ben\u00f6tigt, kann von unseren CBD-haltigen Cremes &amp; Balsamen f\u00fcr die k\u00f6rperliche Erholung profitieren. <strong><span style=\"color: #ff0000;\">DEMN\u00c4CHST ERH\u00c4LTLICH!<\/span><\/strong> &#8211; <strong>CBD-PRODUKTE F\u00dcR DIE HAUTPFLEGE<\/strong> Unsere CBD Body Rescue Lotion enth\u00e4lt ein Kraftpaket aus nat\u00fcrlichen, vollwertigen Antioxidantien. Sie zieht sofort ein und ist leicht, so dass sie tags\u00fcber getragen werden kann, aber auch \u00fcber Nacht regenerierende Feuchtigkeit spendet. Es hilft, das Erscheinungsbild von feinen Linien zu reduzieren, den Hautton zu gl\u00e4tten und die Geschmeidigkeit der Haut zu verbessern. Sie enth\u00e4lt speziell ausgew\u00e4hlte Inhaltsstoffe, die Ihre Haut optimal unterst\u00fctzen, und zieht schnell in die Haut ein, ohne ein fettiges Gef\u00fchl zu hinterlassen. Sie verbessert die Feuchtigkeitsbindung, versorgt Ihren K\u00f6rper mit Bioaktivstoffen und revitalisiert fahle Haut mit nat\u00fcrlichen Antioxidantien und Omega-Wirkstoffen. Unsere CBD Erholungs Gesichtscreme pflegt die Haut, spendet ihr Feuchtigkeit und macht sie weich, indem sie ihr wichtige Vitamine und Mineralien zuf\u00fchrt. Sie stellt die nat\u00fcrliche Feuchtigkeitsbarriere der Haut wieder her, erh\u00f6ht die Hautelastizit\u00e4t und sch\u00fctzt empfindliche Haut. Sie ist reich an Antioxidantien und wirkt entz\u00fcndungshemmend. Sie ist ein schnell wirkender Feuchtigkeitsspender, der Ihre Haut in einen strahlenden, gesund aussehenden und frischen Teint verwandelt. Die Formulierung basiert auf unserer Fl\u00fcssigpflastertechnologie, die eine Emulsion mit ausreichend fettigen und w\u00e4ssrigen Partikeln herstellt, um die Haut zu durchdringen und die wichtigsten Wirkstoffe in das Unterhautgeweb abzugeben. Perfekt f\u00fcr alle Hauttypen, auch f\u00fcr zu Akne neigende.[\/vc_column_text][\/vc_column][\/vc_row]<\/p>\n<\/div>","protected":false},"excerpt":{"rendered":"<p>[vc_row full_width=&#8220;stretch_row&#8220; el_class=&#8220;opacity-video-bg&#8220; css=&#8220;.vc_custom_1721998469376{margin-top: -60px !important;margin-bottom: 8vh !important;padding-top: 20vh !important;padding-bottom: 20vh !important;background-image: url(https:\/\/cbdmedilution.com\/wp-content\/uploads\/2023\/07\/Couple-Running-Longevity.png?id=10177) !important;background-position: center !important;background-repeat: no-repeat !important;background-size: cover !important;}&#8220;<\/p>\n","protected":false},"author":1,"featured_media":0,"parent":0,"menu_order":0,"comment_status":"closed","ping_status":"closed","template":"","meta":{"footnotes":""},"class_list":["post-9905","page","type-page","status-publish","hentry"],"yoast_head":"<!-- This site is optimized with the Yoast SEO plugin v27.4 - https:\/\/yoast.com\/product\/yoast-seo-wordpress\/ -->\n<title>CBD Cremes &amp; Balsame - Medilution<\/title>\n<meta name=\"robots\" content=\"index, follow, max-snippet:-1, max-image-preview:large, max-video-preview:-1\" \/>\n<link rel=\"canonical\" href=\"https:\/\/medilution.com\/de\/cbd-cremes-balsame\/\" \/>\n<meta property=\"og:locale\" content=\"de_DE\" \/>\n<meta property=\"og:type\" content=\"article\" \/>\n<meta property=\"og:title\" content=\"CBD Cremes &amp; Balsame - Medilution\" \/>\n<meta property=\"og:description\" content=\"[vc_row full_width=&#8220;stretch_row&#8220; el_class=&#8220;opacity-video-bg&#8220; css=&#8220;.vc_custom_1721998469376{margin-top: -60px !important;margin-bottom: 8vh !important;padding-top: 20vh !important;padding-bottom: 20vh !important;background-image: url(https:\/\/cbdmedilution.com\/wp-content\/uploads\/2023\/07\/Couple-Running-Longevity.png?id=10177) !important;background-position: center !important;background-repeat: no-repeat !important;background-size: cover !important;}&#8220;\" \/>\n<meta property=\"og:url\" content=\"https:\/\/medilution.com\/de\/cbd-cremes-balsame\/\" \/>\n<meta property=\"og:site_name\" content=\"Medilution\" \/>\n<meta property=\"article:modified_time\" content=\"2024-07-26T12:54:48+00:00\" \/>\n<meta name=\"twitter:card\" content=\"summary_large_image\" \/>\n<meta name=\"twitter:label1\" content=\"Gesch\u00e4tzte Lesezeit\" \/>\n\t<meta name=\"twitter:data1\" content=\"5\u00a0Minuten\" \/>\n<script type=\"application\/ld+json\" class=\"yoast-schema-graph\">{\"@context\":\"https:\\\/\\\/schema.org\",\"@graph\":[{\"@type\":\"WebPage\",\"@id\":\"https:\\\/\\\/medilution.com\\\/de\\\/cbd-cremes-balsame\\\/\",\"url\":\"https:\\\/\\\/medilution.com\\\/de\\\/cbd-cremes-balsame\\\/\",\"name\":\"CBD Cremes &amp; Balsame - Medilution\",\"isPartOf\":{\"@id\":\"https:\\\/\\\/medilution.com\\\/de\\\/#website\"},\"datePublished\":\"2021-05-19T17:19:58+00:00\",\"dateModified\":\"2024-07-26T12:54:48+00:00\",\"breadcrumb\":{\"@id\":\"https:\\\/\\\/medilution.com\\\/de\\\/cbd-cremes-balsame\\\/#breadcrumb\"},\"inLanguage\":\"de\",\"potentialAction\":[{\"@type\":\"ReadAction\",\"target\":[\"https:\\\/\\\/medilution.com\\\/de\\\/cbd-cremes-balsame\\\/\"]}]},{\"@type\":\"BreadcrumbList\",\"@id\":\"https:\\\/\\\/medilution.com\\\/de\\\/cbd-cremes-balsame\\\/#breadcrumb\",\"itemListElement\":[{\"@type\":\"ListItem\",\"position\":1,\"name\":\"Home\",\"item\":\"https:\\\/\\\/medilution.com\\\/de\\\/\"},{\"@type\":\"ListItem\",\"position\":2,\"name\":\"CBD Cremes &amp; Balsame\"}]},{\"@type\":\"WebSite\",\"@id\":\"https:\\\/\\\/medilution.com\\\/de\\\/#website\",\"url\":\"https:\\\/\\\/medilution.com\\\/de\\\/\",\"name\":\"Medilution\",\"description\":\"Unlock Wellness with CBD and Lion\u2019s Mane Excellence\",\"publisher\":{\"@id\":\"https:\\\/\\\/medilution.com\\\/de\\\/#organization\"},\"potentialAction\":[{\"@type\":\"SearchAction\",\"target\":{\"@type\":\"EntryPoint\",\"urlTemplate\":\"https:\\\/\\\/medilution.com\\\/de\\\/?s={search_term_string}\"},\"query-input\":{\"@type\":\"PropertyValueSpecification\",\"valueRequired\":true,\"valueName\":\"search_term_string\"}}],\"inLanguage\":\"de\"},{\"@type\":\"Organization\",\"@id\":\"https:\\\/\\\/medilution.com\\\/de\\\/#organization\",\"name\":\"Medilution\",\"url\":\"https:\\\/\\\/medilution.com\\\/de\\\/\",\"logo\":{\"@type\":\"ImageObject\",\"inLanguage\":\"de\",\"@id\":\"https:\\\/\\\/medilution.com\\\/de\\\/#\\\/schema\\\/logo\\\/image\\\/\",\"url\":\"https:\\\/\\\/medilution.com\\\/wp-content\\\/uploads\\\/2021\\\/04\\\/medilution-logo-web.png\",\"contentUrl\":\"https:\\\/\\\/medilution.com\\\/wp-content\\\/uploads\\\/2021\\\/04\\\/medilution-logo-web.png\",\"width\":400,\"height\":460,\"caption\":\"Medilution\"},\"image\":{\"@id\":\"https:\\\/\\\/medilution.com\\\/de\\\/#\\\/schema\\\/logo\\\/image\\\/\"},\"sameAs\":[\"https:\\\/\\\/www.instagram.com\\\/medilution\\\/\"]}]}<\/script>\n<!-- \/ Yoast SEO plugin. -->","yoast_head_json":{"title":"CBD Cremes &amp; Balsame - Medilution","robots":{"index":"index","follow":"follow","max-snippet":"max-snippet:-1","max-image-preview":"max-image-preview:large","max-video-preview":"max-video-preview:-1"},"canonical":"https:\/\/medilution.com\/de\/cbd-cremes-balsame\/","og_locale":"de_DE","og_type":"article","og_title":"CBD Cremes &amp; Balsame - Medilution","og_description":"[vc_row full_width=&#8220;stretch_row&#8220; el_class=&#8220;opacity-video-bg&#8220; css=&#8220;.vc_custom_1721998469376{margin-top: -60px !important;margin-bottom: 8vh !important;padding-top: 20vh !important;padding-bottom: 20vh !important;background-image: url(https:\/\/cbdmedilution.com\/wp-content\/uploads\/2023\/07\/Couple-Running-Longevity.png?id=10177) !important;background-position: center !important;background-repeat: no-repeat !important;background-size: cover !important;}&#8220;","og_url":"https:\/\/medilution.com\/de\/cbd-cremes-balsame\/","og_site_name":"Medilution","article_modified_time":"2024-07-26T12:54:48+00:00","twitter_card":"summary_large_image","twitter_misc":{"Gesch\u00e4tzte Lesezeit":"5\u00a0Minuten"},"schema":{"@context":"https:\/\/schema.org","@graph":[{"@type":"WebPage","@id":"https:\/\/medilution.com\/de\/cbd-cremes-balsame\/","url":"https:\/\/medilution.com\/de\/cbd-cremes-balsame\/","name":"CBD Cremes &amp; Balsame - Medilution","isPartOf":{"@id":"https:\/\/medilution.com\/de\/#website"},"datePublished":"2021-05-19T17:19:58+00:00","dateModified":"2024-07-26T12:54:48+00:00","breadcrumb":{"@id":"https:\/\/medilution.com\/de\/cbd-cremes-balsame\/#breadcrumb"},"inLanguage":"de","potentialAction":[{"@type":"ReadAction","target":["https:\/\/medilution.com\/de\/cbd-cremes-balsame\/"]}]},{"@type":"BreadcrumbList","@id":"https:\/\/medilution.com\/de\/cbd-cremes-balsame\/#breadcrumb","itemListElement":[{"@type":"ListItem","position":1,"name":"Home","item":"https:\/\/medilution.com\/de\/"},{"@type":"ListItem","position":2,"name":"CBD Cremes &amp; Balsame"}]},{"@type":"WebSite","@id":"https:\/\/medilution.com\/de\/#website","url":"https:\/\/medilution.com\/de\/","name":"Medilution","description":"Unlock Wellness with CBD and Lion\u2019s Mane Excellence","publisher":{"@id":"https:\/\/medilution.com\/de\/#organization"},"potentialAction":[{"@type":"SearchAction","target":{"@type":"EntryPoint","urlTemplate":"https:\/\/medilution.com\/de\/?s={search_term_string}"},"query-input":{"@type":"PropertyValueSpecification","valueRequired":true,"valueName":"search_term_string"}}],"inLanguage":"de"},{"@type":"Organization","@id":"https:\/\/medilution.com\/de\/#organization","name":"Medilution","url":"https:\/\/medilution.com\/de\/","logo":{"@type":"ImageObject","inLanguage":"de","@id":"https:\/\/medilution.com\/de\/#\/schema\/logo\/image\/","url":"https:\/\/medilution.com\/wp-content\/uploads\/2021\/04\/medilution-logo-web.png","contentUrl":"https:\/\/medilution.com\/wp-content\/uploads\/2021\/04\/medilution-logo-web.png","width":400,"height":460,"caption":"Medilution"},"image":{"@id":"https:\/\/medilution.com\/de\/#\/schema\/logo\/image\/"},"sameAs":["https:\/\/www.instagram.com\/medilution\/"]}]}},"jetpack-related-posts":[{"id":7992,"url":"https:\/\/medilution.com\/affiliate-program\/","url_meta":{"origin":9905,"position":0},"title":"Affiliate Program","author":"Johan","date":"04\/02\/2022","format":false,"excerpt":"[vc_row full_width=\"stretch_row\" el_class=\"opacity-video-bg\" css=\".vc_custom_1705050465690{margin-top: -100px !important;margin-bottom: 8vh !important;padding-top: 32vh !important;padding-bottom: 25vh !important;background-image: url(https:\/\/cbdmedilution.com\/wp-content\/uploads\/2022\/01\/image-2.jpeg?id=7957) !important;background-position: center !important;background-repeat: no-repeat !important;background-size: cover !important;}\" mobile_bg_img_hidden=\"no\" tablet_bg_img_hidden=\"no\" woodmart_parallax=\"0\" woodmart_gradient_switch=\"no\" row_reverse_mobile=\"0\" row_reverse_tablet=\"0\" woodmart_disable_overflow=\"0\" woodmart_css_id=\"65a1012eee45e\" responsive_spacing=\"eyJwYXJhbV90eXBlIjoid29vZG1hcnRfcmVzcG9uc2l2ZV9zcGFjaW5nIiwic2VsZWN0b3JfaWQiOiI2NWExMDEyZWVlNDVlIiwic2hvcnRjb2RlIjoidmNfcm93IiwiZGF0YSI6eyJ0YWJsZXQiOnt9LCJtb2JpbGUiOnt9fX0=\" woodmart_box_shadow=\"no\" wd_z_index=\"no\"][vc_column css=\".vc_custom_1499517305703{padding-top: 0px !important;}\" el_class=\"text-center\"][vc_custom_heading text=\"Join Our Team\" font_container=\"tag:h5|font_size:16|text_align:center|color:rgba(255%2C255%2C255%2C0.8)\" use_theme_fonts=\"yes\" css=\".vc_custom_1644879323437{margin-bottom: 10px !important;}\" el_class=\"visible-lg\"][\/vc_column][\/vc_row][vc_row woodmart_css_id=\"620990a65f39f\" responsive_spacing=\"eyJwYXJhbV90eXBlIjoid29vZG1hcnRfcmVzcG9uc2l2ZV9zcGFjaW5nIiwic2VsZWN0b3JfaWQiOiI2MjA5OTBhNjVmMzlmIiwic2hvcnRjb2RlIjoidmNfcm93IiwiZGF0YSI6eyJ0YWJsZXQiOnt9LCJtb2JpbGUiOnt9fX0=\" mobile_bg_img_hidden=\"no\" tablet_bg_img_hidden=\"no\" woodmart_parallax=\"0\" woodmart_gradient_switch=\"no\"\u2026","rel":"","context":"\u00c4hnlicher Beitrag","block_context":{"text":"\u00c4hnlicher Beitrag","link":""},"img":{"alt_text":"","src":"","width":0,"height":0},"classes":[]},{"id":1309,"url":"https:\/\/medilution.com\/track-order\/","url_meta":{"origin":9905,"position":1},"title":"Track order","author":"medilutionadmin","date":"11\/01\/2018","format":false,"excerpt":"[vc_row full_width=\"stretch_row\" css=\".vc_custom_1515665484102{margin-bottom: 8vh !important;padding-top: 20vh !important;padding-bottom: 16vh !important;background-image: url(http:\/\/dummy.xtemos.com\/woodmart\/demos\/wp-content\/uploads\/sites\/2\/2017\/06\/wood-main-dark-bg.jpg?id=246) !important;}\"][vc_column woodmart_color_scheme=\"light\" offset=\"vc_col-lg-offset-2 vc_col-lg-8\"][\/vc_column][\/vc_row][vc_row css=\".vc_custom_1497900090238{margin-right: -40px !important;margin-bottom: 5vh !important;margin-left: -40px !important;}\"][vc_column width=\"1\/3\" css=\".vc_custom_1497899693264{padding-top: 0px !important;padding-right: 40px !important;padding-left: 40px !important;}\"][\/vc_column][vc_column width=\"1\/3\" css=\".vc_custom_1497899686135{padding-top: 0px !important;padding-right: 40px !important;padding-left: 40px !important;}\"][\/vc_column][vc_column width=\"1\/3\" css=\".vc_custom_1497899679300{padding-top: 0px !important;padding-right: 40px !important;padding-left: 40px !important;}\"][\/vc_column][\/vc_row][vc_row css=\".vc_custom_1497900098982{margin-bottom: 8vh !important;}\"][vc_column][vc_separator color=\"custom\" accent_color=\"rgba(129,129,129,0.2)\"\u2026","rel":"","context":"\u00c4hnlicher Beitrag","block_context":{"text":"\u00c4hnlicher Beitrag","link":""},"img":{"alt_text":"","src":"","width":0,"height":0},"classes":[]},{"id":8189,"url":"https:\/\/medilution.com\/sv\/affiliate-program\/","url_meta":{"origin":9905,"position":2},"title":"Affiliate Program","author":"Johan","date":"04\/02\/2022","format":false,"excerpt":"[vc_row full_width=\"stretch_row\" el_class=\"opacity-video-bg\" css=\".vc_custom_1705050465690{margin-top: -100px !important;margin-bottom: 8vh !important;padding-top: 32vh !important;padding-bottom: 25vh !important;background-image: url(https:\/\/cbdmedilution.com\/wp-content\/uploads\/2022\/01\/image-2.jpeg?id=7957) !important;background-position: center !important;background-repeat: no-repeat !important;background-size: cover !important;}\" mobile_bg_img_hidden=\"no\" tablet_bg_img_hidden=\"no\" woodmart_parallax=\"0\" woodmart_gradient_switch=\"no\" row_reverse_mobile=\"0\" row_reverse_tablet=\"0\" woodmart_disable_overflow=\"0\" woodmart_css_id=\"65a1012eee45e\" responsive_spacing=\"eyJwYXJhbV90eXBlIjoid29vZG1hcnRfcmVzcG9uc2l2ZV9zcGFjaW5nIiwic2VsZWN0b3JfaWQiOiI2NWExMDEyZWVlNDVlIiwic2hvcnRjb2RlIjoidmNfcm93IiwiZGF0YSI6eyJ0YWJsZXQiOnt9LCJtb2JpbGUiOnt9fX0=\" woodmart_box_shadow=\"no\" wd_z_index=\"no\"][vc_column css=\".vc_custom_1499517305703{padding-top: 0px !important;}\" el_class=\"text-center\"][vc_custom_heading text=\"G\u00e5 med i v\u00e5rt team\" font_container=\"tag:h5|font_size:16|text_align:center|color:rgba(255%2C255%2C255%2C0.8)\" use_theme_fonts=\"yes\" css=\".vc_custom_1644879323437{margin-bottom: 10px !important;}\" el_class=\"visible-lg\"][\/vc_column][\/vc_row][vc_row woodmart_css_id=\"620990a65f39f\" responsive_spacing=\"eyJwYXJhbV90eXBlIjoid29vZG1hcnRfcmVzcG9uc2l2ZV9zcGFjaW5nIiwic2VsZWN0b3JfaWQiOiI2MjA5OTBhNjVmMzlmIiwic2hvcnRjb2RlIjoidmNfcm93IiwiZGF0YSI6eyJ0YWJsZXQiOnt9LCJtb2JpbGUiOnt9fX0=\" mobile_bg_img_hidden=\"no\" tablet_bg_img_hidden=\"no\"\u2026","rel":"","context":"\u00c4hnlicher Beitrag","block_context":{"text":"\u00c4hnlicher Beitrag","link":""},"img":{"alt_text":"","src":"","width":0,"height":0},"classes":[]},{"id":9935,"url":"https:\/\/medilution.com\/de\/partnerprogramm\/","url_meta":{"origin":9905,"position":3},"title":"Partnerprogramm","author":"Johan","date":"04\/02\/2022","format":false,"excerpt":"[vc_row full_width=\"stretch_row\" el_class=\"opacity-video-bg\" css=\".vc_custom_1705050465690{margin-top: -100px !important;margin-bottom: 8vh !important;padding-top: 32vh !important;padding-bottom: 25vh !important;background-image: url(https:\/\/cbdmedilution.com\/wp-content\/uploads\/2022\/01\/image-2.jpeg?id=7957) !important;background-position: center !important;background-repeat: no-repeat !important;background-size: cover !important;}\" mobile_bg_img_hidden=\"no\" tablet_bg_img_hidden=\"no\" woodmart_parallax=\"0\" woodmart_gradient_switch=\"no\" row_reverse_mobile=\"0\" row_reverse_tablet=\"0\" woodmart_disable_overflow=\"0\" woodmart_css_id=\"65a1012eee45e\" responsive_spacing=\"eyJwYXJhbV90eXBlIjoid29vZG1hcnRfcmVzcG9uc2l2ZV9zcGFjaW5nIiwic2VsZWN0b3JfaWQiOiI2NWExMDEyZWVlNDVlIiwic2hvcnRjb2RlIjoidmNfcm93IiwiZGF0YSI6eyJ0YWJsZXQiOnt9LCJtb2JpbGUiOnt9fX0=\" woodmart_box_shadow=\"no\" wd_z_index=\"no\"][vc_column css=\".vc_custom_1499517305703{padding-top: 0px !important;}\" el_class=\"text-center\"][vc_custom_heading text=\"Unserem Team beitreten\" font_container=\"tag:h5|font_size:16|text_align:center|color:rgba(255%2C255%2C255%2C0.8)\" use_theme_fonts=\"yes\" css=\".vc_custom_1644879323437{margin-bottom: 10px !important;}\" el_class=\"visible-lg\"][\/vc_column][\/vc_row][vc_row woodmart_css_id=\"620990a65f39f\" responsive_spacing=\"eyJwYXJhbV90eXBlIjoid29vZG1hcnRfcmVzcG9uc2l2ZV9zcGFjaW5nIiwic2VsZWN0b3JfaWQiOiI2MjA5OTBhNjVmMzlmIiwic2hvcnRjb2RlIjoidmNfcm93IiwiZGF0YSI6eyJ0YWJsZXQiOnt9LCJtb2JpbGUiOnt9fX0=\" mobile_bg_img_hidden=\"no\" tablet_bg_img_hidden=\"no\" woodmart_parallax=\"0\" woodmart_gradient_switch=\"no\"\u2026","rel":"","context":"\u00c4hnlicher Beitrag","block_context":{"text":"\u00c4hnlicher Beitrag","link":""},"img":{"alt_text":"","src":"","width":0,"height":0},"classes":[]},{"id":1006,"url":"https:\/\/medilution.com\/cbd-shop\/","url_meta":{"origin":9905,"position":4},"title":"SHOP","author":"medilutionadmin","date":"22\/09\/2017","format":false,"excerpt":"[vc_row full_width=\"stretch_row_content\" full_height=\"yes\" equal_height=\"yes\" content_placement=\"middle\" woodmart_stretch_content=\"section-stretch-content-no-pd\" woodmart_bg_position=\"center-center\" mobile_bg_img_hidden=\"no\" tablet_bg_img_hidden=\"no\" woodmart_parallax=\"0\" woodmart_gradient_switch=\"no\" row_reverse_mobile=\"0\" row_reverse_tablet=\"0\" woodmart_disable_overflow=\"0\" css=\".vc_custom_1754932658320{margin-top: -80px !important;background: #000000 url(https:\/\/medilution.com\/wp-content\/uploads\/2025\/08\/Healty_Woman_with_Freckles.jpg?id=12135) !important;background-position: center !important;background-repeat: no-repeat !important;background-size: cover !important;}\" woodmart_css_id=\"689a255e38dd5\" responsive_spacing=\"eyJwYXJhbV90eXBlIjoid29vZG1hcnRfcmVzcG9uc2l2ZV9zcGFjaW5nIiwic2VsZWN0b3JfaWQiOiI2ODlhMjU1ZTM4ZGQ1Iiwic2hvcnRjb2RlIjoidmNfcm93IiwiZGF0YSI6eyJ0YWJsZXQiOnt9LCJtb2JpbGUiOnt9fX0=\" woodmart_box_shadow=\"no\" wd_z_index=\"no\"][vc_column woodmart_css_id=\"689a218c6a7c8\" parallax_scroll=\"no\" woodmart_sticky_column=\"false\" wd_collapsible_content_switcher=\"no\" wd_column_role_offcanvas_desktop=\"no\" wd_column_role_offcanvas_tablet=\"no\" wd_column_role_offcanvas_mobile=\"no\" wd_column_role_content_desktop=\"no\" wd_column_role_content_tablet=\"no\" wd_column_role_content_mobile=\"no\" mobile_bg_img_hidden=\"no\" tablet_bg_img_hidden=\"no\" woodmart_parallax=\"0\" woodmart_box_shadow=\"no\" responsive_spacing=\"eyJwYXJhbV90eXBlIjoid29vZG1hcnRfcmVzcG9uc2l2ZV9zcGFjaW5nIiwic2VsZWN0b3JfaWQiOiI2ODlhMjE4YzZhN2M4Iiwic2hvcnRjb2RlIjoidmNfY29sdW1uIiwiZGF0YSI6eyJ0YWJsZXQiOnt9LCJtb2JpbGUiOnt9fX0=\" mobile_reset_margin=\"no\" tablet_reset_margin=\"no\" wd_z_index=\"no\"][vc_row_inner css=\".vc_custom_1754933041344{margin-top: 40px\u2026","rel":"","context":"\u00c4hnlicher Beitrag","block_context":{"text":"\u00c4hnlicher Beitrag","link":""},"img":{"alt_text":"","src":"","width":0,"height":0},"classes":[]},{"id":11120,"url":"https:\/\/medilution.com\/boosted-food\/how-it-works\/","url_meta":{"origin":9905,"position":5},"title":"How it works","author":"medilutionadmin","date":"15\/11\/2021","format":false,"excerpt":"[vc_row][vc_column width=\"1\/6\"][\/vc_column][vc_column width=\"2\/3\"][vc_column_text woodmart_inline=\"no\" text_larger=\"no\"]There are more and more news reports about poor food quality in nursing homes around Sweden. Older people have been given food that does not meet nutritional or taste requirements. This is the result of various factors, including limited resources, lack of time, and lack of\u2026","rel":"","context":"\u00c4hnlicher Beitrag","block_context":{"text":"\u00c4hnlicher Beitrag","link":""},"img":{"alt_text":"","src":"https:\/\/i0.wp.com\/medilution.com\/wp-content\/uploads\/2023\/08\/Skarmavbild-2023-08-30-kl.-19.26.20.png?resize=350%2C200&ssl=1","width":350,"height":200},"classes":[]}],"jetpack_sharing_enabled":true,"_links":{"self":[{"href":"https:\/\/medilution.com\/de\/wp-json\/wp\/v2\/pages\/9905","targetHints":{"allow":["GET"]}}],"collection":[{"href":"https:\/\/medilution.com\/de\/wp-json\/wp\/v2\/pages"}],"about":[{"href":"https:\/\/medilution.com\/de\/wp-json\/wp\/v2\/types\/page"}],"author":[{"embeddable":true,"href":"https:\/\/medilution.com\/de\/wp-json\/wp\/v2\/users\/1"}],"replies":[{"embeddable":true,"href":"https:\/\/medilution.com\/de\/wp-json\/wp\/v2\/comments?post=9905"}],"version-history":[{"count":11,"href":"https:\/\/medilution.com\/de\/wp-json\/wp\/v2\/pages\/9905\/revisions"}],"predecessor-version":[{"id":11976,"href":"https:\/\/medilution.com\/de\/wp-json\/wp\/v2\/pages\/9905\/revisions\/11976"}],"wp:attachment":[{"href":"https:\/\/medilution.com\/de\/wp-json\/wp\/v2\/media?parent=9905"}],"curies":[{"name":"wp","href":"https:\/\/api.w.org\/{rel}","templated":true}]}}