{"id":9882,"date":"2017-07-13T06:58:00","date_gmt":"2017-07-13T04:58:00","guid":{"rendered":"https:\/\/medilution.com\/ueber-uns\/"},"modified":"2024-01-11T17:05:56","modified_gmt":"2024-01-11T16:05:56","slug":"ueber-uns","status":"publish","type":"page","link":"https:\/\/medilution.com\/de\/ueber-uns\/","title":{"rendered":"\u00dcber uns"},"content":{"rendered":"<div class=\"wpb-content-wrapper\"><p>[vc_row full_width=&#8220;stretch_row&#8220; woodmart_bg_position=&#8220;center-bottom&#8220; el_class=&#8220;opacity-video-bg&#8220; css=&#8220;.vc_custom_1704989131488{margin-top: -40px !important;margin-right: 0px !important;margin-bottom: 4vh !important;margin-left: 0px !important;padding-top: 24vh !important;padding-bottom: 24vh !important;background-image: url(https:\/\/cbdmedilution.com\/wp-content\/uploads\/2021\/05\/yoga-girl-YL3N7FQ.jpg?id=7486) !important;background-position: center !important;background-repeat: no-repeat !important;background-size: cover !important;}&#8220; mobile_bg_img_hidden=&#8220;no&#8220; tablet_bg_img_hidden=&#8220;no&#8220; woodmart_parallax=&#8220;0&#8243; woodmart_gradient_switch=&#8220;no&#8220; row_reverse_mobile=&#8220;0&#8243; row_reverse_tablet=&#8220;0&#8243; woodmart_disable_overflow=&#8220;0&#8243; woodmart_css_id=&#8220;65a01199a1763&#8243; responsive_spacing=&#8220;eyJwYXJhbV90eXBlIjoid29vZG1hcnRfcmVzcG9uc2l2ZV9zcGFjaW5nIiwic2VsZWN0b3JfaWQiOiI2NWEwMTE5OWExNzYzIiwic2hvcnRjb2RlIjoidmNfcm93IiwiZGF0YSI6eyJ0YWJsZXQiOnt9LCJtb2JpbGUiOnt9fX0=&#8220; woodmart_box_shadow=&#8220;no&#8220; wd_z_index=&#8220;no&#8220;][vc_column css=&#8220;.vc_custom_1499517305703{padding-top: 0px !important;}&#8220; el_class=&#8220;text-center&#8220;][vc_custom_heading text=&#8220;MEDILUTION&#8220; font_container=&#8220;tag:h5|font_size:16|text_align:center|color:rgba(255%2C255%2C255%2C0.8)&#8220; use_theme_fonts=&#8220;yes&#8220; css=&#8220;.vc_custom_1686739835787{margin-bottom: 10px !important;}&#8220; el_class=&#8220;visible-lg&#8220;]\n\t\t<div id=\"wd-65a01183e99e0\" class=\"title-wrapper wd-wpb wd-set-mb reset-last-child  wd-rs-65a01183e99e0 wd-title-color-white wd-title-style-default text-center  wd-width-enabled wd-underline-colored\" style=\"--wd-max-width: 70%;\">\n\t\t\t\n\t\t\t<div class=\"liner-continer\">\n\t\t\t\t<h4 class=\"woodmart-title-container title  wd-font-weight- wd-fontsize-xxl\" >Wir legen gro\u00dfen Wert darauf,<br \/>\nIhnen hochwertige Produkte anzubieten<\/h4>\n\t\t\t\t\t\t\t<\/div>\n\t\t\t\n\t\t\t\n\t\t\t\n\t\t<\/div>\n\t\t\n\t\t[\/vc_column][\/vc_row][vc_row css=&#8220;.vc_custom_1499600383384{margin-bottom: 8vh !important;}&#8220;][vc_column offset=&#8220;vc_col-lg-offset-2 vc_col-lg-8 vc_col-md-offset-2 vc_col-md-8 vc_col-sm-offset-0&#8243; css=&#8220;.vc_custom_1499599304156{padding-top: 0px !important;}&#8220;][vc_column_text text_larger=&#8220;no&#8220; woodmart_inline=&#8220;no&#8220;]<\/p>\n<h3>Wir sind ein Team von Wellness-Bef\u00fcrwortern mit der Vision einer besseren Welt: Eine, in der Menschen ihre Lebensqualit\u00e4t verbessern k\u00f6nnen.<\/h3>\n<p>[\/vc_column_text][vc_row_inner][vc_column_inner css=&#8220;.vc_custom_1494857398526{padding-top: 0px !important;}&#8220;][vc_column_text css=&#8220;.vc_custom_1690899239783{margin-bottom: 20px !important;}&#8220; text_larger=&#8220;no&#8220; woodmart_inline=&#8220;no&#8220;]<\/p>\n<p style=\"font-weight: 400;\">MEDILUTION ist eine f\u00fchrende Marke, die sich der Verbesserung von Gesundheit, Wohlbefinden und Langlebigkeit durch unsere wissenschaftlich formulierten Nahrungserg\u00e4nzungsmittel verschrieben hat.<\/p>\n<p style=\"font-weight: 400;\">MEDILUTION wurde mit dem prim\u00e4ren Ziel gegr\u00fcndet, Wellness und Langlebigkeit neu zu definieren, und entstand aus einer gemeinsamen Leidenschaft f\u00fcr ganzheitliche Gesundheit und einem tiefen Engagement f\u00fcr Qualit\u00e4t. Unser Team aus Ern\u00e4hrungswissenschaftlern, Wellness-Experten und Medizinern arbeitet unerm\u00fcdlich zusammen, um Produkte zu entwickeln, die nicht nur die nat\u00fcrlichen Heilungsprozesse des K\u00f6rpers unterst\u00fctzen, sondern auch die allgemeine Vitalit\u00e4t und Langlebigkeit f\u00f6rdern.<\/p>\n<p style=\"font-weight: 400;\">Wir glauben, dass Gesundheit und Wohlbefinden die Eckpfeiler eines erf\u00fcllten Lebens sind. Es geht nicht nur darum, dem Leben mehr Jahre zu geben, sondern auch darum, den Jahren mehr Leben zu geben. Wir sind bestrebt, Menschen zu bef\u00e4higen, ihr Leben in vollen Z\u00fcgen zu genie\u00dfen, indem wir ihnen hochwertige, wissenschaftlich fundierte Nahrungserg\u00e4nzungsmittel zur Verf\u00fcgung stellen, die echte Ergebnisse liefern.<\/p>\n<p style=\"font-weight: 400;\">Bei MEDILUTION ist Qualit\u00e4t nicht nur ein Prinzip, sondern ein Versprechen. Wir verwenden nur die besten, nachhaltig geernteten Zutaten f\u00fcr unsere Nahrungserg\u00e4nzungsmittel, um eine optimale Wirksamkeit und Reinheit zu gew\u00e4hrleisten. Alle unsere Produkte werden strengen Tests und Qualit\u00e4tskontrollen auf Wirksamkeit und Sicherheit unterzogen und entsprechen den h\u00f6chsten Standards der Branche.<\/p>\n<p style=\"font-weight: 400;\">Wir gehen \u00fcber die Norm hinaus, um die vielf\u00e4ltigen Bed\u00fcrfnisse unserer Kunden zu erf\u00fcllen. Wir sind uns bewusst, dass die Wellness-Reise eines jeden Menschen einzigartig ist, und wir sind stolz darauf, eine breite Palette von L\u00f6sungen anbieten zu k\u00f6nnen, die unterschiedliche Ziele und Lebensstile unterst\u00fctzen. Von der St\u00e4rkung des Immunsystems \u00fcber die Optimierung der Gesundheit des Gehirns bis hin zur Unterst\u00fctzung eines gesunden Alterns &#8211; das Produktportfolio von MEDILUTION ist ganz auf Ihr Wohlbefinden ausgerichtet.<\/p>\n<p style=\"font-weight: 400;\">Unsere Reise bei MEDILUTION ist eine Reise des st\u00e4ndigen Lernens, der Innovation und des Engagements. W\u00e4hrend wir weiter wachsen, bleiben unsere Grundwerte unersch\u00fctterlich. Unser Ziel ist es, Ihr Wohlbefinden zu f\u00f6rdern, Ihre Lebenserwartung zu verl\u00e4ngern und Sie auf Ihrem Weg zur Gesundheit zu unterst\u00fctzen.<\/p>\n<p style=\"font-weight: 400;\">Bei MEDILUTION geht es um einen Lebensstil des Wohlbefindens, der Vitalit\u00e4t und der Langlebigkeit. Begleiten Sie uns auf dieser Reise zu mehr Gesundheit.<\/p>\n<p style=\"font-weight: 400;\">Willkommen in einem besseren Ich. Willkommen bei MEDILUTION.<\/p>\n<p>[\/vc_column_text][\/vc_column_inner][\/vc_row_inner][vc_column_text text_larger=&#8220;no&#8220;][\/vc_column_text][\/vc_column][\/vc_row]<\/p>\n<\/div>","protected":false},"excerpt":{"rendered":"<p>[vc_row full_width=&#8220;stretch_row&#8220; woodmart_bg_position=&#8220;center-bottom&#8220; el_class=&#8220;opacity-video-bg&#8220; css=&#8220;.vc_custom_1704989131488{margin-top: -40px !important;margin-right: 0px !important;margin-bottom: 4vh !important;margin-left: 0px !important;padding-top: 24vh !important;padding-bottom: 24vh !important;background-image: url(https:\/\/cbdmedilution.com\/wp-content\/uploads\/2021\/05\/yoga-girl-YL3N7FQ.jpg?id=7486) !important;background-position: center<\/p>\n","protected":false},"author":1,"featured_media":0,"parent":0,"menu_order":0,"comment_status":"closed","ping_status":"closed","template":"","meta":{"footnotes":""},"class_list":["post-9882","page","type-page","status-publish","hentry"],"yoast_head":"<!-- This site is optimized with the Yoast SEO plugin v27.4 - https:\/\/yoast.com\/product\/yoast-seo-wordpress\/ -->\n<title>\u00dcber uns - Medilution<\/title>\n<meta name=\"description\" content=\"Unsere Sortiment an CBD-Produkten umfasst reines, hochwirksames Premium-CBD-\u00d6l, das aus Bio-Hanf gewonnen und im Labor auf seine Qualit\u00e4t gepr\u00fcft wurde.\" \/>\n<meta name=\"robots\" content=\"index, follow, max-snippet:-1, max-image-preview:large, max-video-preview:-1\" \/>\n<link rel=\"canonical\" href=\"https:\/\/medilution.com\/de\/ueber-uns\/\" \/>\n<meta property=\"og:locale\" content=\"de_DE\" \/>\n<meta property=\"og:type\" content=\"article\" \/>\n<meta property=\"og:title\" content=\"\u00dcber uns - Medilution\" \/>\n<meta property=\"og:description\" content=\"Unsere Sortiment an CBD-Produkten umfasst reines, hochwirksames Premium-CBD-\u00d6l, das aus Bio-Hanf gewonnen und im Labor auf seine Qualit\u00e4t gepr\u00fcft wurde.\" \/>\n<meta property=\"og:url\" content=\"https:\/\/medilution.com\/de\/ueber-uns\/\" \/>\n<meta property=\"og:site_name\" content=\"Medilution\" \/>\n<meta property=\"article:modified_time\" content=\"2024-01-11T16:05:56+00:00\" \/>\n<meta name=\"twitter:card\" content=\"summary_large_image\" \/>\n<meta name=\"twitter:label1\" content=\"Gesch\u00e4tzte Lesezeit\" \/>\n\t<meta name=\"twitter:data1\" content=\"4\u00a0Minuten\" \/>\n<script type=\"application\/ld+json\" class=\"yoast-schema-graph\">{\"@context\":\"https:\\\/\\\/schema.org\",\"@graph\":[{\"@type\":\"WebPage\",\"@id\":\"https:\\\/\\\/medilution.com\\\/de\\\/ueber-uns\\\/\",\"url\":\"https:\\\/\\\/medilution.com\\\/de\\\/ueber-uns\\\/\",\"name\":\"\u00dcber uns - Medilution\",\"isPartOf\":{\"@id\":\"https:\\\/\\\/medilution.com\\\/de\\\/#website\"},\"datePublished\":\"2017-07-13T04:58:00+00:00\",\"dateModified\":\"2024-01-11T16:05:56+00:00\",\"description\":\"Unsere Sortiment an CBD-Produkten umfasst reines, hochwirksames Premium-CBD-\u00d6l, das aus Bio-Hanf gewonnen und im Labor auf seine Qualit\u00e4t gepr\u00fcft wurde.\",\"breadcrumb\":{\"@id\":\"https:\\\/\\\/medilution.com\\\/de\\\/ueber-uns\\\/#breadcrumb\"},\"inLanguage\":\"de\",\"potentialAction\":[{\"@type\":\"ReadAction\",\"target\":[\"https:\\\/\\\/medilution.com\\\/de\\\/ueber-uns\\\/\"]}]},{\"@type\":\"BreadcrumbList\",\"@id\":\"https:\\\/\\\/medilution.com\\\/de\\\/ueber-uns\\\/#breadcrumb\",\"itemListElement\":[{\"@type\":\"ListItem\",\"position\":1,\"name\":\"Home\",\"item\":\"https:\\\/\\\/medilution.com\\\/de\\\/\"},{\"@type\":\"ListItem\",\"position\":2,\"name\":\"\u00dcber uns\"}]},{\"@type\":\"WebSite\",\"@id\":\"https:\\\/\\\/medilution.com\\\/de\\\/#website\",\"url\":\"https:\\\/\\\/medilution.com\\\/de\\\/\",\"name\":\"Medilution\",\"description\":\"Unlock Wellness with CBD and Lion\u2019s Mane Excellence\",\"publisher\":{\"@id\":\"https:\\\/\\\/medilution.com\\\/de\\\/#organization\"},\"potentialAction\":[{\"@type\":\"SearchAction\",\"target\":{\"@type\":\"EntryPoint\",\"urlTemplate\":\"https:\\\/\\\/medilution.com\\\/de\\\/?s={search_term_string}\"},\"query-input\":{\"@type\":\"PropertyValueSpecification\",\"valueRequired\":true,\"valueName\":\"search_term_string\"}}],\"inLanguage\":\"de\"},{\"@type\":\"Organization\",\"@id\":\"https:\\\/\\\/medilution.com\\\/de\\\/#organization\",\"name\":\"Medilution\",\"url\":\"https:\\\/\\\/medilution.com\\\/de\\\/\",\"logo\":{\"@type\":\"ImageObject\",\"inLanguage\":\"de\",\"@id\":\"https:\\\/\\\/medilution.com\\\/de\\\/#\\\/schema\\\/logo\\\/image\\\/\",\"url\":\"https:\\\/\\\/medilution.com\\\/wp-content\\\/uploads\\\/2021\\\/04\\\/medilution-logo-web.png\",\"contentUrl\":\"https:\\\/\\\/medilution.com\\\/wp-content\\\/uploads\\\/2021\\\/04\\\/medilution-logo-web.png\",\"width\":400,\"height\":460,\"caption\":\"Medilution\"},\"image\":{\"@id\":\"https:\\\/\\\/medilution.com\\\/de\\\/#\\\/schema\\\/logo\\\/image\\\/\"},\"sameAs\":[\"https:\\\/\\\/www.instagram.com\\\/medilution\\\/\"]}]}<\/script>\n<!-- \/ Yoast SEO plugin. -->","yoast_head_json":{"title":"\u00dcber uns - Medilution","description":"Unsere Sortiment an CBD-Produkten umfasst reines, hochwirksames Premium-CBD-\u00d6l, das aus Bio-Hanf gewonnen und im Labor auf seine Qualit\u00e4t gepr\u00fcft wurde.","robots":{"index":"index","follow":"follow","max-snippet":"max-snippet:-1","max-image-preview":"max-image-preview:large","max-video-preview":"max-video-preview:-1"},"canonical":"https:\/\/medilution.com\/de\/ueber-uns\/","og_locale":"de_DE","og_type":"article","og_title":"\u00dcber uns - Medilution","og_description":"Unsere Sortiment an CBD-Produkten umfasst reines, hochwirksames Premium-CBD-\u00d6l, das aus Bio-Hanf gewonnen und im Labor auf seine Qualit\u00e4t gepr\u00fcft wurde.","og_url":"https:\/\/medilution.com\/de\/ueber-uns\/","og_site_name":"Medilution","article_modified_time":"2024-01-11T16:05:56+00:00","twitter_card":"summary_large_image","twitter_misc":{"Gesch\u00e4tzte Lesezeit":"4\u00a0Minuten"},"schema":{"@context":"https:\/\/schema.org","@graph":[{"@type":"WebPage","@id":"https:\/\/medilution.com\/de\/ueber-uns\/","url":"https:\/\/medilution.com\/de\/ueber-uns\/","name":"\u00dcber uns - Medilution","isPartOf":{"@id":"https:\/\/medilution.com\/de\/#website"},"datePublished":"2017-07-13T04:58:00+00:00","dateModified":"2024-01-11T16:05:56+00:00","description":"Unsere Sortiment an CBD-Produkten umfasst reines, hochwirksames Premium-CBD-\u00d6l, das aus Bio-Hanf gewonnen und im Labor auf seine Qualit\u00e4t gepr\u00fcft wurde.","breadcrumb":{"@id":"https:\/\/medilution.com\/de\/ueber-uns\/#breadcrumb"},"inLanguage":"de","potentialAction":[{"@type":"ReadAction","target":["https:\/\/medilution.com\/de\/ueber-uns\/"]}]},{"@type":"BreadcrumbList","@id":"https:\/\/medilution.com\/de\/ueber-uns\/#breadcrumb","itemListElement":[{"@type":"ListItem","position":1,"name":"Home","item":"https:\/\/medilution.com\/de\/"},{"@type":"ListItem","position":2,"name":"\u00dcber uns"}]},{"@type":"WebSite","@id":"https:\/\/medilution.com\/de\/#website","url":"https:\/\/medilution.com\/de\/","name":"Medilution","description":"Unlock Wellness with CBD and Lion\u2019s Mane Excellence","publisher":{"@id":"https:\/\/medilution.com\/de\/#organization"},"potentialAction":[{"@type":"SearchAction","target":{"@type":"EntryPoint","urlTemplate":"https:\/\/medilution.com\/de\/?s={search_term_string}"},"query-input":{"@type":"PropertyValueSpecification","valueRequired":true,"valueName":"search_term_string"}}],"inLanguage":"de"},{"@type":"Organization","@id":"https:\/\/medilution.com\/de\/#organization","name":"Medilution","url":"https:\/\/medilution.com\/de\/","logo":{"@type":"ImageObject","inLanguage":"de","@id":"https:\/\/medilution.com\/de\/#\/schema\/logo\/image\/","url":"https:\/\/medilution.com\/wp-content\/uploads\/2021\/04\/medilution-logo-web.png","contentUrl":"https:\/\/medilution.com\/wp-content\/uploads\/2021\/04\/medilution-logo-web.png","width":400,"height":460,"caption":"Medilution"},"image":{"@id":"https:\/\/medilution.com\/de\/#\/schema\/logo\/image\/"},"sameAs":["https:\/\/www.instagram.com\/medilution\/"]}]}},"jetpack-related-posts":[{"id":1309,"url":"https:\/\/medilution.com\/track-order\/","url_meta":{"origin":9882,"position":0},"title":"Track order","author":"medilutionadmin","date":"11\/01\/2018","format":false,"excerpt":"[vc_row full_width=\"stretch_row\" css=\".vc_custom_1515665484102{margin-bottom: 8vh !important;padding-top: 20vh !important;padding-bottom: 16vh !important;background-image: url(http:\/\/dummy.xtemos.com\/woodmart\/demos\/wp-content\/uploads\/sites\/2\/2017\/06\/wood-main-dark-bg.jpg?id=246) !important;}\"][vc_column woodmart_color_scheme=\"light\" offset=\"vc_col-lg-offset-2 vc_col-lg-8\"][\/vc_column][\/vc_row][vc_row css=\".vc_custom_1497900090238{margin-right: -40px !important;margin-bottom: 5vh !important;margin-left: -40px !important;}\"][vc_column width=\"1\/3\" css=\".vc_custom_1497899693264{padding-top: 0px !important;padding-right: 40px !important;padding-left: 40px !important;}\"][\/vc_column][vc_column width=\"1\/3\" css=\".vc_custom_1497899686135{padding-top: 0px !important;padding-right: 40px !important;padding-left: 40px !important;}\"][\/vc_column][vc_column width=\"1\/3\" css=\".vc_custom_1497899679300{padding-top: 0px !important;padding-right: 40px !important;padding-left: 40px !important;}\"][\/vc_column][\/vc_row][vc_row css=\".vc_custom_1497900098982{margin-bottom: 8vh !important;}\"][vc_column][vc_separator color=\"custom\" accent_color=\"rgba(129,129,129,0.2)\"\u2026","rel":"","context":"\u00c4hnlicher Beitrag","block_context":{"text":"\u00c4hnlicher Beitrag","link":""},"img":{"alt_text":"","src":"","width":0,"height":0},"classes":[]},{"id":7992,"url":"https:\/\/medilution.com\/affiliate-program\/","url_meta":{"origin":9882,"position":1},"title":"Affiliate Program","author":"Johan","date":"04\/02\/2022","format":false,"excerpt":"[vc_row full_width=\"stretch_row\" el_class=\"opacity-video-bg\" css=\".vc_custom_1705050465690{margin-top: -100px !important;margin-bottom: 8vh !important;padding-top: 32vh !important;padding-bottom: 25vh !important;background-image: url(https:\/\/cbdmedilution.com\/wp-content\/uploads\/2022\/01\/image-2.jpeg?id=7957) !important;background-position: center !important;background-repeat: no-repeat !important;background-size: cover !important;}\" mobile_bg_img_hidden=\"no\" tablet_bg_img_hidden=\"no\" woodmart_parallax=\"0\" woodmart_gradient_switch=\"no\" row_reverse_mobile=\"0\" row_reverse_tablet=\"0\" woodmart_disable_overflow=\"0\" woodmart_css_id=\"65a1012eee45e\" responsive_spacing=\"eyJwYXJhbV90eXBlIjoid29vZG1hcnRfcmVzcG9uc2l2ZV9zcGFjaW5nIiwic2VsZWN0b3JfaWQiOiI2NWExMDEyZWVlNDVlIiwic2hvcnRjb2RlIjoidmNfcm93IiwiZGF0YSI6eyJ0YWJsZXQiOnt9LCJtb2JpbGUiOnt9fX0=\" woodmart_box_shadow=\"no\" wd_z_index=\"no\"][vc_column css=\".vc_custom_1499517305703{padding-top: 0px !important;}\" el_class=\"text-center\"][vc_custom_heading text=\"Join Our Team\" font_container=\"tag:h5|font_size:16|text_align:center|color:rgba(255%2C255%2C255%2C0.8)\" use_theme_fonts=\"yes\" css=\".vc_custom_1644879323437{margin-bottom: 10px !important;}\" el_class=\"visible-lg\"][\/vc_column][\/vc_row][vc_row woodmart_css_id=\"620990a65f39f\" responsive_spacing=\"eyJwYXJhbV90eXBlIjoid29vZG1hcnRfcmVzcG9uc2l2ZV9zcGFjaW5nIiwic2VsZWN0b3JfaWQiOiI2MjA5OTBhNjVmMzlmIiwic2hvcnRjb2RlIjoidmNfcm93IiwiZGF0YSI6eyJ0YWJsZXQiOnt9LCJtb2JpbGUiOnt9fX0=\" mobile_bg_img_hidden=\"no\" tablet_bg_img_hidden=\"no\" woodmart_parallax=\"0\" woodmart_gradient_switch=\"no\"\u2026","rel":"","context":"\u00c4hnlicher Beitrag","block_context":{"text":"\u00c4hnlicher Beitrag","link":""},"img":{"alt_text":"","src":"","width":0,"height":0},"classes":[]},{"id":11120,"url":"https:\/\/medilution.com\/boosted-food\/how-it-works\/","url_meta":{"origin":9882,"position":2},"title":"How it works","author":"medilutionadmin","date":"15\/11\/2021","format":false,"excerpt":"[vc_row][vc_column width=\"1\/6\"][\/vc_column][vc_column width=\"2\/3\"][vc_column_text woodmart_inline=\"no\" text_larger=\"no\"]There are more and more news reports about poor food quality in nursing homes around Sweden. Older people have been given food that does not meet nutritional or taste requirements. This is the result of various factors, including limited resources, lack of time, and lack of\u2026","rel":"","context":"\u00c4hnlicher Beitrag","block_context":{"text":"\u00c4hnlicher Beitrag","link":""},"img":{"alt_text":"","src":"https:\/\/i0.wp.com\/medilution.com\/wp-content\/uploads\/2023\/08\/Skarmavbild-2023-08-30-kl.-19.26.20.png?resize=350%2C200&ssl=1","width":350,"height":200},"classes":[]},{"id":11151,"url":"https:\/\/medilution.com\/sv\/forstarkt-mat\/tidslinje\/","url_meta":{"origin":9882,"position":3},"title":"Hur det fungerar","author":"medilutionadmin","date":"15\/11\/2021","format":false,"excerpt":"[vc_row][vc_column width=\"1\/6\"][\/vc_column][vc_column width=\"2\/3\"][vc_column_text woodmart_inline=\"no\" text_larger=\"no\"]Det kommer fler och fler nyhetsrapporter om d\u00e5lig matkvalitet p\u00e5 \u00e4ldreboenden runt om i Sverige. \u00c4ldre personer har f\u00e5tt mat som inte uppfyller kraven p\u00e5 n\u00e4ringsinneh\u00e5ll eller smak. Detta \u00e4r resultatet av olika faktorer, inklusive begr\u00e4nsade resurser, tidsbrist och brist p\u00e5 kunskap om \u00e4ldre m\u00e4nniskors specifika\u2026","rel":"","context":"\u00c4hnlicher Beitrag","block_context":{"text":"\u00c4hnlicher Beitrag","link":""},"img":{"alt_text":"","src":"https:\/\/i0.wp.com\/medilution.com\/wp-content\/uploads\/2023\/08\/Skarmavbild-2023-08-30-kl.-19.26.20.png?resize=350%2C200&ssl=1","width":350,"height":200},"classes":[]},{"id":8189,"url":"https:\/\/medilution.com\/sv\/affiliate-program\/","url_meta":{"origin":9882,"position":4},"title":"Affiliate Program","author":"Johan","date":"04\/02\/2022","format":false,"excerpt":"[vc_row full_width=\"stretch_row\" el_class=\"opacity-video-bg\" css=\".vc_custom_1705050465690{margin-top: -100px !important;margin-bottom: 8vh !important;padding-top: 32vh !important;padding-bottom: 25vh !important;background-image: url(https:\/\/cbdmedilution.com\/wp-content\/uploads\/2022\/01\/image-2.jpeg?id=7957) !important;background-position: center !important;background-repeat: no-repeat !important;background-size: cover !important;}\" mobile_bg_img_hidden=\"no\" tablet_bg_img_hidden=\"no\" woodmart_parallax=\"0\" woodmart_gradient_switch=\"no\" row_reverse_mobile=\"0\" row_reverse_tablet=\"0\" woodmart_disable_overflow=\"0\" woodmart_css_id=\"65a1012eee45e\" responsive_spacing=\"eyJwYXJhbV90eXBlIjoid29vZG1hcnRfcmVzcG9uc2l2ZV9zcGFjaW5nIiwic2VsZWN0b3JfaWQiOiI2NWExMDEyZWVlNDVlIiwic2hvcnRjb2RlIjoidmNfcm93IiwiZGF0YSI6eyJ0YWJsZXQiOnt9LCJtb2JpbGUiOnt9fX0=\" woodmart_box_shadow=\"no\" wd_z_index=\"no\"][vc_column css=\".vc_custom_1499517305703{padding-top: 0px !important;}\" el_class=\"text-center\"][vc_custom_heading text=\"G\u00e5 med i v\u00e5rt team\" font_container=\"tag:h5|font_size:16|text_align:center|color:rgba(255%2C255%2C255%2C0.8)\" use_theme_fonts=\"yes\" css=\".vc_custom_1644879323437{margin-bottom: 10px !important;}\" el_class=\"visible-lg\"][\/vc_column][\/vc_row][vc_row woodmart_css_id=\"620990a65f39f\" responsive_spacing=\"eyJwYXJhbV90eXBlIjoid29vZG1hcnRfcmVzcG9uc2l2ZV9zcGFjaW5nIiwic2VsZWN0b3JfaWQiOiI2MjA5OTBhNjVmMzlmIiwic2hvcnRjb2RlIjoidmNfcm93IiwiZGF0YSI6eyJ0YWJsZXQiOnt9LCJtb2JpbGUiOnt9fX0=\" mobile_bg_img_hidden=\"no\" tablet_bg_img_hidden=\"no\"\u2026","rel":"","context":"\u00c4hnlicher Beitrag","block_context":{"text":"\u00c4hnlicher Beitrag","link":""},"img":{"alt_text":"","src":"","width":0,"height":0},"classes":[]},{"id":9935,"url":"https:\/\/medilution.com\/de\/partnerprogramm\/","url_meta":{"origin":9882,"position":5},"title":"Partnerprogramm","author":"Johan","date":"04\/02\/2022","format":false,"excerpt":"[vc_row full_width=\"stretch_row\" el_class=\"opacity-video-bg\" css=\".vc_custom_1705050465690{margin-top: -100px !important;margin-bottom: 8vh !important;padding-top: 32vh !important;padding-bottom: 25vh !important;background-image: url(https:\/\/cbdmedilution.com\/wp-content\/uploads\/2022\/01\/image-2.jpeg?id=7957) !important;background-position: center !important;background-repeat: no-repeat !important;background-size: cover !important;}\" mobile_bg_img_hidden=\"no\" tablet_bg_img_hidden=\"no\" woodmart_parallax=\"0\" woodmart_gradient_switch=\"no\" row_reverse_mobile=\"0\" row_reverse_tablet=\"0\" woodmart_disable_overflow=\"0\" woodmart_css_id=\"65a1012eee45e\" responsive_spacing=\"eyJwYXJhbV90eXBlIjoid29vZG1hcnRfcmVzcG9uc2l2ZV9zcGFjaW5nIiwic2VsZWN0b3JfaWQiOiI2NWExMDEyZWVlNDVlIiwic2hvcnRjb2RlIjoidmNfcm93IiwiZGF0YSI6eyJ0YWJsZXQiOnt9LCJtb2JpbGUiOnt9fX0=\" woodmart_box_shadow=\"no\" wd_z_index=\"no\"][vc_column css=\".vc_custom_1499517305703{padding-top: 0px !important;}\" el_class=\"text-center\"][vc_custom_heading text=\"Unserem Team beitreten\" font_container=\"tag:h5|font_size:16|text_align:center|color:rgba(255%2C255%2C255%2C0.8)\" use_theme_fonts=\"yes\" css=\".vc_custom_1644879323437{margin-bottom: 10px !important;}\" el_class=\"visible-lg\"][\/vc_column][\/vc_row][vc_row woodmart_css_id=\"620990a65f39f\" responsive_spacing=\"eyJwYXJhbV90eXBlIjoid29vZG1hcnRfcmVzcG9uc2l2ZV9zcGFjaW5nIiwic2VsZWN0b3JfaWQiOiI2MjA5OTBhNjVmMzlmIiwic2hvcnRjb2RlIjoidmNfcm93IiwiZGF0YSI6eyJ0YWJsZXQiOnt9LCJtb2JpbGUiOnt9fX0=\" mobile_bg_img_hidden=\"no\" tablet_bg_img_hidden=\"no\" woodmart_parallax=\"0\" woodmart_gradient_switch=\"no\"\u2026","rel":"","context":"\u00c4hnlicher Beitrag","block_context":{"text":"\u00c4hnlicher Beitrag","link":""},"img":{"alt_text":"","src":"","width":0,"height":0},"classes":[]}],"jetpack_sharing_enabled":true,"_links":{"self":[{"href":"https:\/\/medilution.com\/de\/wp-json\/wp\/v2\/pages\/9882","targetHints":{"allow":["GET"]}}],"collection":[{"href":"https:\/\/medilution.com\/de\/wp-json\/wp\/v2\/pages"}],"about":[{"href":"https:\/\/medilution.com\/de\/wp-json\/wp\/v2\/types\/page"}],"author":[{"embeddable":true,"href":"https:\/\/medilution.com\/de\/wp-json\/wp\/v2\/users\/1"}],"replies":[{"embeddable":true,"href":"https:\/\/medilution.com\/de\/wp-json\/wp\/v2\/comments?post=9882"}],"version-history":[{"count":32,"href":"https:\/\/medilution.com\/de\/wp-json\/wp\/v2\/pages\/9882\/revisions"}],"predecessor-version":[{"id":11728,"href":"https:\/\/medilution.com\/de\/wp-json\/wp\/v2\/pages\/9882\/revisions\/11728"}],"wp:attachment":[{"href":"https:\/\/medilution.com\/de\/wp-json\/wp\/v2\/media?parent=9882"}],"curies":[{"name":"wp","href":"https:\/\/api.w.org\/{rel}","templated":true}]}}