{"id":10385,"date":"2023-08-01T14:09:20","date_gmt":"2023-08-01T12:09:20","guid":{"rendered":"https:\/\/medilution.com\/dialoge\/"},"modified":"2024-01-11T17:03:25","modified_gmt":"2024-01-11T16:03:25","slug":"dialoge","status":"publish","type":"page","link":"https:\/\/medilution.com\/de\/dialoge\/","title":{"rendered":"Dialoge"},"content":{"rendered":"<div class=\"wpb-content-wrapper\"><p>[vc_row full_width=&#8220;stretch_row_content_no_spaces&#8220; woodmart_bg_position=&#8220;center-center&#8220; el_class=&#8220;opacity-video-bg&#8220; css=&#8220;.vc_custom_1704988978371{margin-top: -40px !important;margin-right: 0px !important;margin-bottom: 4vh !important;margin-left: 0px !important;padding-top: 24vh !important;padding-bottom: 24vh !important;background-image: url(https:\/\/cbdmedilution.com\/wp-content\/uploads\/2023\/07\/Connected-technologies-are-changing-the-future-of-aging-at-home-1024&#215;683-1.webp?id=10168) !important;background-position: center !important;background-repeat: no-repeat !important;background-size: cover !important;}&#8220; mobile_bg_img_hidden=&#8220;no&#8220; tablet_bg_img_hidden=&#8220;no&#8220; woodmart_parallax=&#8220;0&#8243; woodmart_gradient_switch=&#8220;no&#8220; row_reverse_mobile=&#8220;0&#8243; row_reverse_tablet=&#8220;0&#8243; woodmart_disable_overflow=&#8220;0&#8243; woodmart_css_id=&#8220;65a010b529adf&#8220; responsive_spacing=&#8220;eyJwYXJhbV90eXBlIjoid29vZG1hcnRfcmVzcG9uc2l2ZV9zcGFjaW5nIiwic2VsZWN0b3JfaWQiOiI2NWEwMTBiNTI5YWRmIiwic2hvcnRjb2RlIjoidmNfcm93IiwiZGF0YSI6eyJ0YWJsZXQiOnt9LCJtb2JpbGUiOnt9fX0=&#8220; woodmart_box_shadow=&#8220;no&#8220; wd_z_index=&#8220;no&#8220;][vc_column css=&#8220;.vc_custom_1499517305703{padding-top: 0px !important;}&#8220; el_class=&#8220;text-center&#8220;]\n\t\t<div id=\"wd-636ccc838b4fe\" class=\"title-wrapper wd-wpb wd-set-mb reset-last-child  wd-rs-636ccc838b4fe wd-title-color-white wd-title-style-default text-center  wd-width-enabled wd-title-empty wd-underline-colored\" style=\"--wd-max-width: 70%;\">\n\t\t\t\n\t\t\t<div class=\"liner-continer\">\n\t\t\t\t<h4 class=\"woodmart-title-container title  wd-font-weight- wd-fontsize-xxxl\" ><\/h4>\n\t\t\t\t\t\t\t<\/div>\n\t\t\t\n\t\t\t\n\t\t\t\n\t\t<\/div>\n\t\t\n\t\t[\/vc_column][\/vc_row][vc_row woodmart_css_id=&#8220;620990a65f39f&#8220; responsive_spacing=&#8220;eyJwYXJhbV90eXBlIjoid29vZG1hcnRfcmVzcG9uc2l2ZV9zcGFjaW5nIiwic2VsZWN0b3JfaWQiOiI2MjA5OTBhNjVmMzlmIiwic2hvcnRjb2RlIjoidmNfcm93IiwiZGF0YSI6eyJ0YWJsZXQiOnt9LCJtb2JpbGUiOnt9fX0=&#8220; mobile_bg_img_hidden=&#8220;no&#8220; tablet_bg_img_hidden=&#8220;no&#8220; woodmart_parallax=&#8220;0&#8243; woodmart_gradient_switch=&#8220;no&#8220; woodmart_box_shadow=&#8220;no&#8220; wd_z_index=&#8220;no&#8220; woodmart_disable_overflow=&#8220;0&#8243; row_reverse_mobile=&#8220;0&#8243; row_reverse_tablet=&#8220;0&#8243;][vc_column][vc_column_text woodmart_inline=&#8220;no&#8220; text_larger=&#8220;no&#8220; css=&#8220;.vc_custom_1691141553548{padding-right: 8vh !important;padding-left: 8vh !important;}&#8220;]<\/p>\n<h1 style=\"font-weight: 400;\"><strong>DIALUTION &#8211; EINE ANWENDUNG F\u00dcR DIABETIKER<\/strong><\/h1>\n<p style=\"font-weight: 400;\">Wer wei\u00df mehr \u00fcber Diabetes als die Hunderte von Millionen Diabetiker, die sich nichts sehnlicher w\u00fcnschen, als dass die Erforschung der Krankheit vorankommt?<\/p>\n<p><iframe loading=\"lazy\" title=\"YouTube-Video-Player\" src=\"https:\/\/www.youtube.com\/embed\/bTlNNFQxs_A?controls=0\" width=\"100%\" height=\"460\" frameborder=\"0\" allowfullscreen=\"allowfullscreen\"><\/iframe><\/p>\n<p style=\"font-weight: 400;\">Diese Anwendung nutzt Crowdsourcing und kollektive Intelligenz und ist eine einzigartige Methode, um Diabetiker auf unterhaltsame und anregende Weise anzusprechen, wobei sie selbst als Spieler mit ihrem Wissen zur Forschung und zu einem besseren Leben f\u00fcr Diabetiker beitragen k\u00f6nnen. Im Gegensatz zu anderen Diabetes-Applikationen, die sich meist mit den heutigen Gegebenheiten befassen, will diese Applikation die Gegebenheiten f\u00fcr Diabetiker in Zukunft positiv ver\u00e4ndern.<\/p>\n<h3 style=\"font-weight: 400;\"><strong>DIABETES<\/strong><\/h3>\n<p style=\"font-weight: 400;\">Diabetes hat sich zu einer Pandemie entwickelt, zu einer verheerenden Krankheit von noch nie dagewesenem Ausma\u00df, und das ist die globale Situation:<\/p>\n<ul>\n<li>Im Jahr 2021 werden 10 % (537 Millionen) der Erwachsenen im Alter von 20 bis 79 Jahren an Diabetes leiden. Diese Zahl soll bis 2030 auf 643 Millionen und bis 2045 auf 783 Millionen ansteigen, was einer Zunahme von 20 % bzw. 46 % entspricht.<\/li>\n<li>Im Jahr 2021 war Diabetes f\u00fcr 6,7 Millionen Todesf\u00e4lle verantwortlich, und 33 % aller Todesf\u00e4lle aufgrund von Diabetes ereigneten sich vor dem Alter von 60 Jahren.<\/li>\n<li>Mehr als 3 von 4 Erwachsenen mit Diabetes leben in L\u00e4ndern mit niedrigem und mittlerem Einkommen.<\/li>\n<li>Im Jahr 2021 verursachte Diabetes Gesundheitsausgaben in H\u00f6he von mindestens 966 Milliarden US-Dollar &#8211; ein Anstieg um 316 % in den letzten 15 Jahren.<\/li>\n<\/ul>\n<h3 style=\"font-weight: 400;\"><strong>DAS SPIEL<\/strong><\/h3>\n<p style=\"font-weight: 400;\">Wir beabsichtigen, eine Android- und iPhone-Spielanwendung f\u00fcr Smartphones und Tablets zu entwickeln, um die Verbreitung von Diabetes einzud\u00e4mmen, Diabetikern beizubringen, wie sie mit der Krankheit leben k\u00f6nnen, und die Spieler zu aktivieren, sich an der Forschung f\u00fcr bessere Behandlungen und eine Heilung von Diabetes zu beteiligen.<\/p>\n<h3 style=\"font-weight: 400;\"><strong>INSPIRATION<\/strong><\/h3>\n<p style=\"font-weight: 400;\">Die Anwendung wurde von Adrien Treuille und der Universit\u00e4t von Washington inspiriert, die eine weltweit revolution\u00e4re Spielmethode entwickelt haben. Die Anwendung verwendet das Konzept SPIELEN, LERNEN, FORSCHEN und ENTDECKEN. Dieses Konzept wurde von uns entwickelt und weist bei der Anwendung auf diese Anwendung die folgenden Hauptmerkmale auf:<\/p>\n<h3 style=\"font-weight: 400;\"><strong>WIE ES FUNKTIONIERT<\/strong><\/h3>\n<p style=\"font-weight: 400;\"><strong>SPIEL<\/strong>: Das Spiel wird lustig, spannend und unterhaltsam sein.<\/p>\n<p style=\"font-weight: 400;\"><strong>LERNEN<\/strong>: Das Spiel soll Diabetikern zeigen, wie sie mit der Krankheit leben k\u00f6nnen. Das Spiel soll auch Nicht-Diabetikern zeigen, wie sie einen Lebensstil beibehalten k\u00f6nnen, der die Wahrscheinlichkeit, in Zukunft an Diabetes zu erkranken, verringert.<\/p>\n<p style=\"font-weight: 400;\"><strong>FORSCHUNG<\/strong>: Der gemeinsame Nenner des Spiels besteht darin, dass alle aktiven Spieler die Forschung nach besseren Behandlungsmethoden und einer Heilung f\u00fcr die Krankheit unterst\u00fctzen.<\/p>\n<p style=\"font-weight: 400;\"><strong>DISCOVER<\/strong>: Ziel ist es, dass die Spieler mit Forschern zusammenarbeiten und neue Formen verbesserter Behandlungen entdecken, die das Leben mit Diabetes ertr\u00e4glicher machen und die Krankheit verlangsamen. Ziel ist es, dass die Forschung zur Entdeckung eines Heilmittels f\u00fcr Diabetes f\u00fchrt.<\/p>\n<h3 style=\"font-weight: 400;\"><strong>KONTAKT<\/strong><\/h3>\n<p style=\"font-weight: 400;\">Wenn Sie Interesse haben, sich an unserem Projekt zu beteiligen und zur k\u00fcnftigen Entwicklung der Wissenschaft beizutragen, kontaktieren Sie uns bitte unter <a href=\"mailto:info@dialution.com\">info@dialution.com.<\/a><\/p>\n<p>[\/vc_column_text][vc_separator][\/vc_column][\/vc_row]<\/p>\n<\/div>","protected":false},"excerpt":{"rendered":"<p>[vc_row full_width=&#8220;stretch_row_content_no_spaces&#8220; woodmart_bg_position=&#8220;center-center&#8220; el_class=&#8220;opacity-video-bg&#8220; css=&#8220;.vc_custom_1704988978371{margin-top: -40px !important;margin-right: 0px !important;margin-bottom: 4vh !important;margin-left: 0px !important;padding-top: 24vh !important;padding-bottom: 24vh !important;background-image: url(https:\/\/cbdmedilution.com\/wp-content\/uploads\/2023\/07\/Connected-technologies-are-changing-the-future-of-aging-at-home-1024&#215;683-1.webp?id=10168) !important;background-position: center<\/p>\n","protected":false},"author":1,"featured_media":0,"parent":0,"menu_order":0,"comment_status":"closed","ping_status":"closed","template":"","meta":{"footnotes":""},"class_list":["post-10385","page","type-page","status-publish","hentry"],"yoast_head":"<!-- This site is optimized with the Yoast SEO plugin v27.5 - https:\/\/yoast.com\/product\/yoast-seo-wordpress\/ -->\n<title>Dialoge - Medilution<\/title>\n<meta name=\"description\" content=\"ENTFALTEN SIE DAS GEHEIMNIS EINES L\u00c4NGEREN LEBENS - Die Medilution Langlebigkeits-Klinik widmet sich der Unterst\u00fctzung und Inspiration unseren Kunden, ein l\u00e4ngeres, besseres und ges\u00fcnderes Leben zu f\u00fchren.\" \/>\n<meta name=\"robots\" content=\"index, follow, max-snippet:-1, max-image-preview:large, max-video-preview:-1\" \/>\n<link rel=\"canonical\" href=\"https:\/\/medilution.com\/de\/dialoge\/\" \/>\n<meta property=\"og:locale\" content=\"de_DE\" \/>\n<meta property=\"og:type\" content=\"article\" \/>\n<meta property=\"og:title\" content=\"Dialoge - Medilution\" \/>\n<meta property=\"og:description\" content=\"ENTFALTEN SIE DAS GEHEIMNIS EINES L\u00c4NGEREN LEBENS - Die Medilution Langlebigkeits-Klinik widmet sich der Unterst\u00fctzung und Inspiration unseren Kunden, ein l\u00e4ngeres, besseres und ges\u00fcnderes Leben zu f\u00fchren.\" \/>\n<meta property=\"og:url\" content=\"https:\/\/medilution.com\/de\/dialoge\/\" \/>\n<meta property=\"og:site_name\" content=\"Medilution\" \/>\n<meta property=\"article:modified_time\" content=\"2024-01-11T16:03:25+00:00\" \/>\n<meta name=\"twitter:card\" content=\"summary_large_image\" \/>\n<meta name=\"twitter:label1\" content=\"Gesch\u00e4tzte Lesezeit\" \/>\n\t<meta name=\"twitter:data1\" content=\"4\u00a0Minuten\" \/>\n<script type=\"application\/ld+json\" class=\"yoast-schema-graph\">{\"@context\":\"https:\\\/\\\/schema.org\",\"@graph\":[{\"@type\":\"WebPage\",\"@id\":\"https:\\\/\\\/medilution.com\\\/de\\\/dialoge\\\/\",\"url\":\"https:\\\/\\\/medilution.com\\\/de\\\/dialoge\\\/\",\"name\":\"Dialoge - Medilution\",\"isPartOf\":{\"@id\":\"https:\\\/\\\/medilution.com\\\/de\\\/#website\"},\"datePublished\":\"2023-08-01T12:09:20+00:00\",\"dateModified\":\"2024-01-11T16:03:25+00:00\",\"description\":\"ENTFALTEN SIE DAS GEHEIMNIS EINES L\u00c4NGEREN LEBENS - Die Medilution Langlebigkeits-Klinik widmet sich der Unterst\u00fctzung und Inspiration unseren Kunden, ein l\u00e4ngeres, besseres und ges\u00fcnderes Leben zu f\u00fchren.\",\"breadcrumb\":{\"@id\":\"https:\\\/\\\/medilution.com\\\/de\\\/dialoge\\\/#breadcrumb\"},\"inLanguage\":\"de\",\"potentialAction\":[{\"@type\":\"ReadAction\",\"target\":[\"https:\\\/\\\/medilution.com\\\/de\\\/dialoge\\\/\"]}]},{\"@type\":\"BreadcrumbList\",\"@id\":\"https:\\\/\\\/medilution.com\\\/de\\\/dialoge\\\/#breadcrumb\",\"itemListElement\":[{\"@type\":\"ListItem\",\"position\":1,\"name\":\"Home\",\"item\":\"https:\\\/\\\/medilution.com\\\/de\\\/\"},{\"@type\":\"ListItem\",\"position\":2,\"name\":\"Dialoge\"}]},{\"@type\":\"WebSite\",\"@id\":\"https:\\\/\\\/medilution.com\\\/de\\\/#website\",\"url\":\"https:\\\/\\\/medilution.com\\\/de\\\/\",\"name\":\"Medilution\",\"description\":\"Unlock Wellness with CBD and Lion\u2019s Mane Excellence\",\"publisher\":{\"@id\":\"https:\\\/\\\/medilution.com\\\/de\\\/#organization\"},\"potentialAction\":[{\"@type\":\"SearchAction\",\"target\":{\"@type\":\"EntryPoint\",\"urlTemplate\":\"https:\\\/\\\/medilution.com\\\/de\\\/?s={search_term_string}\"},\"query-input\":{\"@type\":\"PropertyValueSpecification\",\"valueRequired\":true,\"valueName\":\"search_term_string\"}}],\"inLanguage\":\"de\"},{\"@type\":\"Organization\",\"@id\":\"https:\\\/\\\/medilution.com\\\/de\\\/#organization\",\"name\":\"Medilution\",\"url\":\"https:\\\/\\\/medilution.com\\\/de\\\/\",\"logo\":{\"@type\":\"ImageObject\",\"inLanguage\":\"de\",\"@id\":\"https:\\\/\\\/medilution.com\\\/de\\\/#\\\/schema\\\/logo\\\/image\\\/\",\"url\":\"https:\\\/\\\/medilution.com\\\/wp-content\\\/uploads\\\/2021\\\/04\\\/medilution-logo-web.png\",\"contentUrl\":\"https:\\\/\\\/medilution.com\\\/wp-content\\\/uploads\\\/2021\\\/04\\\/medilution-logo-web.png\",\"width\":400,\"height\":460,\"caption\":\"Medilution\"},\"image\":{\"@id\":\"https:\\\/\\\/medilution.com\\\/de\\\/#\\\/schema\\\/logo\\\/image\\\/\"},\"sameAs\":[\"https:\\\/\\\/www.instagram.com\\\/medilution\\\/\"]}]}<\/script>\n<!-- \/ Yoast SEO plugin. -->","yoast_head_json":{"title":"Dialoge - Medilution","description":"ENTFALTEN SIE DAS GEHEIMNIS EINES L\u00c4NGEREN LEBENS - Die Medilution Langlebigkeits-Klinik widmet sich der Unterst\u00fctzung und Inspiration unseren Kunden, ein l\u00e4ngeres, besseres und ges\u00fcnderes Leben zu f\u00fchren.","robots":{"index":"index","follow":"follow","max-snippet":"max-snippet:-1","max-image-preview":"max-image-preview:large","max-video-preview":"max-video-preview:-1"},"canonical":"https:\/\/medilution.com\/de\/dialoge\/","og_locale":"de_DE","og_type":"article","og_title":"Dialoge - Medilution","og_description":"ENTFALTEN SIE DAS GEHEIMNIS EINES L\u00c4NGEREN LEBENS - Die Medilution Langlebigkeits-Klinik widmet sich der Unterst\u00fctzung und Inspiration unseren Kunden, ein l\u00e4ngeres, besseres und ges\u00fcnderes Leben zu f\u00fchren.","og_url":"https:\/\/medilution.com\/de\/dialoge\/","og_site_name":"Medilution","article_modified_time":"2024-01-11T16:03:25+00:00","twitter_card":"summary_large_image","twitter_misc":{"Gesch\u00e4tzte Lesezeit":"4\u00a0Minuten"},"schema":{"@context":"https:\/\/schema.org","@graph":[{"@type":"WebPage","@id":"https:\/\/medilution.com\/de\/dialoge\/","url":"https:\/\/medilution.com\/de\/dialoge\/","name":"Dialoge - Medilution","isPartOf":{"@id":"https:\/\/medilution.com\/de\/#website"},"datePublished":"2023-08-01T12:09:20+00:00","dateModified":"2024-01-11T16:03:25+00:00","description":"ENTFALTEN SIE DAS GEHEIMNIS EINES L\u00c4NGEREN LEBENS - Die Medilution Langlebigkeits-Klinik widmet sich der Unterst\u00fctzung und Inspiration unseren Kunden, ein l\u00e4ngeres, besseres und ges\u00fcnderes Leben zu f\u00fchren.","breadcrumb":{"@id":"https:\/\/medilution.com\/de\/dialoge\/#breadcrumb"},"inLanguage":"de","potentialAction":[{"@type":"ReadAction","target":["https:\/\/medilution.com\/de\/dialoge\/"]}]},{"@type":"BreadcrumbList","@id":"https:\/\/medilution.com\/de\/dialoge\/#breadcrumb","itemListElement":[{"@type":"ListItem","position":1,"name":"Home","item":"https:\/\/medilution.com\/de\/"},{"@type":"ListItem","position":2,"name":"Dialoge"}]},{"@type":"WebSite","@id":"https:\/\/medilution.com\/de\/#website","url":"https:\/\/medilution.com\/de\/","name":"Medilution","description":"Unlock Wellness with CBD and Lion\u2019s Mane Excellence","publisher":{"@id":"https:\/\/medilution.com\/de\/#organization"},"potentialAction":[{"@type":"SearchAction","target":{"@type":"EntryPoint","urlTemplate":"https:\/\/medilution.com\/de\/?s={search_term_string}"},"query-input":{"@type":"PropertyValueSpecification","valueRequired":true,"valueName":"search_term_string"}}],"inLanguage":"de"},{"@type":"Organization","@id":"https:\/\/medilution.com\/de\/#organization","name":"Medilution","url":"https:\/\/medilution.com\/de\/","logo":{"@type":"ImageObject","inLanguage":"de","@id":"https:\/\/medilution.com\/de\/#\/schema\/logo\/image\/","url":"https:\/\/medilution.com\/wp-content\/uploads\/2021\/04\/medilution-logo-web.png","contentUrl":"https:\/\/medilution.com\/wp-content\/uploads\/2021\/04\/medilution-logo-web.png","width":400,"height":460,"caption":"Medilution"},"image":{"@id":"https:\/\/medilution.com\/de\/#\/schema\/logo\/image\/"},"sameAs":["https:\/\/www.instagram.com\/medilution\/"]}]}},"jetpack-related-posts":[{"id":1309,"url":"https:\/\/medilution.com\/track-order\/","url_meta":{"origin":10385,"position":0},"title":"Track order","author":"medilutionadmin","date":"11\/01\/2018","format":false,"excerpt":"[vc_row full_width=\"stretch_row\" css=\".vc_custom_1515665484102{margin-bottom: 8vh !important;padding-top: 20vh !important;padding-bottom: 16vh !important;background-image: url(http:\/\/dummy.xtemos.com\/woodmart\/demos\/wp-content\/uploads\/sites\/2\/2017\/06\/wood-main-dark-bg.jpg?id=246) !important;}\"][vc_column woodmart_color_scheme=\"light\" offset=\"vc_col-lg-offset-2 vc_col-lg-8\"][\/vc_column][\/vc_row][vc_row css=\".vc_custom_1497900090238{margin-right: -40px !important;margin-bottom: 5vh !important;margin-left: -40px !important;}\"][vc_column width=\"1\/3\" css=\".vc_custom_1497899693264{padding-top: 0px !important;padding-right: 40px !important;padding-left: 40px !important;}\"][\/vc_column][vc_column width=\"1\/3\" css=\".vc_custom_1497899686135{padding-top: 0px !important;padding-right: 40px !important;padding-left: 40px !important;}\"][\/vc_column][vc_column width=\"1\/3\" css=\".vc_custom_1497899679300{padding-top: 0px !important;padding-right: 40px !important;padding-left: 40px !important;}\"][\/vc_column][\/vc_row][vc_row css=\".vc_custom_1497900098982{margin-bottom: 8vh !important;}\"][vc_column][vc_separator color=\"custom\" accent_color=\"rgba(129,129,129,0.2)\"\u2026","rel":"","context":"\u00c4hnlicher Beitrag","block_context":{"text":"\u00c4hnlicher Beitrag","link":""},"img":{"alt_text":"","src":"","width":0,"height":0},"classes":[]},{"id":7992,"url":"https:\/\/medilution.com\/affiliate-program\/","url_meta":{"origin":10385,"position":1},"title":"Affiliate Program","author":"Johan","date":"04\/02\/2022","format":false,"excerpt":"[vc_row full_width=\"stretch_row\" el_class=\"opacity-video-bg\" css=\".vc_custom_1705050465690{margin-top: -100px !important;margin-bottom: 8vh !important;padding-top: 32vh !important;padding-bottom: 25vh !important;background-image: url(https:\/\/cbdmedilution.com\/wp-content\/uploads\/2022\/01\/image-2.jpeg?id=7957) !important;background-position: center !important;background-repeat: no-repeat !important;background-size: cover !important;}\" mobile_bg_img_hidden=\"no\" tablet_bg_img_hidden=\"no\" woodmart_parallax=\"0\" woodmart_gradient_switch=\"no\" row_reverse_mobile=\"0\" row_reverse_tablet=\"0\" woodmart_disable_overflow=\"0\" woodmart_css_id=\"65a1012eee45e\" responsive_spacing=\"eyJwYXJhbV90eXBlIjoid29vZG1hcnRfcmVzcG9uc2l2ZV9zcGFjaW5nIiwic2VsZWN0b3JfaWQiOiI2NWExMDEyZWVlNDVlIiwic2hvcnRjb2RlIjoidmNfcm93IiwiZGF0YSI6eyJ0YWJsZXQiOnt9LCJtb2JpbGUiOnt9fX0=\" woodmart_box_shadow=\"no\" wd_z_index=\"no\"][vc_column css=\".vc_custom_1499517305703{padding-top: 0px !important;}\" el_class=\"text-center\"][vc_custom_heading text=\"Join Our Team\" font_container=\"tag:h5|font_size:16|text_align:center|color:rgba(255%2C255%2C255%2C0.8)\" use_theme_fonts=\"yes\" css=\".vc_custom_1644879323437{margin-bottom: 10px !important;}\" el_class=\"visible-lg\"][\/vc_column][\/vc_row][vc_row woodmart_css_id=\"620990a65f39f\" responsive_spacing=\"eyJwYXJhbV90eXBlIjoid29vZG1hcnRfcmVzcG9uc2l2ZV9zcGFjaW5nIiwic2VsZWN0b3JfaWQiOiI2MjA5OTBhNjVmMzlmIiwic2hvcnRjb2RlIjoidmNfcm93IiwiZGF0YSI6eyJ0YWJsZXQiOnt9LCJtb2JpbGUiOnt9fX0=\" mobile_bg_img_hidden=\"no\" tablet_bg_img_hidden=\"no\" woodmart_parallax=\"0\" woodmart_gradient_switch=\"no\"\u2026","rel":"","context":"\u00c4hnlicher Beitrag","block_context":{"text":"\u00c4hnlicher Beitrag","link":""},"img":{"alt_text":"","src":"","width":0,"height":0},"classes":[]},{"id":11120,"url":"https:\/\/medilution.com\/boosted-food\/how-it-works\/","url_meta":{"origin":10385,"position":2},"title":"How it works","author":"medilutionadmin","date":"15\/11\/2021","format":false,"excerpt":"[vc_row][vc_column width=\"1\/6\"][\/vc_column][vc_column width=\"2\/3\"][vc_column_text woodmart_inline=\"no\" text_larger=\"no\"]There are more and more news reports about poor food quality in nursing homes around Sweden. Older people have been given food that does not meet nutritional or taste requirements. This is the result of various factors, including limited resources, lack of time, and lack of\u2026","rel":"","context":"\u00c4hnlicher Beitrag","block_context":{"text":"\u00c4hnlicher Beitrag","link":""},"img":{"alt_text":"","src":"https:\/\/i0.wp.com\/medilution.com\/wp-content\/uploads\/2023\/08\/Skarmavbild-2023-08-30-kl.-19.26.20.png?resize=350%2C200&ssl=1","width":350,"height":200},"classes":[]},{"id":11151,"url":"https:\/\/medilution.com\/sv\/forstarkt-mat\/tidslinje\/","url_meta":{"origin":10385,"position":3},"title":"Hur det fungerar","author":"medilutionadmin","date":"15\/11\/2021","format":false,"excerpt":"[vc_row][vc_column width=\"1\/6\"][\/vc_column][vc_column width=\"2\/3\"][vc_column_text woodmart_inline=\"no\" text_larger=\"no\"]Det kommer fler och fler nyhetsrapporter om d\u00e5lig matkvalitet p\u00e5 \u00e4ldreboenden runt om i Sverige. \u00c4ldre personer har f\u00e5tt mat som inte uppfyller kraven p\u00e5 n\u00e4ringsinneh\u00e5ll eller smak. Detta \u00e4r resultatet av olika faktorer, inklusive begr\u00e4nsade resurser, tidsbrist och brist p\u00e5 kunskap om \u00e4ldre m\u00e4nniskors specifika\u2026","rel":"","context":"\u00c4hnlicher Beitrag","block_context":{"text":"\u00c4hnlicher Beitrag","link":""},"img":{"alt_text":"","src":"https:\/\/i0.wp.com\/medilution.com\/wp-content\/uploads\/2023\/08\/Skarmavbild-2023-08-30-kl.-19.26.20.png?resize=350%2C200&ssl=1","width":350,"height":200},"classes":[]},{"id":8189,"url":"https:\/\/medilution.com\/sv\/affiliate-program\/","url_meta":{"origin":10385,"position":4},"title":"Affiliate Program","author":"Johan","date":"04\/02\/2022","format":false,"excerpt":"[vc_row full_width=\"stretch_row\" el_class=\"opacity-video-bg\" css=\".vc_custom_1705050465690{margin-top: -100px !important;margin-bottom: 8vh !important;padding-top: 32vh !important;padding-bottom: 25vh !important;background-image: url(https:\/\/cbdmedilution.com\/wp-content\/uploads\/2022\/01\/image-2.jpeg?id=7957) !important;background-position: center !important;background-repeat: no-repeat !important;background-size: cover !important;}\" mobile_bg_img_hidden=\"no\" tablet_bg_img_hidden=\"no\" woodmart_parallax=\"0\" woodmart_gradient_switch=\"no\" row_reverse_mobile=\"0\" row_reverse_tablet=\"0\" woodmart_disable_overflow=\"0\" woodmart_css_id=\"65a1012eee45e\" responsive_spacing=\"eyJwYXJhbV90eXBlIjoid29vZG1hcnRfcmVzcG9uc2l2ZV9zcGFjaW5nIiwic2VsZWN0b3JfaWQiOiI2NWExMDEyZWVlNDVlIiwic2hvcnRjb2RlIjoidmNfcm93IiwiZGF0YSI6eyJ0YWJsZXQiOnt9LCJtb2JpbGUiOnt9fX0=\" woodmart_box_shadow=\"no\" wd_z_index=\"no\"][vc_column css=\".vc_custom_1499517305703{padding-top: 0px !important;}\" el_class=\"text-center\"][vc_custom_heading text=\"G\u00e5 med i v\u00e5rt team\" font_container=\"tag:h5|font_size:16|text_align:center|color:rgba(255%2C255%2C255%2C0.8)\" use_theme_fonts=\"yes\" css=\".vc_custom_1644879323437{margin-bottom: 10px !important;}\" el_class=\"visible-lg\"][\/vc_column][\/vc_row][vc_row woodmart_css_id=\"620990a65f39f\" responsive_spacing=\"eyJwYXJhbV90eXBlIjoid29vZG1hcnRfcmVzcG9uc2l2ZV9zcGFjaW5nIiwic2VsZWN0b3JfaWQiOiI2MjA5OTBhNjVmMzlmIiwic2hvcnRjb2RlIjoidmNfcm93IiwiZGF0YSI6eyJ0YWJsZXQiOnt9LCJtb2JpbGUiOnt9fX0=\" mobile_bg_img_hidden=\"no\" tablet_bg_img_hidden=\"no\"\u2026","rel":"","context":"\u00c4hnlicher Beitrag","block_context":{"text":"\u00c4hnlicher Beitrag","link":""},"img":{"alt_text":"","src":"","width":0,"height":0},"classes":[]},{"id":9935,"url":"https:\/\/medilution.com\/de\/partnerprogramm\/","url_meta":{"origin":10385,"position":5},"title":"Partnerprogramm","author":"Johan","date":"04\/02\/2022","format":false,"excerpt":"[vc_row full_width=\"stretch_row\" el_class=\"opacity-video-bg\" css=\".vc_custom_1705050465690{margin-top: -100px !important;margin-bottom: 8vh !important;padding-top: 32vh !important;padding-bottom: 25vh !important;background-image: url(https:\/\/cbdmedilution.com\/wp-content\/uploads\/2022\/01\/image-2.jpeg?id=7957) !important;background-position: center !important;background-repeat: no-repeat !important;background-size: cover !important;}\" mobile_bg_img_hidden=\"no\" tablet_bg_img_hidden=\"no\" woodmart_parallax=\"0\" woodmart_gradient_switch=\"no\" row_reverse_mobile=\"0\" row_reverse_tablet=\"0\" woodmart_disable_overflow=\"0\" woodmart_css_id=\"65a1012eee45e\" responsive_spacing=\"eyJwYXJhbV90eXBlIjoid29vZG1hcnRfcmVzcG9uc2l2ZV9zcGFjaW5nIiwic2VsZWN0b3JfaWQiOiI2NWExMDEyZWVlNDVlIiwic2hvcnRjb2RlIjoidmNfcm93IiwiZGF0YSI6eyJ0YWJsZXQiOnt9LCJtb2JpbGUiOnt9fX0=\" woodmart_box_shadow=\"no\" wd_z_index=\"no\"][vc_column css=\".vc_custom_1499517305703{padding-top: 0px !important;}\" el_class=\"text-center\"][vc_custom_heading text=\"Unserem Team beitreten\" font_container=\"tag:h5|font_size:16|text_align:center|color:rgba(255%2C255%2C255%2C0.8)\" use_theme_fonts=\"yes\" css=\".vc_custom_1644879323437{margin-bottom: 10px !important;}\" el_class=\"visible-lg\"][\/vc_column][\/vc_row][vc_row woodmart_css_id=\"620990a65f39f\" responsive_spacing=\"eyJwYXJhbV90eXBlIjoid29vZG1hcnRfcmVzcG9uc2l2ZV9zcGFjaW5nIiwic2VsZWN0b3JfaWQiOiI2MjA5OTBhNjVmMzlmIiwic2hvcnRjb2RlIjoidmNfcm93IiwiZGF0YSI6eyJ0YWJsZXQiOnt9LCJtb2JpbGUiOnt9fX0=\" mobile_bg_img_hidden=\"no\" tablet_bg_img_hidden=\"no\" woodmart_parallax=\"0\" woodmart_gradient_switch=\"no\"\u2026","rel":"","context":"\u00c4hnlicher Beitrag","block_context":{"text":"\u00c4hnlicher Beitrag","link":""},"img":{"alt_text":"","src":"","width":0,"height":0},"classes":[]}],"jetpack_sharing_enabled":true,"_links":{"self":[{"href":"https:\/\/medilution.com\/de\/wp-json\/wp\/v2\/pages\/10385","targetHints":{"allow":["GET"]}}],"collection":[{"href":"https:\/\/medilution.com\/de\/wp-json\/wp\/v2\/pages"}],"about":[{"href":"https:\/\/medilution.com\/de\/wp-json\/wp\/v2\/types\/page"}],"author":[{"embeddable":true,"href":"https:\/\/medilution.com\/de\/wp-json\/wp\/v2\/users\/1"}],"replies":[{"embeddable":true,"href":"https:\/\/medilution.com\/de\/wp-json\/wp\/v2\/comments?post=10385"}],"version-history":[{"count":37,"href":"https:\/\/medilution.com\/de\/wp-json\/wp\/v2\/pages\/10385\/revisions"}],"predecessor-version":[{"id":11721,"href":"https:\/\/medilution.com\/de\/wp-json\/wp\/v2\/pages\/10385\/revisions\/11721"}],"wp:attachment":[{"href":"https:\/\/medilution.com\/de\/wp-json\/wp\/v2\/media?parent=10385"}],"curies":[{"name":"wp","href":"https:\/\/api.w.org\/{rel}","templated":true}]}}